{"id":7701,"date":"2023-06-30T15:54:16","date_gmt":"2023-06-30T19:54:16","guid":{"rendered":"https:\/\/carefor.ca\/our-impact\/temoignages\/clients\/"},"modified":"2024-06-07T13:50:00","modified_gmt":"2024-06-07T17:50:00","slug":"clients","status":"publish","type":"page","link":"https:\/\/carefor.ca\/fr\/our-impact\/temoignages\/clients\/","title":{"rendered":"Clients"},"content":{"rendered":"<div id=\"stories-archive-block_3cef100201b8e16f5a304fa0759207b6\" class=\"archive-block stories-archive alignfull \">\n    <div class=\"row block-content\" id=\"posts-container\" data-equalizer data-equalize-on=\"medium\">\n        <div class=\"medium-4 column\">\n\t<a class=\"post-details \" href=\"https:\/\/carefor.ca\/fr\/stories\/carefor-psw-aide-sa-cliente-a-faire-face-a-son-passe-en-laidant-aujourdhui\/\" data-post-id=\"7905\">\n\t\t<div class=\"post-thumbnail\"><img loading=\"lazy\" decoding=\"async\" width=\"768\" height=\"382\" src=\"https:\/\/carefor.ca\/wp-content\/uploads\/2024\/07\/Eva-768x382.jpg\" class=\"attachment-box-image size-box-image wp-post-image\" alt=\"A Carefor team member side hugging an elderly woman.\" srcset=\"https:\/\/carefor.ca\/wp-content\/uploads\/2024\/07\/Eva-768x382.jpg 768w, https:\/\/carefor.ca\/wp-content\/uploads\/2024\/07\/Eva-300x149.jpg 300w, https:\/\/carefor.ca\/wp-content\/uploads\/2024\/07\/Eva-1024x509.jpg 1024w, https:\/\/carefor.ca\/wp-content\/uploads\/2024\/07\/Eva-1536x764.jpg 1536w, https:\/\/carefor.ca\/wp-content\/uploads\/2024\/07\/Eva-400x199.jpg 400w, https:\/\/carefor.ca\/wp-content\/uploads\/2024\/07\/Eva-600x298.jpg 600w, https:\/\/carefor.ca\/wp-content\/uploads\/2024\/07\/Eva.jpg 1691w\" sizes=\"auto, (max-width: 768px) 100vw, 768px\" \/><\/div>\n\t\t<div class=\"post-info\">\n\t\t\t<div class=\"date\">juillet 5, 2024<\/div>\n\t\t\t<div class=\"title\" data-equalizer-watch><h5>Carefor PSW aide sa cliente \u00e0 faire face \u00e0 son pass\u00e9 en l&rsquo;aidant aujourd&rsquo;hui<\/h5><\/div>\n\n\t\t\t<div class=\"read-more\">\n\t\t\t\t<span class=\"cta-with-arrow\">En Savoir Plus<\/span>\n\t\t\t<\/div>\n\t\t<\/div>\n\n\t<\/a>\n<\/div><div class=\"medium-4 column\">\n\t<a class=\"post-details \" href=\"https:\/\/carefor.ca\/fr\/stories\/vous-aider-a-construire-votre-nouvelle-maison-le-parcours-de-guerison-de-melanie\/\" data-post-id=\"7873\">\n\t\t<div class=\"post-thumbnail\"><img loading=\"lazy\" decoding=\"async\" width=\"768\" height=\"512\" src=\"https:\/\/carefor.ca\/wp-content\/uploads\/2024\/07\/Melanies-story-1-scaled.jpg\" class=\"attachment-box-image size-box-image wp-post-image\" alt=\"Melanie Freeman sitting in her Civic Complex room, smiling at the camera.\" srcset=\"https:\/\/carefor.ca\/wp-content\/uploads\/2024\/07\/Melanies-story-1-scaled.jpg 2560w, https:\/\/carefor.ca\/wp-content\/uploads\/2024\/07\/Melanies-story-1-300x200.jpg 300w, https:\/\/carefor.ca\/wp-content\/uploads\/2024\/07\/Melanies-story-1-1024x683.jpg 1024w, https:\/\/carefor.ca\/wp-content\/uploads\/2024\/07\/Melanies-story-1-768x512.jpg 768w\" sizes=\"auto, (max-width: 768px) 100vw, 768px\" \/><\/div>\n\t\t<div class=\"post-info\">\n\t\t\t<div class=\"date\">juillet 4, 2024<\/div>\n\t\t\t<div class=\"title\" data-equalizer-watch><h5>Vous aider \u00e0 construire votre nouvelle maison\u00a0: le parcours de gu\u00e9rison de M\u00e9lanie<\/h5><\/div>\n\n\t\t\t<div class=\"read-more\">\n\t\t\t\t<span class=\"cta-with-arrow\">En Savoir Plus<\/span>\n\t\t\t<\/div>\n\t\t<\/div>\n\n\t<\/a>\n<\/div><div class=\"medium-4 column\">\n\t<a class=\"post-details \" href=\"https:\/\/carefor.ca\/fr\/stories\/aider-une-famille-a-retrouver-son-autonomie\/\" data-post-id=\"7685\">\n\t\t<div class=\"post-thumbnail\"><img loading=\"lazy\" decoding=\"async\" width=\"768\" height=\"392\" src=\"https:\/\/carefor.ca\/wp-content\/uploads\/2024\/04\/DSC_0404c-768x392.jpg\" class=\"attachment-box-image size-box-image wp-post-image\" alt=\"\" srcset=\"https:\/\/carefor.ca\/wp-content\/uploads\/2024\/04\/DSC_0404c-768x392.jpg 768w, https:\/\/carefor.ca\/wp-content\/uploads\/2024\/04\/DSC_0404c-300x153.jpg 300w, https:\/\/carefor.ca\/wp-content\/uploads\/2024\/04\/DSC_0404c-1024x523.jpg 1024w, https:\/\/carefor.ca\/wp-content\/uploads\/2024\/04\/DSC_0404c-1536x785.jpg 1536w, https:\/\/carefor.ca\/wp-content\/uploads\/2024\/04\/DSC_0404c-400x204.jpg 400w, https:\/\/carefor.ca\/wp-content\/uploads\/2024\/04\/DSC_0404c.jpg 1629w\" sizes=\"auto, (max-width: 768px) 100vw, 768px\" \/><\/div>\n\t\t<div class=\"post-info\">\n\t\t\t<div class=\"date\">avril 29, 2024<\/div>\n\t\t\t<div class=\"title\" data-equalizer-watch><h5>Aider une famille \u00e0 retrouver son autonomie<\/h5><\/div>\n\n\t\t\t<div class=\"read-more\">\n\t\t\t\t<span class=\"cta-with-arrow\">En Savoir Plus<\/span>\n\t\t\t<\/div>\n\t\t<\/div>\n\n\t<\/a>\n<\/div><div class=\"medium-4 column\">\n\t<a class=\"post-details \" href=\"https:\/\/carefor.ca\/fr\/stories\/supporting-the-independence-of-someone-living-with-dementia-as-long-as-you-can\/\" data-post-id=\"7361\">\n\t\t<div class=\"post-thumbnail\"><img loading=\"lazy\" decoding=\"async\" width=\"768\" height=\"600\" src=\"https:\/\/carefor.ca\/wp-content\/uploads\/2024\/04\/eric-and-norma-768x600.jpg\" class=\"attachment-box-image size-box-image wp-post-image\" alt=\"Eric Booth hugging his sister Norma as they sit together.\" srcset=\"https:\/\/carefor.ca\/wp-content\/uploads\/2024\/04\/eric-and-norma-768x600.jpg 768w, https:\/\/carefor.ca\/wp-content\/uploads\/2024\/04\/eric-and-norma-300x234.jpg 300w, https:\/\/carefor.ca\/wp-content\/uploads\/2024\/04\/eric-and-norma-1024x800.jpg 1024w, https:\/\/carefor.ca\/wp-content\/uploads\/2024\/04\/eric-and-norma-400x312.jpg 400w, https:\/\/carefor.ca\/wp-content\/uploads\/2024\/04\/eric-and-norma.jpg 1033w\" sizes=\"auto, (max-width: 768px) 100vw, 768px\" \/><\/div>\n\t\t<div class=\"post-info\">\n\t\t\t<div class=\"date\">avril 24, 2024<\/div>\n\t\t\t<div class=\"title\" data-equalizer-watch><h5>Soutenir l&rsquo;ind\u00e9pendance d&rsquo;une personne atteinte de d\u00e9mence aussi longtemps que possible<\/h5><\/div>\n\n\t\t\t<div class=\"read-more\">\n\t\t\t\t<span class=\"cta-with-arrow\">En Savoir Plus<\/span>\n\t\t\t<\/div>\n\t\t<\/div>\n\n\t<\/a>\n<\/div><div class=\"medium-4 column\">\n\t<a class=\"post-details \" href=\"https:\/\/carefor.ca\/fr\/stories\/love-endures-beyond\/\" data-post-id=\"7687\">\n\t\t<div class=\"post-thumbnail\"><img loading=\"lazy\" decoding=\"async\" width=\"768\" height=\"576\" src=\"https:\/\/carefor.ca\/wp-content\/uploads\/2024\/04\/Violet-and-Todd-768x576.jpg\" class=\"attachment-box-image size-box-image wp-post-image\" alt=\"Todd and Violet Mitchell standing with their hands in a bucket of silicone.\" srcset=\"https:\/\/carefor.ca\/wp-content\/uploads\/2024\/04\/Violet-and-Todd-768x576.jpg 768w, https:\/\/carefor.ca\/wp-content\/uploads\/2024\/04\/Violet-and-Todd-300x225.jpg 300w, https:\/\/carefor.ca\/wp-content\/uploads\/2024\/04\/Violet-and-Todd-1024x768.jpg 1024w, https:\/\/carefor.ca\/wp-content\/uploads\/2024\/04\/Violet-and-Todd-1536x1152.jpg 1536w, https:\/\/carefor.ca\/wp-content\/uploads\/2024\/04\/Violet-and-Todd-2048x1536.jpg 2048w, https:\/\/carefor.ca\/wp-content\/uploads\/2024\/04\/Violet-and-Todd-2000x1500.jpg 2000w, https:\/\/carefor.ca\/wp-content\/uploads\/2024\/04\/Violet-and-Todd-400x300.jpg 400w\" sizes=\"auto, (max-width: 768px) 100vw, 768px\" \/><\/div>\n\t\t<div class=\"post-info\">\n\t\t\t<div class=\"date\">avril 4, 2024<\/div>\n\t\t\t<div class=\"title\" data-equalizer-watch><h5>L&rsquo;amour dure au-del\u00e0<\/h5><\/div>\n\n\t\t\t<div class=\"read-more\">\n\t\t\t\t<span class=\"cta-with-arrow\">En Savoir Plus<\/span>\n\t\t\t<\/div>\n\t\t<\/div>\n\n\t<\/a>\n<\/div><div class=\"medium-4 column\">\n\t<a class=\"post-details \" href=\"https:\/\/carefor.ca\/fr\/stories\/les-preposes-aux-services-de-soutien-a-la-personne-ont-un-impact-positif-sur-la-sante-mentale\/\" data-post-id=\"7689\">\n\t\t<div class=\"post-thumbnail\"><img loading=\"lazy\" decoding=\"async\" width=\"768\" height=\"352\" src=\"https:\/\/carefor.ca\/wp-content\/uploads\/2024\/10\/AdobeStock_480689145cropsmall-768x352.jpeg\" class=\"attachment-box-image size-box-image wp-post-image\" alt=\"Caregiver and old man in a wheelchair. Professional nurse and patient walking outdoor in the park at sunset. Assistance, rehabilitation and health care.\" srcset=\"https:\/\/carefor.ca\/wp-content\/uploads\/2024\/10\/AdobeStock_480689145cropsmall-768x352.jpeg 768w, https:\/\/carefor.ca\/wp-content\/uploads\/2024\/10\/AdobeStock_480689145cropsmall-300x138.jpeg 300w, https:\/\/carefor.ca\/wp-content\/uploads\/2024\/10\/AdobeStock_480689145cropsmall-1024x469.jpeg 1024w, https:\/\/carefor.ca\/wp-content\/uploads\/2024\/10\/AdobeStock_480689145cropsmall-1536x704.jpeg 1536w, https:\/\/carefor.ca\/wp-content\/uploads\/2024\/10\/AdobeStock_480689145cropsmall-2048x939.jpeg 2048w, https:\/\/carefor.ca\/wp-content\/uploads\/2024\/10\/AdobeStock_480689145cropsmall-2000x917.jpeg 2000w, https:\/\/carefor.ca\/wp-content\/uploads\/2024\/10\/AdobeStock_480689145cropsmall-400x183.jpeg 400w\" sizes=\"auto, (max-width: 768px) 100vw, 768px\" \/><\/div>\n\t\t<div class=\"post-info\">\n\t\t\t<div class=\"date\">juin 29, 2023<\/div>\n\t\t\t<div class=\"title\" data-equalizer-watch><h5>Les pr\u00e9pos\u00e9s aux services de soutien \u00e0 la personne ont un impact positif sur la sant\u00e9 mentale<\/h5><\/div>\n\n\t\t\t<div class=\"read-more\">\n\t\t\t\t<span class=\"cta-with-arrow\">En Savoir Plus<\/span>\n\t\t\t<\/div>\n\t\t<\/div>\n\n\t<\/a>\n<\/div><div class=\"medium-4 column\">\n\t<a class=\"post-details \" href=\"https:\/\/carefor.ca\/fr\/stories\/sensibiliser-a-la-demence-frontotemporale-dft-lorsque-cela-compte-le-plus\/\" data-post-id=\"7691\">\n\t\t<div class=\"post-thumbnail\"><img loading=\"lazy\" decoding=\"async\" width=\"768\" height=\"576\" src=\"https:\/\/carefor.ca\/wp-content\/uploads\/2023\/07\/raising-awareness-about-frontotemporal-dementia-ftd-when-it-matters-the-most-image-72-768x576.jpg\" class=\"attachment-box-image size-box-image wp-post-image\" alt=\"John Maruccio and\" srcset=\"https:\/\/carefor.ca\/wp-content\/uploads\/2023\/07\/raising-awareness-about-frontotemporal-dementia-ftd-when-it-matters-the-most-image-72-768x576.jpg 768w, https:\/\/carefor.ca\/wp-content\/uploads\/2023\/07\/raising-awareness-about-frontotemporal-dementia-ftd-when-it-matters-the-most-image-72-300x225.jpg 300w, https:\/\/carefor.ca\/wp-content\/uploads\/2023\/07\/raising-awareness-about-frontotemporal-dementia-ftd-when-it-matters-the-most-image-72-1024x768.jpg 1024w, https:\/\/carefor.ca\/wp-content\/uploads\/2023\/07\/raising-awareness-about-frontotemporal-dementia-ftd-when-it-matters-the-most-image-72-1536x1152.jpg 1536w, https:\/\/carefor.ca\/wp-content\/uploads\/2023\/07\/raising-awareness-about-frontotemporal-dementia-ftd-when-it-matters-the-most-image-72-2000x1500.jpg 2000w, https:\/\/carefor.ca\/wp-content\/uploads\/2023\/07\/raising-awareness-about-frontotemporal-dementia-ftd-when-it-matters-the-most-image-72-400x300.jpg 400w, https:\/\/carefor.ca\/wp-content\/uploads\/2023\/07\/raising-awareness-about-frontotemporal-dementia-ftd-when-it-matters-the-most-image-72.jpg 2048w\" sizes=\"auto, (max-width: 768px) 100vw, 768px\" \/><\/div>\n\t\t<div class=\"post-info\">\n\t\t\t<div class=\"date\">juin 29, 2023<\/div>\n\t\t\t<div class=\"title\" data-equalizer-watch><h5>Sensibiliser \u00e0 la d\u00e9mence frontotemporale (DFT) lorsque cela compte le plus<\/h5><\/div>\n\n\t\t\t<div class=\"read-more\">\n\t\t\t\t<span class=\"cta-with-arrow\">En Savoir Plus<\/span>\n\t\t\t<\/div>\n\t\t<\/div>\n\n\t<\/a>\n<\/div><div class=\"medium-4 column\">\n\t<a class=\"post-details \" href=\"https:\/\/carefor.ca\/fr\/stories\/rester-en-contact-avec-carefor-est-une-bouee-de-sauvetage-pour-de-nombreux-partenaires-de-soins-comme-alison\/\" data-post-id=\"7693\">\n\t\t<div class=\"post-thumbnail\"><img loading=\"lazy\" decoding=\"async\" width=\"255\" height=\"150\" src=\"https:\/\/carefor.ca\/wp-content\/uploads\/2023\/07\/staying-connected-with-carefor-is-a-lifeline-for-many-care-partners-like-alison-image-53.png\" class=\"attachment-box-image size-box-image wp-post-image\" alt=\"Vital Monpetit sitting on a couch looking at a laptop.\" \/><\/div>\n\t\t<div class=\"post-info\">\n\t\t\t<div class=\"date\">juin 29, 2023<\/div>\n\t\t\t<div class=\"title\" data-equalizer-watch><h5>Rester en contact avec Carefor est une bou\u00e9e de sauvetage pour de nombreux partenaires de soins comme Alison.<\/h5><\/div>\n\n\t\t\t<div class=\"read-more\">\n\t\t\t\t<span class=\"cta-with-arrow\">En Savoir Plus<\/span>\n\t\t\t<\/div>\n\t\t<\/div>\n\n\t<\/a>\n<\/div><div class=\"medium-4 column\">\n\t<a class=\"post-details \" href=\"https:\/\/carefor.ca\/fr\/stories\/rester-en-contact-avec-sa-famille-pendant-une-pandemie\/\" data-post-id=\"7694\">\n\t\t<div class=\"post-thumbnail\"><img loading=\"lazy\" decoding=\"async\" width=\"768\" height=\"1024\" src=\"https:\/\/carefor.ca\/wp-content\/uploads\/2023\/06\/605a189fa1b2b-1-768x1024.jpg\" class=\"attachment-box-image size-box-image wp-post-image\" alt=\"A man sitting down looking at his tablet and smiling.\" srcset=\"https:\/\/carefor.ca\/wp-content\/uploads\/2023\/06\/605a189fa1b2b-1-768x1024.jpg 768w, https:\/\/carefor.ca\/wp-content\/uploads\/2023\/06\/605a189fa1b2b-1-225x300.jpg 225w, https:\/\/carefor.ca\/wp-content\/uploads\/2023\/06\/605a189fa1b2b-1-1152x1536.jpg 1152w, https:\/\/carefor.ca\/wp-content\/uploads\/2023\/06\/605a189fa1b2b-1-1536x2048.jpg 1536w, https:\/\/carefor.ca\/wp-content\/uploads\/2023\/06\/605a189fa1b2b-1-2000x2667.jpg 2000w, https:\/\/carefor.ca\/wp-content\/uploads\/2023\/06\/605a189fa1b2b-1-400x533.jpg 400w, https:\/\/carefor.ca\/wp-content\/uploads\/2023\/06\/605a189fa1b2b-1-scaled.jpg 1920w\" sizes=\"auto, (max-width: 768px) 100vw, 768px\" \/><\/div>\n\t\t<div class=\"post-info\">\n\t\t\t<div class=\"date\">juin 29, 2023<\/div>\n\t\t\t<div class=\"title\" data-equalizer-watch><h5>Rester en contact avec sa famille pendant une pand\u00e9mie<\/h5><\/div>\n\n\t\t\t<div class=\"read-more\">\n\t\t\t\t<span class=\"cta-with-arrow\">En Savoir Plus<\/span>\n\t\t\t<\/div>\n\t\t<\/div>\n\n\t<\/a>\n<\/div>    <\/div>\n            <div class=\"load-more-posts\">\n            <a id=\"load-more-story-posts\" class=\"more-button cta\" href=\"#\" data-pageno=\"2\" data-post-type=\"story\" data-story-type=\"28\" data-default-image=\"https:\/\/carefor.ca\/wp-content\/uploads\/2023\/05\/6095560d2f1b9-1.jpg\" data-link-text=\"En Savoir Plus\">Load More<\/a>\n        <\/div>\n    <\/div>\n\n\n<template id=\"post-template\">\n    <div class=\"medium-4 column\">\n\t<a class=\"post-details %%video_class%%\" href=\"%%permalink%%\" data-post-id=\"%%id%%\">\n\t\t<div class=\"post-thumbnail\">%%thumbnail%%<\/div>\n\t\t<div class=\"post-info\">\n\t\t\t<div class=\"date\">%%date%%<\/div>\n\t\t\t<div class=\"title\" data-equalizer-watch><h5>%%title%%<\/h5><\/div>\n\n\t\t\t<div class=\"read-more\">\n\t\t\t\t<span class=\"cta-with-arrow\">%%linktext%%<\/span>\n\t\t\t<\/div>\n\t\t<\/div>\n\n\t<\/a>\n<\/div><\/template>\n\n<div class=\"reveal small\" id=\"impact-story-modal\" data-reveal>\n    <button class=\"close-button\" data-close aria-label=\"Close modal\" type=\"button\">\n        <span aria-hidden=\"true\">&times;<\/span>\n    <\/button>\n    <div class=\"modal-inner\">\n        <div class=\"video-container\">\n            <div class=\"video-title\"><h4><\/h4><\/div>\n            <div class=\"responsive-embed widescreen\"><\/div>\n        <\/div>\n    <\/div>\n<\/div>","protected":false},"excerpt":{"rendered":"","protected":false},"author":1,"featured_media":0,"parent":6075,"menu_order":1,"comment_status":"closed","ping_status":"closed","template":"page-archive.php","meta":{"_acf_changed":false,"_relevanssi_hide_post":"","_relevanssi_hide_content":"","_relevanssi_pin_for_all":"","_relevanssi_pin_keywords":"","_relevanssi_unpin_keywords":"","_relevanssi_related_keywords":"","_relevanssi_related_include_ids":"","_relevanssi_related_exclude_ids":"","_relevanssi_related_no_append":"","_relevanssi_related_not_related":"","_relevanssi_related_posts":"6856,1322,1330,1266,1245,1324","_relevanssi_noindex_reason":"","footnotes":""},"class_list":["post-7701","page","type-page","status-publish","hentry"],"acf":[],"yoast_head":"<!-- This site is optimized with the Yoast SEO Premium plugin v24.9 (Yoast SEO v27.4) - https:\/\/yoast.com\/product\/yoast-seo-premium-wordpress\/ -->\n<title>Clients - Carefor<\/title>\n<meta name=\"robots\" content=\"index, follow, max-snippet:-1, max-image-preview:large, max-video-preview:-1\" \/>\n<link rel=\"canonical\" href=\"https:\/\/carefor.ca\/fr\/our-impact\/temoignages\/clients\/\" \/>\n<meta property=\"og:locale\" content=\"fr_FR\" \/>\n<meta property=\"og:type\" content=\"article\" \/>\n<meta property=\"og:title\" content=\"Clients\" \/>\n<meta property=\"og:url\" content=\"https:\/\/carefor.ca\/fr\/our-impact\/temoignages\/clients\/\" \/>\n<meta property=\"og:site_name\" content=\"Carefor\" \/>\n<meta property=\"article:publisher\" content=\"https:\/\/www.facebook.com\/CareforHCS\" \/>\n<meta property=\"article:modified_time\" content=\"2024-06-07T17:50:00+00:00\" \/>\n<meta property=\"og:image\" content=\"https:\/\/carefor.ca\/wp-content\/uploads\/2024\/10\/AdobeStock_480689145cropsmall-scaled.jpeg\" \/>\n\t<meta property=\"og:image:width\" content=\"2560\" \/>\n\t<meta property=\"og:image:height\" content=\"1173\" \/>\n\t<meta property=\"og:image:type\" content=\"image\/jpeg\" \/>\n<meta name=\"twitter:card\" content=\"summary_large_image\" \/>\n<meta name=\"twitter:site\" content=\"@CareforHCS\" \/>\n<script type=\"application\/ld+json\" class=\"yoast-schema-graph\">{\"@context\":\"https:\\\/\\\/schema.org\",\"@graph\":[{\"@type\":\"WebPage\",\"@id\":\"https:\\\/\\\/carefor.ca\\\/fr\\\/our-impact\\\/temoignages\\\/clients\\\/\",\"url\":\"https:\\\/\\\/carefor.ca\\\/fr\\\/our-impact\\\/temoignages\\\/clients\\\/\",\"name\":\"Clients - Carefor\",\"isPartOf\":{\"@id\":\"https:\\\/\\\/carefor.ca\\\/fr\\\/#website\"},\"datePublished\":\"2023-06-30T19:54:16+00:00\",\"dateModified\":\"2024-06-07T17:50:00+00:00\",\"breadcrumb\":{\"@id\":\"https:\\\/\\\/carefor.ca\\\/fr\\\/our-impact\\\/temoignages\\\/clients\\\/#breadcrumb\"},\"inLanguage\":\"fr-FR\",\"potentialAction\":[{\"@type\":\"ReadAction\",\"target\":[\"https:\\\/\\\/carefor.ca\\\/fr\\\/our-impact\\\/temoignages\\\/clients\\\/\"]}]},{\"@type\":\"BreadcrumbList\",\"@id\":\"https:\\\/\\\/carefor.ca\\\/fr\\\/our-impact\\\/temoignages\\\/clients\\\/#breadcrumb\",\"itemListElement\":[{\"@type\":\"ListItem\",\"position\":1,\"name\":\"Home\",\"item\":\"https:\\\/\\\/carefor.ca\\\/fr\\\/\"},{\"@type\":\"ListItem\",\"position\":2,\"name\":\"Notre impact\",\"item\":\"https:\\\/\\\/carefor.ca\\\/fr\\\/our-impact\\\/\"},{\"@type\":\"ListItem\",\"position\":3,\"name\":\"T\u00e9moignages\",\"item\":\"https:\\\/\\\/carefor.ca\\\/fr\\\/our-impact\\\/temoignages\\\/\"},{\"@type\":\"ListItem\",\"position\":4,\"name\":\"Clients\"}]},{\"@type\":\"WebSite\",\"@id\":\"https:\\\/\\\/carefor.ca\\\/fr\\\/#website\",\"url\":\"https:\\\/\\\/carefor.ca\\\/fr\\\/\",\"name\":\"Carefor\",\"description\":\"High Quality Homecare\",\"publisher\":{\"@id\":\"https:\\\/\\\/carefor.ca\\\/fr\\\/#organization\"},\"potentialAction\":[{\"@type\":\"SearchAction\",\"target\":{\"@type\":\"EntryPoint\",\"urlTemplate\":\"https:\\\/\\\/carefor.ca\\\/fr\\\/?s={search_term_string}\"},\"query-input\":{\"@type\":\"PropertyValueSpecification\",\"valueRequired\":true,\"valueName\":\"search_term_string\"}}],\"inLanguage\":\"fr-FR\"},{\"@type\":\"Organization\",\"@id\":\"https:\\\/\\\/carefor.ca\\\/fr\\\/#organization\",\"name\":\"Carefor Health and Community Services\",\"url\":\"https:\\\/\\\/carefor.ca\\\/fr\\\/\",\"logo\":{\"@type\":\"ImageObject\",\"inLanguage\":\"fr-FR\",\"@id\":\"https:\\\/\\\/carefor.ca\\\/fr\\\/#\\\/schema\\\/logo\\\/image\\\/\",\"url\":\"\",\"contentUrl\":\"\",\"caption\":\"Carefor Health and Community Services\"},\"image\":{\"@id\":\"https:\\\/\\\/carefor.ca\\\/fr\\\/#\\\/schema\\\/logo\\\/image\\\/\"},\"sameAs\":[\"https:\\\/\\\/www.facebook.com\\\/CareforHCS\",\"https:\\\/\\\/x.com\\\/CareforHCS\",\"https:\\\/\\\/www.linkedin.com\\\/company\\\/carefor-health-and-community-services\\\/\"],\"description\":\"205 Amelia Street, Suite 100 Cornwall, ON K6H 3P3\",\"email\":\"infoeasterncounties@carefor.ca\",\"telephone\":\"613-932-3451\"}]}<\/script>\n<!-- \/ Yoast SEO Premium plugin. -->","yoast_head_json":{"title":"Clients - Carefor","robots":{"index":"index","follow":"follow","max-snippet":"max-snippet:-1","max-image-preview":"max-image-preview:large","max-video-preview":"max-video-preview:-1"},"canonical":"https:\/\/carefor.ca\/fr\/our-impact\/temoignages\/clients\/","og_locale":"fr_FR","og_type":"article","og_title":"Clients","og_url":"https:\/\/carefor.ca\/fr\/our-impact\/temoignages\/clients\/","og_site_name":"Carefor","article_publisher":"https:\/\/www.facebook.com\/CareforHCS","article_modified_time":"2024-06-07T17:50:00+00:00","og_image":[{"width":2560,"height":1173,"url":"https:\/\/carefor.ca\/wp-content\/uploads\/2024\/10\/AdobeStock_480689145cropsmall-scaled.jpeg","type":"image\/jpeg"}],"twitter_card":"summary_large_image","twitter_site":"@CareforHCS","schema":{"@context":"https:\/\/schema.org","@graph":[{"@type":"WebPage","@id":"https:\/\/carefor.ca\/fr\/our-impact\/temoignages\/clients\/","url":"https:\/\/carefor.ca\/fr\/our-impact\/temoignages\/clients\/","name":"Clients - Carefor","isPartOf":{"@id":"https:\/\/carefor.ca\/fr\/#website"},"datePublished":"2023-06-30T19:54:16+00:00","dateModified":"2024-06-07T17:50:00+00:00","breadcrumb":{"@id":"https:\/\/carefor.ca\/fr\/our-impact\/temoignages\/clients\/#breadcrumb"},"inLanguage":"fr-FR","potentialAction":[{"@type":"ReadAction","target":["https:\/\/carefor.ca\/fr\/our-impact\/temoignages\/clients\/"]}]},{"@type":"BreadcrumbList","@id":"https:\/\/carefor.ca\/fr\/our-impact\/temoignages\/clients\/#breadcrumb","itemListElement":[{"@type":"ListItem","position":1,"name":"Home","item":"https:\/\/carefor.ca\/fr\/"},{"@type":"ListItem","position":2,"name":"Notre impact","item":"https:\/\/carefor.ca\/fr\/our-impact\/"},{"@type":"ListItem","position":3,"name":"T\u00e9moignages","item":"https:\/\/carefor.ca\/fr\/our-impact\/temoignages\/"},{"@type":"ListItem","position":4,"name":"Clients"}]},{"@type":"WebSite","@id":"https:\/\/carefor.ca\/fr\/#website","url":"https:\/\/carefor.ca\/fr\/","name":"Carefor","description":"High Quality Homecare","publisher":{"@id":"https:\/\/carefor.ca\/fr\/#organization"},"potentialAction":[{"@type":"SearchAction","target":{"@type":"EntryPoint","urlTemplate":"https:\/\/carefor.ca\/fr\/?s={search_term_string}"},"query-input":{"@type":"PropertyValueSpecification","valueRequired":true,"valueName":"search_term_string"}}],"inLanguage":"fr-FR"},{"@type":"Organization","@id":"https:\/\/carefor.ca\/fr\/#organization","name":"Carefor Health and Community Services","url":"https:\/\/carefor.ca\/fr\/","logo":{"@type":"ImageObject","inLanguage":"fr-FR","@id":"https:\/\/carefor.ca\/fr\/#\/schema\/logo\/image\/","url":"","contentUrl":"","caption":"Carefor Health and Community Services"},"image":{"@id":"https:\/\/carefor.ca\/fr\/#\/schema\/logo\/image\/"},"sameAs":["https:\/\/www.facebook.com\/CareforHCS","https:\/\/x.com\/CareforHCS","https:\/\/www.linkedin.com\/company\/carefor-health-and-community-services\/"],"description":"205 Amelia Street, Suite 100 Cornwall, ON K6H 3P3","email":"infoeasterncounties@carefor.ca","telephone":"613-932-3451"}]}},"_links":{"self":[{"href":"https:\/\/carefor.ca\/fr\/wp-json\/wp\/v2\/pages\/7701","targetHints":{"allow":["GET"]}}],"collection":[{"href":"https:\/\/carefor.ca\/fr\/wp-json\/wp\/v2\/pages"}],"about":[{"href":"https:\/\/carefor.ca\/fr\/wp-json\/wp\/v2\/types\/page"}],"author":[{"embeddable":true,"href":"https:\/\/carefor.ca\/fr\/wp-json\/wp\/v2\/users\/1"}],"replies":[{"embeddable":true,"href":"https:\/\/carefor.ca\/fr\/wp-json\/wp\/v2\/comments?post=7701"}],"version-history":[{"count":2,"href":"https:\/\/carefor.ca\/fr\/wp-json\/wp\/v2\/pages\/7701\/revisions"}],"predecessor-version":[{"id":7704,"href":"https:\/\/carefor.ca\/fr\/wp-json\/wp\/v2\/pages\/7701\/revisions\/7704"}],"up":[{"embeddable":true,"href":"https:\/\/carefor.ca\/fr\/wp-json\/wp\/v2\/pages\/6075"}],"wp:attachment":[{"href":"https:\/\/carefor.ca\/fr\/wp-json\/wp\/v2\/media?parent=7701"}],"curies":[{"name":"wp","href":"https:\/\/api.w.org\/{rel}","templated":true}]}}