{"id":7644,"date":"2023-04-17T19:13:51","date_gmt":"2023-04-17T23:13:51","guid":{"rendered":"https:\/\/carefor.ca\/blog-resources\/"},"modified":"2024-06-06T16:20:41","modified_gmt":"2024-06-06T20:20:41","slug":"blog-resources","status":"publish","type":"page","link":"https:\/\/carefor.ca\/fr\/blog-resources\/","title":{"rendered":"Blogue et Ressources"},"content":{"rendered":"<div id=\"blog-archive-block_86ff925f2e0a3e9bd618f349d42b588e\" class=\"archive-block blog-archive alignfull \">\n    <div class=\"blog-filters\">\n        <div class=\"filters-inner\">\n            <ul class=\"blog-categories-filters\">\n                <li><a href=\"#\" data-category-id=\"0\" class=\"selected\">All<\/a><\/li>\n                                    <li><a href=\"#\" data-category-slug=\"non-classifiee\" data-category-id=\"47\" >Non classifi\u00e9(e)<\/a><\/li>\n                            <\/ul>\n        <\/div>\n    <\/div>\n    <div class=\"row block-content\" id=\"posts-container\" data-equalizer data-equalize-on=\"medium\" data-pageno=\"2\" data-post-type=\"posts\" data-category-id=\"0\" data-default-image=\"https:\/\/carefor.ca\/wp-content\/uploads\/2023\/06\/6082b82f7b2ef-1-768x432.png\" data-link-text=\"En Savoir Plus\">\n        <div class=\"medium-4 column\">\n\t<a href=\"https:\/\/carefor.ca\/fr\/soins-des-pieds-appropries-pour-les-personnes-agees-un-guide-pour-vieillir-en-bonne-sante\/\"  class=\"post-details\">\n\t\t<div class=\"post-thumbnail\"><img loading=\"lazy\" decoding=\"async\" width=\"768\" height=\"677\" src=\"https:\/\/carefor.ca\/wp-content\/uploads\/2024\/07\/healthy-aging-scaled.jpeg\" class=\"attachment-box-image size-box-image wp-post-image\" alt=\"\" srcset=\"https:\/\/carefor.ca\/wp-content\/uploads\/2024\/07\/healthy-aging-scaled.jpeg 2560w, https:\/\/carefor.ca\/wp-content\/uploads\/2024\/07\/healthy-aging-300x265.jpeg 300w, https:\/\/carefor.ca\/wp-content\/uploads\/2024\/07\/healthy-aging-1024x903.jpeg 1024w, https:\/\/carefor.ca\/wp-content\/uploads\/2024\/07\/healthy-aging-768x677.jpeg 768w\" sizes=\"auto, (max-width: 768px) 100vw, 768px\" \/><\/div>\n\t\t<div class=\"post-info\">\n\t\t\t<div class=\"date\">juillet 8, 2024<\/div>\n\t\t\t<div class=\"title\" data-equalizer-watch><h5>Soins des pieds appropri\u00e9s pour les personnes \u00e2g\u00e9es\u00a0:\u00a0un guide pour vieillir en bonne sant\u00e9<\/h5><\/div>\n\n\t\t\t<div class=\"read-more\">\n\t\t\t\t<span class=\"cta-with-arrow\" >En Savoir Plus<\/span>\n\t\t\t<\/div>\n\t\t<\/div>\n\t<\/a>\n<\/div><div class=\"medium-4 column\">\n\t<a href=\"https:\/\/carefor.ca\/fr\/une-activite-qui-peut-affecter-votre-vieillissement-en-bonne-sante-selon-la-science\/\"  class=\"post-details\">\n\t\t<div class=\"post-thumbnail\"><img loading=\"lazy\" decoding=\"async\" width=\"768\" height=\"745\" src=\"https:\/\/carefor.ca\/wp-content\/uploads\/2024\/07\/senior-tv-768x745.jpeg\" class=\"attachment-box-image size-box-image wp-post-image\" alt=\"\" srcset=\"https:\/\/carefor.ca\/wp-content\/uploads\/2024\/07\/senior-tv-768x745.jpeg 768w, https:\/\/carefor.ca\/wp-content\/uploads\/2024\/07\/senior-tv-300x291.jpeg 300w, https:\/\/carefor.ca\/wp-content\/uploads\/2024\/07\/senior-tv-1024x994.jpeg 1024w, https:\/\/carefor.ca\/wp-content\/uploads\/2024\/07\/senior-tv-1536x1490.jpeg 1536w, https:\/\/carefor.ca\/wp-content\/uploads\/2024\/07\/senior-tv-2048x1987.jpeg 2048w, https:\/\/carefor.ca\/wp-content\/uploads\/2024\/07\/senior-tv-2000x1941.jpeg 2000w, https:\/\/carefor.ca\/wp-content\/uploads\/2024\/07\/senior-tv-400x388.jpeg 400w, https:\/\/carefor.ca\/wp-content\/uploads\/2024\/07\/senior-tv-600x582.jpeg 600w\" sizes=\"auto, (max-width: 768px) 100vw, 768px\" \/><\/div>\n\t\t<div class=\"post-info\">\n\t\t\t<div class=\"date\">juillet 8, 2024<\/div>\n\t\t\t<div class=\"title\" data-equalizer-watch><h5>Une activit\u00e9 qui peut affecter votre vieillissement en bonne sant\u00e9 selon la science.<\/h5><\/div>\n\n\t\t\t<div class=\"read-more\">\n\t\t\t\t<span class=\"cta-with-arrow\" >En Savoir Plus<\/span>\n\t\t\t<\/div>\n\t\t<\/div>\n\t<\/a>\n<\/div><div class=\"medium-4 column\">\n\t<a href=\"https:\/\/carefor.ca\/fr\/les-9-principaux-problemes-de-sante-qui-affectent-les-hommes-a-mesure-quils-vieillissent-et-comment-les-combattre\/\"  class=\"post-details\">\n\t\t<div class=\"post-thumbnail\"><img loading=\"lazy\" decoding=\"async\" width=\"1\" height=\"1\" src=\"https:\/\/carefor.ca\/wp-content\/uploads\/2024\/06\/AdobeStock_300324023sml-scaled.jpg\" class=\"attachment-box-image size-box-image wp-post-image\" alt=\"\" \/><\/div>\n\t\t<div class=\"post-info\">\n\t\t\t<div class=\"date\">juin 11, 2024<\/div>\n\t\t\t<div class=\"title\" data-equalizer-watch><h5>Les 9 principaux probl\u00e8mes de sant\u00e9 qui affectent les hommes \u00e0 mesure qu&rsquo;ils vieillissent et comment les combattre.<\/h5><\/div>\n\n\t\t\t<div class=\"read-more\">\n\t\t\t\t<span class=\"cta-with-arrow\" >En Savoir Plus<\/span>\n\t\t\t<\/div>\n\t\t<\/div>\n\t<\/a>\n<\/div><div class=\"medium-4 column\">\n\t<a href=\"https:\/\/carefor.ca\/fr\/prevenir-la-maltraitance-des-personnes-agees-aujourdhui-et-au-quotidien\/\"  class=\"post-details\">\n\t\t<div class=\"post-thumbnail\"><img loading=\"lazy\" decoding=\"async\" width=\"768\" height=\"512\" src=\"https:\/\/carefor.ca\/wp-content\/uploads\/2024\/06\/AdobeStock_226055713-scaled.jpeg\" class=\"attachment-box-image size-box-image wp-post-image\" alt=\"An elderly woman sitting on a couch while a younger woman talks to her.\" srcset=\"https:\/\/carefor.ca\/wp-content\/uploads\/2024\/06\/AdobeStock_226055713-scaled.jpeg 2560w, https:\/\/carefor.ca\/wp-content\/uploads\/2024\/06\/AdobeStock_226055713-300x200.jpeg 300w, https:\/\/carefor.ca\/wp-content\/uploads\/2024\/06\/AdobeStock_226055713-1024x683.jpeg 1024w, https:\/\/carefor.ca\/wp-content\/uploads\/2024\/06\/AdobeStock_226055713-768x512.jpeg 768w\" sizes=\"auto, (max-width: 768px) 100vw, 768px\" \/><\/div>\n\t\t<div class=\"post-info\">\n\t\t\t<div class=\"date\">juin 11, 2024<\/div>\n\t\t\t<div class=\"title\" data-equalizer-watch><h5>Pr\u00e9venir la maltraitance des personnes \u00e2g\u00e9es aujourd&rsquo;hui et au quotidien<\/h5><\/div>\n\n\t\t\t<div class=\"read-more\">\n\t\t\t\t<span class=\"cta-with-arrow\" >En Savoir Plus<\/span>\n\t\t\t<\/div>\n\t\t<\/div>\n\t<\/a>\n<\/div><div class=\"medium-4 column\">\n\t<a href=\"https:\/\/carefor.ca\/fr\/saisir-les-opportunites-detre-meilleur-pour-tous\/\"  class=\"post-details\">\n\t\t<div class=\"post-thumbnail\"><img loading=\"lazy\" decoding=\"async\" width=\"768\" height=\"432\" src=\"https:\/\/carefor.ca\/wp-content\/uploads\/2024\/06\/51hM5Pq8pNL._AC_SX679_-768x432.jpg\" class=\"attachment-box-image size-box-image wp-post-image\" alt=\"EDI-AR\" srcset=\"https:\/\/carefor.ca\/wp-content\/uploads\/2024\/06\/51hM5Pq8pNL._AC_SX679_-768x432.jpg 768w, https:\/\/carefor.ca\/wp-content\/uploads\/2024\/06\/51hM5Pq8pNL._AC_SX679_-300x169.jpg 300w, https:\/\/carefor.ca\/wp-content\/uploads\/2024\/06\/51hM5Pq8pNL._AC_SX679_-1024x576.jpg 1024w, https:\/\/carefor.ca\/wp-content\/uploads\/2024\/06\/51hM5Pq8pNL._AC_SX679_-400x225.jpg 400w, https:\/\/carefor.ca\/wp-content\/uploads\/2024\/06\/51hM5Pq8pNL._AC_SX679_.jpg 1281w\" sizes=\"auto, (max-width: 768px) 100vw, 768px\" \/><\/div>\n\t\t<div class=\"post-info\">\n\t\t\t<div class=\"date\">juin 1, 2024<\/div>\n\t\t\t<div class=\"title\" data-equalizer-watch><h5>Saisir les opportunit\u00e9s d\u2019\u00eatre meilleur, pour tous<\/h5><\/div>\n\n\t\t\t<div class=\"read-more\">\n\t\t\t\t<span class=\"cta-with-arrow\" >En Savoir Plus<\/span>\n\t\t\t<\/div>\n\t\t<\/div>\n\t<\/a>\n<\/div><div class=\"medium-4 column\">\n\t<a href=\"https:\/\/carefor.ca\/fr\/trouver-la-bonne-maison-de-retraite-avec-un-budget-limite\/\"  class=\"post-details\">\n\t\t<div class=\"post-thumbnail\"><img loading=\"lazy\" decoding=\"async\" width=\"768\" height=\"667\" src=\"https:\/\/carefor.ca\/wp-content\/uploads\/2024\/05\/retirement-home-budget-1-768x667.jpg\" class=\"attachment-box-image size-box-image wp-post-image\" alt=\"An elderly man and women sit on a bench, talking to a support worker kneeling in front of them.\" srcset=\"https:\/\/carefor.ca\/wp-content\/uploads\/2024\/05\/retirement-home-budget-1-768x667.jpg 768w, https:\/\/carefor.ca\/wp-content\/uploads\/2024\/05\/retirement-home-budget-1-300x261.jpg 300w, https:\/\/carefor.ca\/wp-content\/uploads\/2024\/05\/retirement-home-budget-1-1024x890.jpg 1024w, https:\/\/carefor.ca\/wp-content\/uploads\/2024\/05\/retirement-home-budget-1-400x348.jpg 400w, https:\/\/carefor.ca\/wp-content\/uploads\/2024\/05\/retirement-home-budget-1.jpg 1534w\" sizes=\"auto, (max-width: 768px) 100vw, 768px\" \/><\/div>\n\t\t<div class=\"post-info\">\n\t\t\t<div class=\"date\">mai 31, 2024<\/div>\n\t\t\t<div class=\"title\" data-equalizer-watch><h5>Trouver la bonne maison de retraite avec un budget limit\u00e9<\/h5><\/div>\n\n\t\t\t<div class=\"read-more\">\n\t\t\t\t<span class=\"cta-with-arrow\" >En Savoir Plus<\/span>\n\t\t\t<\/div>\n\t\t<\/div>\n\t<\/a>\n<\/div><div class=\"medium-4 column\">\n\t<a href=\"https:\/\/carefor.ca\/fr\/trouver-la-bonne-maison-de-retraite-pour-personnes-atteintes-de-demence-a-ottawa\/\"  class=\"post-details\">\n\t\t<div class=\"post-thumbnail\"><img loading=\"lazy\" decoding=\"async\" width=\"768\" height=\"512\" src=\"https:\/\/carefor.ca\/wp-content\/uploads\/2024\/05\/Choosing-the-right-dementia-care-retirement-home-in-Ottawa-1-768x512.jpg\" class=\"attachment-box-image size-box-image wp-post-image\" alt=\"An elderly woman and a doctor sitting on a couch talking\" srcset=\"https:\/\/carefor.ca\/wp-content\/uploads\/2024\/05\/Choosing-the-right-dementia-care-retirement-home-in-Ottawa-1-768x512.jpg 768w, https:\/\/carefor.ca\/wp-content\/uploads\/2024\/05\/Choosing-the-right-dementia-care-retirement-home-in-Ottawa-1-300x200.jpg 300w, https:\/\/carefor.ca\/wp-content\/uploads\/2024\/05\/Choosing-the-right-dementia-care-retirement-home-in-Ottawa-1-1024x683.jpg 1024w, https:\/\/carefor.ca\/wp-content\/uploads\/2024\/05\/Choosing-the-right-dementia-care-retirement-home-in-Ottawa-1-1536x1024.jpg 1536w, https:\/\/carefor.ca\/wp-content\/uploads\/2024\/05\/Choosing-the-right-dementia-care-retirement-home-in-Ottawa-1-400x267.jpg 400w, https:\/\/carefor.ca\/wp-content\/uploads\/2024\/05\/Choosing-the-right-dementia-care-retirement-home-in-Ottawa-1.jpg 1920w\" sizes=\"auto, (max-width: 768px) 100vw, 768px\" \/><\/div>\n\t\t<div class=\"post-info\">\n\t\t\t<div class=\"date\">mai 31, 2024<\/div>\n\t\t\t<div class=\"title\" data-equalizer-watch><h5>Trouver la bonne maison de retraite pour personnes atteintes de d\u00e9mence \u00e0 Ottawa<\/h5><\/div>\n\n\t\t\t<div class=\"read-more\">\n\t\t\t\t<span class=\"cta-with-arrow\" >En Savoir Plus<\/span>\n\t\t\t<\/div>\n\t\t<\/div>\n\t<\/a>\n<\/div><div class=\"medium-4 column\">\n\t<a href=\"https:\/\/carefor.ca\/fr\/le-visage-changeant-du-vieillissement-dans-la-vallee-de-loutaouais\/\"  class=\"post-details\">\n\t\t<div class=\"post-thumbnail\"><img loading=\"lazy\" decoding=\"async\" width=\"768\" height=\"566\" src=\"https:\/\/carefor.ca\/wp-content\/uploads\/2024\/05\/ADF_Carefor_Civic_17-scaled.jpg\" class=\"attachment-box-image size-box-image wp-post-image\" alt=\"Community Healthcare Eastern Ontario\" srcset=\"https:\/\/carefor.ca\/wp-content\/uploads\/2024\/05\/ADF_Carefor_Civic_17-scaled.jpg 2560w, https:\/\/carefor.ca\/wp-content\/uploads\/2024\/05\/ADF_Carefor_Civic_17-300x221.jpg 300w, https:\/\/carefor.ca\/wp-content\/uploads\/2024\/05\/ADF_Carefor_Civic_17-1024x754.jpg 1024w, https:\/\/carefor.ca\/wp-content\/uploads\/2024\/05\/ADF_Carefor_Civic_17-768x565.jpg 768w\" sizes=\"auto, (max-width: 768px) 100vw, 768px\" \/><\/div>\n\t\t<div class=\"post-info\">\n\t\t\t<div class=\"date\">mai 15, 2024<\/div>\n\t\t\t<div class=\"title\" data-equalizer-watch><h5>Le visage changeant du vieillissement dans la vall\u00e9e de l&rsquo;Outaouais<\/h5><\/div>\n\n\t\t\t<div class=\"read-more\">\n\t\t\t\t<span class=\"cta-with-arrow\" >En Savoir Plus<\/span>\n\t\t\t<\/div>\n\t\t<\/div>\n\t<\/a>\n<\/div><div class=\"medium-4 column\">\n\t<a href=\"https:\/\/carefor.ca\/fr\/activites-physiques-pour-aider-a-prevenir-le-declin-cognitif\/\"  class=\"post-details\">\n\t\t<div class=\"post-thumbnail\"><img loading=\"lazy\" decoding=\"async\" width=\"768\" height=\"512\" src=\"https:\/\/carefor.ca\/wp-content\/uploads\/2023\/07\/making-people-feel-important-and-loved-image-3-768x512.jpg\" class=\"attachment-box-image size-box-image wp-post-image\" alt=\"Doreen smiling widely and dancing with a man.\" srcset=\"https:\/\/carefor.ca\/wp-content\/uploads\/2023\/07\/making-people-feel-important-and-loved-image-3-768x512.jpg 768w, https:\/\/carefor.ca\/wp-content\/uploads\/2023\/07\/making-people-feel-important-and-loved-image-3-300x200.jpg 300w, https:\/\/carefor.ca\/wp-content\/uploads\/2023\/07\/making-people-feel-important-and-loved-image-3-1024x682.jpg 1024w, https:\/\/carefor.ca\/wp-content\/uploads\/2023\/07\/making-people-feel-important-and-loved-image-3-1536x1023.jpg 1536w, https:\/\/carefor.ca\/wp-content\/uploads\/2023\/07\/making-people-feel-important-and-loved-image-3-400x267.jpg 400w, https:\/\/carefor.ca\/wp-content\/uploads\/2023\/07\/making-people-feel-important-and-loved-image-3.jpg 1765w\" sizes=\"auto, (max-width: 768px) 100vw, 768px\" \/><\/div>\n\t\t<div class=\"post-info\">\n\t\t\t<div class=\"date\">mai 13, 2024<\/div>\n\t\t\t<div class=\"title\" data-equalizer-watch><h5>Activit\u00e9s physiques pour aider \u00e0 pr\u00e9venir le d\u00e9clin cognitif<\/h5><\/div>\n\n\t\t\t<div class=\"read-more\">\n\t\t\t\t<span class=\"cta-with-arrow\" >En Savoir Plus<\/span>\n\t\t\t<\/div>\n\t\t<\/div>\n\t<\/a>\n<\/div>    <\/div>\n            <div class=\"load-more-posts\">\n            <a id=\"load-more-blog-posts\" class=\"more-button cta\" href=\"#\">Load More<\/a>\n        <\/div>\n    <\/div>\n\n\n<template id=\"post-template\">\n    <div class=\"medium-4 column\">\n\t<a href=\"%%permalink%%\" %%permalink_target%% class=\"post-details\">\n\t\t<div class=\"post-thumbnail\">%%thumbnail%%<\/div>\n\t\t<div class=\"post-info\">\n\t\t\t<div class=\"date\">%%date%%<\/div>\n\t\t\t<div class=\"title\" data-equalizer-watch><h5>%%title%%<\/h5><\/div>\n\n\t\t\t<div class=\"read-more\">\n\t\t\t\t<span class=\"cta-with-arrow\" %%permalink_target%%>%%linktext%%<\/span>\n\t\t\t<\/div>\n\t\t<\/div>\n\t<\/a>\n<\/div><\/template>","protected":false},"excerpt":{"rendered":"","protected":false},"author":1,"featured_media":0,"parent":0,"menu_order":6,"comment_status":"closed","ping_status":"closed","template":"page-archive.php","meta":{"_acf_changed":false,"_relevanssi_hide_post":"","_relevanssi_hide_content":"","_relevanssi_pin_for_all":"","_relevanssi_pin_keywords":"","_relevanssi_unpin_keywords":"","_relevanssi_related_keywords":"","_relevanssi_related_include_ids":"","_relevanssi_related_exclude_ids":"","_relevanssi_related_no_append":"","_relevanssi_related_not_related":"","_relevanssi_related_posts":"1286,1262,1330,1281,1287,1266","_relevanssi_noindex_reason":"","footnotes":""},"class_list":["post-7644","page","type-page","status-publish","hentry"],"acf":[],"yoast_head":"<!-- This site is optimized with the Yoast SEO Premium plugin v24.9 (Yoast SEO v27.4) - https:\/\/yoast.com\/product\/yoast-seo-premium-wordpress\/ -->\n<title>Blogue et Ressources - Carefor<\/title>\n<meta name=\"robots\" content=\"index, follow, max-snippet:-1, max-image-preview:large, max-video-preview:-1\" \/>\n<link rel=\"canonical\" href=\"https:\/\/carefor.ca\/fr\/blog-resources\/\" \/>\n<meta property=\"og:locale\" content=\"fr_FR\" \/>\n<meta property=\"og:type\" content=\"article\" \/>\n<meta property=\"og:title\" content=\"Blogue et Ressources\" \/>\n<meta property=\"og:url\" content=\"https:\/\/carefor.ca\/fr\/blog-resources\/\" \/>\n<meta property=\"og:site_name\" content=\"Carefor\" \/>\n<meta property=\"article:publisher\" content=\"https:\/\/www.facebook.com\/CareforHCS\" \/>\n<meta property=\"article:modified_time\" content=\"2024-06-06T20:20:41+00:00\" \/>\n<meta property=\"og:image\" content=\"https:\/\/carefor.ca\/wp-content\/uploads\/2024\/10\/AdobeStock_480689145cropsmall-scaled.jpeg\" \/>\n\t<meta property=\"og:image:width\" content=\"2560\" \/>\n\t<meta property=\"og:image:height\" content=\"1173\" \/>\n\t<meta property=\"og:image:type\" content=\"image\/jpeg\" \/>\n<meta name=\"twitter:card\" content=\"summary_large_image\" \/>\n<meta name=\"twitter:site\" content=\"@CareforHCS\" \/>\n<script type=\"application\/ld+json\" class=\"yoast-schema-graph\">{\"@context\":\"https:\\\/\\\/schema.org\",\"@graph\":[{\"@type\":\"WebPage\",\"@id\":\"https:\\\/\\\/carefor.ca\\\/fr\\\/blog-resources\\\/\",\"url\":\"https:\\\/\\\/carefor.ca\\\/fr\\\/blog-resources\\\/\",\"name\":\"Blogue et Ressources - Carefor\",\"isPartOf\":{\"@id\":\"https:\\\/\\\/carefor.ca\\\/fr\\\/#website\"},\"datePublished\":\"2023-04-17T23:13:51+00:00\",\"dateModified\":\"2024-06-06T20:20:41+00:00\",\"breadcrumb\":{\"@id\":\"https:\\\/\\\/carefor.ca\\\/fr\\\/blog-resources\\\/#breadcrumb\"},\"inLanguage\":\"fr-FR\",\"potentialAction\":[{\"@type\":\"ReadAction\",\"target\":[\"https:\\\/\\\/carefor.ca\\\/fr\\\/blog-resources\\\/\"]}]},{\"@type\":\"BreadcrumbList\",\"@id\":\"https:\\\/\\\/carefor.ca\\\/fr\\\/blog-resources\\\/#breadcrumb\",\"itemListElement\":[{\"@type\":\"ListItem\",\"position\":1,\"name\":\"Home\",\"item\":\"https:\\\/\\\/carefor.ca\\\/fr\\\/\"},{\"@type\":\"ListItem\",\"position\":2,\"name\":\"Blogue et Ressources\"}]},{\"@type\":\"WebSite\",\"@id\":\"https:\\\/\\\/carefor.ca\\\/fr\\\/#website\",\"url\":\"https:\\\/\\\/carefor.ca\\\/fr\\\/\",\"name\":\"Carefor\",\"description\":\"High Quality Homecare\",\"publisher\":{\"@id\":\"https:\\\/\\\/carefor.ca\\\/fr\\\/#organization\"},\"potentialAction\":[{\"@type\":\"SearchAction\",\"target\":{\"@type\":\"EntryPoint\",\"urlTemplate\":\"https:\\\/\\\/carefor.ca\\\/fr\\\/?s={search_term_string}\"},\"query-input\":{\"@type\":\"PropertyValueSpecification\",\"valueRequired\":true,\"valueName\":\"search_term_string\"}}],\"inLanguage\":\"fr-FR\"},{\"@type\":\"Organization\",\"@id\":\"https:\\\/\\\/carefor.ca\\\/fr\\\/#organization\",\"name\":\"Carefor Health and Community Services\",\"url\":\"https:\\\/\\\/carefor.ca\\\/fr\\\/\",\"logo\":{\"@type\":\"ImageObject\",\"inLanguage\":\"fr-FR\",\"@id\":\"https:\\\/\\\/carefor.ca\\\/fr\\\/#\\\/schema\\\/logo\\\/image\\\/\",\"url\":\"\",\"contentUrl\":\"\",\"caption\":\"Carefor Health and Community Services\"},\"image\":{\"@id\":\"https:\\\/\\\/carefor.ca\\\/fr\\\/#\\\/schema\\\/logo\\\/image\\\/\"},\"sameAs\":[\"https:\\\/\\\/www.facebook.com\\\/CareforHCS\",\"https:\\\/\\\/x.com\\\/CareforHCS\",\"https:\\\/\\\/www.linkedin.com\\\/company\\\/carefor-health-and-community-services\\\/\"],\"description\":\"205 Amelia Street, Suite 100 Cornwall, ON K6H 3P3\",\"email\":\"infoeasterncounties@carefor.ca\",\"telephone\":\"613-932-3451\"}]}<\/script>\n<!-- \/ Yoast SEO Premium plugin. -->","yoast_head_json":{"title":"Blogue et Ressources - Carefor","robots":{"index":"index","follow":"follow","max-snippet":"max-snippet:-1","max-image-preview":"max-image-preview:large","max-video-preview":"max-video-preview:-1"},"canonical":"https:\/\/carefor.ca\/fr\/blog-resources\/","og_locale":"fr_FR","og_type":"article","og_title":"Blogue et Ressources","og_url":"https:\/\/carefor.ca\/fr\/blog-resources\/","og_site_name":"Carefor","article_publisher":"https:\/\/www.facebook.com\/CareforHCS","article_modified_time":"2024-06-06T20:20:41+00:00","og_image":[{"width":2560,"height":1173,"url":"https:\/\/carefor.ca\/wp-content\/uploads\/2024\/10\/AdobeStock_480689145cropsmall-scaled.jpeg","type":"image\/jpeg"}],"twitter_card":"summary_large_image","twitter_site":"@CareforHCS","schema":{"@context":"https:\/\/schema.org","@graph":[{"@type":"WebPage","@id":"https:\/\/carefor.ca\/fr\/blog-resources\/","url":"https:\/\/carefor.ca\/fr\/blog-resources\/","name":"Blogue et Ressources - Carefor","isPartOf":{"@id":"https:\/\/carefor.ca\/fr\/#website"},"datePublished":"2023-04-17T23:13:51+00:00","dateModified":"2024-06-06T20:20:41+00:00","breadcrumb":{"@id":"https:\/\/carefor.ca\/fr\/blog-resources\/#breadcrumb"},"inLanguage":"fr-FR","potentialAction":[{"@type":"ReadAction","target":["https:\/\/carefor.ca\/fr\/blog-resources\/"]}]},{"@type":"BreadcrumbList","@id":"https:\/\/carefor.ca\/fr\/blog-resources\/#breadcrumb","itemListElement":[{"@type":"ListItem","position":1,"name":"Home","item":"https:\/\/carefor.ca\/fr\/"},{"@type":"ListItem","position":2,"name":"Blogue et Ressources"}]},{"@type":"WebSite","@id":"https:\/\/carefor.ca\/fr\/#website","url":"https:\/\/carefor.ca\/fr\/","name":"Carefor","description":"High Quality Homecare","publisher":{"@id":"https:\/\/carefor.ca\/fr\/#organization"},"potentialAction":[{"@type":"SearchAction","target":{"@type":"EntryPoint","urlTemplate":"https:\/\/carefor.ca\/fr\/?s={search_term_string}"},"query-input":{"@type":"PropertyValueSpecification","valueRequired":true,"valueName":"search_term_string"}}],"inLanguage":"fr-FR"},{"@type":"Organization","@id":"https:\/\/carefor.ca\/fr\/#organization","name":"Carefor Health and Community Services","url":"https:\/\/carefor.ca\/fr\/","logo":{"@type":"ImageObject","inLanguage":"fr-FR","@id":"https:\/\/carefor.ca\/fr\/#\/schema\/logo\/image\/","url":"","contentUrl":"","caption":"Carefor Health and Community Services"},"image":{"@id":"https:\/\/carefor.ca\/fr\/#\/schema\/logo\/image\/"},"sameAs":["https:\/\/www.facebook.com\/CareforHCS","https:\/\/x.com\/CareforHCS","https:\/\/www.linkedin.com\/company\/carefor-health-and-community-services\/"],"description":"205 Amelia Street, Suite 100 Cornwall, ON K6H 3P3","email":"infoeasterncounties@carefor.ca","telephone":"613-932-3451"}]}},"_links":{"self":[{"href":"https:\/\/carefor.ca\/fr\/wp-json\/wp\/v2\/pages\/7644","targetHints":{"allow":["GET"]}}],"collection":[{"href":"https:\/\/carefor.ca\/fr\/wp-json\/wp\/v2\/pages"}],"about":[{"href":"https:\/\/carefor.ca\/fr\/wp-json\/wp\/v2\/types\/page"}],"author":[{"embeddable":true,"href":"https:\/\/carefor.ca\/fr\/wp-json\/wp\/v2\/users\/1"}],"replies":[{"embeddable":true,"href":"https:\/\/carefor.ca\/fr\/wp-json\/wp\/v2\/comments?post=7644"}],"version-history":[{"count":2,"href":"https:\/\/carefor.ca\/fr\/wp-json\/wp\/v2\/pages\/7644\/revisions"}],"predecessor-version":[{"id":7647,"href":"https:\/\/carefor.ca\/fr\/wp-json\/wp\/v2\/pages\/7644\/revisions\/7647"}],"wp:attachment":[{"href":"https:\/\/carefor.ca\/fr\/wp-json\/wp\/v2\/media?parent=7644"}],"curies":[{"name":"wp","href":"https:\/\/api.w.org\/{rel}","templated":true}]}}