{"id":7050,"date":"2024-03-15T13:58:36","date_gmt":"2024-03-15T17:58:36","guid":{"rendered":"https:\/\/carefor.ca\/carrieres\/career-fairs\/"},"modified":"2024-03-21T14:24:40","modified_gmt":"2024-03-21T18:24:40","slug":"career-fairs","status":"publish","type":"page","link":"https:\/\/carefor.ca\/fr\/carrieres\/career-fairs\/","title":{"rendered":"Salons de L&#8217;emploi"},"content":{"rendered":"\n<h3 class=\"wp-block-heading\">Carefor recrute dans la communaut\u00e9!<\/h3>\n\n\n\n<p>Carefor sera pr\u00e9sent et organisera les salons de l&#8217;emploi suivants. Venez nous rendre visite pour d\u00e9couvrir <a href=\"https:\/\/carefor.ca\/fr\/carrieres\/why-carefor\/\">pourquoi Carefor<\/a> peut vous aider \u00e0 avoir la carri\u00e8re et la vie que vous souhaitez.<\/p>\n\n\n\n<p>Veuillez apporter avec vous votre CV, une preuve de vaccination COVID (2 doses) et leur certification relative \u00e0 leur r\u00f4le.<\/p>\n\n\n\n<h4 class=\"wp-block-heading has-text-align-left\"><strong>PROCHAINS SALONS DE L&rsquo;EMPLOI<\/strong><\/h4>\n\n\n\n<p class=\"has-text-align-left\"><\/p>\n\n\n\n<figure class=\"wp-block-table\"><table><tbody><tr><td>Cornwall<\/td><td>19 Mars<\/td><td>10:00 &#8211; 14:00<\/td><td><a href=\"https:\/\/364599a3-cdn.agilitycms.cloud\/Attachments\/4%20visit\/our-campuses-communities\/cornwall-campus\/C_Handout%20Map-FRONT%2011x17.pdf\">St. Lawrence College<\/a>, Gymnase<\/td><\/tr><tr><td>Pembroke<\/td><td>9 Avril<\/td><td>13:00 &#8211; 16:00<\/td><td><a href=\"https:\/\/www.google.com\/maps\/place\/Algonquin+College+%E2%80%93+Pembroke+Campus\/@45.8264943,-77.1212494,15z\/data=!4m6!3m5!1s0x4cd13774ca07a887:0x4a356b02a0944a80!8m2!3d45.8264943!4d-77.1212494!16s%2Fm%2F0ct36nb?entry=ttu\">Algonquin College<\/a>, Gymnase<\/td><\/tr><tr><td>Cornwall<\/td><td>11 Avril<\/td><td>10:00 &#8211; 15:00<\/td><td>\u00c0 d\u00e9terminer<\/td><\/tr><tr><td>Pembroke<\/td><td>18 Avril<\/td><td>10:00 &#8211; 14:00<\/td><td><a href=\"https:\/\/carefor.ca\/fr\/retirement-living\/complexe-communautaire-de-carefor\/\" target=\"_blank\" rel=\"noreferrer noopener\">Complexe communautaire de Carefor<\/a><\/td><\/tr><tr><td>Ottawa<\/td><td>18 Avril<\/td><td>10:00 &#8211; 15:00<\/td><td><a href=\"https:\/\/www.google.com\/maps\/place\/760+Belfast+Rd,+Ottawa,+ON+K1G+0Z4\/data=!4m2!3m1!1s0x4cce0f78c817794f:0x59974b4f7354545e?sa=X&amp;ved=1t:242&amp;ictx=111\">Carefor Bureau Principal<\/a><\/td><\/tr><tr><td>Ottawa<\/td><td>15 Mai<\/td><td>10:00 &#8211; 15:00<\/td><td><a href=\"https:\/\/www.google.com\/maps\/place\/760+Belfast+Rd,+Ottawa,+ON+K1G+0Z4\/data=!4m2!3m1!1s0x4cce0f78c817794f:0x59974b4f7354545e?sa=X&amp;ved=1t:242&amp;ictx=111\"><a href=\"https:\/\/www.google.com\/maps\/place\/760+Belfast+Rd,+Ottawa,+ON+K1G+0Z4\/data=!4m2!3m1!1s0x4cce0f78c817794f:0x59974b4f7354545e?sa=X&amp;ved=1t:242&amp;ictx=111\">Carefor Bureau Principal<\/a><\/a><\/td><\/tr><tr><td>Ottawa<\/td><td>11 Juin<\/td><td>10:00 &#8211; 15:00<\/td><td><a href=\"https:\/\/www.google.com\/maps\/place\/Carefor+Health+%26+Community+Services+-+Clinic\/@45.3627331,-75.7894721,17z\/data=!3m1!4b1!4m6!3m5!1s0x4cce012ed89fddc5:0xed46d51e954bb9ea!8m2!3d45.3627294!4d-75.7868972!16s%2Fg%2F11b6gg2_69?entry=ttu\">Clinique Carefor Carling<\/a><\/td><\/tr><tr><td>Ottawa<\/td><td>26 Juin<\/td><td>10:00 &#8211; 15:00<\/td><td><a href=\"https:\/\/www.google.com\/maps\/place\/760+Belfast+Rd,+Ottawa,+ON+K1G+0Z4\/data=!4m2!3m1!1s0x4cce0f78c817794f:0x59974b4f7354545e?sa=X&amp;ved=1t:242&amp;ictx=111\"><a href=\"https:\/\/www.google.com\/maps\/place\/760+Belfast+Rd,+Ottawa,+ON+K1G+0Z4\/data=!4m2!3m1!1s0x4cce0f78c817794f:0x59974b4f7354545e?sa=X&amp;ved=1t:242&amp;ictx=111\">Bureau Principal<\/a><\/a>\/<a href=\"https:\/\/www.google.com\/maps\/place\/Carefor+Health+%26+Community+Services+-+Clinic\/@45.3627331,-75.7894721,17z\/data=!3m1!4b1!4m6!3m5!1s0x4cce012ed89fddc5:0xed46d51e954bb9ea!8m2!3d45.3627294!4d-75.7868972!16s%2Fg%2F11b6gg2_69?entry=ttu\">Carling<\/a><\/td><\/tr><tr><td>Ottawa<\/td><td>12 Septembre<\/td><td>10:00 &#8211; 15:00<\/td><td><a href=\"https:\/\/www.google.com\/maps\/place\/760+Belfast+Rd,+Ottawa,+ON+K1G+0Z4\/data=!4m2!3m1!1s0x4cce0f78c817794f:0x59974b4f7354545e?sa=X&amp;ved=1t:242&amp;ictx=111\"><a href=\"https:\/\/www.google.com\/maps\/place\/760+Belfast+Rd,+Ottawa,+ON+K1G+0Z4\/data=!4m2!3m1!1s0x4cce0f78c817794f:0x59974b4f7354545e?sa=X&amp;ved=1t:242&amp;ictx=111\">Carefor Bureau Principal<\/a><\/a><\/td><\/tr><tr><td>Cornwall<\/td><td>26 Septembre<\/td><td>10:00 &#8211; 15:00<\/td><td>\u00c0 d\u00e9terminer<\/td><\/tr><tr><td>All<\/td><td>24 Octobre<\/td><td>10:00 &#8211; 15:00<\/td><td>\u00c0 d\u00e9terminer<\/td><\/tr><\/tbody><\/table><\/figure>\n\n\n\n<div style=\"height:48px\" aria-hidden=\"true\" class=\"wp-block-spacer\"><\/div>\n\n\n<div id=\"impact-stories-block_12f648478b8177aeab5d83577181df2c\" class=\"impact-stories alignfull \">\n    <div class=\"stories-slides\" id=\"stories-slides-slider\">\n                <div class=\"blog-post-slide\">\n                <div class=\"post-info\">\n                   <div class=\"post-info-inner\">\n                      <div class=\"blog-title\">\n                         <a href=\"https:\/\/carefor.ca\/our-impact\/stories-of-impact\/\" class=\"pile-cta\">Stories of Impact<\/a>                      <\/div>\n                      <div class=\"title\">\n                         <h4><a href=\"#\" class=\"open-video-modal\" data-post-id=\"2183\">The Life of Personal Support Workers at Carefor<\/a><\/h4>\n                      <\/div>\n                      <div class=\"excerpt\">\n                         <p>Personal Support Workers are the pillars of community health care, keeping people safe, healthy, and connected in their homes.\n\nMake a positive impact in the lives of those most vulnerable in your community by joining the Carefor team<\/p>\n                      <\/div>\n                      <div class=\"read-more\">\n                         <a href=\"#\" class=\"cta-with-arrow open-video-modal\" data-post-id=\"2183\">Watch Video<\/a>\n                      <\/div>\n                   <\/div>\n\n                <\/div>\n                <div class=\"image-wrapper\">\n                    <img loading=\"lazy\" decoding=\"async\" width=\"768\" height=\"432\" src=\"https:\/\/carefor.ca\/wp-content\/uploads\/2023\/07\/TPl5CKX75HY-HD-768x432.jpg\" class=\"attachment-box-image size-box-image wp-post-image\" alt=\"\" srcset=\"https:\/\/carefor.ca\/wp-content\/uploads\/2023\/07\/TPl5CKX75HY-HD-768x432.jpg 768w, https:\/\/carefor.ca\/wp-content\/uploads\/2023\/07\/TPl5CKX75HY-HD-300x169.jpg 300w, https:\/\/carefor.ca\/wp-content\/uploads\/2023\/07\/TPl5CKX75HY-HD-1024x576.jpg 1024w, https:\/\/carefor.ca\/wp-content\/uploads\/2023\/07\/TPl5CKX75HY-HD-400x225.jpg 400w, https:\/\/carefor.ca\/wp-content\/uploads\/2023\/07\/TPl5CKX75HY-HD.jpg 1280w\" sizes=\"auto, (max-width: 768px) 100vw, 768px\" \/>                <\/div>\n            <\/div>\n                    <div class=\"blog-post-slide\">\n                <div class=\"post-info\">\n                   <div class=\"post-info-inner\">\n                      <div class=\"blog-title\">\n                         <a href=\"https:\/\/carefor.ca\/our-impact\/stories-of-impact\/\" class=\"pile-cta\">Stories of Impact<\/a>                      <\/div>\n                      <div class=\"title\">\n                         <h4><a href=\"#\" class=\"open-video-modal\" data-post-id=\"2185\">When a job is more than a job<\/a><\/h4>\n                      <\/div>\n                      <div class=\"excerpt\">\n                         <p>Carefor staff talk about what their work means to them and the support they get from Carefor.<\/p>\n                      <\/div>\n                      <div class=\"read-more\">\n                         <a href=\"#\" class=\"cta-with-arrow open-video-modal\" data-post-id=\"2185\">Watch Video<\/a>\n                      <\/div>\n                   <\/div>\n\n                <\/div>\n                <div class=\"image-wrapper\">\n                    <img loading=\"lazy\" decoding=\"async\" width=\"768\" height=\"432\" src=\"https:\/\/carefor.ca\/wp-content\/uploads\/2023\/07\/kRutQxWPlUY-HD-768x432.jpg\" class=\"attachment-box-image size-box-image wp-post-image\" alt=\"\" srcset=\"https:\/\/carefor.ca\/wp-content\/uploads\/2023\/07\/kRutQxWPlUY-HD-768x432.jpg 768w, https:\/\/carefor.ca\/wp-content\/uploads\/2023\/07\/kRutQxWPlUY-HD-300x169.jpg 300w, https:\/\/carefor.ca\/wp-content\/uploads\/2023\/07\/kRutQxWPlUY-HD-1024x576.jpg 1024w, https:\/\/carefor.ca\/wp-content\/uploads\/2023\/07\/kRutQxWPlUY-HD-400x225.jpg 400w, https:\/\/carefor.ca\/wp-content\/uploads\/2023\/07\/kRutQxWPlUY-HD.jpg 1280w\" sizes=\"auto, (max-width: 768px) 100vw, 768px\" \/>                <\/div>\n            <\/div>\n                    <div class=\"blog-post-slide\">\n                <div class=\"post-info\">\n                   <div class=\"post-info-inner\">\n                      <div class=\"blog-title\">\n                         <a href=\"https:\/\/carefor.ca\/our-impact\/stories-of-impact\/\" class=\"pile-cta\">Stories of Impact<\/a>                      <\/div>\n                      <div class=\"title\">\n                         <h4><a href=\"#\" class=\"open-video-modal\" data-post-id=\"2189\">Why becoming a Carefor Nurse will grow your career<\/a><\/h4>\n                      <\/div>\n                      <div class=\"excerpt\">\n                         <p>Shaylee Brown explains what led her to join the Carefor team, what&rsquo;s it&rsquo;s like working as a Nurse at Carefor, how she&rsquo;s advancing in her career, and why she finds working in home care so rewarding.<\/p>\n                      <\/div>\n                      <div class=\"read-more\">\n                         <a href=\"#\" class=\"cta-with-arrow open-video-modal\" data-post-id=\"2189\">Watch Video<\/a>\n                      <\/div>\n                   <\/div>\n\n                <\/div>\n                <div class=\"image-wrapper\">\n                    <img loading=\"lazy\" decoding=\"async\" width=\"768\" height=\"432\" src=\"https:\/\/carefor.ca\/wp-content\/uploads\/2023\/07\/aUSYOYmWByE-HD-768x432.jpg\" class=\"attachment-box-image size-box-image wp-post-image\" alt=\"\" srcset=\"https:\/\/carefor.ca\/wp-content\/uploads\/2023\/07\/aUSYOYmWByE-HD-768x432.jpg 768w, https:\/\/carefor.ca\/wp-content\/uploads\/2023\/07\/aUSYOYmWByE-HD-300x169.jpg 300w, https:\/\/carefor.ca\/wp-content\/uploads\/2023\/07\/aUSYOYmWByE-HD-1024x576.jpg 1024w, https:\/\/carefor.ca\/wp-content\/uploads\/2023\/07\/aUSYOYmWByE-HD-400x225.jpg 400w, https:\/\/carefor.ca\/wp-content\/uploads\/2023\/07\/aUSYOYmWByE-HD.jpg 1280w\" sizes=\"auto, (max-width: 768px) 100vw, 768px\" \/>                <\/div>\n            <\/div>\n            <\/div>\n<\/div>\n\n\n<div class=\"reveal small\" id=\"impact-story-modal\" data-reveal>\n   <button class=\"close-button\" data-close aria-label=\"Close modal\" type=\"button\">\n      <span aria-hidden=\"true\">&times;<\/span>\n   <\/button>\n   <div class=\"modal-inner\">\n      <div class=\"video-container\">\n         <div class=\"video-title\"><h4><\/h4><\/div>\n         <div class=\"responsive-embed widescreen\"><\/div>\n      <\/div>\n   <\/div>\n<\/div>\n","protected":false},"excerpt":{"rendered":"<p>Carefor recrute dans la communaut\u00e9! Carefor sera pr\u00e9sent et organisera les salons de l&#8217;emploi suivants. Venez nous rendre visite pour d\u00e9couvrir pourquoi Carefor peut vous aider \u00e0 avoir la carri\u00e8re [&hellip;]<\/p>\n","protected":false},"author":1,"featured_media":4691,"parent":5367,"menu_order":4,"comment_status":"closed","ping_status":"closed","template":"page-microsite-internal.php","meta":{"_acf_changed":false,"_relevanssi_hide_post":"","_relevanssi_hide_content":"","_relevanssi_pin_for_all":"","_relevanssi_pin_keywords":"","_relevanssi_unpin_keywords":"","_relevanssi_related_keywords":"","_relevanssi_related_include_ids":"","_relevanssi_related_exclude_ids":"","_relevanssi_related_no_append":"","_relevanssi_related_not_related":"","_relevanssi_related_posts":"1266,1330,1253,1246,1316,1249","_relevanssi_noindex_reason":"","footnotes":""},"class_list":["post-7050","page","type-page","status-publish","has-post-thumbnail","hentry"],"acf":[],"yoast_head":"<!-- This site is optimized with the Yoast SEO Premium plugin v27.6 (Yoast SEO v27.6) - https:\/\/yoast.com\/product\/yoast-seo-premium-wordpress\/ -->\n<title>Salons de L&#039;emploi - Carefor<\/title>\n<meta name=\"robots\" content=\"index, follow, max-snippet:-1, max-image-preview:large, max-video-preview:-1\" \/>\n<link rel=\"canonical\" href=\"https:\/\/carefor.ca\/fr\/carrieres\/career-fairs\/\" \/>\n<meta property=\"og:locale\" content=\"fr_FR\" \/>\n<meta property=\"og:type\" content=\"article\" \/>\n<meta property=\"og:title\" content=\"Salons de L&#039;emploi\" \/>\n<meta property=\"og:description\" content=\"Carefor recrute dans la communaut\u00e9! Carefor sera pr\u00e9sent et organisera les salons de l&#8217;emploi suivants. Venez nous rendre visite pour d\u00e9couvrir pourquoi Carefor peut vous aider \u00e0 avoir la carri\u00e8re [&hellip;]\" \/>\n<meta property=\"og:url\" content=\"https:\/\/carefor.ca\/fr\/carrieres\/career-fairs\/\" \/>\n<meta property=\"og:site_name\" content=\"Carefor\" \/>\n<meta property=\"article:publisher\" content=\"https:\/\/www.facebook.com\/CareforHCS\" \/>\n<meta property=\"article:modified_time\" content=\"2024-03-21T18:24:40+00:00\" \/>\n<meta property=\"og:image\" content=\"https:\/\/carefor.ca\/wp-content\/uploads\/2023\/06\/Carefor_IMG_5843-scaled.jpg?_t=1711045480\" \/>\n\t<meta property=\"og:image:width\" content=\"2560\" \/>\n\t<meta property=\"og:image:height\" content=\"1707\" \/>\n\t<meta property=\"og:image:type\" content=\"image\/jpeg\" \/>\n<meta name=\"twitter:card\" content=\"summary_large_image\" \/>\n<meta name=\"twitter:site\" content=\"@CareforHCS\" \/>\n<meta name=\"twitter:label1\" content=\"Dur\u00e9e de lecture estim\u00e9e\" \/>\n\t<meta name=\"twitter:data1\" content=\"1 minute\" \/>\n<script type=\"application\/ld+json\" class=\"yoast-schema-graph\">{\"@context\":\"https:\\\/\\\/schema.org\",\"@graph\":[{\"@type\":\"WebPage\",\"@id\":\"https:\\\/\\\/carefor.ca\\\/fr\\\/carrieres\\\/career-fairs\\\/\",\"url\":\"https:\\\/\\\/carefor.ca\\\/fr\\\/carrieres\\\/career-fairs\\\/\",\"name\":\"Salons de L'emploi - Carefor\",\"isPartOf\":{\"@id\":\"https:\\\/\\\/carefor.ca\\\/fr\\\/#website\"},\"primaryImageOfPage\":{\"@id\":\"https:\\\/\\\/carefor.ca\\\/fr\\\/carrieres\\\/career-fairs\\\/#primaryimage\"},\"image\":{\"@id\":\"https:\\\/\\\/carefor.ca\\\/fr\\\/carrieres\\\/career-fairs\\\/#primaryimage\"},\"thumbnailUrl\":\"https:\\\/\\\/carefor.ca\\\/wp-content\\\/uploads\\\/2023\\\/06\\\/Carefor_IMG_5843-scaled.jpg\",\"datePublished\":\"2024-03-15T17:58:36+00:00\",\"dateModified\":\"2024-03-21T18:24:40+00:00\",\"breadcrumb\":{\"@id\":\"https:\\\/\\\/carefor.ca\\\/fr\\\/carrieres\\\/career-fairs\\\/#breadcrumb\"},\"inLanguage\":\"fr-FR\",\"potentialAction\":[{\"@type\":\"ReadAction\",\"target\":[\"https:\\\/\\\/carefor.ca\\\/fr\\\/carrieres\\\/career-fairs\\\/\"]}]},{\"@type\":\"ImageObject\",\"inLanguage\":\"fr-FR\",\"@id\":\"https:\\\/\\\/carefor.ca\\\/fr\\\/carrieres\\\/career-fairs\\\/#primaryimage\",\"url\":\"https:\\\/\\\/carefor.ca\\\/wp-content\\\/uploads\\\/2023\\\/06\\\/Carefor_IMG_5843-scaled.jpg\",\"contentUrl\":\"https:\\\/\\\/carefor.ca\\\/wp-content\\\/uploads\\\/2023\\\/06\\\/Carefor_IMG_5843-scaled.jpg\",\"width\":2560,\"height\":1707,\"caption\":\"Carefor staff are compassionate health care and community service professionals who make life better for their clients.\"},{\"@type\":\"BreadcrumbList\",\"@id\":\"https:\\\/\\\/carefor.ca\\\/fr\\\/carrieres\\\/career-fairs\\\/#breadcrumb\",\"itemListElement\":[{\"@type\":\"ListItem\",\"position\":1,\"name\":\"Home\",\"item\":\"https:\\\/\\\/carefor.ca\\\/fr\\\/\"},{\"@type\":\"ListItem\",\"position\":2,\"name\":\"Carri\u00e8res\",\"item\":\"https:\\\/\\\/carefor.ca\\\/fr\\\/carrieres\\\/\"},{\"@type\":\"ListItem\",\"position\":3,\"name\":\"Salons de L&#8217;emploi\"}]},{\"@type\":\"WebSite\",\"@id\":\"https:\\\/\\\/carefor.ca\\\/fr\\\/#website\",\"url\":\"https:\\\/\\\/carefor.ca\\\/fr\\\/\",\"name\":\"Carefor\",\"description\":\"High Quality Homecare\",\"publisher\":{\"@id\":\"https:\\\/\\\/carefor.ca\\\/fr\\\/#organization\"},\"potentialAction\":[{\"@type\":\"SearchAction\",\"target\":{\"@type\":\"EntryPoint\",\"urlTemplate\":\"https:\\\/\\\/carefor.ca\\\/fr\\\/?s={search_term_string}\"},\"query-input\":{\"@type\":\"PropertyValueSpecification\",\"valueRequired\":true,\"valueName\":\"search_term_string\"}}],\"inLanguage\":\"fr-FR\"},{\"@type\":\"Organization\",\"@id\":\"https:\\\/\\\/carefor.ca\\\/fr\\\/#organization\",\"name\":\"Carefor Health and Community Services\",\"url\":\"https:\\\/\\\/carefor.ca\\\/fr\\\/\",\"logo\":{\"@type\":\"ImageObject\",\"inLanguage\":\"fr-FR\",\"@id\":\"https:\\\/\\\/carefor.ca\\\/fr\\\/#\\\/schema\\\/logo\\\/image\\\/\",\"url\":\"\",\"contentUrl\":\"\",\"caption\":\"Carefor Health and Community Services\"},\"image\":{\"@id\":\"https:\\\/\\\/carefor.ca\\\/fr\\\/#\\\/schema\\\/logo\\\/image\\\/\"},\"sameAs\":[\"https:\\\/\\\/www.facebook.com\\\/CareforHCS\",\"https:\\\/\\\/x.com\\\/CareforHCS\",\"https:\\\/\\\/www.linkedin.com\\\/company\\\/carefor-health-and-community-services\\\/\"],\"description\":\"205 Amelia Street, Suite 100 Cornwall, ON K6H 3P3\",\"email\":\"infoeasterncounties@carefor.ca\",\"telephone\":\"613-932-3451\"}]}<\/script>\n<!-- \/ Yoast SEO Premium plugin. -->","yoast_head_json":{"title":"Salons de L'emploi - Carefor","robots":{"index":"index","follow":"follow","max-snippet":"max-snippet:-1","max-image-preview":"max-image-preview:large","max-video-preview":"max-video-preview:-1"},"canonical":"https:\/\/carefor.ca\/fr\/carrieres\/career-fairs\/","og_locale":"fr_FR","og_type":"article","og_title":"Salons de L'emploi","og_description":"Carefor recrute dans la communaut\u00e9! Carefor sera pr\u00e9sent et organisera les salons de l&#8217;emploi suivants. Venez nous rendre visite pour d\u00e9couvrir pourquoi Carefor peut vous aider \u00e0 avoir la carri\u00e8re [&hellip;]","og_url":"https:\/\/carefor.ca\/fr\/carrieres\/career-fairs\/","og_site_name":"Carefor","article_publisher":"https:\/\/www.facebook.com\/CareforHCS","article_modified_time":"2024-03-21T18:24:40+00:00","og_image":[{"width":2560,"height":1707,"url":"https:\/\/carefor.ca\/wp-content\/uploads\/2023\/06\/Carefor_IMG_5843-scaled.jpg?_t=1711045480","type":"image\/jpeg"}],"twitter_card":"summary_large_image","twitter_site":"@CareforHCS","twitter_misc":{"Dur\u00e9e de lecture estim\u00e9e":"1 minute"},"schema":{"@context":"https:\/\/schema.org","@graph":[{"@type":"WebPage","@id":"https:\/\/carefor.ca\/fr\/carrieres\/career-fairs\/","url":"https:\/\/carefor.ca\/fr\/carrieres\/career-fairs\/","name":"Salons de L'emploi - Carefor","isPartOf":{"@id":"https:\/\/carefor.ca\/fr\/#website"},"primaryImageOfPage":{"@id":"https:\/\/carefor.ca\/fr\/carrieres\/career-fairs\/#primaryimage"},"image":{"@id":"https:\/\/carefor.ca\/fr\/carrieres\/career-fairs\/#primaryimage"},"thumbnailUrl":"https:\/\/carefor.ca\/wp-content\/uploads\/2023\/06\/Carefor_IMG_5843-scaled.jpg","datePublished":"2024-03-15T17:58:36+00:00","dateModified":"2024-03-21T18:24:40+00:00","breadcrumb":{"@id":"https:\/\/carefor.ca\/fr\/carrieres\/career-fairs\/#breadcrumb"},"inLanguage":"fr-FR","potentialAction":[{"@type":"ReadAction","target":["https:\/\/carefor.ca\/fr\/carrieres\/career-fairs\/"]}]},{"@type":"ImageObject","inLanguage":"fr-FR","@id":"https:\/\/carefor.ca\/fr\/carrieres\/career-fairs\/#primaryimage","url":"https:\/\/carefor.ca\/wp-content\/uploads\/2023\/06\/Carefor_IMG_5843-scaled.jpg","contentUrl":"https:\/\/carefor.ca\/wp-content\/uploads\/2023\/06\/Carefor_IMG_5843-scaled.jpg","width":2560,"height":1707,"caption":"Carefor staff are compassionate health care and community service professionals who make life better for their clients."},{"@type":"BreadcrumbList","@id":"https:\/\/carefor.ca\/fr\/carrieres\/career-fairs\/#breadcrumb","itemListElement":[{"@type":"ListItem","position":1,"name":"Home","item":"https:\/\/carefor.ca\/fr\/"},{"@type":"ListItem","position":2,"name":"Carri\u00e8res","item":"https:\/\/carefor.ca\/fr\/carrieres\/"},{"@type":"ListItem","position":3,"name":"Salons de L&#8217;emploi"}]},{"@type":"WebSite","@id":"https:\/\/carefor.ca\/fr\/#website","url":"https:\/\/carefor.ca\/fr\/","name":"Carefor","description":"High Quality Homecare","publisher":{"@id":"https:\/\/carefor.ca\/fr\/#organization"},"potentialAction":[{"@type":"SearchAction","target":{"@type":"EntryPoint","urlTemplate":"https:\/\/carefor.ca\/fr\/?s={search_term_string}"},"query-input":{"@type":"PropertyValueSpecification","valueRequired":true,"valueName":"search_term_string"}}],"inLanguage":"fr-FR"},{"@type":"Organization","@id":"https:\/\/carefor.ca\/fr\/#organization","name":"Carefor Health and Community Services","url":"https:\/\/carefor.ca\/fr\/","logo":{"@type":"ImageObject","inLanguage":"fr-FR","@id":"https:\/\/carefor.ca\/fr\/#\/schema\/logo\/image\/","url":"","contentUrl":"","caption":"Carefor Health and Community Services"},"image":{"@id":"https:\/\/carefor.ca\/fr\/#\/schema\/logo\/image\/"},"sameAs":["https:\/\/www.facebook.com\/CareforHCS","https:\/\/x.com\/CareforHCS","https:\/\/www.linkedin.com\/company\/carefor-health-and-community-services\/"],"description":"205 Amelia Street, Suite 100 Cornwall, ON K6H 3P3","email":"infoeasterncounties@carefor.ca","telephone":"613-932-3451"}]}},"_links":{"self":[{"href":"https:\/\/carefor.ca\/fr\/wp-json\/wp\/v2\/pages\/7050","targetHints":{"allow":["GET"]}}],"collection":[{"href":"https:\/\/carefor.ca\/fr\/wp-json\/wp\/v2\/pages"}],"about":[{"href":"https:\/\/carefor.ca\/fr\/wp-json\/wp\/v2\/types\/page"}],"author":[{"embeddable":true,"href":"https:\/\/carefor.ca\/fr\/wp-json\/wp\/v2\/users\/1"}],"replies":[{"embeddable":true,"href":"https:\/\/carefor.ca\/fr\/wp-json\/wp\/v2\/comments?post=7050"}],"version-history":[{"count":3,"href":"https:\/\/carefor.ca\/fr\/wp-json\/wp\/v2\/pages\/7050\/revisions"}],"predecessor-version":[{"id":7054,"href":"https:\/\/carefor.ca\/fr\/wp-json\/wp\/v2\/pages\/7050\/revisions\/7054"}],"up":[{"embeddable":true,"href":"https:\/\/carefor.ca\/fr\/wp-json\/wp\/v2\/pages\/5367"}],"wp:featuredmedia":[{"embeddable":true,"href":"https:\/\/carefor.ca\/fr\/wp-json\/wp\/v2\/media\/4691"}],"wp:attachment":[{"href":"https:\/\/carefor.ca\/fr\/wp-json\/wp\/v2\/media?parent=7050"}],"curies":[{"name":"wp","href":"https:\/\/api.w.org\/{rel}","templated":true}]}}