{"id":6004,"date":"2023-04-14T11:58:04","date_gmt":"2023-04-14T15:58:04","guid":{"rendered":"https:\/\/carefor.ca\/privacy-policy\/"},"modified":"2023-12-20T00:25:08","modified_gmt":"2023-12-20T05:25:08","slug":"politique-de-protection-des-renseignements-personnels","status":"publish","type":"page","link":"https:\/\/carefor.ca\/fr\/politique-de-protection-des-renseignements-personnels\/","title":{"rendered":"Politique de protection des renseignements personnels"},"content":{"rendered":"\n<h2 class=\"wp-block-heading\">\u00c9nonc\u00e9 sur la protection des renseignements personnels<\/h2>\n\n\n\n<p>Le pr\u00e9sent \u00e9nonc\u00e9 explique vos droits concernant la protection de vos renseignements personnels, ainsi que les mesures prises par notre organisation pour prot\u00e9ger vos renseignements personnels sur la sant\u00e9, comme l\u2019exige la <em>Loi de 2004 sur la protection des renseignements personnels sur la sant\u00e9<\/em>. Notre organisation s\u2019engage \u00e0 prot\u00e9ger la confidentialit\u00e9 de vos renseignements personnels, y compris de vos renseignements personnels sur la sant\u00e9. Notre <em>Politique de protection des renseignements personnels<\/em> est accessible sur demande, si vous en souhaitez en savoir plus sur la question.<\/p>\n\n\n\n<p><strong>But de la collecte, de l\u2019utilisation et de la divulgation de vos renseignements personnels sur la sant\u00e9:<\/strong><\/p>\n\n\n\n<p>Nous recueillons des renseignements directement aupr\u00e8s de vous ou de la personne agissant en votre nom, comme votre mandataire sp\u00e9cial. Nous pourrions, \u00e0 l\u2019occasion, recueillir des renseignements \u00e0 votre sujet aupr\u00e8s d\u2019autres sources, si la loi le permet ou l\u2019exige, y compris des renseignements de vos autres fournisseurs de soins afin de vous offrir les soins et les services dont vous avez besoin.<\/p>\n\n\n\n<p>De plus, nous pourrions notamment recueillir, utiliser et divulguer vos renseignements personnels sur la sant\u00e9 afin :<\/p>\n\n\n\n<ul class=\"wp-block-list\">\n<li>de vous prodiguer des soins et des traitements de concert avec les autres professionnels de la sant\u00e9 qui s\u2019occupent de vous;<\/li>\n\n\n\n<li>de vous permettre de participer \u00e0 nos programmes et services;<\/li>\n\n\n\n<li>d\u2019\u00eatre pay\u00e9s pour les soins et les traitements que nous vous prodiguons;<\/li>\n\n\n\n<li>d\u2019informer nos bailleurs de fonds (comme le minist\u00e8re de la Sant\u00e9 ou le minist\u00e8re des Soins de longue dur\u00e9e, ainsi que les r\u00e9seaux locaux d\u2019int\u00e9gration des services de sant\u00e9) \u00e0 des fins de gestion du r\u00e9seau de la sant\u00e9;<\/li>\n\n\n\n<li>de faciliter la planification et l\u2019administration de nos services et de nos activit\u00e9s;<\/li>\n\n\n\n<li>de mener des activit\u00e9s d\u2019am\u00e9lioration de la qualit\u00e9;<\/li>\n\n\n\n<li>de nous conformer aux exigences l\u00e9gales et r\u00e9glementaires;<\/li>\n\n\n\n<li>de mener des recherches;<\/li>\n\n\n\n<li>de mener d\u2019autres activit\u00e9s permises ou requises par la loi (d\u00e9claration de maladies infectieuses aux organismes de sant\u00e9 publique).<\/li>\n<\/ul>\n\n\n\n<p><strong>Consentement \u00e0 la collecte, \u00e0 l\u2019utilisation et \u00e0 la divulgation de renseignements personnels:<\/strong><\/p>\n\n\n\n<p>Lorsque vous sollicitez nos soins de sant\u00e9, nous supposons que vous nous donnez l\u2019autorisation (votre consentement) d\u2019utiliser vos renseignements personnels, sauf indication contraire de votre part. Nous pourrions \u00e9galement recueillir, utiliser et divulguer vos renseignements personnels sur la sant\u00e9 afin de discuter de vos soins avec d\u2019autres professionnels de sant\u00e9, sauf indication contraire de votre part.<\/p>\n\n\n\n<ul class=\"wp-block-list\">\n<li>Vous avez le droit de refuser ou de retirer, en tout ou en partie, votre consentement \u00e0 la collecte, \u00e0 l\u2019utilisation et \u00e0 la divulgation de vos renseignements personnels sur la sant\u00e9 avec un ou plusieurs membres de notre \u00e9quipe ou de vos fournisseurs de soins de sant\u00e9 externes. C\u2019est ce qu\u2019on appelle une \u00ab directive en mati\u00e8re de consentement \u00bb. Si vous demandez qu\u2019on limite l\u2019utilisation et la divulgation de votre dossier de sant\u00e9, un membre de notre \u00e9quipe vous expliquera les choix qui s\u2019offrent \u00e0 vous, ainsi que les cons\u00e9quences potentielles de chacun d\u2019eux.<\/li>\n\n\n\n<li>Il arrive que nous ne soyons pas autoris\u00e9s \u00e0 pr\u00e9sumer que nous avons votre autorisation pour divulguer vos renseignements personnels. Dans ce cas, nous vous demanderons votre consentement expr\u00e8s afin de nous assurer d\u2019avoir votre autorisation.<\/li>\n\n\n\n<li>Lorsque nous vous demanderons votre consentement, vous aurez le droit de refuser. Si vous acceptez, vous aurez le droit de changer d\u2019avis en tout temps. Si vous d\u00e9cidez de refuser ou de retirer votre consentement, nous cesserons imm\u00e9diatement de communiquer vos renseignements personnels, sauf indication contraire de votre part. Votre droit de refuser ou de retirer votre consentement peut \u00eatre assujetti de certaines restrictions.<\/li>\n\n\n\n<li>REMARQUE : Nous pourrions \u2013 dans certaines circonstances permises ou requises par la loi \u2013 recueillir, utiliser ou divulguer des renseignements personnels sur votre sant\u00e9 sans votre autorisation. Par exemple, nous n\u2019avons pas besoin de votre autorisation pour utiliser vos renseignements personnels \u00e0 des fins de facturation, de gestion des risques, de gestion des erreurs ou d\u2019am\u00e9lioration de la qualit\u00e9. De plus, nous n\u2019avons pas besoin de votre autorisation pour partager des renseignements personnels sur votre sant\u00e9 pour vous prot\u00e9ger ou prot\u00e9ger un tiers, si nous avons des motifs raisonnables de croire qu\u2019ils sont n\u00e9cessaires pour \u00e9liminer ou r\u00e9duire un risque consid\u00e9rable de blessure grave.<\/li>\n<\/ul>\n\n\n\n<p>Enfin, nous n\u2019avons pas besoin de votre autorisation pour partager les renseignements personnels sur votre sant\u00e9 pour respecter les obligations de d\u00e9claration en vertu d\u2019autres lois, notamment pour la protection contre les maladies transmissibles, la s\u00e9curit\u00e9 des enfants ou la conduite s\u00e9curitaire.<\/p>\n\n\n\n<p><strong>Nos responsabilit\u00e9s<\/strong><\/p>\n\n\n\n<ul class=\"wp-block-list\">\n<li>Nous prenons des mesures pour prot\u00e9ger les renseignements personnels sur votre sant\u00e9 contre le vol, la perte, l\u2019acc\u00e8s non autoris\u00e9, la copie, la modification, l\u2019utilisation, la divulgation et l\u2019\u00e9limination.<\/li>\n\n\n\n<li>Nous effectuons des v\u00e9rifications et menons des enqu\u00eates pour surveiller et g\u00e9rer notre conformit\u00e9 en mati\u00e8re de respect des renseignements personnels sur la sant\u00e9 et veiller \u00e0 la s\u00e9curit\u00e9 de ces derniers.<\/li>\n\n\n\n<li>Nous prenons des mesures pour nous assurer que ceux qui nous fournissent des services prot\u00e8gent vos renseignements personnels et ne les utilisent qu\u2019aux fins consenties, autoris\u00e9es ou requises par la loi.<\/li>\n\n\n\n<li>Nous essayons de garder votre dossier exact et \u00e0 jour.<\/li>\n\n\n\n<li>Tous les membres de notre \u00e9quipe sont li\u00e9s par la confidentialit\u00e9. Nous devons prot\u00e9ger vos renseignements personnels contre la perte ou le vol, et nous assurer que seules les personnes qui participent \u00e0 vos soins ou qui en ont besoin dans le cadre de leur travail les consultent et les utilisent. Enfin, nous vous informerons de toute violation de vos renseignements personnels, comme le pr\u00e9voit la loi.<\/li>\n<\/ul>\n\n\n\n<p><strong>Vos droits<\/strong><\/p>\n\n\n\n<ul class=\"wp-block-list\">\n<li>Vous pouvez exiger d\u2019avoir acc\u00e8s \u00e0 l\u2019original de votre dossier de sant\u00e9, d\u2019en obtenir une copie, de rectifier vos renseignements personnels sur la sant\u00e9 et\/ou de retirer ou modifier votre consentement aux formes susmentionn\u00e9es de collecte, d\u2019utilisation et de divulgation de vos renseignements personnels en \u00e9crivant \u00e0 notre responsable de la protection de la vie priv\u00e9e. Les requ\u00eates sont soumises \u00e0 un pr\u00e9avis raisonnable et peuvent \u00eatre soumises \u00e0 des exceptions l\u00e9gales.<\/li>\n\n\n\n<li>Vous avez le droit de choisir et de contr\u00f4ler la fa\u00e7on dont vos renseignements sur la sant\u00e9 sont recueillis, utilis\u00e9s et divulgu\u00e9s, sous r\u00e9serve de certaines restrictions. Vous pouvez prendre vos propres d\u00e9cisions si vous en \u00eates \u00ab capable \u00bb. Votre fournisseur de soins primaires d\u00e9terminera votre capacit\u00e9 \u00e0 l\u2019aide du test prescrit par la loi. S\u2019il vous juge \u00ab incapable \u00bb, un mandataire sp\u00e9cial sera charg\u00e9 de prendre une d\u00e9cision \u00e9clair\u00e9e \u00e0 votre place.<\/li>\n<\/ul>\n\n\n\n<p><strong>Si vous avez des questions ou des pr\u00e9occupations, communiquez avec notre responsable de la protection de la vie priv\u00e9e \u00e0 l\u2019adresse suivante\u00a0:<\/strong><\/p>\n\n\n\n<p><em>Responsable de protection de la vie priv\u00e9e<br>Carefor Health\u00a0&amp; Community Services<\/em><br><em>760, chemin Belfast<\/em><br><em>Ottawa (Ontario)\u00a0 K1G 6M8<\/em><br><em>T\u00e9l.\u00a0: 613-903-6565, poste\u00a05017<br><em>Courriel\u00a0<\/em><\/em>: <em><a href=\"mailto:privacyofficer@carefor.ca\" target=\"_blank\" rel=\"noreferrer noopener\">privacyofficer@carefor.ca<\/a>\u00a0<\/em><\/p>\n\n\n\n<p><strong>Si vous croyez que vos droits ont \u00e9t\u00e9 viol\u00e9s, communiquez avec le commissaire \u00e0 l\u2019information et \u00e0 la protection de la vie priv\u00e9e de l\u2019Ontario \u00e0 l\u2019adresse suivante\u00a0:<\/strong><\/p>\n\n\n\n<p><strong>Commissaire \u00e0 l\u2019information et \u00e0 la protection de la vie priv\u00e9e de l\u2019Ontario<\/strong><em><br>2, rue Bloor Est, bureau\u00a01400<\/em><br><em>Toronto (Ontario)\u00a0 M4W 1A8 Canada<\/em><br><em>T\u00e9l\u00e9phone\u00a0: 1-800-387-0073 (ou 416-326-3333, \u00e0 Toronto)<br>T\u00e9l\u00e9copieur\u00a0: 416-325-9195<\/em><\/p>\n\n\n\n<p><em>Site Web<\/em>:<em> <a href=\"http:\/\/www.ipc.on.ca\" target=\"_blank\" rel=\"noreferrer noopener\">www.ipc.on.ca<\/a>\u00a0<\/em><\/p>\n\n\n\n<div style=\"height:5rem\" aria-hidden=\"true\" class=\"wp-block-spacer\"><\/div>\n","protected":false},"excerpt":{"rendered":"<p>\u00c9nonc\u00e9 sur la protection des renseignements personnels Le pr\u00e9sent \u00e9nonc\u00e9 explique vos droits concernant la protection de vos renseignements personnels, ainsi que les mesures prises par notre organisation pour prot\u00e9ger [&hellip;]<\/p>\n","protected":false},"author":1,"featured_media":0,"parent":0,"menu_order":0,"comment_status":"closed","ping_status":"closed","template":"page-internal.php","meta":{"_acf_changed":false,"_relevanssi_hide_post":"","_relevanssi_hide_content":"","_relevanssi_pin_for_all":"","_relevanssi_pin_keywords":"","_relevanssi_unpin_keywords":"","_relevanssi_related_keywords":"","_relevanssi_related_include_ids":"","_relevanssi_related_exclude_ids":"","_relevanssi_related_no_append":"","_relevanssi_related_not_related":"","_relevanssi_related_posts":"1316,1255,1286,5925,5934,1328","_relevanssi_noindex_reason":"","footnotes":""},"class_list":["post-6004","page","type-page","status-publish","hentry"],"acf":[],"yoast_head":"<!-- This site is optimized with the Yoast SEO Premium plugin v24.9 (Yoast SEO v27.5) - https:\/\/yoast.com\/product\/yoast-seo-premium-wordpress\/ -->\n<title>Politique de protection des renseignements personnels - Carefor<\/title>\n<meta name=\"robots\" content=\"index, follow, max-snippet:-1, max-image-preview:large, max-video-preview:-1\" \/>\n<link rel=\"canonical\" href=\"https:\/\/carefor.ca\/fr\/politique-de-protection-des-renseignements-personnels\/\" \/>\n<meta property=\"og:locale\" content=\"fr_FR\" \/>\n<meta property=\"og:type\" content=\"article\" \/>\n<meta property=\"og:title\" content=\"Politique de protection des renseignements personnels\" \/>\n<meta property=\"og:description\" content=\"\u00c9nonc\u00e9 sur la protection des renseignements personnels Le pr\u00e9sent \u00e9nonc\u00e9 explique vos droits concernant la protection de vos renseignements personnels, ainsi que les mesures prises par notre organisation pour prot\u00e9ger [&hellip;]\" \/>\n<meta property=\"og:url\" content=\"https:\/\/carefor.ca\/fr\/politique-de-protection-des-renseignements-personnels\/\" \/>\n<meta property=\"og:site_name\" content=\"Carefor\" \/>\n<meta property=\"article:publisher\" content=\"https:\/\/www.facebook.com\/CareforHCS\" \/>\n<meta property=\"article:modified_time\" content=\"2023-12-20T05:25:08+00:00\" \/>\n<meta property=\"og:image\" content=\"https:\/\/carefor.ca\/wp-content\/uploads\/2024\/10\/AdobeStock_480689145cropsmall-scaled.jpeg\" \/>\n\t<meta property=\"og:image:width\" content=\"2560\" \/>\n\t<meta property=\"og:image:height\" content=\"1173\" \/>\n\t<meta property=\"og:image:type\" content=\"image\/jpeg\" \/>\n<meta name=\"twitter:card\" content=\"summary_large_image\" \/>\n<meta name=\"twitter:site\" content=\"@CareforHCS\" \/>\n<meta name=\"twitter:label1\" content=\"Dur\u00e9e de lecture estim\u00e9e\" \/>\n\t<meta name=\"twitter:data1\" content=\"6 minutes\" \/>\n<script type=\"application\/ld+json\" class=\"yoast-schema-graph\">{\"@context\":\"https:\\\/\\\/schema.org\",\"@graph\":[{\"@type\":\"WebPage\",\"@id\":\"https:\\\/\\\/carefor.ca\\\/fr\\\/politique-de-protection-des-renseignements-personnels\\\/\",\"url\":\"https:\\\/\\\/carefor.ca\\\/fr\\\/politique-de-protection-des-renseignements-personnels\\\/\",\"name\":\"Politique de protection des renseignements personnels - Carefor\",\"isPartOf\":{\"@id\":\"https:\\\/\\\/carefor.ca\\\/fr\\\/#website\"},\"datePublished\":\"2023-04-14T15:58:04+00:00\",\"dateModified\":\"2023-12-20T05:25:08+00:00\",\"breadcrumb\":{\"@id\":\"https:\\\/\\\/carefor.ca\\\/fr\\\/politique-de-protection-des-renseignements-personnels\\\/#breadcrumb\"},\"inLanguage\":\"fr-FR\",\"potentialAction\":[{\"@type\":\"ReadAction\",\"target\":[\"https:\\\/\\\/carefor.ca\\\/fr\\\/politique-de-protection-des-renseignements-personnels\\\/\"]}]},{\"@type\":\"BreadcrumbList\",\"@id\":\"https:\\\/\\\/carefor.ca\\\/fr\\\/politique-de-protection-des-renseignements-personnels\\\/#breadcrumb\",\"itemListElement\":[{\"@type\":\"ListItem\",\"position\":1,\"name\":\"Home\",\"item\":\"https:\\\/\\\/carefor.ca\\\/fr\\\/\"},{\"@type\":\"ListItem\",\"position\":2,\"name\":\"Politique de protection des renseignements personnels\"}]},{\"@type\":\"WebSite\",\"@id\":\"https:\\\/\\\/carefor.ca\\\/fr\\\/#website\",\"url\":\"https:\\\/\\\/carefor.ca\\\/fr\\\/\",\"name\":\"Carefor\",\"description\":\"High Quality Homecare\",\"publisher\":{\"@id\":\"https:\\\/\\\/carefor.ca\\\/fr\\\/#organization\"},\"potentialAction\":[{\"@type\":\"SearchAction\",\"target\":{\"@type\":\"EntryPoint\",\"urlTemplate\":\"https:\\\/\\\/carefor.ca\\\/fr\\\/?s={search_term_string}\"},\"query-input\":{\"@type\":\"PropertyValueSpecification\",\"valueRequired\":true,\"valueName\":\"search_term_string\"}}],\"inLanguage\":\"fr-FR\"},{\"@type\":\"Organization\",\"@id\":\"https:\\\/\\\/carefor.ca\\\/fr\\\/#organization\",\"name\":\"Carefor Health and Community Services\",\"url\":\"https:\\\/\\\/carefor.ca\\\/fr\\\/\",\"logo\":{\"@type\":\"ImageObject\",\"inLanguage\":\"fr-FR\",\"@id\":\"https:\\\/\\\/carefor.ca\\\/fr\\\/#\\\/schema\\\/logo\\\/image\\\/\",\"url\":\"\",\"contentUrl\":\"\",\"caption\":\"Carefor Health and Community Services\"},\"image\":{\"@id\":\"https:\\\/\\\/carefor.ca\\\/fr\\\/#\\\/schema\\\/logo\\\/image\\\/\"},\"sameAs\":[\"https:\\\/\\\/www.facebook.com\\\/CareforHCS\",\"https:\\\/\\\/x.com\\\/CareforHCS\",\"https:\\\/\\\/www.linkedin.com\\\/company\\\/carefor-health-and-community-services\\\/\"],\"description\":\"205 Amelia Street, Suite 100 Cornwall, ON K6H 3P3\",\"email\":\"infoeasterncounties@carefor.ca\",\"telephone\":\"613-932-3451\"}]}<\/script>\n<!-- \/ Yoast SEO Premium plugin. -->","yoast_head_json":{"title":"Politique de protection des renseignements personnels - Carefor","robots":{"index":"index","follow":"follow","max-snippet":"max-snippet:-1","max-image-preview":"max-image-preview:large","max-video-preview":"max-video-preview:-1"},"canonical":"https:\/\/carefor.ca\/fr\/politique-de-protection-des-renseignements-personnels\/","og_locale":"fr_FR","og_type":"article","og_title":"Politique de protection des renseignements personnels","og_description":"\u00c9nonc\u00e9 sur la protection des renseignements personnels Le pr\u00e9sent \u00e9nonc\u00e9 explique vos droits concernant la protection de vos renseignements personnels, ainsi que les mesures prises par notre organisation pour prot\u00e9ger [&hellip;]","og_url":"https:\/\/carefor.ca\/fr\/politique-de-protection-des-renseignements-personnels\/","og_site_name":"Carefor","article_publisher":"https:\/\/www.facebook.com\/CareforHCS","article_modified_time":"2023-12-20T05:25:08+00:00","og_image":[{"width":2560,"height":1173,"url":"https:\/\/carefor.ca\/wp-content\/uploads\/2024\/10\/AdobeStock_480689145cropsmall-scaled.jpeg","type":"image\/jpeg"}],"twitter_card":"summary_large_image","twitter_site":"@CareforHCS","twitter_misc":{"Dur\u00e9e de lecture estim\u00e9e":"6 minutes"},"schema":{"@context":"https:\/\/schema.org","@graph":[{"@type":"WebPage","@id":"https:\/\/carefor.ca\/fr\/politique-de-protection-des-renseignements-personnels\/","url":"https:\/\/carefor.ca\/fr\/politique-de-protection-des-renseignements-personnels\/","name":"Politique de protection des renseignements personnels - Carefor","isPartOf":{"@id":"https:\/\/carefor.ca\/fr\/#website"},"datePublished":"2023-04-14T15:58:04+00:00","dateModified":"2023-12-20T05:25:08+00:00","breadcrumb":{"@id":"https:\/\/carefor.ca\/fr\/politique-de-protection-des-renseignements-personnels\/#breadcrumb"},"inLanguage":"fr-FR","potentialAction":[{"@type":"ReadAction","target":["https:\/\/carefor.ca\/fr\/politique-de-protection-des-renseignements-personnels\/"]}]},{"@type":"BreadcrumbList","@id":"https:\/\/carefor.ca\/fr\/politique-de-protection-des-renseignements-personnels\/#breadcrumb","itemListElement":[{"@type":"ListItem","position":1,"name":"Home","item":"https:\/\/carefor.ca\/fr\/"},{"@type":"ListItem","position":2,"name":"Politique de protection des renseignements personnels"}]},{"@type":"WebSite","@id":"https:\/\/carefor.ca\/fr\/#website","url":"https:\/\/carefor.ca\/fr\/","name":"Carefor","description":"High Quality Homecare","publisher":{"@id":"https:\/\/carefor.ca\/fr\/#organization"},"potentialAction":[{"@type":"SearchAction","target":{"@type":"EntryPoint","urlTemplate":"https:\/\/carefor.ca\/fr\/?s={search_term_string}"},"query-input":{"@type":"PropertyValueSpecification","valueRequired":true,"valueName":"search_term_string"}}],"inLanguage":"fr-FR"},{"@type":"Organization","@id":"https:\/\/carefor.ca\/fr\/#organization","name":"Carefor Health and Community Services","url":"https:\/\/carefor.ca\/fr\/","logo":{"@type":"ImageObject","inLanguage":"fr-FR","@id":"https:\/\/carefor.ca\/fr\/#\/schema\/logo\/image\/","url":"","contentUrl":"","caption":"Carefor Health and Community Services"},"image":{"@id":"https:\/\/carefor.ca\/fr\/#\/schema\/logo\/image\/"},"sameAs":["https:\/\/www.facebook.com\/CareforHCS","https:\/\/x.com\/CareforHCS","https:\/\/www.linkedin.com\/company\/carefor-health-and-community-services\/"],"description":"205 Amelia Street, Suite 100 Cornwall, ON K6H 3P3","email":"infoeasterncounties@carefor.ca","telephone":"613-932-3451"}]}},"_links":{"self":[{"href":"https:\/\/carefor.ca\/fr\/wp-json\/wp\/v2\/pages\/6004","targetHints":{"allow":["GET"]}}],"collection":[{"href":"https:\/\/carefor.ca\/fr\/wp-json\/wp\/v2\/pages"}],"about":[{"href":"https:\/\/carefor.ca\/fr\/wp-json\/wp\/v2\/types\/page"}],"author":[{"embeddable":true,"href":"https:\/\/carefor.ca\/fr\/wp-json\/wp\/v2\/users\/1"}],"replies":[{"embeddable":true,"href":"https:\/\/carefor.ca\/fr\/wp-json\/wp\/v2\/comments?post=6004"}],"version-history":[{"count":1,"href":"https:\/\/carefor.ca\/fr\/wp-json\/wp\/v2\/pages\/6004\/revisions"}],"predecessor-version":[{"id":6006,"href":"https:\/\/carefor.ca\/fr\/wp-json\/wp\/v2\/pages\/6004\/revisions\/6006"}],"wp:attachment":[{"href":"https:\/\/carefor.ca\/fr\/wp-json\/wp\/v2\/media?parent=6004"}],"curies":[{"name":"wp","href":"https:\/\/api.w.org\/{rel}","templated":true}]}}