{"id":5857,"date":"2023-04-17T19:30:36","date_gmt":"2023-04-17T23:30:36","guid":{"rendered":"https:\/\/carefor.ca\/volunteer\/"},"modified":"2023-11-22T00:59:18","modified_gmt":"2023-11-22T05:59:18","slug":"benevolat","status":"publish","type":"page","link":"https:\/\/carefor.ca\/fr\/benevolat\/","title":{"rendered":"B\u00e9n\u00e9volat"},"content":{"rendered":"\n<h4 class=\"wp-block-heading\"><strong>Nous sommes toujours \u00e0 la recherche de personnes int\u00e9ress\u00e9es \u00e0 mettre leur temps et leurs talents au service de la communaut\u00e9.<\/strong><\/h4>\n\n\n\n<p>Comme b\u00e9n\u00e9vole, vous travaillerez avec des gens aux valeurs similaires aux v\u00f4tres. Des gens d\u00e9termin\u00e9s \u00e0 am\u00e9liorer la vie de leurs semblables. Plusieurs t\u00e2ches sont possibles dans nos bureaux principaux de Pembroke, d\u2019Ottawa et des comt\u00e9s de l\u2019Est.<\/p>\n\n\n\n<h4 class=\"wp-block-heading\"><strong>Pourquoi faire du b\u00e9n\u00e9volat chez Carefor<\/strong><\/h4>\n\n\n\n<h6 class=\"wp-block-heading\">\u201cAs you grow older, you will discover that you have two hands \u2014 one for helping yourself, and the other for helping others.\u201d \u2013 Audrey Hepburn<\/h6>\n\n\n\n<div style=\"height:24px\" aria-hidden=\"true\" class=\"wp-block-spacer\"><\/div>\n\n\n\n<p>En faisant du b\u00e9n\u00e9volat avec nous, vous aiderez des membres de votre communaut\u00e9 qui ont besoin d\u2019un coup de pouce. Et vous savez quoi? Vous y gagnerez aussi au change!<\/p>\n\n\n\n<p>Nous accueillons des personnes de tous les horizons, peu importe leur exp\u00e9rience. Quels que soient vos int\u00e9r\u00eats ou votre disponibilit\u00e9, nous trouverons un r\u00f4le parfait pour vous.<\/p>\n\n\n\n<div style=\"height:21px\" aria-hidden=\"true\" class=\"wp-block-spacer\"><\/div>\n\n\n<div id=\"accordion-content-block_72fdf30d3754db62e9232dcce7b6887b\" class=\"accordion-block  background-grey alignfull\" style=\"padding-top:40px;\">\n    <div class=\"row column\">\n        <div class=\"accordion-wrapper\">\n                        <div class=\"block-title\">\n                <h5>Possibilit\u00e9s de b\u00e9n\u00e9volat<\/h5>\n            <\/div>\n                        <ul class=\"accordion\" data-accordion data-multi-expand=\"true\" data-allow-all-closed=\"true\" data-accordion data-deep-link=\"true\" data-update-history=\"true\">\n                                    <li class=\"accordion-item\" data-accordion-item>\n                        <a href=\"#\" class=\"accordion-title\">B\u00e9n\u00e9volat \u00e0 la Maison de soins palliatifs<\/a>\n                        <div class=\"accordion-content\" data-tab-content>\n                            <p>Les b\u00e9n\u00e9voles font partie int\u00e9grante de l\u2019\u00e9quipe de la Maison de soins palliatifs de Cornwall de Carefor.<\/p>\n<p>Nous offrons de la formation sp\u00e9cialis\u00e9e dans tous les domaines. Tous les b\u00e9n\u00e9voles doivent fournir une v\u00e9rification polici\u00e8re valide pour travailler au sein de notre organisation. Tout le monde doit \u00e9galement suivre un cours sur les soins palliatifs donn\u00e9 par un professionnel de la sant\u00e9 agr\u00e9\u00e9. Ce cours couvre toutes les facettes des soins de fin de vie, ainsi que le r\u00f4le des b\u00e9n\u00e9voles en la mati\u00e8re.<\/p>\n<p>&nbsp;<\/p>\n                        <\/div>\n                    <\/li>\n                            <\/ul>\n        <\/div>\n    <\/div>\n<\/div>\n\n<div id=\"accordion-content-block_61a99b8e3af132223355d5d792044f44\" class=\"accordion-block  background-grey alignfull\" style=\"padding-top:10px;padding-bottom:40px;\">\n    <div class=\"row column\">\n        <div class=\"accordion-wrapper\">\n                        <div class=\"block-title\">\n                <h5>FAQ des b\u00e9n\u00e9voles<\/h5>\n            <\/div>\n                        <ul class=\"accordion\" data-accordion data-multi-expand=\"true\" data-allow-all-closed=\"true\" data-accordion data-deep-link=\"true\" data-update-history=\"true\">\n                                    <li class=\"accordion-item\" data-accordion-item>\n                        <a href=\"#\" class=\"accordion-title\">O\u00f9 puis-je faire du b\u00e9n\u00e9volat pour Carefor?<\/a>\n                        <div class=\"accordion-content\" data-tab-content>\n                            <p>Nous cherchons des b\u00e9n\u00e9voles dans toutes les localit\u00e9s de l\u2019Est de l\u2019Ontario o\u00f9 nous sommes pr\u00e9sents. Nos principaux bureaux sont situ\u00e9s \u00e0 Pembroke, \u00e0 Ottawa et \u00e0 Cornwall, mais nos centres de soutien aux personnes \u00e2g\u00e9es \u00e0 Alexandria, \u00e0 Winchester, \u00e0 Lancaster, \u00e0 Finch et \u00e0 Ingleside sont aussi \u00e0 la recherche de b\u00e9n\u00e9voles.<\/p>\n                        <\/div>\n                    <\/li>\n                                    <li class=\"accordion-item\" data-accordion-item>\n                        <a href=\"#\" class=\"accordion-title\">Quelles sont les \u00e9tapes \u00e0 franchir pour devenir b\u00e9n\u00e9vole chez Carefor?<\/a>\n                        <div class=\"accordion-content\" data-tab-content>\n                            <p>Vous devez d\u2019abord nous envoyer votre formulaire de candidature d\u00fbment rempli. Apr\u00e8s l\u2019entrevue initiale, nous v\u00e9rifierons vos r\u00e9f\u00e9rences et la v\u00e9rification de votre habilitation \u00e0 travailler aupr\u00e8s de personnes vuln\u00e9rables. Dans le cas des b\u00e9n\u00e9voles amen\u00e9s \u00e0 conduire un v\u00e9hicule, nous v\u00e9rifierons \u00e9galement le dossier de conducteur ou de conductrice. Une fois toutes ces \u00e9tapes franchies, vous aurez une orientation et une formation, ainsi que du soutien constant durant votre travail b\u00e9n\u00e9vole. Et toute notre reconnaissance, bien s\u00fbr!<\/p>\n                        <\/div>\n                    <\/li>\n                                    <li class=\"accordion-item\" data-accordion-item>\n                        <a href=\"#\" class=\"accordion-title\">Une v\u00e9rification de l\u2019habilitation \u00e0 travailler aupr\u00e8s de personnes vuln\u00e9rables est-elle requise?<\/a>\n                        <div class=\"accordion-content\" data-tab-content>\n                            <p>Oui, \u00e0 moins que vous :<\/p>\n<ul>\n<li>ayez moins de 18 ans;<\/li>\n<li>fassiez des t\u00e2ches administratives;<\/li>\n<li>ne soyez pas en contact direct avec la client\u00e8le.<\/li>\n<\/ul>\n                        <\/div>\n                    <\/li>\n                                    <li class=\"accordion-item\" data-accordion-item>\n                        <a href=\"#\" class=\"accordion-title\">Dois-je avoir re\u00e7u le vaccin contre la COVID-19 pour faire du b\u00e9n\u00e9volat avec Carefor?<\/a>\n                        <div class=\"accordion-content\" data-tab-content>\n                            <p>\u00c0 l\u2019heure actuelle, Carefor exige que tout son personnel et ses b\u00e9n\u00e9voles fournissent la preuve d\u2019une double vaccination contre la COVID-19, ou encore une preuve d\u2019exemption.<\/p>\n                        <\/div>\n                    <\/li>\n                                    <li class=\"accordion-item\" data-accordion-item>\n                        <a href=\"#\" class=\"accordion-title\">Y a-t-il des possibilit\u00e9s de b\u00e9n\u00e9volat pour les \u00e9l\u00e8ves du secondaire?<\/a>\n                        <div class=\"accordion-content\" data-tab-content>\n                            <p>Oui. Durant leurs cong\u00e9s scolaires, les \u00e9l\u00e8ves peuvent participer aux \u00e9v\u00e9nements sp\u00e9ciaux, aux collectes de fonds et aux t\u00e2ches administratives. Carefor peut aussi fournir une confirmation pour les heures de b\u00e9n\u00e9volat effectu\u00e9es par les \u00e9l\u00e8ves.<\/p>\n                        <\/div>\n                    <\/li>\n                                    <li class=\"accordion-item\" data-accordion-item>\n                        <a href=\"#\" class=\"accordion-title\">Que se passera-t-il si je deviens b\u00e9n\u00e9vole chez Carefor?<\/a>\n                        <div class=\"accordion-content\" data-tab-content>\n                            <p>Nous :<\/p>\n<ul>\n<li>vous trouverons une t\u00e2che qui correspond \u00e0 vos forces, \u00e0 vos int\u00e9r\u00eats et \u00e0 vos disponibilit\u00e9s;<\/li>\n<li>vous expliquerons clairement les exigences de votre r\u00f4le et nous vous formerons en cons\u00e9quence;<\/li>\n<li>communiquerons r\u00e9guli\u00e8rement avec vous pour vous soutenir dans votre travail;<\/li>\n<li>vous offrirons de la formation pour vous aider dans votre r\u00f4le;<\/li>\n<li>reconna\u00eetrons votre apport de fa\u00e7on significative.<\/li>\n<\/ul>\n                        <\/div>\n                    <\/li>\n                            <\/ul>\n        <\/div>\n    <\/div>\n<\/div>\n\n<div id=\"program-locations-block_c1ed49bd7a95d45db963d7a735775891\" class=\"program-locations alignfull \">\n    <div class=\"row column\">\n              <div class=\"block-title\">\n          <h3>Nous joindre<\/h3>\n       <\/div>\n               <div class=\"tabs-wrapper\">\n            <ul class=\"tabs\" data-tabs id=\"locations-tabs\">\n                                                    <li class=\"tabs-title is-active\"><a href=\"javascript:void();\" data-tabs-target=\"comt\u00e9-de-pembroke-renfrew\" aria-selected=\"true\">Comt\u00e9 de Pembroke-Renfrew<\/a><\/li>\n                                                                  <li class=\"tabs-title \"><a href=\"javascript:void();\" data-tabs-target=\"ottawa\" aria-selected=\"true\">Ottawa<\/a><\/li>\n                                                                  <li class=\"tabs-title \"><a href=\"javascript:void();\" data-tabs-target=\"eastern-counties\" aria-selected=\"true\">Eastern Counties<\/a><\/li>\n                                          <\/ul>\n        <\/div>\n\n        <div class=\"tabs-content\" data-tabs-content=\"locations-tabs\">\n\n            \n           \n                <div class=\"tabs-panel is-active\" id=\"comt\u00e9-de-pembroke-renfrew\">\n                   <div class=\"tab-content-inner\">\n\n                                                                                           <div class=\"wysiwyg\">\n                            <p>T\u00e9l. : <a href=\"tel:613-732-9993\">613-732-9993<\/a><br \/>\n<a href=\"mailto:infopembroke@carefor.ca\">infopembroke@carefor.ca<\/a><\/p>\n                         <\/div>\n                      \n                           \n                   <\/div>\n                <\/div>\n\n      \n    \n           \n                <div class=\"tabs-panel \" id=\"ottawa\">\n                   <div class=\"tab-content-inner\">\n\n                                                                                           <div class=\"wysiwyg\">\n                            <p>&nbsp;<\/p>\n<p>T\u00e9l. : <a href=\"tel:1-833-922-2734\">1-833-922-2734<\/a><br \/>\n<a href=\"mailto:info@carefor.ca\">info@carefor.ca<\/a><\/p>\n                         <\/div>\n                      \n                           \n                   <\/div>\n                <\/div>\n\n      \n    \n           \n                <div class=\"tabs-panel \" id=\"eastern-counties\">\n                   <div class=\"tab-content-inner\">\n\n                                                                                           <div class=\"wysiwyg\">\n                            <h6>Maison de soins palliatifs de Cornwall<\/h6>\n<p>Kristan Poirier<br \/>\nT\u00e9l. : <a href=\"tel:613-938-2763\">613-938-2763<\/a> poste 4140<\/p>\n<p>T\u00e9l. : <a href=\"tel:613-932-3451\">613-932-3451<\/a><br \/>\n<a href=\"mailto:infoeasterncounties@carefor.ca\">infoeasterncounties@carefor.ca<\/a><\/p>\n                         <\/div>\n                      \n                           \n                   <\/div>\n                <\/div>\n\n      \n            <\/div>\n    <\/div>\n<\/div>\n","protected":false},"excerpt":{"rendered":"<p>Nous sommes toujours \u00e0 la recherche de personnes int\u00e9ress\u00e9es \u00e0 mettre leur temps et leurs talents au service de la communaut\u00e9. Comme b\u00e9n\u00e9vole, vous travaillerez avec des gens aux valeurs [&hellip;]<\/p>\n","protected":false},"author":1,"featured_media":4695,"parent":0,"menu_order":5,"comment_status":"closed","ping_status":"closed","template":"page-internal.php","meta":{"_acf_changed":false,"_relevanssi_hide_post":"","_relevanssi_hide_content":"","_relevanssi_pin_for_all":"","_relevanssi_pin_keywords":"","_relevanssi_unpin_keywords":"","_relevanssi_related_keywords":"","_relevanssi_related_include_ids":"","_relevanssi_related_exclude_ids":"","_relevanssi_related_no_append":"","_relevanssi_related_not_related":"","_relevanssi_related_posts":"5982,5984,5986","_relevanssi_noindex_reason":"","footnotes":""},"class_list":["post-5857","page","type-page","status-publish","has-post-thumbnail","hentry"],"acf":[],"yoast_head":"<!-- This site is optimized with the Yoast SEO Premium plugin v24.9 (Yoast SEO v27.4) - https:\/\/yoast.com\/product\/yoast-seo-premium-wordpress\/ -->\n<title>B\u00e9n\u00e9volat - Carefor<\/title>\n<meta name=\"robots\" content=\"index, follow, max-snippet:-1, max-image-preview:large, max-video-preview:-1\" \/>\n<link rel=\"canonical\" href=\"https:\/\/carefor.ca\/fr\/benevolat\/\" \/>\n<meta property=\"og:locale\" content=\"fr_FR\" \/>\n<meta property=\"og:type\" content=\"article\" \/>\n<meta property=\"og:title\" content=\"B\u00e9n\u00e9volat\" \/>\n<meta property=\"og:description\" content=\"Nous sommes toujours \u00e0 la recherche de personnes int\u00e9ress\u00e9es \u00e0 mettre leur temps et leurs talents au service de la communaut\u00e9. Comme b\u00e9n\u00e9vole, vous travaillerez avec des gens aux valeurs [&hellip;]\" \/>\n<meta property=\"og:url\" content=\"https:\/\/carefor.ca\/fr\/benevolat\/\" \/>\n<meta property=\"og:site_name\" content=\"Carefor\" \/>\n<meta property=\"article:publisher\" content=\"https:\/\/www.facebook.com\/CareforHCS\" \/>\n<meta property=\"article:modified_time\" content=\"2023-11-22T05:59:18+00:00\" \/>\n<meta property=\"og:image\" content=\"https:\/\/carefor.ca\/wp-content\/uploads\/2023\/06\/IMG_8910-scaled.jpg\" \/>\n\t<meta property=\"og:image:width\" content=\"2560\" \/>\n\t<meta property=\"og:image:height\" content=\"1707\" \/>\n\t<meta property=\"og:image:type\" content=\"image\/jpeg\" \/>\n<meta name=\"twitter:card\" content=\"summary_large_image\" \/>\n<meta name=\"twitter:site\" content=\"@CareforHCS\" \/>\n<meta name=\"twitter:label1\" content=\"Dur\u00e9e de lecture estim\u00e9e\" \/>\n\t<meta name=\"twitter:data1\" content=\"1 minute\" \/>\n<script type=\"application\/ld+json\" class=\"yoast-schema-graph\">{\"@context\":\"https:\\\/\\\/schema.org\",\"@graph\":[{\"@type\":\"WebPage\",\"@id\":\"https:\\\/\\\/carefor.ca\\\/fr\\\/benevolat\\\/\",\"url\":\"https:\\\/\\\/carefor.ca\\\/fr\\\/benevolat\\\/\",\"name\":\"B\u00e9n\u00e9volat - Carefor\",\"isPartOf\":{\"@id\":\"https:\\\/\\\/carefor.ca\\\/fr\\\/#website\"},\"primaryImageOfPage\":{\"@id\":\"https:\\\/\\\/carefor.ca\\\/fr\\\/benevolat\\\/#primaryimage\"},\"image\":{\"@id\":\"https:\\\/\\\/carefor.ca\\\/fr\\\/benevolat\\\/#primaryimage\"},\"thumbnailUrl\":\"https:\\\/\\\/carefor.ca\\\/wp-content\\\/uploads\\\/2023\\\/06\\\/IMG_8910-scaled.jpg\",\"datePublished\":\"2023-04-17T23:30:36+00:00\",\"dateModified\":\"2023-11-22T05:59:18+00:00\",\"breadcrumb\":{\"@id\":\"https:\\\/\\\/carefor.ca\\\/fr\\\/benevolat\\\/#breadcrumb\"},\"inLanguage\":\"fr-FR\",\"potentialAction\":[{\"@type\":\"ReadAction\",\"target\":[\"https:\\\/\\\/carefor.ca\\\/fr\\\/benevolat\\\/\"]}]},{\"@type\":\"ImageObject\",\"inLanguage\":\"fr-FR\",\"@id\":\"https:\\\/\\\/carefor.ca\\\/fr\\\/benevolat\\\/#primaryimage\",\"url\":\"https:\\\/\\\/carefor.ca\\\/wp-content\\\/uploads\\\/2023\\\/06\\\/IMG_8910-scaled.jpg\",\"contentUrl\":\"https:\\\/\\\/carefor.ca\\\/wp-content\\\/uploads\\\/2023\\\/06\\\/IMG_8910-scaled.jpg\",\"width\":2560,\"height\":1707,\"caption\":\"Volunteer Eastern Ontario\"},{\"@type\":\"BreadcrumbList\",\"@id\":\"https:\\\/\\\/carefor.ca\\\/fr\\\/benevolat\\\/#breadcrumb\",\"itemListElement\":[{\"@type\":\"ListItem\",\"position\":1,\"name\":\"Home\",\"item\":\"https:\\\/\\\/carefor.ca\\\/fr\\\/\"},{\"@type\":\"ListItem\",\"position\":2,\"name\":\"B\u00e9n\u00e9volat\"}]},{\"@type\":\"WebSite\",\"@id\":\"https:\\\/\\\/carefor.ca\\\/fr\\\/#website\",\"url\":\"https:\\\/\\\/carefor.ca\\\/fr\\\/\",\"name\":\"Carefor\",\"description\":\"High Quality Homecare\",\"publisher\":{\"@id\":\"https:\\\/\\\/carefor.ca\\\/fr\\\/#organization\"},\"potentialAction\":[{\"@type\":\"SearchAction\",\"target\":{\"@type\":\"EntryPoint\",\"urlTemplate\":\"https:\\\/\\\/carefor.ca\\\/fr\\\/?s={search_term_string}\"},\"query-input\":{\"@type\":\"PropertyValueSpecification\",\"valueRequired\":true,\"valueName\":\"search_term_string\"}}],\"inLanguage\":\"fr-FR\"},{\"@type\":\"Organization\",\"@id\":\"https:\\\/\\\/carefor.ca\\\/fr\\\/#organization\",\"name\":\"Carefor Health and Community Services\",\"url\":\"https:\\\/\\\/carefor.ca\\\/fr\\\/\",\"logo\":{\"@type\":\"ImageObject\",\"inLanguage\":\"fr-FR\",\"@id\":\"https:\\\/\\\/carefor.ca\\\/fr\\\/#\\\/schema\\\/logo\\\/image\\\/\",\"url\":\"\",\"contentUrl\":\"\",\"caption\":\"Carefor Health and Community Services\"},\"image\":{\"@id\":\"https:\\\/\\\/carefor.ca\\\/fr\\\/#\\\/schema\\\/logo\\\/image\\\/\"},\"sameAs\":[\"https:\\\/\\\/www.facebook.com\\\/CareforHCS\",\"https:\\\/\\\/x.com\\\/CareforHCS\",\"https:\\\/\\\/www.linkedin.com\\\/company\\\/carefor-health-and-community-services\\\/\"],\"description\":\"205 Amelia Street, Suite 100 Cornwall, ON K6H 3P3\",\"email\":\"infoeasterncounties@carefor.ca\",\"telephone\":\"613-932-3451\"}]}<\/script>\n<!-- \/ Yoast SEO Premium plugin. -->","yoast_head_json":{"title":"B\u00e9n\u00e9volat - Carefor","robots":{"index":"index","follow":"follow","max-snippet":"max-snippet:-1","max-image-preview":"max-image-preview:large","max-video-preview":"max-video-preview:-1"},"canonical":"https:\/\/carefor.ca\/fr\/benevolat\/","og_locale":"fr_FR","og_type":"article","og_title":"B\u00e9n\u00e9volat","og_description":"Nous sommes toujours \u00e0 la recherche de personnes int\u00e9ress\u00e9es \u00e0 mettre leur temps et leurs talents au service de la communaut\u00e9. Comme b\u00e9n\u00e9vole, vous travaillerez avec des gens aux valeurs [&hellip;]","og_url":"https:\/\/carefor.ca\/fr\/benevolat\/","og_site_name":"Carefor","article_publisher":"https:\/\/www.facebook.com\/CareforHCS","article_modified_time":"2023-11-22T05:59:18+00:00","og_image":[{"width":2560,"height":1707,"url":"https:\/\/carefor.ca\/wp-content\/uploads\/2023\/06\/IMG_8910-scaled.jpg","type":"image\/jpeg"}],"twitter_card":"summary_large_image","twitter_site":"@CareforHCS","twitter_misc":{"Dur\u00e9e de lecture estim\u00e9e":"1 minute"},"schema":{"@context":"https:\/\/schema.org","@graph":[{"@type":"WebPage","@id":"https:\/\/carefor.ca\/fr\/benevolat\/","url":"https:\/\/carefor.ca\/fr\/benevolat\/","name":"B\u00e9n\u00e9volat - Carefor","isPartOf":{"@id":"https:\/\/carefor.ca\/fr\/#website"},"primaryImageOfPage":{"@id":"https:\/\/carefor.ca\/fr\/benevolat\/#primaryimage"},"image":{"@id":"https:\/\/carefor.ca\/fr\/benevolat\/#primaryimage"},"thumbnailUrl":"https:\/\/carefor.ca\/wp-content\/uploads\/2023\/06\/IMG_8910-scaled.jpg","datePublished":"2023-04-17T23:30:36+00:00","dateModified":"2023-11-22T05:59:18+00:00","breadcrumb":{"@id":"https:\/\/carefor.ca\/fr\/benevolat\/#breadcrumb"},"inLanguage":"fr-FR","potentialAction":[{"@type":"ReadAction","target":["https:\/\/carefor.ca\/fr\/benevolat\/"]}]},{"@type":"ImageObject","inLanguage":"fr-FR","@id":"https:\/\/carefor.ca\/fr\/benevolat\/#primaryimage","url":"https:\/\/carefor.ca\/wp-content\/uploads\/2023\/06\/IMG_8910-scaled.jpg","contentUrl":"https:\/\/carefor.ca\/wp-content\/uploads\/2023\/06\/IMG_8910-scaled.jpg","width":2560,"height":1707,"caption":"Volunteer Eastern Ontario"},{"@type":"BreadcrumbList","@id":"https:\/\/carefor.ca\/fr\/benevolat\/#breadcrumb","itemListElement":[{"@type":"ListItem","position":1,"name":"Home","item":"https:\/\/carefor.ca\/fr\/"},{"@type":"ListItem","position":2,"name":"B\u00e9n\u00e9volat"}]},{"@type":"WebSite","@id":"https:\/\/carefor.ca\/fr\/#website","url":"https:\/\/carefor.ca\/fr\/","name":"Carefor","description":"High Quality Homecare","publisher":{"@id":"https:\/\/carefor.ca\/fr\/#organization"},"potentialAction":[{"@type":"SearchAction","target":{"@type":"EntryPoint","urlTemplate":"https:\/\/carefor.ca\/fr\/?s={search_term_string}"},"query-input":{"@type":"PropertyValueSpecification","valueRequired":true,"valueName":"search_term_string"}}],"inLanguage":"fr-FR"},{"@type":"Organization","@id":"https:\/\/carefor.ca\/fr\/#organization","name":"Carefor Health and Community Services","url":"https:\/\/carefor.ca\/fr\/","logo":{"@type":"ImageObject","inLanguage":"fr-FR","@id":"https:\/\/carefor.ca\/fr\/#\/schema\/logo\/image\/","url":"","contentUrl":"","caption":"Carefor Health and Community Services"},"image":{"@id":"https:\/\/carefor.ca\/fr\/#\/schema\/logo\/image\/"},"sameAs":["https:\/\/www.facebook.com\/CareforHCS","https:\/\/x.com\/CareforHCS","https:\/\/www.linkedin.com\/company\/carefor-health-and-community-services\/"],"description":"205 Amelia Street, Suite 100 Cornwall, ON K6H 3P3","email":"infoeasterncounties@carefor.ca","telephone":"613-932-3451"}]}},"_links":{"self":[{"href":"https:\/\/carefor.ca\/fr\/wp-json\/wp\/v2\/pages\/5857","targetHints":{"allow":["GET"]}}],"collection":[{"href":"https:\/\/carefor.ca\/fr\/wp-json\/wp\/v2\/pages"}],"about":[{"href":"https:\/\/carefor.ca\/fr\/wp-json\/wp\/v2\/types\/page"}],"author":[{"embeddable":true,"href":"https:\/\/carefor.ca\/fr\/wp-json\/wp\/v2\/users\/1"}],"replies":[{"embeddable":true,"href":"https:\/\/carefor.ca\/fr\/wp-json\/wp\/v2\/comments?post=5857"}],"version-history":[{"count":2,"href":"https:\/\/carefor.ca\/fr\/wp-json\/wp\/v2\/pages\/5857\/revisions"}],"predecessor-version":[{"id":5860,"href":"https:\/\/carefor.ca\/fr\/wp-json\/wp\/v2\/pages\/5857\/revisions\/5860"}],"wp:featuredmedia":[{"embeddable":true,"href":"https:\/\/carefor.ca\/fr\/wp-json\/wp\/v2\/media\/4695"}],"wp:attachment":[{"href":"https:\/\/carefor.ca\/fr\/wp-json\/wp\/v2\/media?parent=5857"}],"curies":[{"name":"wp","href":"https:\/\/api.w.org\/{rel}","templated":true}]}}