{"id":5718,"date":"2023-04-17T19:14:20","date_gmt":"2023-04-17T23:14:20","guid":{"rendered":"https:\/\/carefor.ca\/faq\/"},"modified":"2023-11-19T23:43:08","modified_gmt":"2023-11-20T04:43:08","slug":"faq","status":"publish","type":"page","link":"https:\/\/carefor.ca\/fr\/faq\/","title":{"rendered":"FAQ"},"content":{"rendered":"<div id=\"accordion-content-block_4a159a8b044ff7fc7601cc155ed0931e\" class=\"accordion-block  background-white alignfull\">\n    <div class=\"row column\">\n        <div class=\"accordion-wrapper\">\n                        <div class=\"block-title\">\n                <h5>Foire aux questions<\/h5>\n            <\/div>\n                        <ul class=\"accordion\" data-accordion data-multi-expand=\"true\" data-allow-all-closed=\"true\" data-accordion data-deep-link=\"true\" data-update-history=\"true\">\n                                    <li class=\"accordion-item\" data-accordion-item>\n                        <a href=\"#\" class=\"accordion-title\">Quels services offrez-vous dans ma r\u00e9gion?<\/a>\n                        <div class=\"accordion-content\" data-tab-content>\n                            <p>Carefor offre plus de 35\u00a0programmes et services dans l\u2019Est de l\u2019Ontario.<\/p>\n<p><strong>Comt\u00e9s de l\u2019Est<\/strong><\/p>\n<ul>\n<li>Maison de soins palliatifs de Cornwall<\/li>\n<li>Centres de soutien aux personnes \u00e2g\u00e9es\n<ul>\n<li>Centres de soutien aux personnes \u00e2g\u00e9es Nor Dun de Carefor, Winchester<\/li>\n<li>Centres de soutien aux personnes \u00e2g\u00e9es South Stormont de Carefor, Ingleside<\/li>\n<li>Centres de soutien aux personnes \u00e2g\u00e9es North Stor de Carefor, Finch<\/li>\n<li>Centre Rendez-Vous de Carefor, Alexandria<\/li>\n<li>Centres de soutien aux personnes \u00e2g\u00e9es Lan-Char de Carefor, Lancaster<\/li>\n<\/ul>\n<\/li>\n<li>Services de proximit\u00e9\n<ul>\n<li>Programme Retour \u00e0 la maison<\/li>\n<li>Services d\u2019aide \u00e0 domicile<\/li>\n<li>Soutien \u00e0 la personne<\/li>\n<li>Livraison de repas<\/li>\n<li>Exercices \u00e0 domicile<\/li>\n<li>Services de r\u00e9pit<\/li>\n<\/ul>\n<\/li>\n<li>Transport m\u00e9dical non urgent<\/li>\n<\/ul>\n<p><strong><br \/>\nOttawa<\/strong>:<\/p>\n<ul>\n<li>Soins de sant\u00e9 \u00e0 domicile\n<ul>\n<li>Soins infirmiers, services de soutien \u00e0 la personne et r\u00e9adaptation (physioth\u00e9rapie, ergoth\u00e9rapie, nutrition, travail social)<\/li>\n<\/ul>\n<\/li>\n<li>Cliniques de soins infirmiers et de soins des pieds\n<ul>\n<li>2580, avenue Carling<\/li>\n<li>760, chemin Belfast<\/li>\n<\/ul>\n<\/li>\n<li>Services de r\u00e9pit\n<ul>\n<li>Programmes de jour pour adultes atteints de d\u00e9mence de Carling et Perley<\/li>\n<li>Programme R\u00e9unissons-nous pour les personnes \u00e2g\u00e9es avec des probl\u00e8mes de sant\u00e9 mentale<\/li>\n<li>Programme de nuit de la Maison de r\u00e9pit<\/li>\n<li>Programme de conditionnement physique fonctionnel de Vince Malette<\/li>\n<\/ul>\n<\/li>\n<li>Maison de retraite Richmond pour les femmes atteintes de d\u00e9mence<\/li>\n<li>Programme Retour \u00e0 la maison<\/li>\n<li>Services d\u2019aide \u00e0 domicile<\/li>\n<\/ul>\n<p><strong><br \/>\nComt\u00e9 de Pembroke-Renfrew<br \/>\n<\/strong><\/p>\n<ul>\n<li>Maisons de retraite\n<ul>\n<li>Centre Mackay de Carefor<\/li>\n<li>Centre communautaire de Carefor<\/li>\n<\/ul>\n<\/li>\n<li>Services de proximit\u00e9s\n<ul>\n<li>Livraison de repas congel\u00e9s<\/li>\n<li>Visites amicales<\/li>\n<li>Soutien \u00e0 la personne<\/li>\n<li>Maison de soins palliatifs<\/li>\n<li>Programme Retour \u00e0 la maison<\/li>\n<li>Aide \u00e0 la vie autonome<\/li>\n<\/ul>\n<\/li>\n<li>Transport m\u00e9dical non urgent<\/li>\n<\/ul>\n                        <\/div>\n                    <\/li>\n                                    <li class=\"accordion-item\" data-accordion-item>\n                        <a href=\"#\" class=\"accordion-title\">Comment puis-je obtenir vos services?<\/a>\n                        <div class=\"accordion-content\" data-tab-content>\n                            <p>Cela d\u00e9pend du type de service auquel vous souhaitez obtenir.<\/p>\n<ul>\n<li>Les services de soins \u00e0 domicile (liens) doivent \u00eatre recommand\u00e9s par un m\u00e9decin.<\/li>\n<li>Les soins infirmiers sont offerts \u00e0 la client\u00e8le de Carefor, de m\u00eame que sur recommandation d\u2019un m\u00e9decin.<\/li>\n<li>Les services de r\u00e9pit peuvent \u00eatre obtenus directement ou sur recommandation d\u2019un m\u00e9decin.<\/li>\n<li>Nos maisons de retraite fonctionnent de la m\u00eame fa\u00e7on que les r\u00e9sidences priv\u00e9es. Si aucune recommandation d\u2019un m\u00e9decin n\u2019est n\u00e9cessaire, certains crit\u00e8res doivent \u00eatre respect\u00e9s pour y \u00eatre admis.<\/li>\n<li>Les services de la Maison de soins palliatifs peuvent \u00eatre obtenus directement ou sur recommandation d\u2019un m\u00e9decin.<\/li>\n<li>Les centres de soutien aux personnes \u00e2g\u00e9es et leurs services sont offerts aux membres de la communaut\u00e9.<\/li>\n<li>Le programme Retour \u00e0 la maison est offert lorsqu\u2019une personne re\u00e7oit son cong\u00e9 de l\u2019h\u00f4pital.<\/li>\n<li>La livraison de repas est coordonn\u00e9e par les centres de soutien aux personnes \u00e2g\u00e9es des comt\u00e9s de l\u2019Est et par le complexe communautaire de Pembroke.<\/li>\n<\/ul>\n                        <\/div>\n                    <\/li>\n                                    <li class=\"accordion-item\" data-accordion-item>\n                        <a href=\"#\" class=\"accordion-title\">Les services co\u00fbtent-ils de l\u2019argent?<\/a>\n                        <div class=\"accordion-content\" data-tab-content>\n                            <p>Certains oui, mais la plupart sont couverts par le R\u00e9gime d\u2019assurance-sant\u00e9 de l\u2019Ontario. Nous vous invitons \u00e0 consulter la page du programme qui vous int\u00e9resse pour en savoir plus.<\/p>\n                        <\/div>\n                    <\/li>\n                                    <li class=\"accordion-item\" data-accordion-item>\n                        <a href=\"#\" class=\"accordion-title\">\u00c0 qui s\u2019adressent vos programmes?<\/a>\n                        <div class=\"accordion-content\" data-tab-content>\n                            <p>Nous aidons des gens aux besoins divers. Toutefois, nous travaillons surtout avec des personnes \u00e2g\u00e9es et des personnes handicap\u00e9es pour leur permettre de vivre pleinement et dignement. Nous collaborons \u00e9galement avec les autres personnes qui les entourent : proches, m\u00e9decins et autres professionnels de la sant\u00e9.<\/p>\n                        <\/div>\n                    <\/li>\n                                    <li class=\"accordion-item\" data-accordion-item>\n                        <a href=\"#\" class=\"accordion-title\">Carefor est-il un organisme \u00e0 but lucratif?<\/a>\n                        <div class=\"accordion-content\" data-tab-content>\n                            <p>Non, nous sommes un organisme de bienfaisance \u00e0 but non lucratif avec un conseil d\u2019administration b\u00e9n\u00e9vole (lien vers la page). Nous recevons notre financement de diff\u00e9rentes sources, principalement gr\u00e2ce \u00e0 des contrats gouvernementaux d\u2019offre de soins \u00e0 domicile et des services de proximit\u00e9. Nous tirons \u00e9galement des revenus de certains frais pay\u00e9s par notre client\u00e8le, dont le loyer de nos maisons de retraite et les faibles co\u00fbts exig\u00e9s pour recevoir certains services (transports, livraison de repas, etc.).<\/p>\n                        <\/div>\n                    <\/li>\n                                    <li class=\"accordion-item\" data-accordion-item>\n                        <a href=\"#\" class=\"accordion-title\">Carefor accepte-t-il les dons?<\/a>\n                        <div class=\"accordion-content\" data-tab-content>\n                            <p>Oui! Nous sommes un organisme de bienfaisance et nous accueillons volontiers les dons. Comme l\u2019essentiel de notre financement provient de nos contrats avec le gouvernement provincial, nos donateurs et nos donatrices nous aident \u00e0 financer la formation du personnel, l\u2019achat d\u2019\u00e9quipement, les r\u00e9novations, les am\u00e9liorations \u00e0 la s\u00e9curit\u00e9, et l\u2019aide financi\u00e8re offerte aux personnes incapables de payer la totalit\u00e9 des co\u00fbts de certains programmes. De plus, 60 % du financement de la Maison de soins palliatifs de Carefor doit provenir de dons et de subventions. Pour faire un don, visitez <a href=\"https:\/\/carefor.ca\/donate-now\/\">carefor.ca\/donate<\/a><\/p>\n                        <\/div>\n                    <\/li>\n                                    <li class=\"accordion-item\" data-accordion-item>\n                        <a href=\"#\" class=\"accordion-title\">\u00c0 quand remonte la cr\u00e9ation de Carefor?<\/a>\n                        <div class=\"accordion-content\" data-tab-content>\n                            <p>Carefor a \u00e9t\u00e9 fond\u00e9 \u00e0 Ottawa en 1897 en tant que section fondatrice d\u2019Infirmi\u00e8res de l\u2019Ordre de Victoria (VON). Peu de temps apr\u00e8s, d\u2019autres sections ont \u00e9t\u00e9 fond\u00e9es dans le comt\u00e9 de Renfrew et les comt\u00e9s de l\u2019Est. En 2006, Carefor s\u2019est s\u00e9par\u00e9 de VON pour cr\u00e9er Carefor Health &amp; Community Services.<\/p>\n                        <\/div>\n                    <\/li>\n                                    <li class=\"accordion-item\" data-accordion-item>\n                        <a href=\"#\" class=\"accordion-title\">Combien de personnes travaillent pour Carefor?<\/a>\n                        <div class=\"accordion-content\" data-tab-content>\n                            <p>En ce moment, nous avons une \u00e9quipe de 1 400 personnes qui offrent diff\u00e9rents services dans l\u2019Est de l\u2019Ontario : soins \u00e0 domicile, services de proximit\u00e9, maisons de retraite et, bien s\u00fbr, tout le travail de bureau n\u00e9cessaire pour remplir notre mission (informatique, ressources humaines, finances, communications, collecte de fonds, etc.).<\/p>\n<p>Nous sommes actuellement \u00e0 la recherche de personnel pour occuper diff\u00e9rents postes. Rendez-vous \u00e0 <a href=\"https:\/\/carefor.ca\/careers\/\">carefor.ca\/careers<\/a> pour en savoir plus.<\/p>\n                        <\/div>\n                    <\/li>\n                                    <li class=\"accordion-item\" data-accordion-item>\n                        <a href=\"#\" class=\"accordion-title\">Acceptez-vous les b\u00e9n\u00e9voles?<\/a>\n                        <div class=\"accordion-content\" data-tab-content>\n                            <p>Absolument! Nous aimons nos b\u00e9n\u00e9voles et nous leur sommes extr\u00eamement reconnaissants de nous consacrer du temps et de partager leurs savoir-faire avec nous. Nous avons de nombreuses perspectives de b\u00e9n\u00e9volat dans toutes les r\u00e9gions o\u00f9 nous sommes pr\u00e9sents. Visitez <a href=\"https:\/\/carefor.ca\/contact-us\/volunteer\/\">carefor.ca\/volunteer<\/a> pour plus d\u2019informations sur le sujet.<\/p>\n                        <\/div>\n                    <\/li>\n                            <\/ul>\n        <\/div>\n    <\/div>\n<\/div>","protected":false},"excerpt":{"rendered":"","protected":false},"author":1,"featured_media":7452,"parent":0,"menu_order":7,"comment_status":"closed","ping_status":"closed","template":"page-internal.php","meta":{"_acf_changed":false,"_relevanssi_hide_post":"","_relevanssi_hide_content":"","_relevanssi_pin_for_all":"","_relevanssi_pin_keywords":"","_relevanssi_unpin_keywords":"","_relevanssi_related_keywords":"","_relevanssi_related_include_ids":"","_relevanssi_related_exclude_ids":"","_relevanssi_related_no_append":"","_relevanssi_related_not_related":"","_relevanssi_related_posts":"","_relevanssi_noindex_reason":"","footnotes":""},"class_list":["post-5718","page","type-page","status-publish","has-post-thumbnail","hentry"],"acf":[],"yoast_head":"<!-- This site is optimized with the Yoast SEO Premium plugin v24.9 (Yoast SEO v27.5) - https:\/\/yoast.com\/product\/yoast-seo-premium-wordpress\/ -->\n<title>FAQ - Carefor<\/title>\n<meta name=\"robots\" content=\"index, follow, max-snippet:-1, max-image-preview:large, max-video-preview:-1\" \/>\n<link rel=\"canonical\" href=\"https:\/\/carefor.ca\/fr\/faq\/\" \/>\n<meta property=\"og:locale\" content=\"fr_FR\" \/>\n<meta property=\"og:type\" content=\"article\" \/>\n<meta property=\"og:title\" content=\"FAQ\" \/>\n<meta property=\"og:url\" content=\"https:\/\/carefor.ca\/fr\/faq\/\" \/>\n<meta property=\"og:site_name\" content=\"Carefor\" \/>\n<meta property=\"article:publisher\" content=\"https:\/\/www.facebook.com\/CareforHCS\" \/>\n<meta property=\"article:modified_time\" content=\"2023-11-20T04:43:08+00:00\" \/>\n<meta property=\"og:image\" content=\"https:\/\/carefor.ca\/wp-content\/uploads\/2024\/10\/AdobeStock_480689145cropsmall-scaled.jpeg\" \/>\n\t<meta property=\"og:image:width\" content=\"2560\" \/>\n\t<meta property=\"og:image:height\" content=\"1173\" \/>\n\t<meta property=\"og:image:type\" content=\"image\/jpeg\" \/>\n<meta name=\"twitter:card\" content=\"summary_large_image\" \/>\n<meta name=\"twitter:site\" content=\"@CareforHCS\" \/>\n<script type=\"application\/ld+json\" class=\"yoast-schema-graph\">{\"@context\":\"https:\\\/\\\/schema.org\",\"@graph\":[{\"@type\":\"WebPage\",\"@id\":\"https:\\\/\\\/carefor.ca\\\/fr\\\/faq\\\/\",\"url\":\"https:\\\/\\\/carefor.ca\\\/fr\\\/faq\\\/\",\"name\":\"FAQ - Carefor\",\"isPartOf\":{\"@id\":\"https:\\\/\\\/carefor.ca\\\/fr\\\/#website\"},\"primaryImageOfPage\":{\"@id\":\"https:\\\/\\\/carefor.ca\\\/fr\\\/faq\\\/#primaryimage\"},\"image\":{\"@id\":\"https:\\\/\\\/carefor.ca\\\/fr\\\/faq\\\/#primaryimage\"},\"thumbnailUrl\":\"https:\\\/\\\/carefor.ca\\\/wp-content\\\/uploads\\\/2024\\\/05\\\/ADF_Carefor_Civic_17-scaled.jpg\",\"datePublished\":\"2023-04-17T23:14:20+00:00\",\"dateModified\":\"2023-11-20T04:43:08+00:00\",\"breadcrumb\":{\"@id\":\"https:\\\/\\\/carefor.ca\\\/fr\\\/faq\\\/#breadcrumb\"},\"inLanguage\":\"fr-FR\",\"potentialAction\":[{\"@type\":\"ReadAction\",\"target\":[\"https:\\\/\\\/carefor.ca\\\/fr\\\/faq\\\/\"]}]},{\"@type\":\"ImageObject\",\"inLanguage\":\"fr-FR\",\"@id\":\"https:\\\/\\\/carefor.ca\\\/fr\\\/faq\\\/#primaryimage\",\"url\":\"https:\\\/\\\/carefor.ca\\\/wp-content\\\/uploads\\\/2024\\\/05\\\/ADF_Carefor_Civic_17-scaled.jpg\",\"contentUrl\":\"https:\\\/\\\/carefor.ca\\\/wp-content\\\/uploads\\\/2024\\\/05\\\/ADF_Carefor_Civic_17-scaled.jpg\",\"width\":2560,\"height\":1885,\"caption\":\"Pembroke Civic Complex Carefor Health &amp; Community Services December 7, 2021 Photos by Ashley Fraser\"},{\"@type\":\"BreadcrumbList\",\"@id\":\"https:\\\/\\\/carefor.ca\\\/fr\\\/faq\\\/#breadcrumb\",\"itemListElement\":[{\"@type\":\"ListItem\",\"position\":1,\"name\":\"Home\",\"item\":\"https:\\\/\\\/carefor.ca\\\/fr\\\/\"},{\"@type\":\"ListItem\",\"position\":2,\"name\":\"FAQ\"}]},{\"@type\":\"WebSite\",\"@id\":\"https:\\\/\\\/carefor.ca\\\/fr\\\/#website\",\"url\":\"https:\\\/\\\/carefor.ca\\\/fr\\\/\",\"name\":\"Carefor\",\"description\":\"High Quality Homecare\",\"publisher\":{\"@id\":\"https:\\\/\\\/carefor.ca\\\/fr\\\/#organization\"},\"potentialAction\":[{\"@type\":\"SearchAction\",\"target\":{\"@type\":\"EntryPoint\",\"urlTemplate\":\"https:\\\/\\\/carefor.ca\\\/fr\\\/?s={search_term_string}\"},\"query-input\":{\"@type\":\"PropertyValueSpecification\",\"valueRequired\":true,\"valueName\":\"search_term_string\"}}],\"inLanguage\":\"fr-FR\"},{\"@type\":\"Organization\",\"@id\":\"https:\\\/\\\/carefor.ca\\\/fr\\\/#organization\",\"name\":\"Carefor Health and Community Services\",\"url\":\"https:\\\/\\\/carefor.ca\\\/fr\\\/\",\"logo\":{\"@type\":\"ImageObject\",\"inLanguage\":\"fr-FR\",\"@id\":\"https:\\\/\\\/carefor.ca\\\/fr\\\/#\\\/schema\\\/logo\\\/image\\\/\",\"url\":\"\",\"contentUrl\":\"\",\"caption\":\"Carefor Health and Community Services\"},\"image\":{\"@id\":\"https:\\\/\\\/carefor.ca\\\/fr\\\/#\\\/schema\\\/logo\\\/image\\\/\"},\"sameAs\":[\"https:\\\/\\\/www.facebook.com\\\/CareforHCS\",\"https:\\\/\\\/x.com\\\/CareforHCS\",\"https:\\\/\\\/www.linkedin.com\\\/company\\\/carefor-health-and-community-services\\\/\"],\"description\":\"205 Amelia Street, Suite 100 Cornwall, ON K6H 3P3\",\"email\":\"infoeasterncounties@carefor.ca\",\"telephone\":\"613-932-3451\"}]}<\/script>\n<!-- \/ Yoast SEO Premium plugin. -->","yoast_head_json":{"title":"FAQ - Carefor","robots":{"index":"index","follow":"follow","max-snippet":"max-snippet:-1","max-image-preview":"max-image-preview:large","max-video-preview":"max-video-preview:-1"},"canonical":"https:\/\/carefor.ca\/fr\/faq\/","og_locale":"fr_FR","og_type":"article","og_title":"FAQ","og_url":"https:\/\/carefor.ca\/fr\/faq\/","og_site_name":"Carefor","article_publisher":"https:\/\/www.facebook.com\/CareforHCS","article_modified_time":"2023-11-20T04:43:08+00:00","og_image":[{"width":2560,"height":1173,"url":"https:\/\/carefor.ca\/wp-content\/uploads\/2024\/10\/AdobeStock_480689145cropsmall-scaled.jpeg","type":"image\/jpeg"}],"twitter_card":"summary_large_image","twitter_site":"@CareforHCS","schema":{"@context":"https:\/\/schema.org","@graph":[{"@type":"WebPage","@id":"https:\/\/carefor.ca\/fr\/faq\/","url":"https:\/\/carefor.ca\/fr\/faq\/","name":"FAQ - Carefor","isPartOf":{"@id":"https:\/\/carefor.ca\/fr\/#website"},"primaryImageOfPage":{"@id":"https:\/\/carefor.ca\/fr\/faq\/#primaryimage"},"image":{"@id":"https:\/\/carefor.ca\/fr\/faq\/#primaryimage"},"thumbnailUrl":"https:\/\/carefor.ca\/wp-content\/uploads\/2024\/05\/ADF_Carefor_Civic_17-scaled.jpg","datePublished":"2023-04-17T23:14:20+00:00","dateModified":"2023-11-20T04:43:08+00:00","breadcrumb":{"@id":"https:\/\/carefor.ca\/fr\/faq\/#breadcrumb"},"inLanguage":"fr-FR","potentialAction":[{"@type":"ReadAction","target":["https:\/\/carefor.ca\/fr\/faq\/"]}]},{"@type":"ImageObject","inLanguage":"fr-FR","@id":"https:\/\/carefor.ca\/fr\/faq\/#primaryimage","url":"https:\/\/carefor.ca\/wp-content\/uploads\/2024\/05\/ADF_Carefor_Civic_17-scaled.jpg","contentUrl":"https:\/\/carefor.ca\/wp-content\/uploads\/2024\/05\/ADF_Carefor_Civic_17-scaled.jpg","width":2560,"height":1885,"caption":"Pembroke Civic Complex Carefor Health &amp; Community Services December 7, 2021 Photos by Ashley Fraser"},{"@type":"BreadcrumbList","@id":"https:\/\/carefor.ca\/fr\/faq\/#breadcrumb","itemListElement":[{"@type":"ListItem","position":1,"name":"Home","item":"https:\/\/carefor.ca\/fr\/"},{"@type":"ListItem","position":2,"name":"FAQ"}]},{"@type":"WebSite","@id":"https:\/\/carefor.ca\/fr\/#website","url":"https:\/\/carefor.ca\/fr\/","name":"Carefor","description":"High Quality Homecare","publisher":{"@id":"https:\/\/carefor.ca\/fr\/#organization"},"potentialAction":[{"@type":"SearchAction","target":{"@type":"EntryPoint","urlTemplate":"https:\/\/carefor.ca\/fr\/?s={search_term_string}"},"query-input":{"@type":"PropertyValueSpecification","valueRequired":true,"valueName":"search_term_string"}}],"inLanguage":"fr-FR"},{"@type":"Organization","@id":"https:\/\/carefor.ca\/fr\/#organization","name":"Carefor Health and Community Services","url":"https:\/\/carefor.ca\/fr\/","logo":{"@type":"ImageObject","inLanguage":"fr-FR","@id":"https:\/\/carefor.ca\/fr\/#\/schema\/logo\/image\/","url":"","contentUrl":"","caption":"Carefor Health and Community Services"},"image":{"@id":"https:\/\/carefor.ca\/fr\/#\/schema\/logo\/image\/"},"sameAs":["https:\/\/www.facebook.com\/CareforHCS","https:\/\/x.com\/CareforHCS","https:\/\/www.linkedin.com\/company\/carefor-health-and-community-services\/"],"description":"205 Amelia Street, Suite 100 Cornwall, ON K6H 3P3","email":"infoeasterncounties@carefor.ca","telephone":"613-932-3451"}]}},"_links":{"self":[{"href":"https:\/\/carefor.ca\/fr\/wp-json\/wp\/v2\/pages\/5718","targetHints":{"allow":["GET"]}}],"collection":[{"href":"https:\/\/carefor.ca\/fr\/wp-json\/wp\/v2\/pages"}],"about":[{"href":"https:\/\/carefor.ca\/fr\/wp-json\/wp\/v2\/types\/page"}],"author":[{"embeddable":true,"href":"https:\/\/carefor.ca\/fr\/wp-json\/wp\/v2\/users\/1"}],"replies":[{"embeddable":true,"href":"https:\/\/carefor.ca\/fr\/wp-json\/wp\/v2\/comments?post=5718"}],"version-history":[{"count":2,"href":"https:\/\/carefor.ca\/fr\/wp-json\/wp\/v2\/pages\/5718\/revisions"}],"predecessor-version":[{"id":5721,"href":"https:\/\/carefor.ca\/fr\/wp-json\/wp\/v2\/pages\/5718\/revisions\/5721"}],"wp:featuredmedia":[{"embeddable":true,"href":"https:\/\/carefor.ca\/fr\/wp-json\/wp\/v2\/media\/7452"}],"wp:attachment":[{"href":"https:\/\/carefor.ca\/fr\/wp-json\/wp\/v2\/media?parent=5718"}],"curies":[{"name":"wp","href":"https:\/\/api.w.org\/{rel}","templated":true}]}}