{"id":5500,"date":"2023-06-20T21:05:18","date_gmt":"2023-06-21T01:05:18","guid":{"rendered":"https:\/\/carefor.ca\/richmond-care-home\/tour-our-home\/"},"modified":"2023-11-20T00:07:50","modified_gmt":"2023-11-20T05:07:50","slug":"decouvrez-notre-maison","status":"publish","type":"page","link":"https:\/\/carefor.ca\/fr\/maisons-de-retraite\/maison-de-retraite-de-richmond\/decouvrez-notre-maison\/","title":{"rendered":"D\u00e9couvrez notre maison"},"content":{"rendered":"\n<p>Paisible, attentionn\u00e9e, amicale, amusante\u2026 Ce ne sont que quelques-uns des mots qui d\u00e9crivent la Maison de retraite de Richmond. Dans un quartier tranquille, \u00e0 l\u2019extr\u00e9mit\u00e9 ouest d\u2019Ottawa, la Maison de retraite de Richmond offre le soutien d\u2019un personnel comp\u00e9tent et bienveillant, 24 h\/24, 7 j\/7, dans une atmosph\u00e8re familiale.<\/p>\n\n\n\n<p><strong>Pour en savoir plus, contactez Jasmine:<\/strong><br>1-833-922-2943, poste 1706<br>or email <a href=\"mailto:jsears@carefor.ca\" target=\"_blank\" rel=\"noreferrer noopener\">jsears@carefor.ca<\/a><\/p>\n\n\n\n<div class=\"wp-block-buttons is-layout-flex wp-block-buttons-is-layout-flex\">\n<div class=\"wp-block-button\"><a class=\"wp-block-button__link wp-element-button\" href=\"https:\/\/search.caredove.com\/carefor\/service\/28110\/book\" target=\"_blank\" rel=\"noreferrer noopener\">R\u00e9server une visite<\/a><\/div>\n<\/div>\n\n\n<div id=\"google-map-block-block_c95a205e9a0bd70bbd1a9ade0f22bdb9\" class=\"google-map-block \">\n\n      <div class=\"acf-map\" data-zoom=\"16\" style=\"width:100%; \">\n      <div class=\"marker\" data-lat=\"45.19354\" data-lng=\"-75.84341\"><\/div>\n   <\/div>\n<\/div>\n\n\n\n<div style=\"height:30px\" aria-hidden=\"true\" class=\"wp-block-spacer\"><\/div>\n\n\n<div id=\"images-block-block_7f3d133ff1c41c12a5ec4c5f5f5a45a5\" class=\"images-block alignfull \">\n    <div class=\"row column\">\n                 <div class=\"block-title\">\n             <h3>Nos avantages<\/h3>\n          <\/div>\n                           <div class=\"images-slider\">\n                                    <div class=\"image\">\n                       <a href=\"https:\/\/carefor.ca\/wp-content\/uploads\/2023\/07\/richmond-care-home-staff-go-the-extra-mile-to-communicate-with-new-resident-image-101.png\" title=\"Une atmosph\u00e8re familiale : une maison de retraite comme chez soi.\">\n                       <img loading=\"lazy\" decoding=\"async\" width=\"255\" height=\"150\" src=\"https:\/\/carefor.ca\/wp-content\/uploads\/2023\/07\/richmond-care-home-staff-go-the-extra-mile-to-communicate-with-new-resident-image-101.png\" class=\"attachment-box-image size-box-image\" alt=\"Two woman gesturing towards each other.\" \/>                                               <div class=\"title\">\n                            Une atmosph\u00e8re familiale : une maison de retraite comme chez soi.                        <\/div>\n                                              <\/a>\n                    <\/div>\n                                    <div class=\"image\">\n                       <a href=\"https:\/\/carefor.ca\/wp-content\/uploads\/2023\/07\/summer-safety-tips-for-seniors-how-to-stay-cool-in-the-hot-summer-heat-graphic-33-scaled.jpeg\" title=\"Un magnifique jardin priv\u00e9 s\u00e9curitaire : l\u2019activit\u00e9 id\u00e9ale pour se d\u00e9tendre.\">\n                       <img loading=\"lazy\" decoding=\"async\" width=\"768\" height=\"512\" src=\"https:\/\/carefor.ca\/wp-content\/uploads\/2023\/07\/summer-safety-tips-for-seniors-how-to-stay-cool-in-the-hot-summer-heat-graphic-33-768x512.jpeg\" class=\"attachment-box-image size-box-image\" alt=\"An elderly woman wearing gardening gloves and grabbing a plant.\" srcset=\"https:\/\/carefor.ca\/wp-content\/uploads\/2023\/07\/summer-safety-tips-for-seniors-how-to-stay-cool-in-the-hot-summer-heat-graphic-33-768x512.jpeg 768w, https:\/\/carefor.ca\/wp-content\/uploads\/2023\/07\/summer-safety-tips-for-seniors-how-to-stay-cool-in-the-hot-summer-heat-graphic-33-300x200.jpeg 300w, https:\/\/carefor.ca\/wp-content\/uploads\/2023\/07\/summer-safety-tips-for-seniors-how-to-stay-cool-in-the-hot-summer-heat-graphic-33-1024x683.jpeg 1024w, https:\/\/carefor.ca\/wp-content\/uploads\/2023\/07\/summer-safety-tips-for-seniors-how-to-stay-cool-in-the-hot-summer-heat-graphic-33-1536x1024.jpeg 1536w, https:\/\/carefor.ca\/wp-content\/uploads\/2023\/07\/summer-safety-tips-for-seniors-how-to-stay-cool-in-the-hot-summer-heat-graphic-33-2048x1365.jpeg 2048w, https:\/\/carefor.ca\/wp-content\/uploads\/2023\/07\/summer-safety-tips-for-seniors-how-to-stay-cool-in-the-hot-summer-heat-graphic-33-2000x1333.jpeg 2000w, https:\/\/carefor.ca\/wp-content\/uploads\/2023\/07\/summer-safety-tips-for-seniors-how-to-stay-cool-in-the-hot-summer-heat-graphic-33-400x267.jpeg 400w\" sizes=\"auto, (max-width: 768px) 100vw, 768px\" \/>                                               <div class=\"title\">\n                            Un magnifique jardin priv\u00e9 s\u00e9curitaire : l\u2019activit\u00e9 id\u00e9ale pour se d\u00e9tendre.                        <\/div>\n                                              <\/a>\n                    <\/div>\n                                    <div class=\"image\">\n                       <a href=\"https:\/\/carefor.ca\/wp-content\/uploads\/2023\/07\/richmond-care-home-celebrates-20-years-with-high-hopes-for-the-future-image-69.png\" title=\"Un quartier tranquille : \u00e0 mi-chemin entre la ville et la campagne, sur une rue paisible de Richmond, en Ontario.\">\n                       <img loading=\"lazy\" decoding=\"async\" width=\"255\" height=\"150\" src=\"https:\/\/carefor.ca\/wp-content\/uploads\/2023\/07\/richmond-care-home-celebrates-20-years-with-high-hopes-for-the-future-image-69.png\" class=\"attachment-box-image size-box-image\" alt=\"Two woman standing in front of a tree on a sunny day.\" \/>                                               <div class=\"title\">\n                            Un quartier tranquille : \u00e0 mi-chemin entre la ville et la campagne, sur une rue paisible de Richmond, en Ontario.                        <\/div>\n                                              <\/a>\n                    <\/div>\n                            <\/div>\n            <\/div>\n<\/div>\n\n\n<div id=\"video-block-block_8a99b7b1ec16b42afa0dd0584dcabbc8\" class=\"video-block alignfull \">\n    <div class=\"row\">\n        <div class=\"medium-10 medium-offset-1\">\n                            <div class=\"block-title\">\n                    <h3>Visite virtuelle<\/h3>\n                <\/div>\n                        <div class=\"videos\">\n                                    <div class=\"responsive-embed\">\n                        <iframe loading=\"lazy\" title=\"Carefor Richmond Care Home: Exceptional living at an exceptional price\" width=\"640\" height=\"360\" src=\"https:\/\/www.youtube.com\/embed\/X8Yi8aTqn9E?feature=oembed\" frameborder=\"0\" allow=\"accelerometer; autoplay; clipboard-write; encrypted-media; gyroscope; picture-in-picture; web-share\" referrerpolicy=\"strict-origin-when-cross-origin\" allowfullscreen><\/iframe>                    <\/div>\n                            <\/div>\n        <\/div>\n\n    <\/div>\n\n<\/div>\n\n\n\n<div id=\"cpt-block-block_cfd18cae63d73e9e72488a6e0e1cc526\" class=\"cpt-block alignfull \">\n    <div class=\"row column\">\n                <div class=\"block-title\">\n            <h3>Plan d\u2019\u00e9tage<\/h3>\n        <\/div>\n                <div class=\"block-content\">\n                        <a href=\"https:\/\/carefor.ca\/wp-content\/uploads\/2023\/08\/RCH-Floor-Plan.pdf\" class=\"post-details\" target=\"_blank\">\n                <div class=\"post-thumbnail\"><img loading=\"lazy\" decoding=\"async\" width=\"526\" height=\"691\" src=\"https:\/\/carefor.ca\/wp-content\/uploads\/2023\/08\/Screenshot-2023-08-10-at-1.51.17-PM.png\" class=\"attachment-box-image size-box-image\" alt=\"\" srcset=\"https:\/\/carefor.ca\/wp-content\/uploads\/2023\/08\/Screenshot-2023-08-10-at-1.51.17-PM.png 526w, https:\/\/carefor.ca\/wp-content\/uploads\/2023\/08\/Screenshot-2023-08-10-at-1.51.17-PM-228x300.png 228w, https:\/\/carefor.ca\/wp-content\/uploads\/2023\/08\/Screenshot-2023-08-10-at-1.51.17-PM-400x525.png 400w\" sizes=\"auto, (max-width: 526px) 100vw, 526px\" \/><\/div>\n                <div class=\"title\"><h5>Maison de retraite de Richmond <\/h5><\/div>\n                <div class=\"excerpt\"><p><p>RECOMMENDED TO INCLUDE A FEW SENTENCES ABOUT FLOOR PLAN<\/p>\n<\/p><\/div>\n                <div class=\"read-more\">\n                    <span>t\u00e9l\u00e9charger<\/span>\n                <\/div>\n            <\/a>\n                    <\/div>\n    <\/div>\n<\/div>\n\n\n<div id=\"impact-stories-block_5e473ac95234f356846fd56c48f51126\" class=\"impact-stories alignfull \">\n    <div class=\"stories-slides\" id=\"stories-slides-slider\">\n                <div class=\"blog-post-slide\">\n                <div class=\"post-info\">\n                   <div class=\"post-info-inner\">\n                      <div class=\"blog-title\">\n                         <a href=\"https:\/\/carefor.ca\/our-impact\/stories-of-impact\/\" class=\"pile-cta\">Stories of Impact<\/a>                      <\/div>\n                      <div class=\"title\">\n                         <h4><a href=\"#\" class=\"open-video-modal\" data-post-id=\"5737\">Tout le monde m\u00e9rite d\u2019avoir un chez-soi<\/a><\/h4>\n                      <\/div>\n                      <div class=\"excerpt\">\n                         <p>Carefor\u2019s Everyone Deserves a Place to Call Home campaign is raising money to support vulnerable seniors in the Ottawa Valley get the care and community they deserve. Through your support we\u2019re able to provide our seniors a warm meal, recreation programs, and equipment that ensures their safety. Moreover, you\u2019re giving them a second family.<\/p>\n                      <\/div>\n                      <div class=\"read-more\">\n                         <a href=\"#\" class=\"cta-with-arrow open-video-modal\" data-post-id=\"5737\">Watch Video<\/a>\n                      <\/div>\n                   <\/div>\n\n                <\/div>\n                <div class=\"image-wrapper\">\n                    <img loading=\"lazy\" decoding=\"async\" width=\"768\" height=\"432\" src=\"https:\/\/carefor.ca\/wp-content\/uploads\/2023\/07\/guNisLMi_J4-HD-768x432.jpg\" class=\"attachment-box-image size-box-image wp-post-image\" alt=\"\" srcset=\"https:\/\/carefor.ca\/wp-content\/uploads\/2023\/07\/guNisLMi_J4-HD-768x432.jpg 768w, https:\/\/carefor.ca\/wp-content\/uploads\/2023\/07\/guNisLMi_J4-HD-300x169.jpg 300w, https:\/\/carefor.ca\/wp-content\/uploads\/2023\/07\/guNisLMi_J4-HD-1024x576.jpg 1024w, https:\/\/carefor.ca\/wp-content\/uploads\/2023\/07\/guNisLMi_J4-HD-400x225.jpg 400w, https:\/\/carefor.ca\/wp-content\/uploads\/2023\/07\/guNisLMi_J4-HD.jpg 1280w\" sizes=\"auto, (max-width: 768px) 100vw, 768px\" \/>                <\/div>\n            <\/div>\n                    <div class=\"blog-post-slide\">\n                <div class=\"post-info\">\n                   <div class=\"post-info-inner\">\n                      <div class=\"blog-title\">\n                         <a href=\"https:\/\/carefor.ca\/our-impact\/stories-of-impact\/\" class=\"pile-cta\">Stories of Impact<\/a>                      <\/div>\n                      <div class=\"title\">\n                         <h4><a href=\"https:\/\/carefor.ca\/fr\/stories\/les-residents-et-residentes-du-complexe-communautaire-de-carefor-preparent-une-surprise-speciale-pour-souligner-le-travail-du-personnel-pendant-la-pandemie\/\" class=\"\" data-post-id=\"5738\">Les r\u00e9sidents et r\u00e9sidentes du Complexe communautaire de Carefor pr\u00e9parent une surprise sp\u00e9ciale pour souligner le travail du personnel pendant la pand\u00e9mie.<\/a><\/h4>\n                      <\/div>\n                      <div class=\"excerpt\">\n                         <p>Carefor Civic Residential Complex residents give staff members a special surprise for their work during the pandemic Making a tremendous impact on people\u2019s lives is something Carefor staff do each [&hellip;]<\/p>\n                      <\/div>\n                      <div class=\"read-more\">\n                         <a href=\"https:\/\/carefor.ca\/fr\/stories\/les-residents-et-residentes-du-complexe-communautaire-de-carefor-preparent-une-surprise-speciale-pour-souligner-le-travail-du-personnel-pendant-la-pandemie\/\" class=\"cta-with-arrow \" data-post-id=\"5738\">Lire L&rsquo;Article Complet<\/a>\n                      <\/div>\n                   <\/div>\n\n                <\/div>\n                <div class=\"image-wrapper\">\n                    <img loading=\"lazy\" decoding=\"async\" width=\"768\" height=\"576\" src=\"https:\/\/carefor.ca\/wp-content\/uploads\/2023\/07\/carefor-civic-residential-complex-residents-give-staff-special-surprise-for-their-work-during-the-pandemic-image-62-768x576.jpg\" class=\"attachment-box-image size-box-image wp-post-image\" alt=\"\" srcset=\"https:\/\/carefor.ca\/wp-content\/uploads\/2023\/07\/carefor-civic-residential-complex-residents-give-staff-special-surprise-for-their-work-during-the-pandemic-image-62-768x576.jpg 768w, https:\/\/carefor.ca\/wp-content\/uploads\/2023\/07\/carefor-civic-residential-complex-residents-give-staff-special-surprise-for-their-work-during-the-pandemic-image-62-300x225.jpg 300w, https:\/\/carefor.ca\/wp-content\/uploads\/2023\/07\/carefor-civic-residential-complex-residents-give-staff-special-surprise-for-their-work-during-the-pandemic-image-62-1024x768.jpg 1024w, https:\/\/carefor.ca\/wp-content\/uploads\/2023\/07\/carefor-civic-residential-complex-residents-give-staff-special-surprise-for-their-work-during-the-pandemic-image-62-1536x1152.jpg 1536w, https:\/\/carefor.ca\/wp-content\/uploads\/2023\/07\/carefor-civic-residential-complex-residents-give-staff-special-surprise-for-their-work-during-the-pandemic-image-62-2048x1536.jpg 2048w, https:\/\/carefor.ca\/wp-content\/uploads\/2023\/07\/carefor-civic-residential-complex-residents-give-staff-special-surprise-for-their-work-during-the-pandemic-image-62-2000x1500.jpg 2000w, https:\/\/carefor.ca\/wp-content\/uploads\/2023\/07\/carefor-civic-residential-complex-residents-give-staff-special-surprise-for-their-work-during-the-pandemic-image-62-400x300.jpg 400w\" sizes=\"auto, (max-width: 768px) 100vw, 768px\" \/>                <\/div>\n            <\/div>\n            <\/div>\n<\/div>\n\n\n<div class=\"reveal small\" id=\"impact-story-modal\" data-reveal>\n   <button class=\"close-button\" data-close aria-label=\"Close modal\" type=\"button\">\n      <span aria-hidden=\"true\">&times;<\/span>\n   <\/button>\n   <div class=\"modal-inner\">\n      <div class=\"video-container\">\n         <div class=\"video-title\"><h4><\/h4><\/div>\n         <div class=\"responsive-embed widescreen\"><\/div>\n      <\/div>\n   <\/div>\n<\/div>\n","protected":false},"excerpt":{"rendered":"<p>Paisible, attentionn\u00e9e, amicale, amusante\u2026 Ce ne sont que quelques-uns des mots qui d\u00e9crivent la Maison de retraite de Richmond. Dans un quartier tranquille, \u00e0 l\u2019extr\u00e9mit\u00e9 ouest d\u2019Ottawa, la Maison de [&hellip;]<\/p>\n","protected":false},"author":1,"featured_media":8203,"parent":5496,"menu_order":1,"comment_status":"closed","ping_status":"closed","template":"page-microsite-internal.php","meta":{"_acf_changed":false,"_relevanssi_hide_post":"","_relevanssi_hide_content":"","_relevanssi_pin_for_all":"","_relevanssi_pin_keywords":"","_relevanssi_unpin_keywords":"","_relevanssi_related_keywords":"","_relevanssi_related_include_ids":"","_relevanssi_related_exclude_ids":"","_relevanssi_related_no_append":"","_relevanssi_related_not_related":"","_relevanssi_related_posts":"","_relevanssi_noindex_reason":"","footnotes":""},"class_list":["post-5500","page","type-page","status-publish","has-post-thumbnail","hentry"],"acf":[],"yoast_head":"<!-- This site is optimized with the Yoast SEO Premium plugin v24.9 (Yoast SEO v27.4) - https:\/\/yoast.com\/product\/yoast-seo-premium-wordpress\/ -->\n<title>D\u00e9couvrez notre maison - Carefor<\/title>\n<meta name=\"robots\" content=\"index, follow, max-snippet:-1, max-image-preview:large, max-video-preview:-1\" \/>\n<link rel=\"canonical\" href=\"https:\/\/carefor.ca\/fr\/maisons-de-retraite\/maison-de-retraite-de-richmond\/decouvrez-notre-maison\/\" \/>\n<meta property=\"og:locale\" content=\"fr_FR\" \/>\n<meta property=\"og:type\" content=\"article\" \/>\n<meta property=\"og:title\" content=\"D\u00e9couvrez notre maison\" \/>\n<meta property=\"og:description\" content=\"Paisible, attentionn\u00e9e, amicale, amusante\u2026 Ce ne sont que quelques-uns des mots qui d\u00e9crivent la Maison de retraite de Richmond. Dans un quartier tranquille, \u00e0 l\u2019extr\u00e9mit\u00e9 ouest d\u2019Ottawa, la Maison de [&hellip;]\" \/>\n<meta property=\"og:url\" content=\"https:\/\/carefor.ca\/fr\/maisons-de-retraite\/maison-de-retraite-de-richmond\/decouvrez-notre-maison\/\" \/>\n<meta property=\"og:site_name\" content=\"Carefor\" \/>\n<meta property=\"article:publisher\" content=\"https:\/\/www.facebook.com\/CareforHCS\" \/>\n<meta property=\"article:modified_time\" content=\"2023-11-20T05:07:50+00:00\" \/>\n<meta property=\"og:image\" content=\"https:\/\/carefor.ca\/wp-content\/uploads\/2023\/06\/IMG_1617.jpg\" \/>\n\t<meta property=\"og:image:width\" content=\"2527\" \/>\n\t<meta property=\"og:image:height\" content=\"1685\" \/>\n\t<meta property=\"og:image:type\" content=\"image\/jpeg\" \/>\n<meta name=\"twitter:card\" content=\"summary_large_image\" \/>\n<meta name=\"twitter:site\" content=\"@CareforHCS\" \/>\n<meta name=\"twitter:label1\" content=\"Dur\u00e9e de lecture estim\u00e9e\" \/>\n\t<meta name=\"twitter:data1\" content=\"1 minute\" \/>\n<script type=\"application\/ld+json\" class=\"yoast-schema-graph\">{\"@context\":\"https:\\\/\\\/schema.org\",\"@graph\":[{\"@type\":\"WebPage\",\"@id\":\"https:\\\/\\\/carefor.ca\\\/fr\\\/maisons-de-retraite\\\/maison-de-retraite-de-richmond\\\/decouvrez-notre-maison\\\/\",\"url\":\"https:\\\/\\\/carefor.ca\\\/fr\\\/maisons-de-retraite\\\/maison-de-retraite-de-richmond\\\/decouvrez-notre-maison\\\/\",\"name\":\"D\u00e9couvrez notre maison - Carefor\",\"isPartOf\":{\"@id\":\"https:\\\/\\\/carefor.ca\\\/fr\\\/#website\"},\"primaryImageOfPage\":{\"@id\":\"https:\\\/\\\/carefor.ca\\\/fr\\\/maisons-de-retraite\\\/maison-de-retraite-de-richmond\\\/decouvrez-notre-maison\\\/#primaryimage\"},\"image\":{\"@id\":\"https:\\\/\\\/carefor.ca\\\/fr\\\/maisons-de-retraite\\\/maison-de-retraite-de-richmond\\\/decouvrez-notre-maison\\\/#primaryimage\"},\"thumbnailUrl\":\"https:\\\/\\\/carefor.ca\\\/wp-content\\\/uploads\\\/2024\\\/09\\\/IMG_9078-scaled.jpg\",\"datePublished\":\"2023-06-21T01:05:18+00:00\",\"dateModified\":\"2023-11-20T05:07:50+00:00\",\"breadcrumb\":{\"@id\":\"https:\\\/\\\/carefor.ca\\\/fr\\\/maisons-de-retraite\\\/maison-de-retraite-de-richmond\\\/decouvrez-notre-maison\\\/#breadcrumb\"},\"inLanguage\":\"fr-FR\",\"potentialAction\":[{\"@type\":\"ReadAction\",\"target\":[\"https:\\\/\\\/carefor.ca\\\/fr\\\/maisons-de-retraite\\\/maison-de-retraite-de-richmond\\\/decouvrez-notre-maison\\\/\"]}]},{\"@type\":\"ImageObject\",\"inLanguage\":\"fr-FR\",\"@id\":\"https:\\\/\\\/carefor.ca\\\/fr\\\/maisons-de-retraite\\\/maison-de-retraite-de-richmond\\\/decouvrez-notre-maison\\\/#primaryimage\",\"url\":\"https:\\\/\\\/carefor.ca\\\/wp-content\\\/uploads\\\/2024\\\/09\\\/IMG_9078-scaled.jpg\",\"contentUrl\":\"https:\\\/\\\/carefor.ca\\\/wp-content\\\/uploads\\\/2024\\\/09\\\/IMG_9078-scaled.jpg\",\"width\":2560,\"height\":1920,\"caption\":\"A photo of the Carefor Richmond Care Home, taken from the driveway.\"},{\"@type\":\"BreadcrumbList\",\"@id\":\"https:\\\/\\\/carefor.ca\\\/fr\\\/maisons-de-retraite\\\/maison-de-retraite-de-richmond\\\/decouvrez-notre-maison\\\/#breadcrumb\",\"itemListElement\":[{\"@type\":\"ListItem\",\"position\":1,\"name\":\"Home\",\"item\":\"https:\\\/\\\/carefor.ca\\\/fr\\\/\"},{\"@type\":\"ListItem\",\"position\":2,\"name\":\"Maison de retraite de Richmond\",\"item\":\"https:\\\/\\\/carefor.ca\\\/fr\\\/maison-de-retraite-de-richmond\\\/\"},{\"@type\":\"ListItem\",\"position\":3,\"name\":\"D\u00e9couvrez notre maison\"}]},{\"@type\":\"WebSite\",\"@id\":\"https:\\\/\\\/carefor.ca\\\/fr\\\/#website\",\"url\":\"https:\\\/\\\/carefor.ca\\\/fr\\\/\",\"name\":\"Carefor\",\"description\":\"High Quality Homecare\",\"publisher\":{\"@id\":\"https:\\\/\\\/carefor.ca\\\/fr\\\/#organization\"},\"potentialAction\":[{\"@type\":\"SearchAction\",\"target\":{\"@type\":\"EntryPoint\",\"urlTemplate\":\"https:\\\/\\\/carefor.ca\\\/fr\\\/?s={search_term_string}\"},\"query-input\":{\"@type\":\"PropertyValueSpecification\",\"valueRequired\":true,\"valueName\":\"search_term_string\"}}],\"inLanguage\":\"fr-FR\"},{\"@type\":\"Organization\",\"@id\":\"https:\\\/\\\/carefor.ca\\\/fr\\\/#organization\",\"name\":\"Carefor Health and Community Services\",\"url\":\"https:\\\/\\\/carefor.ca\\\/fr\\\/\",\"logo\":{\"@type\":\"ImageObject\",\"inLanguage\":\"fr-FR\",\"@id\":\"https:\\\/\\\/carefor.ca\\\/fr\\\/#\\\/schema\\\/logo\\\/image\\\/\",\"url\":\"\",\"contentUrl\":\"\",\"caption\":\"Carefor Health and Community Services\"},\"image\":{\"@id\":\"https:\\\/\\\/carefor.ca\\\/fr\\\/#\\\/schema\\\/logo\\\/image\\\/\"},\"sameAs\":[\"https:\\\/\\\/www.facebook.com\\\/CareforHCS\",\"https:\\\/\\\/x.com\\\/CareforHCS\",\"https:\\\/\\\/www.linkedin.com\\\/company\\\/carefor-health-and-community-services\\\/\"],\"description\":\"205 Amelia Street, Suite 100 Cornwall, ON K6H 3P3\",\"email\":\"infoeasterncounties@carefor.ca\",\"telephone\":\"613-932-3451\"}]}<\/script>\n<!-- \/ Yoast SEO Premium plugin. -->","yoast_head_json":{"title":"D\u00e9couvrez notre maison - Carefor","robots":{"index":"index","follow":"follow","max-snippet":"max-snippet:-1","max-image-preview":"max-image-preview:large","max-video-preview":"max-video-preview:-1"},"canonical":"https:\/\/carefor.ca\/fr\/maisons-de-retraite\/maison-de-retraite-de-richmond\/decouvrez-notre-maison\/","og_locale":"fr_FR","og_type":"article","og_title":"D\u00e9couvrez notre maison","og_description":"Paisible, attentionn\u00e9e, amicale, amusante\u2026 Ce ne sont que quelques-uns des mots qui d\u00e9crivent la Maison de retraite de Richmond. Dans un quartier tranquille, \u00e0 l\u2019extr\u00e9mit\u00e9 ouest d\u2019Ottawa, la Maison de [&hellip;]","og_url":"https:\/\/carefor.ca\/fr\/maisons-de-retraite\/maison-de-retraite-de-richmond\/decouvrez-notre-maison\/","og_site_name":"Carefor","article_publisher":"https:\/\/www.facebook.com\/CareforHCS","article_modified_time":"2023-11-20T05:07:50+00:00","og_image":[{"width":2527,"height":1685,"url":"https:\/\/carefor.ca\/wp-content\/uploads\/2023\/06\/IMG_1617.jpg","type":"image\/jpeg"}],"twitter_card":"summary_large_image","twitter_site":"@CareforHCS","twitter_misc":{"Dur\u00e9e de lecture estim\u00e9e":"1 minute"},"schema":{"@context":"https:\/\/schema.org","@graph":[{"@type":"WebPage","@id":"https:\/\/carefor.ca\/fr\/maisons-de-retraite\/maison-de-retraite-de-richmond\/decouvrez-notre-maison\/","url":"https:\/\/carefor.ca\/fr\/maisons-de-retraite\/maison-de-retraite-de-richmond\/decouvrez-notre-maison\/","name":"D\u00e9couvrez notre maison - Carefor","isPartOf":{"@id":"https:\/\/carefor.ca\/fr\/#website"},"primaryImageOfPage":{"@id":"https:\/\/carefor.ca\/fr\/maisons-de-retraite\/maison-de-retraite-de-richmond\/decouvrez-notre-maison\/#primaryimage"},"image":{"@id":"https:\/\/carefor.ca\/fr\/maisons-de-retraite\/maison-de-retraite-de-richmond\/decouvrez-notre-maison\/#primaryimage"},"thumbnailUrl":"https:\/\/carefor.ca\/wp-content\/uploads\/2024\/09\/IMG_9078-scaled.jpg","datePublished":"2023-06-21T01:05:18+00:00","dateModified":"2023-11-20T05:07:50+00:00","breadcrumb":{"@id":"https:\/\/carefor.ca\/fr\/maisons-de-retraite\/maison-de-retraite-de-richmond\/decouvrez-notre-maison\/#breadcrumb"},"inLanguage":"fr-FR","potentialAction":[{"@type":"ReadAction","target":["https:\/\/carefor.ca\/fr\/maisons-de-retraite\/maison-de-retraite-de-richmond\/decouvrez-notre-maison\/"]}]},{"@type":"ImageObject","inLanguage":"fr-FR","@id":"https:\/\/carefor.ca\/fr\/maisons-de-retraite\/maison-de-retraite-de-richmond\/decouvrez-notre-maison\/#primaryimage","url":"https:\/\/carefor.ca\/wp-content\/uploads\/2024\/09\/IMG_9078-scaled.jpg","contentUrl":"https:\/\/carefor.ca\/wp-content\/uploads\/2024\/09\/IMG_9078-scaled.jpg","width":2560,"height":1920,"caption":"A photo of the Carefor Richmond Care Home, taken from the driveway."},{"@type":"BreadcrumbList","@id":"https:\/\/carefor.ca\/fr\/maisons-de-retraite\/maison-de-retraite-de-richmond\/decouvrez-notre-maison\/#breadcrumb","itemListElement":[{"@type":"ListItem","position":1,"name":"Home","item":"https:\/\/carefor.ca\/fr\/"},{"@type":"ListItem","position":2,"name":"Maison de retraite de Richmond","item":"https:\/\/carefor.ca\/fr\/maison-de-retraite-de-richmond\/"},{"@type":"ListItem","position":3,"name":"D\u00e9couvrez notre maison"}]},{"@type":"WebSite","@id":"https:\/\/carefor.ca\/fr\/#website","url":"https:\/\/carefor.ca\/fr\/","name":"Carefor","description":"High Quality Homecare","publisher":{"@id":"https:\/\/carefor.ca\/fr\/#organization"},"potentialAction":[{"@type":"SearchAction","target":{"@type":"EntryPoint","urlTemplate":"https:\/\/carefor.ca\/fr\/?s={search_term_string}"},"query-input":{"@type":"PropertyValueSpecification","valueRequired":true,"valueName":"search_term_string"}}],"inLanguage":"fr-FR"},{"@type":"Organization","@id":"https:\/\/carefor.ca\/fr\/#organization","name":"Carefor Health and Community Services","url":"https:\/\/carefor.ca\/fr\/","logo":{"@type":"ImageObject","inLanguage":"fr-FR","@id":"https:\/\/carefor.ca\/fr\/#\/schema\/logo\/image\/","url":"","contentUrl":"","caption":"Carefor Health and Community Services"},"image":{"@id":"https:\/\/carefor.ca\/fr\/#\/schema\/logo\/image\/"},"sameAs":["https:\/\/www.facebook.com\/CareforHCS","https:\/\/x.com\/CareforHCS","https:\/\/www.linkedin.com\/company\/carefor-health-and-community-services\/"],"description":"205 Amelia Street, Suite 100 Cornwall, ON K6H 3P3","email":"infoeasterncounties@carefor.ca","telephone":"613-932-3451"}]}},"_links":{"self":[{"href":"https:\/\/carefor.ca\/fr\/wp-json\/wp\/v2\/pages\/5500","targetHints":{"allow":["GET"]}}],"collection":[{"href":"https:\/\/carefor.ca\/fr\/wp-json\/wp\/v2\/pages"}],"about":[{"href":"https:\/\/carefor.ca\/fr\/wp-json\/wp\/v2\/types\/page"}],"author":[{"embeddable":true,"href":"https:\/\/carefor.ca\/fr\/wp-json\/wp\/v2\/users\/1"}],"replies":[{"embeddable":true,"href":"https:\/\/carefor.ca\/fr\/wp-json\/wp\/v2\/comments?post=5500"}],"version-history":[{"count":4,"href":"https:\/\/carefor.ca\/fr\/wp-json\/wp\/v2\/pages\/5500\/revisions"}],"predecessor-version":[{"id":5740,"href":"https:\/\/carefor.ca\/fr\/wp-json\/wp\/v2\/pages\/5500\/revisions\/5740"}],"up":[{"embeddable":true,"href":"https:\/\/carefor.ca\/fr\/wp-json\/wp\/v2\/pages\/5496"}],"wp:featuredmedia":[{"embeddable":true,"href":"https:\/\/carefor.ca\/fr\/wp-json\/wp\/v2\/media\/8203"}],"wp:attachment":[{"href":"https:\/\/carefor.ca\/fr\/wp-json\/wp\/v2\/media?parent=5500"}],"curies":[{"name":"wp","href":"https:\/\/api.w.org\/{rel}","templated":true}]}}