{"id":5484,"date":"2023-07-06T14:22:25","date_gmt":"2023-07-06T18:22:25","guid":{"rendered":"https:\/\/carefor.ca\/carefor-civic-complex\/meals-wellness\/"},"modified":"2023-11-20T00:15:35","modified_gmt":"2023-11-20T05:15:35","slug":"repas-et-bien-etre","status":"publish","type":"page","link":"https:\/\/carefor.ca\/fr\/maisons-de-retraite\/complexe-communautaire-de-carefor\/repas-et-bien-etre\/","title":{"rendered":"Repas et bien-\u00eatre"},"content":{"rendered":"\n<h5 class=\"wp-block-heading\">Votre bien-\u00eatre et votre confort sont nos priorit\u00e9s absolues.<\/h5>\n\n\n\n<p>Pr\u00e9paration de repas sur place, aide \u00e0 la vie autonome, soins infirmiers\u2026 Notre \u00e9quipe allie ses forces afin de veiller \u00e0 votre sant\u00e9 mentale et physique.<\/p>\n\n\n\n<div class=\"wp-block-buttons is-layout-flex wp-block-buttons-is-layout-flex\">\n<div class=\"wp-block-button\"><a class=\"wp-block-button__link wp-element-button\" href=\"https:\/\/search.caredove.com\/carefor\/service\/28034\/book\" target=\"_blank\" rel=\"noreferrer noopener\">R\u00e9server une visite<\/a><\/div>\n<\/div>\n\n\n\n<div style=\"height:51px\" aria-hidden=\"true\" class=\"wp-block-spacer\"><\/div>\n\n\n<div id=\"images-block-block_82758a29a1203d0a82e3305b83aaf88e\" class=\"images-block alignfull \">\n    <div class=\"row column\">\n                           <div class=\"images-slider\">\n                                    <div class=\"image\">\n                       <a href=\"https:\/\/carefor.ca\/wp-content\/uploads\/2023\/07\/DSC_1416-scaled.jpg\" title=\"Des repas savoureux comme \u00e0 la maison, \u00e0 d\u00e9guster trois fois par jour.\">\n                       <img loading=\"lazy\" decoding=\"async\" width=\"768\" height=\"510\" src=\"https:\/\/carefor.ca\/wp-content\/uploads\/2023\/07\/DSC_1416-768x510.jpg\" class=\"attachment-box-image size-box-image\" alt=\"A Carefor team member holding a tray of food while a group of seniors are eating in the background.\" srcset=\"https:\/\/carefor.ca\/wp-content\/uploads\/2023\/07\/DSC_1416-768x510.jpg 768w, https:\/\/carefor.ca\/wp-content\/uploads\/2023\/07\/DSC_1416-300x199.jpg 300w, https:\/\/carefor.ca\/wp-content\/uploads\/2023\/07\/DSC_1416-1024x680.jpg 1024w, https:\/\/carefor.ca\/wp-content\/uploads\/2023\/07\/DSC_1416-1536x1020.jpg 1536w, https:\/\/carefor.ca\/wp-content\/uploads\/2023\/07\/DSC_1416-2048x1360.jpg 2048w, https:\/\/carefor.ca\/wp-content\/uploads\/2023\/07\/DSC_1416-2000x1328.jpg 2000w, https:\/\/carefor.ca\/wp-content\/uploads\/2023\/07\/DSC_1416-400x266.jpg 400w\" sizes=\"auto, (max-width: 768px) 100vw, 768px\" \/>                                               <div class=\"title\">\n                            Des repas savoureux comme \u00e0 la maison, \u00e0 d\u00e9guster trois fois par jour.                        <\/div>\n                                              <\/a>\n                    <\/div>\n                                    <div class=\"image\">\n                       <a href=\"https:\/\/carefor.ca\/wp-content\/uploads\/2023\/07\/ADF_Carefor_Civic_100-1-scaled.jpg\" title=\"Votre bien-\u00eatre, notre priorit\u00e9. Nos professionnels qualifi\u00e9s feront tout pour vous aider.\">\n                       <img loading=\"lazy\" decoding=\"async\" width=\"768\" height=\"511\" src=\"https:\/\/carefor.ca\/wp-content\/uploads\/2023\/07\/ADF_Carefor_Civic_100-1-768x511.jpg\" class=\"attachment-box-image size-box-image\" alt=\"A nurse standing next to an elderly man sitting in a chair, holding his hand.\" srcset=\"https:\/\/carefor.ca\/wp-content\/uploads\/2023\/07\/ADF_Carefor_Civic_100-1-768x511.jpg 768w, https:\/\/carefor.ca\/wp-content\/uploads\/2023\/07\/ADF_Carefor_Civic_100-1-300x200.jpg 300w, https:\/\/carefor.ca\/wp-content\/uploads\/2023\/07\/ADF_Carefor_Civic_100-1-1024x681.jpg 1024w, https:\/\/carefor.ca\/wp-content\/uploads\/2023\/07\/ADF_Carefor_Civic_100-1-1536x1022.jpg 1536w, https:\/\/carefor.ca\/wp-content\/uploads\/2023\/07\/ADF_Carefor_Civic_100-1-2048x1363.jpg 2048w, https:\/\/carefor.ca\/wp-content\/uploads\/2023\/07\/ADF_Carefor_Civic_100-1-2000x1331.jpg 2000w, https:\/\/carefor.ca\/wp-content\/uploads\/2023\/07\/ADF_Carefor_Civic_100-1-400x266.jpg 400w\" sizes=\"auto, (max-width: 768px) 100vw, 768px\" \/>                                               <div class=\"title\">\n                            Votre bien-\u00eatre, notre priorit\u00e9. Nos professionnels qualifi\u00e9s feront tout pour vous aider.                        <\/div>\n                                              <\/a>\n                    <\/div>\n                            <\/div>\n            <\/div>\n<\/div>\n\n\n\n<div style=\"height:83px\" aria-hidden=\"true\" class=\"wp-block-spacer\"><\/div>\n\n\n\n<h3 class=\"wp-block-heading\">Repas<\/h3>\n\n\n\n<p>Rien ne bat un bon repas maison. Heureusement, nos cuisiniers en servent trois par jour, tous les jours (sans oublier les collations!).<\/p>\n\n\n\n<h3 class=\"wp-block-heading\">Bien-\u00eatre<\/h3>\n\n\n\n<ul class=\"wp-block-list\">\n<li>Personnel professionnel attentionn\u00e9, pr\u00e9sent en permanence<\/li>\n\n\n\n<li>Intervention d\u2019urgence 24 h\/24<\/li>\n\n\n\n<li>Soins infirmiers<\/li>\n\n\n\n<li>Administration et gestion des m\u00e9dicaments<\/li>\n\n\n\n<li>M\u00e9decin de garde<\/li>\n\n\n\n<li>V\u00e9rifications quotidiennes<\/li>\n\n\n\n<li>Pendentifs d\u2019alerte personnels<\/li>\n\n\n\n<li>B\u00e2timent s\u00e9curis\u00e9 muni de cam\u00e9ras<\/li>\n\n\n\n<li>Confidentialit\u00e9 des r\u00e9sidents et r\u00e9sidentes<\/li>\n<\/ul>\n\n\n<div id=\"program-locations-block_005ccbfe2696cd309d2772a83c0f0a22\" class=\"program-locations alignfull \">\n    <div class=\"row column\">\n              <div class=\"block-title\">\n          <h3>Contactez-nous<\/h3>\n       <\/div>\n               <div class=\"tabs-wrapper\">\n            <ul class=\"tabs\" data-tabs id=\"locations-tabs\">\n                                                    <li class=\"tabs-title is-active\"><a href=\"javascript:void();\" data-tabs-target=\"comt\u00e9-de-pembroke-renfrew\" aria-selected=\"true\">Comt\u00e9 de Pembroke-Renfrew<\/a><\/li>\n                                          <\/ul>\n        <\/div>\n\n        <div class=\"tabs-content\" data-tabs-content=\"locations-tabs\">\n\n            \n           \n                <div class=\"tabs-panel is-active\" id=\"comt\u00e9-de-pembroke-renfrew\">\n                   <div class=\"tab-content-inner\">\n\n                                                                                           <div class=\"wysiwyg\">\n                            <h6>Casey<\/h6>\n<p>425, rue Cecelia<br \/>Pembroke (Ontario)<\/p>\n<p>Sans frais : <a href=\"tel:1-833-922-2734\" data-mce-href=\"tel:1-833-922-2734\">1-833-922-2734<\/a>, poste 3222<br \/><a href=\"mailto:cdixon@carefor.ca\" data-mce-href=\"mailto:cdixon@carefor.ca\">cdixon@carefor.ca<\/a><\/p>\n                         <\/div>\n                      \n                           \n                   <\/div>\n                <\/div>\n\n      \n            <\/div>\n    <\/div>\n<\/div>\n\n\n<div id=\"google-map-block-block_14925a67b742fb79776c1402f5aaef2b\" class=\"google-map-block \">\n\n      <div class=\"acf-map\" data-zoom=\"16\" style=\"width:100%; \">\n      <div class=\"marker\" data-lat=\"45.820964\" data-lng=\"-77.101706\"><\/div>\n   <\/div>\n<\/div>\n\n\n<div id=\"impact-stories-block_5c00fa6523d408b435beea4b2a7fcbdd\" class=\"impact-stories alignfull \">\n    <div class=\"stories-slides\" id=\"stories-slides-slider\">\n                <div class=\"blog-post-slide\">\n                <div class=\"post-info\">\n                   <div class=\"post-info-inner\">\n                      <div class=\"blog-title\">\n                         <a href=\"https:\/\/carefor.ca\/our-impact\/stories-of-impact\/\" class=\"pile-cta\">Stories of Impact<\/a>                      <\/div>\n                      <div class=\"title\">\n                         <h4><a href=\"#\" class=\"open-video-modal\" data-post-id=\"5737\">Tout le monde m\u00e9rite d\u2019avoir un chez-soi<\/a><\/h4>\n                      <\/div>\n                      <div class=\"excerpt\">\n                         <p>Carefor\u2019s Everyone Deserves a Place to Call Home campaign is raising money to support vulnerable seniors in the Ottawa Valley get the care and community they deserve. Through your support we\u2019re able to provide our seniors a warm meal, recreation programs, and equipment that ensures their safety. Moreover, you\u2019re giving them a second family.<\/p>\n                      <\/div>\n                      <div class=\"read-more\">\n                         <a href=\"#\" class=\"cta-with-arrow open-video-modal\" data-post-id=\"5737\">Watch Video<\/a>\n                      <\/div>\n                   <\/div>\n\n                <\/div>\n                <div class=\"image-wrapper\">\n                    <img loading=\"lazy\" decoding=\"async\" width=\"768\" height=\"432\" src=\"https:\/\/carefor.ca\/wp-content\/uploads\/2023\/07\/guNisLMi_J4-HD-768x432.jpg\" class=\"attachment-box-image size-box-image wp-post-image\" alt=\"\" srcset=\"https:\/\/carefor.ca\/wp-content\/uploads\/2023\/07\/guNisLMi_J4-HD-768x432.jpg 768w, https:\/\/carefor.ca\/wp-content\/uploads\/2023\/07\/guNisLMi_J4-HD-300x169.jpg 300w, https:\/\/carefor.ca\/wp-content\/uploads\/2023\/07\/guNisLMi_J4-HD-1024x576.jpg 1024w, https:\/\/carefor.ca\/wp-content\/uploads\/2023\/07\/guNisLMi_J4-HD-400x225.jpg 400w, https:\/\/carefor.ca\/wp-content\/uploads\/2023\/07\/guNisLMi_J4-HD.jpg 1280w\" sizes=\"auto, (max-width: 768px) 100vw, 768px\" \/>                <\/div>\n            <\/div>\n                    <div class=\"blog-post-slide\">\n                <div class=\"post-info\">\n                   <div class=\"post-info-inner\">\n                      <div class=\"blog-title\">\n                         <a href=\"https:\/\/carefor.ca\/our-impact\/stories-of-impact\/\" class=\"pile-cta\">Stories of Impact<\/a>                      <\/div>\n                      <div class=\"title\">\n                         <h4><a href=\"https:\/\/carefor.ca\/fr\/stories\/les-residents-et-residentes-du-complexe-communautaire-de-carefor-preparent-une-surprise-speciale-pour-souligner-le-travail-du-personnel-pendant-la-pandemie\/\" class=\"\" data-post-id=\"5738\">Les r\u00e9sidents et r\u00e9sidentes du Complexe communautaire de Carefor pr\u00e9parent une surprise sp\u00e9ciale pour souligner le travail du personnel pendant la pand\u00e9mie.<\/a><\/h4>\n                      <\/div>\n                      <div class=\"excerpt\">\n                         <p>Carefor Civic Residential Complex residents give staff members a special surprise for their work during the pandemic Making a tremendous impact on people\u2019s lives is something Carefor staff do each [&hellip;]<\/p>\n                      <\/div>\n                      <div class=\"read-more\">\n                         <a href=\"https:\/\/carefor.ca\/fr\/stories\/les-residents-et-residentes-du-complexe-communautaire-de-carefor-preparent-une-surprise-speciale-pour-souligner-le-travail-du-personnel-pendant-la-pandemie\/\" class=\"cta-with-arrow \" data-post-id=\"5738\">Lire L&rsquo;Article Complet<\/a>\n                      <\/div>\n                   <\/div>\n\n                <\/div>\n                <div class=\"image-wrapper\">\n                    <img loading=\"lazy\" decoding=\"async\" width=\"768\" height=\"576\" src=\"https:\/\/carefor.ca\/wp-content\/uploads\/2023\/07\/carefor-civic-residential-complex-residents-give-staff-special-surprise-for-their-work-during-the-pandemic-image-62-768x576.jpg\" class=\"attachment-box-image size-box-image wp-post-image\" alt=\"\" srcset=\"https:\/\/carefor.ca\/wp-content\/uploads\/2023\/07\/carefor-civic-residential-complex-residents-give-staff-special-surprise-for-their-work-during-the-pandemic-image-62-768x576.jpg 768w, https:\/\/carefor.ca\/wp-content\/uploads\/2023\/07\/carefor-civic-residential-complex-residents-give-staff-special-surprise-for-their-work-during-the-pandemic-image-62-300x225.jpg 300w, https:\/\/carefor.ca\/wp-content\/uploads\/2023\/07\/carefor-civic-residential-complex-residents-give-staff-special-surprise-for-their-work-during-the-pandemic-image-62-1024x768.jpg 1024w, https:\/\/carefor.ca\/wp-content\/uploads\/2023\/07\/carefor-civic-residential-complex-residents-give-staff-special-surprise-for-their-work-during-the-pandemic-image-62-1536x1152.jpg 1536w, https:\/\/carefor.ca\/wp-content\/uploads\/2023\/07\/carefor-civic-residential-complex-residents-give-staff-special-surprise-for-their-work-during-the-pandemic-image-62-2048x1536.jpg 2048w, https:\/\/carefor.ca\/wp-content\/uploads\/2023\/07\/carefor-civic-residential-complex-residents-give-staff-special-surprise-for-their-work-during-the-pandemic-image-62-2000x1500.jpg 2000w, https:\/\/carefor.ca\/wp-content\/uploads\/2023\/07\/carefor-civic-residential-complex-residents-give-staff-special-surprise-for-their-work-during-the-pandemic-image-62-400x300.jpg 400w\" sizes=\"auto, (max-width: 768px) 100vw, 768px\" \/>                <\/div>\n            <\/div>\n            <\/div>\n<\/div>\n\n\n<div class=\"reveal small\" id=\"impact-story-modal\" data-reveal>\n   <button class=\"close-button\" data-close aria-label=\"Close modal\" type=\"button\">\n      <span aria-hidden=\"true\">&times;<\/span>\n   <\/button>\n   <div class=\"modal-inner\">\n      <div class=\"video-container\">\n         <div class=\"video-title\"><h4><\/h4><\/div>\n         <div class=\"responsive-embed widescreen\"><\/div>\n      <\/div>\n   <\/div>\n<\/div>\n","protected":false},"excerpt":{"rendered":"<p>Votre bien-\u00eatre et votre confort sont nos priorit\u00e9s absolues. Pr\u00e9paration de repas sur place, aide \u00e0 la vie autonome, soins infirmiers\u2026 Notre \u00e9quipe allie ses forces afin de veiller \u00e0 [&hellip;]<\/p>\n","protected":false},"author":1,"featured_media":9749,"parent":5466,"menu_order":3,"comment_status":"closed","ping_status":"closed","template":"page-microsite-internal.php","meta":{"_acf_changed":false,"_relevanssi_hide_post":"","_relevanssi_hide_content":"","_relevanssi_pin_for_all":"","_relevanssi_pin_keywords":"","_relevanssi_unpin_keywords":"","_relevanssi_related_keywords":"","_relevanssi_related_include_ids":"","_relevanssi_related_exclude_ids":"","_relevanssi_related_no_append":"","_relevanssi_related_not_related":"","_relevanssi_related_posts":"","_relevanssi_noindex_reason":"","footnotes":""},"class_list":["post-5484","page","type-page","status-publish","has-post-thumbnail","hentry"],"acf":[],"yoast_head":"<!-- This site is optimized with the Yoast SEO Premium plugin v24.9 (Yoast SEO v27.4) - https:\/\/yoast.com\/product\/yoast-seo-premium-wordpress\/ -->\n<title>Repas et bien-\u00eatre - Carefor<\/title>\n<meta name=\"robots\" content=\"index, follow, max-snippet:-1, max-image-preview:large, max-video-preview:-1\" \/>\n<link rel=\"canonical\" href=\"https:\/\/carefor.ca\/fr\/maisons-de-retraite\/complexe-communautaire-de-carefor\/repas-et-bien-etre\/\" \/>\n<meta property=\"og:locale\" content=\"fr_FR\" \/>\n<meta property=\"og:type\" content=\"article\" \/>\n<meta property=\"og:title\" content=\"Repas et bien-\u00eatre\" \/>\n<meta property=\"og:description\" content=\"Votre bien-\u00eatre et votre confort sont nos priorit\u00e9s absolues. Pr\u00e9paration de repas sur place, aide \u00e0 la vie autonome, soins infirmiers\u2026 Notre \u00e9quipe allie ses forces afin de veiller \u00e0 [&hellip;]\" \/>\n<meta property=\"og:url\" content=\"https:\/\/carefor.ca\/fr\/maisons-de-retraite\/complexe-communautaire-de-carefor\/repas-et-bien-etre\/\" \/>\n<meta property=\"og:site_name\" content=\"Carefor\" \/>\n<meta property=\"article:publisher\" content=\"https:\/\/www.facebook.com\/CareforHCS\" \/>\n<meta property=\"article:modified_time\" content=\"2023-11-20T05:15:35+00:00\" \/>\n<meta property=\"og:image\" content=\"https:\/\/carefor.ca\/wp-content\/uploads\/2023\/07\/boost-your-immune-system-to-make-for-a-healthier-autumn-graphic-65-scaled.jpeg\" \/>\n\t<meta property=\"og:image:width\" content=\"2560\" \/>\n\t<meta property=\"og:image:height\" content=\"1708\" \/>\n\t<meta property=\"og:image:type\" content=\"image\/jpeg\" \/>\n<meta name=\"twitter:card\" content=\"summary_large_image\" \/>\n<meta name=\"twitter:site\" content=\"@CareforHCS\" \/>\n<meta name=\"twitter:label1\" content=\"Dur\u00e9e de lecture estim\u00e9e\" \/>\n\t<meta name=\"twitter:data1\" content=\"1 minute\" \/>\n<script type=\"application\/ld+json\" class=\"yoast-schema-graph\">{\"@context\":\"https:\\\/\\\/schema.org\",\"@graph\":[{\"@type\":\"WebPage\",\"@id\":\"https:\\\/\\\/carefor.ca\\\/fr\\\/maisons-de-retraite\\\/complexe-communautaire-de-carefor\\\/repas-et-bien-etre\\\/\",\"url\":\"https:\\\/\\\/carefor.ca\\\/fr\\\/maisons-de-retraite\\\/complexe-communautaire-de-carefor\\\/repas-et-bien-etre\\\/\",\"name\":\"Repas et bien-\u00eatre - Carefor\",\"isPartOf\":{\"@id\":\"https:\\\/\\\/carefor.ca\\\/fr\\\/#website\"},\"primaryImageOfPage\":{\"@id\":\"https:\\\/\\\/carefor.ca\\\/fr\\\/maisons-de-retraite\\\/complexe-communautaire-de-carefor\\\/repas-et-bien-etre\\\/#primaryimage\"},\"image\":{\"@id\":\"https:\\\/\\\/carefor.ca\\\/fr\\\/maisons-de-retraite\\\/complexe-communautaire-de-carefor\\\/repas-et-bien-etre\\\/#primaryimage\"},\"thumbnailUrl\":\"https:\\\/\\\/carefor.ca\\\/wp-content\\\/uploads\\\/2025\\\/07\\\/ADF_Carefor_Pembroke2025_027-scaled.jpg\",\"datePublished\":\"2023-07-06T18:22:25+00:00\",\"dateModified\":\"2023-11-20T05:15:35+00:00\",\"breadcrumb\":{\"@id\":\"https:\\\/\\\/carefor.ca\\\/fr\\\/maisons-de-retraite\\\/complexe-communautaire-de-carefor\\\/repas-et-bien-etre\\\/#breadcrumb\"},\"inLanguage\":\"fr-FR\",\"potentialAction\":[{\"@type\":\"ReadAction\",\"target\":[\"https:\\\/\\\/carefor.ca\\\/fr\\\/maisons-de-retraite\\\/complexe-communautaire-de-carefor\\\/repas-et-bien-etre\\\/\"]}]},{\"@type\":\"ImageObject\",\"inLanguage\":\"fr-FR\",\"@id\":\"https:\\\/\\\/carefor.ca\\\/fr\\\/maisons-de-retraite\\\/complexe-communautaire-de-carefor\\\/repas-et-bien-etre\\\/#primaryimage\",\"url\":\"https:\\\/\\\/carefor.ca\\\/wp-content\\\/uploads\\\/2025\\\/07\\\/ADF_Carefor_Pembroke2025_027-scaled.jpg\",\"contentUrl\":\"https:\\\/\\\/carefor.ca\\\/wp-content\\\/uploads\\\/2025\\\/07\\\/ADF_Carefor_Pembroke2025_027-scaled.jpg\"},{\"@type\":\"BreadcrumbList\",\"@id\":\"https:\\\/\\\/carefor.ca\\\/fr\\\/maisons-de-retraite\\\/complexe-communautaire-de-carefor\\\/repas-et-bien-etre\\\/#breadcrumb\",\"itemListElement\":[{\"@type\":\"ListItem\",\"position\":1,\"name\":\"Home\",\"item\":\"https:\\\/\\\/carefor.ca\\\/fr\\\/\"},{\"@type\":\"ListItem\",\"position\":2,\"name\":\"Maisons de retraite\",\"item\":\"https:\\\/\\\/carefor.ca\\\/fr\\\/maisons-de-retraite\\\/\"},{\"@type\":\"ListItem\",\"position\":3,\"name\":\"Complexe communautaire de Carefor\",\"item\":\"https:\\\/\\\/carefor.ca\\\/fr\\\/maisons-de-retraite\\\/complexe-communautaire-de-carefor\\\/\"},{\"@type\":\"ListItem\",\"position\":4,\"name\":\"Repas et bien-\u00eatre\"}]},{\"@type\":\"WebSite\",\"@id\":\"https:\\\/\\\/carefor.ca\\\/fr\\\/#website\",\"url\":\"https:\\\/\\\/carefor.ca\\\/fr\\\/\",\"name\":\"Carefor\",\"description\":\"High Quality Homecare\",\"publisher\":{\"@id\":\"https:\\\/\\\/carefor.ca\\\/fr\\\/#organization\"},\"potentialAction\":[{\"@type\":\"SearchAction\",\"target\":{\"@type\":\"EntryPoint\",\"urlTemplate\":\"https:\\\/\\\/carefor.ca\\\/fr\\\/?s={search_term_string}\"},\"query-input\":{\"@type\":\"PropertyValueSpecification\",\"valueRequired\":true,\"valueName\":\"search_term_string\"}}],\"inLanguage\":\"fr-FR\"},{\"@type\":\"Organization\",\"@id\":\"https:\\\/\\\/carefor.ca\\\/fr\\\/#organization\",\"name\":\"Carefor Health and Community Services\",\"url\":\"https:\\\/\\\/carefor.ca\\\/fr\\\/\",\"logo\":{\"@type\":\"ImageObject\",\"inLanguage\":\"fr-FR\",\"@id\":\"https:\\\/\\\/carefor.ca\\\/fr\\\/#\\\/schema\\\/logo\\\/image\\\/\",\"url\":\"\",\"contentUrl\":\"\",\"caption\":\"Carefor Health and Community Services\"},\"image\":{\"@id\":\"https:\\\/\\\/carefor.ca\\\/fr\\\/#\\\/schema\\\/logo\\\/image\\\/\"},\"sameAs\":[\"https:\\\/\\\/www.facebook.com\\\/CareforHCS\",\"https:\\\/\\\/x.com\\\/CareforHCS\",\"https:\\\/\\\/www.linkedin.com\\\/company\\\/carefor-health-and-community-services\\\/\"],\"description\":\"205 Amelia Street, Suite 100 Cornwall, ON K6H 3P3\",\"email\":\"infoeasterncounties@carefor.ca\",\"telephone\":\"613-932-3451\"}]}<\/script>\n<!-- \/ Yoast SEO Premium plugin. -->","yoast_head_json":{"title":"Repas et bien-\u00eatre - Carefor","robots":{"index":"index","follow":"follow","max-snippet":"max-snippet:-1","max-image-preview":"max-image-preview:large","max-video-preview":"max-video-preview:-1"},"canonical":"https:\/\/carefor.ca\/fr\/maisons-de-retraite\/complexe-communautaire-de-carefor\/repas-et-bien-etre\/","og_locale":"fr_FR","og_type":"article","og_title":"Repas et bien-\u00eatre","og_description":"Votre bien-\u00eatre et votre confort sont nos priorit\u00e9s absolues. Pr\u00e9paration de repas sur place, aide \u00e0 la vie autonome, soins infirmiers\u2026 Notre \u00e9quipe allie ses forces afin de veiller \u00e0 [&hellip;]","og_url":"https:\/\/carefor.ca\/fr\/maisons-de-retraite\/complexe-communautaire-de-carefor\/repas-et-bien-etre\/","og_site_name":"Carefor","article_publisher":"https:\/\/www.facebook.com\/CareforHCS","article_modified_time":"2023-11-20T05:15:35+00:00","og_image":[{"width":2560,"height":1708,"url":"https:\/\/carefor.ca\/wp-content\/uploads\/2023\/07\/boost-your-immune-system-to-make-for-a-healthier-autumn-graphic-65-scaled.jpeg","type":"image\/jpeg"}],"twitter_card":"summary_large_image","twitter_site":"@CareforHCS","twitter_misc":{"Dur\u00e9e de lecture estim\u00e9e":"1 minute"},"schema":{"@context":"https:\/\/schema.org","@graph":[{"@type":"WebPage","@id":"https:\/\/carefor.ca\/fr\/maisons-de-retraite\/complexe-communautaire-de-carefor\/repas-et-bien-etre\/","url":"https:\/\/carefor.ca\/fr\/maisons-de-retraite\/complexe-communautaire-de-carefor\/repas-et-bien-etre\/","name":"Repas et bien-\u00eatre - Carefor","isPartOf":{"@id":"https:\/\/carefor.ca\/fr\/#website"},"primaryImageOfPage":{"@id":"https:\/\/carefor.ca\/fr\/maisons-de-retraite\/complexe-communautaire-de-carefor\/repas-et-bien-etre\/#primaryimage"},"image":{"@id":"https:\/\/carefor.ca\/fr\/maisons-de-retraite\/complexe-communautaire-de-carefor\/repas-et-bien-etre\/#primaryimage"},"thumbnailUrl":"https:\/\/carefor.ca\/wp-content\/uploads\/2025\/07\/ADF_Carefor_Pembroke2025_027-scaled.jpg","datePublished":"2023-07-06T18:22:25+00:00","dateModified":"2023-11-20T05:15:35+00:00","breadcrumb":{"@id":"https:\/\/carefor.ca\/fr\/maisons-de-retraite\/complexe-communautaire-de-carefor\/repas-et-bien-etre\/#breadcrumb"},"inLanguage":"fr-FR","potentialAction":[{"@type":"ReadAction","target":["https:\/\/carefor.ca\/fr\/maisons-de-retraite\/complexe-communautaire-de-carefor\/repas-et-bien-etre\/"]}]},{"@type":"ImageObject","inLanguage":"fr-FR","@id":"https:\/\/carefor.ca\/fr\/maisons-de-retraite\/complexe-communautaire-de-carefor\/repas-et-bien-etre\/#primaryimage","url":"https:\/\/carefor.ca\/wp-content\/uploads\/2025\/07\/ADF_Carefor_Pembroke2025_027-scaled.jpg","contentUrl":"https:\/\/carefor.ca\/wp-content\/uploads\/2025\/07\/ADF_Carefor_Pembroke2025_027-scaled.jpg"},{"@type":"BreadcrumbList","@id":"https:\/\/carefor.ca\/fr\/maisons-de-retraite\/complexe-communautaire-de-carefor\/repas-et-bien-etre\/#breadcrumb","itemListElement":[{"@type":"ListItem","position":1,"name":"Home","item":"https:\/\/carefor.ca\/fr\/"},{"@type":"ListItem","position":2,"name":"Maisons de retraite","item":"https:\/\/carefor.ca\/fr\/maisons-de-retraite\/"},{"@type":"ListItem","position":3,"name":"Complexe communautaire de Carefor","item":"https:\/\/carefor.ca\/fr\/maisons-de-retraite\/complexe-communautaire-de-carefor\/"},{"@type":"ListItem","position":4,"name":"Repas et bien-\u00eatre"}]},{"@type":"WebSite","@id":"https:\/\/carefor.ca\/fr\/#website","url":"https:\/\/carefor.ca\/fr\/","name":"Carefor","description":"High Quality Homecare","publisher":{"@id":"https:\/\/carefor.ca\/fr\/#organization"},"potentialAction":[{"@type":"SearchAction","target":{"@type":"EntryPoint","urlTemplate":"https:\/\/carefor.ca\/fr\/?s={search_term_string}"},"query-input":{"@type":"PropertyValueSpecification","valueRequired":true,"valueName":"search_term_string"}}],"inLanguage":"fr-FR"},{"@type":"Organization","@id":"https:\/\/carefor.ca\/fr\/#organization","name":"Carefor Health and Community Services","url":"https:\/\/carefor.ca\/fr\/","logo":{"@type":"ImageObject","inLanguage":"fr-FR","@id":"https:\/\/carefor.ca\/fr\/#\/schema\/logo\/image\/","url":"","contentUrl":"","caption":"Carefor Health and Community Services"},"image":{"@id":"https:\/\/carefor.ca\/fr\/#\/schema\/logo\/image\/"},"sameAs":["https:\/\/www.facebook.com\/CareforHCS","https:\/\/x.com\/CareforHCS","https:\/\/www.linkedin.com\/company\/carefor-health-and-community-services\/"],"description":"205 Amelia Street, Suite 100 Cornwall, ON K6H 3P3","email":"infoeasterncounties@carefor.ca","telephone":"613-932-3451"}]}},"_links":{"self":[{"href":"https:\/\/carefor.ca\/fr\/wp-json\/wp\/v2\/pages\/5484","targetHints":{"allow":["GET"]}}],"collection":[{"href":"https:\/\/carefor.ca\/fr\/wp-json\/wp\/v2\/pages"}],"about":[{"href":"https:\/\/carefor.ca\/fr\/wp-json\/wp\/v2\/types\/page"}],"author":[{"embeddable":true,"href":"https:\/\/carefor.ca\/fr\/wp-json\/wp\/v2\/users\/1"}],"replies":[{"embeddable":true,"href":"https:\/\/carefor.ca\/fr\/wp-json\/wp\/v2\/comments?post=5484"}],"version-history":[{"count":6,"href":"https:\/\/carefor.ca\/fr\/wp-json\/wp\/v2\/pages\/5484\/revisions"}],"predecessor-version":[{"id":5744,"href":"https:\/\/carefor.ca\/fr\/wp-json\/wp\/v2\/pages\/5484\/revisions\/5744"}],"up":[{"embeddable":true,"href":"https:\/\/carefor.ca\/fr\/wp-json\/wp\/v2\/pages\/5466"}],"wp:featuredmedia":[{"embeddable":true,"href":"https:\/\/carefor.ca\/fr\/wp-json\/wp\/v2\/media\/9749"}],"wp:attachment":[{"href":"https:\/\/carefor.ca\/fr\/wp-json\/wp\/v2\/media?parent=5484"}],"curies":[{"name":"wp","href":"https:\/\/api.w.org\/{rel}","templated":true}]}}