{"id":5478,"date":"2023-07-06T14:21:59","date_gmt":"2023-07-06T18:21:59","guid":{"rendered":"https:\/\/carefor.ca\/carefor-civic-complex\/rates-amenities\/"},"modified":"2023-11-20T00:13:15","modified_gmt":"2023-11-20T05:13:15","slug":"tarifs-et-services","status":"publish","type":"page","link":"https:\/\/carefor.ca\/fr\/maisons-de-retraite\/complexe-communautaire-de-carefor\/tarifs-et-services\/","title":{"rendered":"Tarifs et services"},"content":{"rendered":"\n<h5 class=\"wp-block-heading\">Le Complexe communautaire et le Centre Mackay de Carefor offrent tous deux l\u2019h\u00e9bergement le plus abordable de la vall\u00e9e de l\u2019Outaouais.<\/h5>\n\n\n\n<p>Vous ne le remarquerez toutefois pas dans la qualit\u00e9 sup\u00e9rieure du confort et des soins. Exploit\u00e9s par Carefor, un OSBL au service des personnes \u00e2g\u00e9es de la vall\u00e9e de l\u2019Outaouais depuis plus de 100 ans, ces centres valorisent les gens plus que l\u2019argent, offrant un prix tout compris parfait pour votre budget<\/p>\n\n\n\n<p>\u00c0 partir de <strong>1 543 $<\/strong> par mois.<\/p>\n\n\n\n<p> <\/p>\n\n\n\n<div class=\"wp-block-buttons is-content-justification-left is-layout-flex wp-container-core-buttons-is-layout-fdcfc74e wp-block-buttons-is-layout-flex\">\n<div class=\"wp-block-button\"><a class=\"wp-block-button__link has-text-align-left wp-element-button\" href=\"https:\/\/search.caredove.com\/carefor\/service\/28034\/book\" target=\"_blank\" rel=\"noreferrer noopener\">R\u00e9server une visite<\/a><\/div>\n<\/div>\n\n\n<div id=\"images-block-block_a82b1124ea77051fc351c746a3f45cb5\" class=\"images-block alignfull \">\n    <div class=\"row column\">\n                 <div class=\"block-title\">\n             <h3>Chambres offertes<\/h3>\n          <\/div>\n                           <div class=\"images-slider\">\n                                    <div class=\"image\">\n                       <a href=\"https:\/\/carefor.ca\/wp-content\/uploads\/2023\/07\/IMG_0362-scaled.jpg\" title=\"Chambre individuelle\">\n                       <img loading=\"lazy\" decoding=\"async\" width=\"768\" height=\"512\" src=\"https:\/\/carefor.ca\/wp-content\/uploads\/2023\/07\/IMG_0362-768x512.jpg\" class=\"attachment-box-image size-box-image\" alt=\"A Carefor Civic Complex bedroom containing a bed, a bedisde table with a lamp, and a\" srcset=\"https:\/\/carefor.ca\/wp-content\/uploads\/2023\/07\/IMG_0362-768x512.jpg 768w, https:\/\/carefor.ca\/wp-content\/uploads\/2023\/07\/IMG_0362-300x200.jpg 300w, https:\/\/carefor.ca\/wp-content\/uploads\/2023\/07\/IMG_0362-1024x683.jpg 1024w, https:\/\/carefor.ca\/wp-content\/uploads\/2023\/07\/IMG_0362-1536x1024.jpg 1536w, https:\/\/carefor.ca\/wp-content\/uploads\/2023\/07\/IMG_0362-2048x1365.jpg 2048w, https:\/\/carefor.ca\/wp-content\/uploads\/2023\/07\/IMG_0362-2000x1333.jpg 2000w, https:\/\/carefor.ca\/wp-content\/uploads\/2023\/07\/IMG_0362-400x267.jpg 400w\" sizes=\"auto, (max-width: 768px) 100vw, 768px\" \/>                                               <div class=\"title\">\n                            Chambre individuelle                        <\/div>\n                                              <\/a>\n                    <\/div>\n                                    <div class=\"image\">\n                       <a href=\"https:\/\/carefor.ca\/wp-content\/uploads\/2023\/07\/IMG_0474-1-scaled.jpg\" title=\"Chambre individuelle\">\n                       <img loading=\"lazy\" decoding=\"async\" width=\"768\" height=\"512\" src=\"https:\/\/carefor.ca\/wp-content\/uploads\/2023\/07\/IMG_0474-1-768x512.jpg\" class=\"attachment-box-image size-box-image\" alt=\"An elderly woman sitting on a reclining couch in a Civic Complex bedroom.\" srcset=\"https:\/\/carefor.ca\/wp-content\/uploads\/2023\/07\/IMG_0474-1-768x512.jpg 768w, https:\/\/carefor.ca\/wp-content\/uploads\/2023\/07\/IMG_0474-1-300x200.jpg 300w, https:\/\/carefor.ca\/wp-content\/uploads\/2023\/07\/IMG_0474-1-1024x683.jpg 1024w, https:\/\/carefor.ca\/wp-content\/uploads\/2023\/07\/IMG_0474-1-1536x1024.jpg 1536w, https:\/\/carefor.ca\/wp-content\/uploads\/2023\/07\/IMG_0474-1-2048x1365.jpg 2048w, https:\/\/carefor.ca\/wp-content\/uploads\/2023\/07\/IMG_0474-1-2000x1333.jpg 2000w, https:\/\/carefor.ca\/wp-content\/uploads\/2023\/07\/IMG_0474-1-400x267.jpg 400w\" sizes=\"auto, (max-width: 768px) 100vw, 768px\" \/>                                               <div class=\"title\">\n                            Chambre individuelle                        <\/div>\n                                              <\/a>\n                    <\/div>\n                                    <div class=\"image\">\n                       <a href=\"https:\/\/carefor.ca\/wp-content\/uploads\/2023\/07\/double-room-Civic.jpg\" title=\"Chambre partag\u00e9e\">\n                       <img loading=\"lazy\" decoding=\"async\" width=\"768\" height=\"521\" src=\"https:\/\/carefor.ca\/wp-content\/uploads\/2023\/07\/double-room-Civic-768x521.jpg\" class=\"attachment-box-image size-box-image\" alt=\"A Carefor Civic Complex bedroom containing two single beds, two bedside tables with lamps, and a closet\" srcset=\"https:\/\/carefor.ca\/wp-content\/uploads\/2023\/07\/double-room-Civic-768x521.jpg 768w, https:\/\/carefor.ca\/wp-content\/uploads\/2023\/07\/double-room-Civic-300x203.jpg 300w, https:\/\/carefor.ca\/wp-content\/uploads\/2023\/07\/double-room-Civic-400x271.jpg 400w, https:\/\/carefor.ca\/wp-content\/uploads\/2023\/07\/double-room-Civic.jpg 891w\" sizes=\"auto, (max-width: 768px) 100vw, 768px\" \/>                                               <div class=\"title\">\n                            Chambre partag\u00e9e                        <\/div>\n                                              <\/a>\n                    <\/div>\n                            <\/div>\n            <\/div>\n<\/div>\n\n\n\n<div style=\"height:54px\" aria-hidden=\"true\" class=\"wp-block-spacer\"><\/div>\n\n\n\n<p><\/p>\n\n\n\n<p><\/p>\n\n\n\n<h2 class=\"wp-block-heading\">Services<\/h2>\n\n\n\n<ul class=\"wp-block-list\">\n<li>Trois repas nutritifs par jour et collations<\/li>\n\n\n\n<li>H\u00f4pital Pembroke Memorial de l\u2019autre c\u00f4t\u00e9 de la rue<\/li>\n\n\n\n<li>Installations accessibles en fauteuil roulant<\/li>\n\n\n\n<li>Emplacement central<\/li>\n\n\n\n<li>Activit\u00e9s r\u00e9cr\u00e9atives tous les jours<\/li>\n\n\n\n<li>Salle avec baignoires et douches \u00e0 l\u2019italienne<\/li>\n\n\n\n<li>Entretien m\u00e9nager et lessive toutes les semaines<\/li>\n\n\n\n<li>Bo\u00eete aux lettres priv\u00e9e<\/li>\n\n\n\n<li>Biblioth\u00e8ques<\/li>\n<\/ul>\n\n\n\n<div style=\"height:49px\" aria-hidden=\"true\" class=\"wp-block-spacer\"><\/div>\n\n\n<div id=\"images-block-block_d6517f376e1a33b8a6f03c9ecf5d2917\" class=\"images-block alignfull \">\n    <div class=\"row column\">\n                 <div class=\"block-title\">\n             <h3>Services payants<\/h3>\n          <\/div>\n                           <div class=\"images-slider\">\n                                    <div class=\"image\">\n                       <a href=\"https:\/\/carefor.ca\/wp-content\/uploads\/2023\/08\/image12.png\" title=\"Salon de coiffure\">\n                       <img loading=\"lazy\" decoding=\"async\" width=\"768\" height=\"587\" src=\"https:\/\/carefor.ca\/wp-content\/uploads\/2023\/08\/image12-768x587.png\" class=\"attachment-box-image size-box-image\" alt=\"Dementia care retirement home in Ottawa\" srcset=\"https:\/\/carefor.ca\/wp-content\/uploads\/2023\/08\/image12-768x587.png 768w, https:\/\/carefor.ca\/wp-content\/uploads\/2023\/08\/image12-300x229.png 300w, https:\/\/carefor.ca\/wp-content\/uploads\/2023\/08\/image12-1024x783.png 1024w, https:\/\/carefor.ca\/wp-content\/uploads\/2023\/08\/image12-400x306.png 400w, https:\/\/carefor.ca\/wp-content\/uploads\/2023\/08\/image12.png 1088w\" sizes=\"auto, (max-width: 768px) 100vw, 768px\" \/>                                               <div class=\"title\">\n                            Salon de coiffure                        <\/div>\n                                              <\/a>\n                    <\/div>\n                                    <div class=\"image\">\n                       <a href=\"https:\/\/carefor.ca\/wp-content\/uploads\/2023\/08\/image22.png\" title=\"Clinique de soins des pieds\">\n                       <img loading=\"lazy\" decoding=\"async\" width=\"768\" height=\"673\" src=\"https:\/\/carefor.ca\/wp-content\/uploads\/2023\/08\/image22-768x673.png\" class=\"attachment-box-image size-box-image\" alt=\"An employee giving a client a foot massage.\" srcset=\"https:\/\/carefor.ca\/wp-content\/uploads\/2023\/08\/image22-768x673.png 768w, https:\/\/carefor.ca\/wp-content\/uploads\/2023\/08\/image22-300x263.png 300w, https:\/\/carefor.ca\/wp-content\/uploads\/2023\/08\/image22-1024x898.png 1024w, https:\/\/carefor.ca\/wp-content\/uploads\/2023\/08\/image22-400x351.png 400w, https:\/\/carefor.ca\/wp-content\/uploads\/2023\/08\/image22.png 1104w\" sizes=\"auto, (max-width: 768px) 100vw, 768px\" \/>                                               <div class=\"title\">\n                            Clinique de soins des pieds                        <\/div>\n                                              <\/a>\n                    <\/div>\n                                    <div class=\"image\">\n                       <a href=\"https:\/\/carefor.ca\/wp-content\/uploads\/2023\/08\/image1.png\" title=\"Transport pour les rendez-vous m\u00e9dicaux\">\n                       <img loading=\"lazy\" decoding=\"async\" width=\"768\" height=\"583\" src=\"https:\/\/carefor.ca\/wp-content\/uploads\/2023\/08\/image1-768x583.png\" class=\"attachment-box-image size-box-image\" alt=\"A Carefor team member helping a woman in a wheelchair off of a bus.\" srcset=\"https:\/\/carefor.ca\/wp-content\/uploads\/2023\/08\/image1-768x583.png 768w, https:\/\/carefor.ca\/wp-content\/uploads\/2023\/08\/image1-300x228.png 300w, https:\/\/carefor.ca\/wp-content\/uploads\/2023\/08\/image1-1024x778.png 1024w, https:\/\/carefor.ca\/wp-content\/uploads\/2023\/08\/image1-400x304.png 400w, https:\/\/carefor.ca\/wp-content\/uploads\/2023\/08\/image1.png 1280w\" sizes=\"auto, (max-width: 768px) 100vw, 768px\" \/>                                               <div class=\"title\">\n                            Transport pour les rendez-vous m\u00e9dicaux                        <\/div>\n                                              <\/a>\n                    <\/div>\n                            <\/div>\n            <\/div>\n<\/div>\n\n\n<div id=\"program-locations-block_cee5b7ebeeb0f1f8904919736b641555\" class=\"program-locations alignfull \">\n    <div class=\"row column\">\n              <div class=\"block-title\">\n          <h3>Contactez-nous<\/h3>\n       <\/div>\n               <div class=\"tabs-wrapper\">\n            <ul class=\"tabs\" data-tabs id=\"locations-tabs\">\n                                                    <li class=\"tabs-title is-active\"><a href=\"javascript:void();\" data-tabs-target=\"comt\u00e9-de-pembroke-renfrew\" aria-selected=\"true\">Comt\u00e9 de Pembroke-Renfrew<\/a><\/li>\n                                          <\/ul>\n        <\/div>\n\n        <div class=\"tabs-content\" data-tabs-content=\"locations-tabs\">\n\n            \n           \n                <div class=\"tabs-panel is-active\" id=\"comt\u00e9-de-pembroke-renfrew\">\n                   <div class=\"tab-content-inner\">\n\n                                                                                           <div class=\"wysiwyg\">\n                            <h6>Casey<\/h6>\n<p>425, rue Cecelia<br \/>\nPembroke (Ontario<\/p>\n<p>Sans frais : <a href=\"tel:1-833-922-2734\">1-833-922-2734<\/a>, poste 3222<br \/>\n<a href=\"mailto:cdixon@carefor.ca\">cdixon@carefor.ca<\/a><\/p>\n                         <\/div>\n                      \n                           \n                   <\/div>\n                <\/div>\n\n      \n            <\/div>\n    <\/div>\n<\/div>\n\n\n<div id=\"google-map-block-block_abe589b81e0a8751ba819de29ea3dc33\" class=\"google-map-block \">\n\n      <div class=\"acf-map\" data-zoom=\"16\" style=\"width:100%; \">\n      <div class=\"marker\" data-lat=\"45.820964\" data-lng=\"-77.101706\"><\/div>\n   <\/div>\n<\/div>\n\n\n\n<div style=\"height:100px\" aria-hidden=\"true\" class=\"wp-block-spacer\"><\/div>\n","protected":false},"excerpt":{"rendered":"<p>Le Complexe communautaire et le Centre Mackay de Carefor offrent tous deux l\u2019h\u00e9bergement le plus abordable de la vall\u00e9e de l\u2019Outaouais. Vous ne le remarquerez toutefois pas dans la qualit\u00e9 [&hellip;]<\/p>\n","protected":false},"author":1,"featured_media":5113,"parent":5466,"menu_order":2,"comment_status":"closed","ping_status":"closed","template":"page-microsite-internal.php","meta":{"_acf_changed":false,"_relevanssi_hide_post":"","_relevanssi_hide_content":"","_relevanssi_pin_for_all":"","_relevanssi_pin_keywords":"","_relevanssi_unpin_keywords":"","_relevanssi_related_keywords":"","_relevanssi_related_include_ids":"","_relevanssi_related_exclude_ids":"","_relevanssi_related_no_append":"","_relevanssi_related_not_related":"","_relevanssi_related_posts":"","_relevanssi_noindex_reason":"","footnotes":""},"class_list":["post-5478","page","type-page","status-publish","has-post-thumbnail","hentry"],"acf":[],"yoast_head":"<!-- This site is optimized with the Yoast SEO Premium plugin v24.9 (Yoast SEO v27.4) - https:\/\/yoast.com\/product\/yoast-seo-premium-wordpress\/ -->\n<title>Tarifs et services - Carefor<\/title>\n<meta name=\"robots\" content=\"index, follow, max-snippet:-1, max-image-preview:large, max-video-preview:-1\" \/>\n<link rel=\"canonical\" href=\"https:\/\/carefor.ca\/fr\/maisons-de-retraite\/complexe-communautaire-de-carefor\/tarifs-et-services\/\" \/>\n<meta property=\"og:locale\" content=\"fr_FR\" \/>\n<meta property=\"og:type\" content=\"article\" \/>\n<meta property=\"og:title\" content=\"Tarifs et services\" \/>\n<meta property=\"og:description\" content=\"Le Complexe communautaire et le Centre Mackay de Carefor offrent tous deux l\u2019h\u00e9bergement le plus abordable de la vall\u00e9e de l\u2019Outaouais. Vous ne le remarquerez toutefois pas dans la qualit\u00e9 [&hellip;]\" \/>\n<meta property=\"og:url\" content=\"https:\/\/carefor.ca\/fr\/maisons-de-retraite\/complexe-communautaire-de-carefor\/tarifs-et-services\/\" \/>\n<meta property=\"og:site_name\" content=\"Carefor\" \/>\n<meta property=\"article:publisher\" content=\"https:\/\/www.facebook.com\/CareforHCS\" \/>\n<meta property=\"article:modified_time\" content=\"2023-11-20T05:13:15+00:00\" \/>\n<meta property=\"og:image\" content=\"https:\/\/carefor.ca\/wp-content\/uploads\/2023\/07\/IMG_0330-scaled.jpg\" \/>\n\t<meta property=\"og:image:width\" content=\"2560\" \/>\n\t<meta property=\"og:image:height\" content=\"1707\" \/>\n\t<meta property=\"og:image:type\" content=\"image\/jpeg\" \/>\n<meta name=\"twitter:card\" content=\"summary_large_image\" \/>\n<meta name=\"twitter:site\" content=\"@CareforHCS\" \/>\n<meta name=\"twitter:label1\" content=\"Dur\u00e9e de lecture estim\u00e9e\" \/>\n\t<meta name=\"twitter:data1\" content=\"1 minute\" \/>\n<script type=\"application\/ld+json\" class=\"yoast-schema-graph\">{\"@context\":\"https:\\\/\\\/schema.org\",\"@graph\":[{\"@type\":\"WebPage\",\"@id\":\"https:\\\/\\\/carefor.ca\\\/fr\\\/maisons-de-retraite\\\/complexe-communautaire-de-carefor\\\/tarifs-et-services\\\/\",\"url\":\"https:\\\/\\\/carefor.ca\\\/fr\\\/maisons-de-retraite\\\/complexe-communautaire-de-carefor\\\/tarifs-et-services\\\/\",\"name\":\"Tarifs et services - Carefor\",\"isPartOf\":{\"@id\":\"https:\\\/\\\/carefor.ca\\\/fr\\\/#website\"},\"primaryImageOfPage\":{\"@id\":\"https:\\\/\\\/carefor.ca\\\/fr\\\/maisons-de-retraite\\\/complexe-communautaire-de-carefor\\\/tarifs-et-services\\\/#primaryimage\"},\"image\":{\"@id\":\"https:\\\/\\\/carefor.ca\\\/fr\\\/maisons-de-retraite\\\/complexe-communautaire-de-carefor\\\/tarifs-et-services\\\/#primaryimage\"},\"thumbnailUrl\":\"https:\\\/\\\/carefor.ca\\\/wp-content\\\/uploads\\\/2023\\\/07\\\/IMG_0330-scaled.jpg\",\"datePublished\":\"2023-07-06T18:21:59+00:00\",\"dateModified\":\"2023-11-20T05:13:15+00:00\",\"breadcrumb\":{\"@id\":\"https:\\\/\\\/carefor.ca\\\/fr\\\/maisons-de-retraite\\\/complexe-communautaire-de-carefor\\\/tarifs-et-services\\\/#breadcrumb\"},\"inLanguage\":\"fr-FR\",\"potentialAction\":[{\"@type\":\"ReadAction\",\"target\":[\"https:\\\/\\\/carefor.ca\\\/fr\\\/maisons-de-retraite\\\/complexe-communautaire-de-carefor\\\/tarifs-et-services\\\/\"]}]},{\"@type\":\"ImageObject\",\"inLanguage\":\"fr-FR\",\"@id\":\"https:\\\/\\\/carefor.ca\\\/fr\\\/maisons-de-retraite\\\/complexe-communautaire-de-carefor\\\/tarifs-et-services\\\/#primaryimage\",\"url\":\"https:\\\/\\\/carefor.ca\\\/wp-content\\\/uploads\\\/2023\\\/07\\\/IMG_0330-scaled.jpg\",\"contentUrl\":\"https:\\\/\\\/carefor.ca\\\/wp-content\\\/uploads\\\/2023\\\/07\\\/IMG_0330-scaled.jpg\",\"width\":2560,\"height\":1707,\"caption\":\"Carefor Civic Complex is an affordable retirement home that offers exceptoinal quality.\"},{\"@type\":\"BreadcrumbList\",\"@id\":\"https:\\\/\\\/carefor.ca\\\/fr\\\/maisons-de-retraite\\\/complexe-communautaire-de-carefor\\\/tarifs-et-services\\\/#breadcrumb\",\"itemListElement\":[{\"@type\":\"ListItem\",\"position\":1,\"name\":\"Home\",\"item\":\"https:\\\/\\\/carefor.ca\\\/fr\\\/\"},{\"@type\":\"ListItem\",\"position\":2,\"name\":\"Maisons de retraite\",\"item\":\"https:\\\/\\\/carefor.ca\\\/fr\\\/maisons-de-retraite\\\/\"},{\"@type\":\"ListItem\",\"position\":3,\"name\":\"Complexe communautaire de Carefor\",\"item\":\"https:\\\/\\\/carefor.ca\\\/fr\\\/maisons-de-retraite\\\/complexe-communautaire-de-carefor\\\/\"},{\"@type\":\"ListItem\",\"position\":4,\"name\":\"Tarifs et services\"}]},{\"@type\":\"WebSite\",\"@id\":\"https:\\\/\\\/carefor.ca\\\/fr\\\/#website\",\"url\":\"https:\\\/\\\/carefor.ca\\\/fr\\\/\",\"name\":\"Carefor\",\"description\":\"High Quality Homecare\",\"publisher\":{\"@id\":\"https:\\\/\\\/carefor.ca\\\/fr\\\/#organization\"},\"potentialAction\":[{\"@type\":\"SearchAction\",\"target\":{\"@type\":\"EntryPoint\",\"urlTemplate\":\"https:\\\/\\\/carefor.ca\\\/fr\\\/?s={search_term_string}\"},\"query-input\":{\"@type\":\"PropertyValueSpecification\",\"valueRequired\":true,\"valueName\":\"search_term_string\"}}],\"inLanguage\":\"fr-FR\"},{\"@type\":\"Organization\",\"@id\":\"https:\\\/\\\/carefor.ca\\\/fr\\\/#organization\",\"name\":\"Carefor Health and Community Services\",\"url\":\"https:\\\/\\\/carefor.ca\\\/fr\\\/\",\"logo\":{\"@type\":\"ImageObject\",\"inLanguage\":\"fr-FR\",\"@id\":\"https:\\\/\\\/carefor.ca\\\/fr\\\/#\\\/schema\\\/logo\\\/image\\\/\",\"url\":\"\",\"contentUrl\":\"\",\"caption\":\"Carefor Health and Community Services\"},\"image\":{\"@id\":\"https:\\\/\\\/carefor.ca\\\/fr\\\/#\\\/schema\\\/logo\\\/image\\\/\"},\"sameAs\":[\"https:\\\/\\\/www.facebook.com\\\/CareforHCS\",\"https:\\\/\\\/x.com\\\/CareforHCS\",\"https:\\\/\\\/www.linkedin.com\\\/company\\\/carefor-health-and-community-services\\\/\"],\"description\":\"205 Amelia Street, Suite 100 Cornwall, ON K6H 3P3\",\"email\":\"infoeasterncounties@carefor.ca\",\"telephone\":\"613-932-3451\"}]}<\/script>\n<!-- \/ Yoast SEO Premium plugin. -->","yoast_head_json":{"title":"Tarifs et services - Carefor","robots":{"index":"index","follow":"follow","max-snippet":"max-snippet:-1","max-image-preview":"max-image-preview:large","max-video-preview":"max-video-preview:-1"},"canonical":"https:\/\/carefor.ca\/fr\/maisons-de-retraite\/complexe-communautaire-de-carefor\/tarifs-et-services\/","og_locale":"fr_FR","og_type":"article","og_title":"Tarifs et services","og_description":"Le Complexe communautaire et le Centre Mackay de Carefor offrent tous deux l\u2019h\u00e9bergement le plus abordable de la vall\u00e9e de l\u2019Outaouais. Vous ne le remarquerez toutefois pas dans la qualit\u00e9 [&hellip;]","og_url":"https:\/\/carefor.ca\/fr\/maisons-de-retraite\/complexe-communautaire-de-carefor\/tarifs-et-services\/","og_site_name":"Carefor","article_publisher":"https:\/\/www.facebook.com\/CareforHCS","article_modified_time":"2023-11-20T05:13:15+00:00","og_image":[{"width":2560,"height":1707,"url":"https:\/\/carefor.ca\/wp-content\/uploads\/2023\/07\/IMG_0330-scaled.jpg","type":"image\/jpeg"}],"twitter_card":"summary_large_image","twitter_site":"@CareforHCS","twitter_misc":{"Dur\u00e9e de lecture estim\u00e9e":"1 minute"},"schema":{"@context":"https:\/\/schema.org","@graph":[{"@type":"WebPage","@id":"https:\/\/carefor.ca\/fr\/maisons-de-retraite\/complexe-communautaire-de-carefor\/tarifs-et-services\/","url":"https:\/\/carefor.ca\/fr\/maisons-de-retraite\/complexe-communautaire-de-carefor\/tarifs-et-services\/","name":"Tarifs et services - Carefor","isPartOf":{"@id":"https:\/\/carefor.ca\/fr\/#website"},"primaryImageOfPage":{"@id":"https:\/\/carefor.ca\/fr\/maisons-de-retraite\/complexe-communautaire-de-carefor\/tarifs-et-services\/#primaryimage"},"image":{"@id":"https:\/\/carefor.ca\/fr\/maisons-de-retraite\/complexe-communautaire-de-carefor\/tarifs-et-services\/#primaryimage"},"thumbnailUrl":"https:\/\/carefor.ca\/wp-content\/uploads\/2023\/07\/IMG_0330-scaled.jpg","datePublished":"2023-07-06T18:21:59+00:00","dateModified":"2023-11-20T05:13:15+00:00","breadcrumb":{"@id":"https:\/\/carefor.ca\/fr\/maisons-de-retraite\/complexe-communautaire-de-carefor\/tarifs-et-services\/#breadcrumb"},"inLanguage":"fr-FR","potentialAction":[{"@type":"ReadAction","target":["https:\/\/carefor.ca\/fr\/maisons-de-retraite\/complexe-communautaire-de-carefor\/tarifs-et-services\/"]}]},{"@type":"ImageObject","inLanguage":"fr-FR","@id":"https:\/\/carefor.ca\/fr\/maisons-de-retraite\/complexe-communautaire-de-carefor\/tarifs-et-services\/#primaryimage","url":"https:\/\/carefor.ca\/wp-content\/uploads\/2023\/07\/IMG_0330-scaled.jpg","contentUrl":"https:\/\/carefor.ca\/wp-content\/uploads\/2023\/07\/IMG_0330-scaled.jpg","width":2560,"height":1707,"caption":"Carefor Civic Complex is an affordable retirement home that offers exceptoinal quality."},{"@type":"BreadcrumbList","@id":"https:\/\/carefor.ca\/fr\/maisons-de-retraite\/complexe-communautaire-de-carefor\/tarifs-et-services\/#breadcrumb","itemListElement":[{"@type":"ListItem","position":1,"name":"Home","item":"https:\/\/carefor.ca\/fr\/"},{"@type":"ListItem","position":2,"name":"Maisons de retraite","item":"https:\/\/carefor.ca\/fr\/maisons-de-retraite\/"},{"@type":"ListItem","position":3,"name":"Complexe communautaire de Carefor","item":"https:\/\/carefor.ca\/fr\/maisons-de-retraite\/complexe-communautaire-de-carefor\/"},{"@type":"ListItem","position":4,"name":"Tarifs et services"}]},{"@type":"WebSite","@id":"https:\/\/carefor.ca\/fr\/#website","url":"https:\/\/carefor.ca\/fr\/","name":"Carefor","description":"High Quality Homecare","publisher":{"@id":"https:\/\/carefor.ca\/fr\/#organization"},"potentialAction":[{"@type":"SearchAction","target":{"@type":"EntryPoint","urlTemplate":"https:\/\/carefor.ca\/fr\/?s={search_term_string}"},"query-input":{"@type":"PropertyValueSpecification","valueRequired":true,"valueName":"search_term_string"}}],"inLanguage":"fr-FR"},{"@type":"Organization","@id":"https:\/\/carefor.ca\/fr\/#organization","name":"Carefor Health and Community Services","url":"https:\/\/carefor.ca\/fr\/","logo":{"@type":"ImageObject","inLanguage":"fr-FR","@id":"https:\/\/carefor.ca\/fr\/#\/schema\/logo\/image\/","url":"","contentUrl":"","caption":"Carefor Health and Community Services"},"image":{"@id":"https:\/\/carefor.ca\/fr\/#\/schema\/logo\/image\/"},"sameAs":["https:\/\/www.facebook.com\/CareforHCS","https:\/\/x.com\/CareforHCS","https:\/\/www.linkedin.com\/company\/carefor-health-and-community-services\/"],"description":"205 Amelia Street, Suite 100 Cornwall, ON K6H 3P3","email":"infoeasterncounties@carefor.ca","telephone":"613-932-3451"}]}},"_links":{"self":[{"href":"https:\/\/carefor.ca\/fr\/wp-json\/wp\/v2\/pages\/5478","targetHints":{"allow":["GET"]}}],"collection":[{"href":"https:\/\/carefor.ca\/fr\/wp-json\/wp\/v2\/pages"}],"about":[{"href":"https:\/\/carefor.ca\/fr\/wp-json\/wp\/v2\/types\/page"}],"author":[{"embeddable":true,"href":"https:\/\/carefor.ca\/fr\/wp-json\/wp\/v2\/users\/1"}],"replies":[{"embeddable":true,"href":"https:\/\/carefor.ca\/fr\/wp-json\/wp\/v2\/comments?post=5478"}],"version-history":[{"count":3,"href":"https:\/\/carefor.ca\/fr\/wp-json\/wp\/v2\/pages\/5478\/revisions"}],"predecessor-version":[{"id":5483,"href":"https:\/\/carefor.ca\/fr\/wp-json\/wp\/v2\/pages\/5478\/revisions\/5483"}],"up":[{"embeddable":true,"href":"https:\/\/carefor.ca\/fr\/wp-json\/wp\/v2\/pages\/5466"}],"wp:featuredmedia":[{"embeddable":true,"href":"https:\/\/carefor.ca\/fr\/wp-json\/wp\/v2\/media\/5113"}],"wp:attachment":[{"href":"https:\/\/carefor.ca\/fr\/wp-json\/wp\/v2\/media?parent=5478"}],"curies":[{"name":"wp","href":"https:\/\/api.w.org\/{rel}","templated":true}]}}