{"id":5474,"date":"2023-07-06T14:21:33","date_gmt":"2023-07-06T18:21:33","guid":{"rendered":"https:\/\/carefor.ca\/carefor-civic-complex\/tour-our-home\/"},"modified":"2023-11-19T23:47:25","modified_gmt":"2023-11-20T04:47:25","slug":"decouvrez-notre-maison","status":"publish","type":"page","link":"https:\/\/carefor.ca\/fr\/maisons-de-retraite\/complexe-communautaire-de-carefor\/decouvrez-notre-maison\/","title":{"rendered":"D\u00e9couvrez notre maison"},"content":{"rendered":"\n<h5 class=\"wp-block-heading\">Entrez faire un tour.<\/h5>\n\n\n\n<p>Derri\u00e8re sa fa\u00e7ade imposante, le Complexe communautaire de Carefor abrite une communaut\u00e9 chaleureuse, o\u00f9 l\u2019on trouve facilement un ami et du soutien. Exploit\u00e9 par Carefor, un OSBL centenaire, le Complexe place vos besoins en premier, \u00e0 un prix abordable.<\/p>\n\n\n\n<div class=\"wp-block-buttons is-content-justification-left is-layout-flex wp-container-core-buttons-is-layout-fdcfc74e wp-block-buttons-is-layout-flex\">\n<div class=\"wp-block-button\"><a class=\"wp-block-button__link has-text-align-center wp-element-button\" href=\"https:\/\/search.caredove.com\/carefor\/service\/28034\/book \" target=\"_blank\" rel=\"noreferrer noopener\">R\u00e9server une visite<\/a><\/div>\n<\/div>\n\n\n\n<div style=\"height:5rem\" aria-hidden=\"true\" class=\"wp-block-spacer\"><\/div>\n\n\n<div id=\"video-block-block_51dfe0277976165e2df78d13211e29a4\" class=\"video-block alignfull \">\n    <div class=\"row\">\n        <div class=\"medium-10 medium-offset-1\">\n                            <div class=\"block-title\">\n                    <h3>Visite virtuelle<\/h3>\n                <\/div>\n                        <div class=\"videos\">\n                                    <div class=\"responsive-embed\">\n                        <iframe loading=\"lazy\" title=\"Carefor Civic Complex\" width=\"640\" height=\"360\" src=\"https:\/\/www.youtube.com\/embed\/SdJYhmIRTz0?feature=oembed\" frameborder=\"0\" allow=\"accelerometer; autoplay; clipboard-write; encrypted-media; gyroscope; picture-in-picture; web-share\" referrerpolicy=\"strict-origin-when-cross-origin\" allowfullscreen><\/iframe>                    <\/div>\n                            <\/div>\n        <\/div>\n\n    <\/div>\n\n<\/div>\n\n\n\n<div id=\"program-locations-block_b0c54659d768229a4e6cb46a4116c06a\" class=\"program-locations alignfull \">\n    <div class=\"row column\">\n              <div class=\"block-title\">\n          <h3>Contactez-nous<\/h3>\n       <\/div>\n               <div class=\"tabs-wrapper\">\n            <ul class=\"tabs\" data-tabs id=\"locations-tabs\">\n                                                    <li class=\"tabs-title is-active\"><a href=\"javascript:void();\" data-tabs-target=\"comt\u00e9-de-pembroke-renfrew\" aria-selected=\"true\">Comt\u00e9 de Pembroke-Renfrew<\/a><\/li>\n                                          <\/ul>\n        <\/div>\n\n        <div class=\"tabs-content\" data-tabs-content=\"locations-tabs\">\n\n            \n           \n                <div class=\"tabs-panel is-active\" id=\"comt\u00e9-de-pembroke-renfrew\">\n                   <div class=\"tab-content-inner\">\n\n                                                                                           <div class=\"wysiwyg\">\n                            <h6>Casey<\/h6>\n<p>425, rue Cecelia<br \/>\nPembroke (Ontario)<\/p>\n<p>Sans frais : <a href=\"tel:1-833-922-2734\">1-833-922-2734<\/a>, poste 3222<br \/>\n<a href=\"mailto:cdixon@carefor.ca\">cdixon@carefor.ca<\/a><\/p>\n                         <\/div>\n                      \n                           \n                   <\/div>\n                <\/div>\n\n      \n            <\/div>\n    <\/div>\n<\/div>\n\n\n<div id=\"google-map-block-block_e4332f7bb2b047558508016d84840ab2\" class=\"google-map-block \">\n\n      <div class=\"acf-map\" data-zoom=\"16\" style=\"width:100%; \">\n      <div class=\"marker\" data-lat=\"45.820964\" data-lng=\"-77.101706\"><\/div>\n   <\/div>\n<\/div>\n\n\n\n<div style=\"height:100px\" aria-hidden=\"true\" class=\"wp-block-spacer\"><\/div>\n\n\n\n<div id=\"image-text-block_0e7f46bdd63cc0ed947dad2283137915_0\" class=\"image-text alignfull image-text-0 \">\n    <div class=\"block-wrapper\">\n        <div class=\"row column\">\n            <div class=\"image-text-container\">\n                <div class=\"text-wrapper\">\n                    <div class=\"text-content\">\n                        <h3>Le Centre Mackay de Carefor \u2013 notre autre maison de retraite<\/h3>\n\t                    <p>Connaissez-vous notre autre maison de retraite? Si le Complexe communautaire de Carefor ne vous convient, peut-\u00eatre le Centre Mackay saura-t-il ravir votre c\u0153ur!<\/p>\n<p>&nbsp;<\/p>\n                       \t                    <a href=\"https:\/\/carefor.ca\/fr\/centre-mackay-de-carefor\/\" target=\"_blank\" class=\"cta\">En savoir plus<\/a>                                           <\/div>\n\n                <\/div>\n                <div class=\"image-wrapper\">\n                                                                <div class=\"rounded-image image-0\">\n\n                                                         <a href=\"https:\/\/carefor.ca\/fr\/centre-mackay-de-carefor\/\" target=\"_blank\">\n                                 <img loading=\"lazy\" decoding=\"async\" width=\"768\" height=\"512\" src=\"https:\/\/carefor.ca\/wp-content\/uploads\/2023\/07\/IMG_0821-768x512.jpg\" class=\"attachment-box-image size-box-image\" alt=\"Carefor MacK\" srcset=\"https:\/\/carefor.ca\/wp-content\/uploads\/2023\/07\/IMG_0821-768x512.jpg 768w, https:\/\/carefor.ca\/wp-content\/uploads\/2023\/07\/IMG_0821-300x200.jpg 300w, https:\/\/carefor.ca\/wp-content\/uploads\/2023\/07\/IMG_0821-1024x683.jpg 1024w, https:\/\/carefor.ca\/wp-content\/uploads\/2023\/07\/IMG_0821-1536x1024.jpg 1536w, https:\/\/carefor.ca\/wp-content\/uploads\/2023\/07\/IMG_0821-2048x1365.jpg 2048w, https:\/\/carefor.ca\/wp-content\/uploads\/2023\/07\/IMG_0821-2000x1333.jpg 2000w, https:\/\/carefor.ca\/wp-content\/uploads\/2023\/07\/IMG_0821-400x267.jpg 400w\" sizes=\"auto, (max-width: 768px) 100vw, 768px\" \/>                              <\/a>\n                                                   <\/div>\n\n                                                        <\/div>\n            <\/div>\n        <\/div>\n    <\/div>\n<\/div>\n\n<div class=\"large reveal video-reveal\" id=\"link-video\" data-reveal>\n   <div class=\"responsive-embed widescreen\">\n\n   <\/div>\n   <button class=\"close-button\" data-close aria-label=\"Close modal\" type=\"button\">\n      <span aria-hidden=\"true\">&times;<\/span>\n   <\/button>\n<\/div>\n\n\n<div style=\"height:100px\" aria-hidden=\"true\" class=\"wp-block-spacer\"><\/div>\n\n\n<div id=\"impact-stories-block_e895f6bb4f2e4e2277c01bd3ec60ce63\" class=\"impact-stories alignfull \">\n    <div class=\"stories-slides\" id=\"stories-slides-slider\">\n                <div class=\"blog-post-slide\">\n                <div class=\"post-info\">\n                   <div class=\"post-info-inner\">\n                      <div class=\"blog-title\">\n                         <a href=\"https:\/\/carefor.ca\/our-impact\/stories-of-impact\/\" class=\"pile-cta\">Stories of Impact<\/a>                      <\/div>\n                      <div class=\"title\">\n                         <h4><a href=\"#\" class=\"open-video-modal\" data-post-id=\"5737\">Tout le monde m\u00e9rite d\u2019avoir un chez-soi<\/a><\/h4>\n                      <\/div>\n                      <div class=\"excerpt\">\n                         <p>Carefor\u2019s Everyone Deserves a Place to Call Home campaign is raising money to support vulnerable seniors in the Ottawa Valley get the care and community they deserve. Through your support we\u2019re able to provide our seniors a warm meal, recreation programs, and equipment that ensures their safety. Moreover, you\u2019re giving them a second family.<\/p>\n                      <\/div>\n                      <div class=\"read-more\">\n                         <a href=\"#\" class=\"cta-with-arrow open-video-modal\" data-post-id=\"5737\">Watch Video<\/a>\n                      <\/div>\n                   <\/div>\n\n                <\/div>\n                <div class=\"image-wrapper\">\n                    <img loading=\"lazy\" decoding=\"async\" width=\"768\" height=\"432\" src=\"https:\/\/carefor.ca\/wp-content\/uploads\/2023\/07\/guNisLMi_J4-HD-768x432.jpg\" class=\"attachment-box-image size-box-image wp-post-image\" alt=\"\" srcset=\"https:\/\/carefor.ca\/wp-content\/uploads\/2023\/07\/guNisLMi_J4-HD-768x432.jpg 768w, https:\/\/carefor.ca\/wp-content\/uploads\/2023\/07\/guNisLMi_J4-HD-300x169.jpg 300w, https:\/\/carefor.ca\/wp-content\/uploads\/2023\/07\/guNisLMi_J4-HD-1024x576.jpg 1024w, https:\/\/carefor.ca\/wp-content\/uploads\/2023\/07\/guNisLMi_J4-HD-400x225.jpg 400w, https:\/\/carefor.ca\/wp-content\/uploads\/2023\/07\/guNisLMi_J4-HD.jpg 1280w\" sizes=\"auto, (max-width: 768px) 100vw, 768px\" \/>                <\/div>\n            <\/div>\n                    <div class=\"blog-post-slide\">\n                <div class=\"post-info\">\n                   <div class=\"post-info-inner\">\n                      <div class=\"blog-title\">\n                         <a href=\"https:\/\/carefor.ca\/our-impact\/stories-of-impact\/\" class=\"pile-cta\">Stories of Impact<\/a>                      <\/div>\n                      <div class=\"title\">\n                         <h4><a href=\"https:\/\/carefor.ca\/fr\/stories\/les-residents-et-residentes-du-complexe-communautaire-de-carefor-preparent-une-surprise-speciale-pour-souligner-le-travail-du-personnel-pendant-la-pandemie\/\" class=\"\" data-post-id=\"5738\">Les r\u00e9sidents et r\u00e9sidentes du Complexe communautaire de Carefor pr\u00e9parent une surprise sp\u00e9ciale pour souligner le travail du personnel pendant la pand\u00e9mie.<\/a><\/h4>\n                      <\/div>\n                      <div class=\"excerpt\">\n                         <p>Carefor Civic Residential Complex residents give staff members a special surprise for their work during the pandemic Making a tremendous impact on people\u2019s lives is something Carefor staff do each [&hellip;]<\/p>\n                      <\/div>\n                      <div class=\"read-more\">\n                         <a href=\"https:\/\/carefor.ca\/fr\/stories\/les-residents-et-residentes-du-complexe-communautaire-de-carefor-preparent-une-surprise-speciale-pour-souligner-le-travail-du-personnel-pendant-la-pandemie\/\" class=\"cta-with-arrow \" data-post-id=\"5738\">Lire L&rsquo;Article Complet<\/a>\n                      <\/div>\n                   <\/div>\n\n                <\/div>\n                <div class=\"image-wrapper\">\n                    <img loading=\"lazy\" decoding=\"async\" width=\"768\" height=\"576\" src=\"https:\/\/carefor.ca\/wp-content\/uploads\/2023\/07\/carefor-civic-residential-complex-residents-give-staff-special-surprise-for-their-work-during-the-pandemic-image-62-768x576.jpg\" class=\"attachment-box-image size-box-image wp-post-image\" alt=\"\" srcset=\"https:\/\/carefor.ca\/wp-content\/uploads\/2023\/07\/carefor-civic-residential-complex-residents-give-staff-special-surprise-for-their-work-during-the-pandemic-image-62-768x576.jpg 768w, https:\/\/carefor.ca\/wp-content\/uploads\/2023\/07\/carefor-civic-residential-complex-residents-give-staff-special-surprise-for-their-work-during-the-pandemic-image-62-300x225.jpg 300w, https:\/\/carefor.ca\/wp-content\/uploads\/2023\/07\/carefor-civic-residential-complex-residents-give-staff-special-surprise-for-their-work-during-the-pandemic-image-62-1024x768.jpg 1024w, https:\/\/carefor.ca\/wp-content\/uploads\/2023\/07\/carefor-civic-residential-complex-residents-give-staff-special-surprise-for-their-work-during-the-pandemic-image-62-1536x1152.jpg 1536w, https:\/\/carefor.ca\/wp-content\/uploads\/2023\/07\/carefor-civic-residential-complex-residents-give-staff-special-surprise-for-their-work-during-the-pandemic-image-62-2048x1536.jpg 2048w, https:\/\/carefor.ca\/wp-content\/uploads\/2023\/07\/carefor-civic-residential-complex-residents-give-staff-special-surprise-for-their-work-during-the-pandemic-image-62-2000x1500.jpg 2000w, https:\/\/carefor.ca\/wp-content\/uploads\/2023\/07\/carefor-civic-residential-complex-residents-give-staff-special-surprise-for-their-work-during-the-pandemic-image-62-400x300.jpg 400w\" sizes=\"auto, (max-width: 768px) 100vw, 768px\" \/>                <\/div>\n            <\/div>\n            <\/div>\n<\/div>\n\n\n<div class=\"reveal small\" id=\"impact-story-modal\" data-reveal>\n   <button class=\"close-button\" data-close aria-label=\"Close modal\" type=\"button\">\n      <span aria-hidden=\"true\">&times;<\/span>\n   <\/button>\n   <div class=\"modal-inner\">\n      <div class=\"video-container\">\n         <div class=\"video-title\"><h4><\/h4><\/div>\n         <div class=\"responsive-embed widescreen\"><\/div>\n      <\/div>\n   <\/div>\n<\/div>\n","protected":false},"excerpt":{"rendered":"<p>Entrez faire un tour. Derri\u00e8re sa fa\u00e7ade imposante, le Complexe communautaire de Carefor abrite une communaut\u00e9 chaleureuse, o\u00f9 l\u2019on trouve facilement un ami et du soutien. Exploit\u00e9 par Carefor, un [&hellip;]<\/p>\n","protected":false},"author":1,"featured_media":5108,"parent":5466,"menu_order":1,"comment_status":"closed","ping_status":"closed","template":"page-microsite-internal.php","meta":{"_acf_changed":false,"_relevanssi_hide_post":"","_relevanssi_hide_content":"","_relevanssi_pin_for_all":"","_relevanssi_pin_keywords":"","_relevanssi_unpin_keywords":"","_relevanssi_related_keywords":"","_relevanssi_related_include_ids":"","_relevanssi_related_exclude_ids":"","_relevanssi_related_no_append":"","_relevanssi_related_not_related":"","_relevanssi_related_posts":"","_relevanssi_noindex_reason":"","footnotes":""},"class_list":["post-5474","page","type-page","status-publish","has-post-thumbnail","hentry"],"acf":[],"yoast_head":"<!-- This site is optimized with the Yoast SEO Premium plugin v24.9 (Yoast SEO v27.4) - https:\/\/yoast.com\/product\/yoast-seo-premium-wordpress\/ -->\n<title>D\u00e9couvrez notre maison - Carefor<\/title>\n<meta name=\"robots\" content=\"index, follow, max-snippet:-1, max-image-preview:large, max-video-preview:-1\" \/>\n<link rel=\"canonical\" href=\"https:\/\/carefor.ca\/fr\/maisons-de-retraite\/complexe-communautaire-de-carefor\/decouvrez-notre-maison\/\" \/>\n<meta property=\"og:locale\" content=\"fr_FR\" \/>\n<meta property=\"og:type\" content=\"article\" \/>\n<meta property=\"og:title\" content=\"D\u00e9couvrez notre maison\" \/>\n<meta property=\"og:description\" content=\"Entrez faire un tour. Derri\u00e8re sa fa\u00e7ade imposante, le Complexe communautaire de Carefor abrite une communaut\u00e9 chaleureuse, o\u00f9 l\u2019on trouve facilement un ami et du soutien. Exploit\u00e9 par Carefor, un [&hellip;]\" \/>\n<meta property=\"og:url\" content=\"https:\/\/carefor.ca\/fr\/maisons-de-retraite\/complexe-communautaire-de-carefor\/decouvrez-notre-maison\/\" \/>\n<meta property=\"og:site_name\" content=\"Carefor\" \/>\n<meta property=\"article:publisher\" content=\"https:\/\/www.facebook.com\/CareforHCS\" \/>\n<meta property=\"article:modified_time\" content=\"2023-11-20T04:47:25+00:00\" \/>\n<meta property=\"og:image\" content=\"https:\/\/carefor.ca\/wp-content\/uploads\/2023\/07\/RGB-JPG-8-003-scaled.jpg\" \/>\n\t<meta property=\"og:image:width\" content=\"2560\" \/>\n\t<meta property=\"og:image:height\" content=\"1707\" \/>\n\t<meta property=\"og:image:type\" content=\"image\/jpeg\" \/>\n<meta name=\"twitter:card\" content=\"summary_large_image\" \/>\n<meta name=\"twitter:site\" content=\"@CareforHCS\" \/>\n<meta name=\"twitter:label1\" content=\"Dur\u00e9e de lecture estim\u00e9e\" \/>\n\t<meta name=\"twitter:data1\" content=\"1 minute\" \/>\n<script type=\"application\/ld+json\" class=\"yoast-schema-graph\">{\"@context\":\"https:\\\/\\\/schema.org\",\"@graph\":[{\"@type\":\"WebPage\",\"@id\":\"https:\\\/\\\/carefor.ca\\\/fr\\\/maisons-de-retraite\\\/complexe-communautaire-de-carefor\\\/decouvrez-notre-maison\\\/\",\"url\":\"https:\\\/\\\/carefor.ca\\\/fr\\\/maisons-de-retraite\\\/complexe-communautaire-de-carefor\\\/decouvrez-notre-maison\\\/\",\"name\":\"D\u00e9couvrez notre maison - Carefor\",\"isPartOf\":{\"@id\":\"https:\\\/\\\/carefor.ca\\\/fr\\\/#website\"},\"primaryImageOfPage\":{\"@id\":\"https:\\\/\\\/carefor.ca\\\/fr\\\/maisons-de-retraite\\\/complexe-communautaire-de-carefor\\\/decouvrez-notre-maison\\\/#primaryimage\"},\"image\":{\"@id\":\"https:\\\/\\\/carefor.ca\\\/fr\\\/maisons-de-retraite\\\/complexe-communautaire-de-carefor\\\/decouvrez-notre-maison\\\/#primaryimage\"},\"thumbnailUrl\":\"https:\\\/\\\/carefor.ca\\\/wp-content\\\/uploads\\\/2023\\\/07\\\/RGB-JPG-8-003-scaled.jpg\",\"datePublished\":\"2023-07-06T18:21:33+00:00\",\"dateModified\":\"2023-11-20T04:47:25+00:00\",\"breadcrumb\":{\"@id\":\"https:\\\/\\\/carefor.ca\\\/fr\\\/maisons-de-retraite\\\/complexe-communautaire-de-carefor\\\/decouvrez-notre-maison\\\/#breadcrumb\"},\"inLanguage\":\"fr-FR\",\"potentialAction\":[{\"@type\":\"ReadAction\",\"target\":[\"https:\\\/\\\/carefor.ca\\\/fr\\\/maisons-de-retraite\\\/complexe-communautaire-de-carefor\\\/decouvrez-notre-maison\\\/\"]}]},{\"@type\":\"ImageObject\",\"inLanguage\":\"fr-FR\",\"@id\":\"https:\\\/\\\/carefor.ca\\\/fr\\\/maisons-de-retraite\\\/complexe-communautaire-de-carefor\\\/decouvrez-notre-maison\\\/#primaryimage\",\"url\":\"https:\\\/\\\/carefor.ca\\\/wp-content\\\/uploads\\\/2023\\\/07\\\/RGB-JPG-8-003-scaled.jpg\",\"contentUrl\":\"https:\\\/\\\/carefor.ca\\\/wp-content\\\/uploads\\\/2023\\\/07\\\/RGB-JPG-8-003-scaled.jpg\",\"width\":2560,\"height\":1707,\"caption\":\"Carefor Civic\"},{\"@type\":\"BreadcrumbList\",\"@id\":\"https:\\\/\\\/carefor.ca\\\/fr\\\/maisons-de-retraite\\\/complexe-communautaire-de-carefor\\\/decouvrez-notre-maison\\\/#breadcrumb\",\"itemListElement\":[{\"@type\":\"ListItem\",\"position\":1,\"name\":\"Home\",\"item\":\"https:\\\/\\\/carefor.ca\\\/fr\\\/\"},{\"@type\":\"ListItem\",\"position\":2,\"name\":\"Maisons de retraite\",\"item\":\"https:\\\/\\\/carefor.ca\\\/fr\\\/maisons-de-retraite\\\/\"},{\"@type\":\"ListItem\",\"position\":3,\"name\":\"Complexe communautaire de Carefor\",\"item\":\"https:\\\/\\\/carefor.ca\\\/fr\\\/maisons-de-retraite\\\/complexe-communautaire-de-carefor\\\/\"},{\"@type\":\"ListItem\",\"position\":4,\"name\":\"D\u00e9couvrez notre maison\"}]},{\"@type\":\"WebSite\",\"@id\":\"https:\\\/\\\/carefor.ca\\\/fr\\\/#website\",\"url\":\"https:\\\/\\\/carefor.ca\\\/fr\\\/\",\"name\":\"Carefor\",\"description\":\"High Quality Homecare\",\"publisher\":{\"@id\":\"https:\\\/\\\/carefor.ca\\\/fr\\\/#organization\"},\"potentialAction\":[{\"@type\":\"SearchAction\",\"target\":{\"@type\":\"EntryPoint\",\"urlTemplate\":\"https:\\\/\\\/carefor.ca\\\/fr\\\/?s={search_term_string}\"},\"query-input\":{\"@type\":\"PropertyValueSpecification\",\"valueRequired\":true,\"valueName\":\"search_term_string\"}}],\"inLanguage\":\"fr-FR\"},{\"@type\":\"Organization\",\"@id\":\"https:\\\/\\\/carefor.ca\\\/fr\\\/#organization\",\"name\":\"Carefor Health and Community Services\",\"url\":\"https:\\\/\\\/carefor.ca\\\/fr\\\/\",\"logo\":{\"@type\":\"ImageObject\",\"inLanguage\":\"fr-FR\",\"@id\":\"https:\\\/\\\/carefor.ca\\\/fr\\\/#\\\/schema\\\/logo\\\/image\\\/\",\"url\":\"\",\"contentUrl\":\"\",\"caption\":\"Carefor Health and Community Services\"},\"image\":{\"@id\":\"https:\\\/\\\/carefor.ca\\\/fr\\\/#\\\/schema\\\/logo\\\/image\\\/\"},\"sameAs\":[\"https:\\\/\\\/www.facebook.com\\\/CareforHCS\",\"https:\\\/\\\/x.com\\\/CareforHCS\",\"https:\\\/\\\/www.linkedin.com\\\/company\\\/carefor-health-and-community-services\\\/\"],\"description\":\"205 Amelia Street, Suite 100 Cornwall, ON K6H 3P3\",\"email\":\"infoeasterncounties@carefor.ca\",\"telephone\":\"613-932-3451\"}]}<\/script>\n<!-- \/ Yoast SEO Premium plugin. -->","yoast_head_json":{"title":"D\u00e9couvrez notre maison - Carefor","robots":{"index":"index","follow":"follow","max-snippet":"max-snippet:-1","max-image-preview":"max-image-preview:large","max-video-preview":"max-video-preview:-1"},"canonical":"https:\/\/carefor.ca\/fr\/maisons-de-retraite\/complexe-communautaire-de-carefor\/decouvrez-notre-maison\/","og_locale":"fr_FR","og_type":"article","og_title":"D\u00e9couvrez notre maison","og_description":"Entrez faire un tour. Derri\u00e8re sa fa\u00e7ade imposante, le Complexe communautaire de Carefor abrite une communaut\u00e9 chaleureuse, o\u00f9 l\u2019on trouve facilement un ami et du soutien. Exploit\u00e9 par Carefor, un [&hellip;]","og_url":"https:\/\/carefor.ca\/fr\/maisons-de-retraite\/complexe-communautaire-de-carefor\/decouvrez-notre-maison\/","og_site_name":"Carefor","article_publisher":"https:\/\/www.facebook.com\/CareforHCS","article_modified_time":"2023-11-20T04:47:25+00:00","og_image":[{"width":2560,"height":1707,"url":"https:\/\/carefor.ca\/wp-content\/uploads\/2023\/07\/RGB-JPG-8-003-scaled.jpg","type":"image\/jpeg"}],"twitter_card":"summary_large_image","twitter_site":"@CareforHCS","twitter_misc":{"Dur\u00e9e de lecture estim\u00e9e":"1 minute"},"schema":{"@context":"https:\/\/schema.org","@graph":[{"@type":"WebPage","@id":"https:\/\/carefor.ca\/fr\/maisons-de-retraite\/complexe-communautaire-de-carefor\/decouvrez-notre-maison\/","url":"https:\/\/carefor.ca\/fr\/maisons-de-retraite\/complexe-communautaire-de-carefor\/decouvrez-notre-maison\/","name":"D\u00e9couvrez notre maison - Carefor","isPartOf":{"@id":"https:\/\/carefor.ca\/fr\/#website"},"primaryImageOfPage":{"@id":"https:\/\/carefor.ca\/fr\/maisons-de-retraite\/complexe-communautaire-de-carefor\/decouvrez-notre-maison\/#primaryimage"},"image":{"@id":"https:\/\/carefor.ca\/fr\/maisons-de-retraite\/complexe-communautaire-de-carefor\/decouvrez-notre-maison\/#primaryimage"},"thumbnailUrl":"https:\/\/carefor.ca\/wp-content\/uploads\/2023\/07\/RGB-JPG-8-003-scaled.jpg","datePublished":"2023-07-06T18:21:33+00:00","dateModified":"2023-11-20T04:47:25+00:00","breadcrumb":{"@id":"https:\/\/carefor.ca\/fr\/maisons-de-retraite\/complexe-communautaire-de-carefor\/decouvrez-notre-maison\/#breadcrumb"},"inLanguage":"fr-FR","potentialAction":[{"@type":"ReadAction","target":["https:\/\/carefor.ca\/fr\/maisons-de-retraite\/complexe-communautaire-de-carefor\/decouvrez-notre-maison\/"]}]},{"@type":"ImageObject","inLanguage":"fr-FR","@id":"https:\/\/carefor.ca\/fr\/maisons-de-retraite\/complexe-communautaire-de-carefor\/decouvrez-notre-maison\/#primaryimage","url":"https:\/\/carefor.ca\/wp-content\/uploads\/2023\/07\/RGB-JPG-8-003-scaled.jpg","contentUrl":"https:\/\/carefor.ca\/wp-content\/uploads\/2023\/07\/RGB-JPG-8-003-scaled.jpg","width":2560,"height":1707,"caption":"Carefor Civic"},{"@type":"BreadcrumbList","@id":"https:\/\/carefor.ca\/fr\/maisons-de-retraite\/complexe-communautaire-de-carefor\/decouvrez-notre-maison\/#breadcrumb","itemListElement":[{"@type":"ListItem","position":1,"name":"Home","item":"https:\/\/carefor.ca\/fr\/"},{"@type":"ListItem","position":2,"name":"Maisons de retraite","item":"https:\/\/carefor.ca\/fr\/maisons-de-retraite\/"},{"@type":"ListItem","position":3,"name":"Complexe communautaire de Carefor","item":"https:\/\/carefor.ca\/fr\/maisons-de-retraite\/complexe-communautaire-de-carefor\/"},{"@type":"ListItem","position":4,"name":"D\u00e9couvrez notre maison"}]},{"@type":"WebSite","@id":"https:\/\/carefor.ca\/fr\/#website","url":"https:\/\/carefor.ca\/fr\/","name":"Carefor","description":"High Quality Homecare","publisher":{"@id":"https:\/\/carefor.ca\/fr\/#organization"},"potentialAction":[{"@type":"SearchAction","target":{"@type":"EntryPoint","urlTemplate":"https:\/\/carefor.ca\/fr\/?s={search_term_string}"},"query-input":{"@type":"PropertyValueSpecification","valueRequired":true,"valueName":"search_term_string"}}],"inLanguage":"fr-FR"},{"@type":"Organization","@id":"https:\/\/carefor.ca\/fr\/#organization","name":"Carefor Health and Community Services","url":"https:\/\/carefor.ca\/fr\/","logo":{"@type":"ImageObject","inLanguage":"fr-FR","@id":"https:\/\/carefor.ca\/fr\/#\/schema\/logo\/image\/","url":"","contentUrl":"","caption":"Carefor Health and Community Services"},"image":{"@id":"https:\/\/carefor.ca\/fr\/#\/schema\/logo\/image\/"},"sameAs":["https:\/\/www.facebook.com\/CareforHCS","https:\/\/x.com\/CareforHCS","https:\/\/www.linkedin.com\/company\/carefor-health-and-community-services\/"],"description":"205 Amelia Street, Suite 100 Cornwall, ON K6H 3P3","email":"infoeasterncounties@carefor.ca","telephone":"613-932-3451"}]}},"_links":{"self":[{"href":"https:\/\/carefor.ca\/fr\/wp-json\/wp\/v2\/pages\/5474","targetHints":{"allow":["GET"]}}],"collection":[{"href":"https:\/\/carefor.ca\/fr\/wp-json\/wp\/v2\/pages"}],"about":[{"href":"https:\/\/carefor.ca\/fr\/wp-json\/wp\/v2\/types\/page"}],"author":[{"embeddable":true,"href":"https:\/\/carefor.ca\/fr\/wp-json\/wp\/v2\/users\/1"}],"replies":[{"embeddable":true,"href":"https:\/\/carefor.ca\/fr\/wp-json\/wp\/v2\/comments?post=5474"}],"version-history":[{"count":4,"href":"https:\/\/carefor.ca\/fr\/wp-json\/wp\/v2\/pages\/5474\/revisions"}],"predecessor-version":[{"id":5724,"href":"https:\/\/carefor.ca\/fr\/wp-json\/wp\/v2\/pages\/5474\/revisions\/5724"}],"up":[{"embeddable":true,"href":"https:\/\/carefor.ca\/fr\/wp-json\/wp\/v2\/pages\/5466"}],"wp:featuredmedia":[{"embeddable":true,"href":"https:\/\/carefor.ca\/fr\/wp-json\/wp\/v2\/media\/5108"}],"wp:attachment":[{"href":"https:\/\/carefor.ca\/fr\/wp-json\/wp\/v2\/media?parent=5474"}],"curies":[{"name":"wp","href":"https:\/\/api.w.org\/{rel}","templated":true}]}}