{"id":5462,"date":"2023-07-06T19:03:46","date_gmt":"2023-07-06T23:03:46","guid":{"rendered":"https:\/\/carefor.ca\/specialized-supportive-housing\/"},"modified":"2023-11-20T00:20:49","modified_gmt":"2023-11-20T05:20:49","slug":"logements-avec-services-de-soutien-specialises","status":"publish","type":"page","link":"https:\/\/carefor.ca\/fr\/logements-avec-services-de-soutien-specialises\/","title":{"rendered":"Logements avec services de soutien sp\u00e9cialis\u00e9s"},"content":{"rendered":"\n<p>Offert au Centre Mackay de Carefor, ce programme s\u00fbr propose des logements abordables et des services de soutien sp\u00e9cialis\u00e9 aux adultes souffrant de troubles de sant\u00e9 mentale et de retards de d\u00e9veloppement. Il les aide \u00e0 am\u00e9liorer leur sant\u00e9 tout en favorisant leur autonomie et leur r\u00e9tablissement.<\/p>\n\n\n\n<p>Quelle que soit la cause de votre besoin, nous sommes l\u00e0 pour vous offrir les meilleurs soins possible.<\/p>\n\n\n\n<h4 class=\"wp-block-heading\">Les services comprennent :<\/h4>\n\n\n\n<ul class=\"wp-block-list\">\n<li>des logements priv\u00e9s \u00e0 court et \u00e0 long terme<\/li>\n\n\n\n<li>des professionnels des soins de sant\u00e9 et de la sant\u00e9 mentale<\/li>\n\n\n\n<li>le renforcement des comp\u00e9tences<\/li>\n\n\n\n<li>une assistance en mati\u00e8re de soins personnels<\/li>\n\n\n\n<li>des activit\u00e9s r\u00e9cr\u00e9atives<\/li>\n\n\n\n<li>des programmes communautaires<\/li>\n\n\n\n<li>un service de lessive<\/li>\n\n\n\n<li>un entretien m\u00e9nager hebdomadaire<\/li>\n\n\n\n<li>la gestion et l\u2019apprentissage en mati\u00e8re de m\u00e9dicaments et de soins de sant\u00e9<\/li>\n\n\n\n<li>le counseling et la th\u00e9rapie<\/li>\n\n\n\n<li>la formation aux aptitudes \u00e0 la vie quotidienne<\/li>\n<\/ul>\n\n\n\n<div class=\"wp-block-buttons is-layout-flex wp-block-buttons-is-layout-flex\">\n<div class=\"wp-block-button\"><a class=\"wp-block-button__link wp-element-button\" href=\"https:\/\/search.caredove.com\/carefor\/service\/27628\/book\" target=\"_blank\" rel=\"noreferrer noopener\">R\u00e9server une visite<\/a><\/div>\n<\/div>\n\n\n\n<div style=\"height:80px\" aria-hidden=\"true\" class=\"wp-block-spacer\"><\/div>\n\n\n\n<div id=\"image-text-block_ea140bf46adccdb12cc241efb311071f_0\" class=\"image-text alignfull image-text-0 \">\n    <div class=\"block-wrapper\">\n        <div class=\"row column\">\n            <div class=\"image-text-container\">\n                <div class=\"text-wrapper\">\n                    <div class=\"text-content\">\n                        <h3>En savoir plus sur le Centre Mackay de Carefor<\/h3>\n\t                    <p>En plus d\u2019\u00eatre parfaitement situ\u00e9 en face de l\u2019H\u00f4pital Pembroke Memorial et \u00e0 proximit\u00e9 du centre-ville, le Centre Mackay offre une vie de retraite \u00e0 un prix exceptionnel.<\/p>\n<p>Exploit\u00e9 par Carefor, un OSBL centenaire, le Centre Mackay place vos besoins en premier, \u00e0 un prix abordable.<\/p>\n                       \t                    <a href=\"https:\/\/carefor.ca\/fr\/centre-mackay-de-carefor\/\" target=\"_blank\" class=\"cta\">En savoir plus<\/a>                                           <\/div>\n\n                <\/div>\n                <div class=\"image-wrapper\">\n                                                                <div class=\"rounded-image image-0\">\n\n                                                         <a href=\"https:\/\/carefor.ca\/fr\/centre-mackay-de-carefor\/\" target=\"_blank\">\n                                 <img loading=\"lazy\" decoding=\"async\" width=\"768\" height=\"631\" src=\"https:\/\/carefor.ca\/wp-content\/uploads\/2023\/07\/Carefor_IMG_6018-768x631.jpg\" class=\"attachment-box-image size-box-image\" alt=\"\" srcset=\"https:\/\/carefor.ca\/wp-content\/uploads\/2023\/07\/Carefor_IMG_6018-768x631.jpg 768w, https:\/\/carefor.ca\/wp-content\/uploads\/2023\/07\/Carefor_IMG_6018-300x247.jpg 300w, https:\/\/carefor.ca\/wp-content\/uploads\/2023\/07\/Carefor_IMG_6018-1024x842.jpg 1024w, https:\/\/carefor.ca\/wp-content\/uploads\/2023\/07\/Carefor_IMG_6018-1536x1263.jpg 1536w, https:\/\/carefor.ca\/wp-content\/uploads\/2023\/07\/Carefor_IMG_6018-2048x1684.jpg 2048w, https:\/\/carefor.ca\/wp-content\/uploads\/2023\/07\/Carefor_IMG_6018-2000x1644.jpg 2000w, https:\/\/carefor.ca\/wp-content\/uploads\/2023\/07\/Carefor_IMG_6018-400x329.jpg 400w\" sizes=\"auto, (max-width: 768px) 100vw, 768px\" \/>                              <\/a>\n                                                   <\/div>\n\n                                                        <\/div>\n            <\/div>\n        <\/div>\n    <\/div>\n<\/div>\n\n<div class=\"large reveal video-reveal\" id=\"link-video\" data-reveal>\n   <div class=\"responsive-embed widescreen\">\n\n   <\/div>\n   <button class=\"close-button\" data-close aria-label=\"Close modal\" type=\"button\">\n      <span aria-hidden=\"true\">&times;<\/span>\n   <\/button>\n<\/div>\n\n\n<div style=\"height:100px\" aria-hidden=\"true\" class=\"wp-block-spacer\"><\/div>\n","protected":false},"excerpt":{"rendered":"<p>Offert au Centre Mackay de Carefor, ce programme s\u00fbr propose des logements abordables et des services de soutien sp\u00e9cialis\u00e9 aux adultes souffrant de troubles de sant\u00e9 mentale et de retards [&hellip;]<\/p>\n","protected":false},"author":1,"featured_media":5106,"parent":0,"menu_order":0,"comment_status":"closed","ping_status":"closed","template":"page-internal.php","meta":{"_acf_changed":false,"_relevanssi_hide_post":"","_relevanssi_hide_content":"","_relevanssi_pin_for_all":"","_relevanssi_pin_keywords":"","_relevanssi_unpin_keywords":"","_relevanssi_related_keywords":"","_relevanssi_related_include_ids":"","_relevanssi_related_exclude_ids":"","_relevanssi_related_no_append":"","_relevanssi_related_not_related":"","_relevanssi_related_posts":"","_relevanssi_noindex_reason":"","footnotes":""},"class_list":["post-5462","page","type-page","status-publish","has-post-thumbnail","hentry"],"acf":[],"yoast_head":"<!-- This site is optimized with the Yoast SEO Premium plugin v24.9 (Yoast SEO v27.4) - https:\/\/yoast.com\/product\/yoast-seo-premium-wordpress\/ -->\n<title>Logements avec services de soutien sp\u00e9cialis\u00e9s - Carefor<\/title>\n<meta name=\"robots\" content=\"index, follow, max-snippet:-1, max-image-preview:large, max-video-preview:-1\" \/>\n<link rel=\"canonical\" href=\"https:\/\/carefor.ca\/fr\/logements-avec-services-de-soutien-specialises\/\" \/>\n<meta property=\"og:locale\" content=\"fr_FR\" \/>\n<meta property=\"og:type\" content=\"article\" \/>\n<meta property=\"og:title\" content=\"Logements avec services de soutien sp\u00e9cialis\u00e9s\" \/>\n<meta property=\"og:description\" content=\"Offert au Centre Mackay de Carefor, ce programme s\u00fbr propose des logements abordables et des services de soutien sp\u00e9cialis\u00e9 aux adultes souffrant de troubles de sant\u00e9 mentale et de retards [&hellip;]\" \/>\n<meta property=\"og:url\" content=\"https:\/\/carefor.ca\/fr\/logements-avec-services-de-soutien-specialises\/\" \/>\n<meta property=\"og:site_name\" content=\"Carefor\" \/>\n<meta property=\"article:publisher\" content=\"https:\/\/www.facebook.com\/CareforHCS\" \/>\n<meta property=\"article:modified_time\" content=\"2023-11-20T05:20:49+00:00\" \/>\n<meta property=\"og:image\" content=\"https:\/\/carefor.ca\/wp-content\/uploads\/2023\/07\/ADF_Carefor_Civic_17-scaled.jpg\" \/>\n\t<meta property=\"og:image:width\" content=\"2560\" \/>\n\t<meta property=\"og:image:height\" content=\"1885\" \/>\n\t<meta property=\"og:image:type\" content=\"image\/jpeg\" \/>\n<meta name=\"twitter:card\" content=\"summary_large_image\" \/>\n<meta name=\"twitter:site\" content=\"@CareforHCS\" \/>\n<meta name=\"twitter:label1\" content=\"Dur\u00e9e de lecture estim\u00e9e\" \/>\n\t<meta name=\"twitter:data1\" content=\"1 minute\" \/>\n<script type=\"application\/ld+json\" class=\"yoast-schema-graph\">{\"@context\":\"https:\\\/\\\/schema.org\",\"@graph\":[{\"@type\":\"WebPage\",\"@id\":\"https:\\\/\\\/carefor.ca\\\/fr\\\/logements-avec-services-de-soutien-specialises\\\/\",\"url\":\"https:\\\/\\\/carefor.ca\\\/fr\\\/logements-avec-services-de-soutien-specialises\\\/\",\"name\":\"Logements avec services de soutien sp\u00e9cialis\u00e9s - Carefor\",\"isPartOf\":{\"@id\":\"https:\\\/\\\/carefor.ca\\\/fr\\\/#website\"},\"primaryImageOfPage\":{\"@id\":\"https:\\\/\\\/carefor.ca\\\/fr\\\/logements-avec-services-de-soutien-specialises\\\/#primaryimage\"},\"image\":{\"@id\":\"https:\\\/\\\/carefor.ca\\\/fr\\\/logements-avec-services-de-soutien-specialises\\\/#primaryimage\"},\"thumbnailUrl\":\"https:\\\/\\\/carefor.ca\\\/wp-content\\\/uploads\\\/2023\\\/07\\\/ADF_Carefor_Civic_17-scaled.jpg\",\"datePublished\":\"2023-07-06T23:03:46+00:00\",\"dateModified\":\"2023-11-20T05:20:49+00:00\",\"breadcrumb\":{\"@id\":\"https:\\\/\\\/carefor.ca\\\/fr\\\/logements-avec-services-de-soutien-specialises\\\/#breadcrumb\"},\"inLanguage\":\"fr-FR\",\"potentialAction\":[{\"@type\":\"ReadAction\",\"target\":[\"https:\\\/\\\/carefor.ca\\\/fr\\\/logements-avec-services-de-soutien-specialises\\\/\"]}]},{\"@type\":\"ImageObject\",\"inLanguage\":\"fr-FR\",\"@id\":\"https:\\\/\\\/carefor.ca\\\/fr\\\/logements-avec-services-de-soutien-specialises\\\/#primaryimage\",\"url\":\"https:\\\/\\\/carefor.ca\\\/wp-content\\\/uploads\\\/2023\\\/07\\\/ADF_Carefor_Civic_17-scaled.jpg\",\"contentUrl\":\"https:\\\/\\\/carefor.ca\\\/wp-content\\\/uploads\\\/2023\\\/07\\\/ADF_Carefor_Civic_17-scaled.jpg\",\"width\":2560,\"height\":1885,\"caption\":\"Pembroke Civic Complex Carefor Health &amp; Community Services December 7, 2021 Photos by Ashley Fraser\"},{\"@type\":\"BreadcrumbList\",\"@id\":\"https:\\\/\\\/carefor.ca\\\/fr\\\/logements-avec-services-de-soutien-specialises\\\/#breadcrumb\",\"itemListElement\":[{\"@type\":\"ListItem\",\"position\":1,\"name\":\"Home\",\"item\":\"https:\\\/\\\/carefor.ca\\\/fr\\\/\"},{\"@type\":\"ListItem\",\"position\":2,\"name\":\"Logements avec services de soutien sp\u00e9cialis\u00e9s\"}]},{\"@type\":\"WebSite\",\"@id\":\"https:\\\/\\\/carefor.ca\\\/fr\\\/#website\",\"url\":\"https:\\\/\\\/carefor.ca\\\/fr\\\/\",\"name\":\"Carefor\",\"description\":\"High Quality Homecare\",\"publisher\":{\"@id\":\"https:\\\/\\\/carefor.ca\\\/fr\\\/#organization\"},\"potentialAction\":[{\"@type\":\"SearchAction\",\"target\":{\"@type\":\"EntryPoint\",\"urlTemplate\":\"https:\\\/\\\/carefor.ca\\\/fr\\\/?s={search_term_string}\"},\"query-input\":{\"@type\":\"PropertyValueSpecification\",\"valueRequired\":true,\"valueName\":\"search_term_string\"}}],\"inLanguage\":\"fr-FR\"},{\"@type\":\"Organization\",\"@id\":\"https:\\\/\\\/carefor.ca\\\/fr\\\/#organization\",\"name\":\"Carefor Health and Community Services\",\"url\":\"https:\\\/\\\/carefor.ca\\\/fr\\\/\",\"logo\":{\"@type\":\"ImageObject\",\"inLanguage\":\"fr-FR\",\"@id\":\"https:\\\/\\\/carefor.ca\\\/fr\\\/#\\\/schema\\\/logo\\\/image\\\/\",\"url\":\"\",\"contentUrl\":\"\",\"caption\":\"Carefor Health and Community Services\"},\"image\":{\"@id\":\"https:\\\/\\\/carefor.ca\\\/fr\\\/#\\\/schema\\\/logo\\\/image\\\/\"},\"sameAs\":[\"https:\\\/\\\/www.facebook.com\\\/CareforHCS\",\"https:\\\/\\\/x.com\\\/CareforHCS\",\"https:\\\/\\\/www.linkedin.com\\\/company\\\/carefor-health-and-community-services\\\/\"],\"description\":\"205 Amelia Street, Suite 100 Cornwall, ON K6H 3P3\",\"email\":\"infoeasterncounties@carefor.ca\",\"telephone\":\"613-932-3451\"}]}<\/script>\n<!-- \/ Yoast SEO Premium plugin. -->","yoast_head_json":{"title":"Logements avec services de soutien sp\u00e9cialis\u00e9s - Carefor","robots":{"index":"index","follow":"follow","max-snippet":"max-snippet:-1","max-image-preview":"max-image-preview:large","max-video-preview":"max-video-preview:-1"},"canonical":"https:\/\/carefor.ca\/fr\/logements-avec-services-de-soutien-specialises\/","og_locale":"fr_FR","og_type":"article","og_title":"Logements avec services de soutien sp\u00e9cialis\u00e9s","og_description":"Offert au Centre Mackay de Carefor, ce programme s\u00fbr propose des logements abordables et des services de soutien sp\u00e9cialis\u00e9 aux adultes souffrant de troubles de sant\u00e9 mentale et de retards [&hellip;]","og_url":"https:\/\/carefor.ca\/fr\/logements-avec-services-de-soutien-specialises\/","og_site_name":"Carefor","article_publisher":"https:\/\/www.facebook.com\/CareforHCS","article_modified_time":"2023-11-20T05:20:49+00:00","og_image":[{"width":2560,"height":1885,"url":"https:\/\/carefor.ca\/wp-content\/uploads\/2023\/07\/ADF_Carefor_Civic_17-scaled.jpg","type":"image\/jpeg"}],"twitter_card":"summary_large_image","twitter_site":"@CareforHCS","twitter_misc":{"Dur\u00e9e de lecture estim\u00e9e":"1 minute"},"schema":{"@context":"https:\/\/schema.org","@graph":[{"@type":"WebPage","@id":"https:\/\/carefor.ca\/fr\/logements-avec-services-de-soutien-specialises\/","url":"https:\/\/carefor.ca\/fr\/logements-avec-services-de-soutien-specialises\/","name":"Logements avec services de soutien sp\u00e9cialis\u00e9s - Carefor","isPartOf":{"@id":"https:\/\/carefor.ca\/fr\/#website"},"primaryImageOfPage":{"@id":"https:\/\/carefor.ca\/fr\/logements-avec-services-de-soutien-specialises\/#primaryimage"},"image":{"@id":"https:\/\/carefor.ca\/fr\/logements-avec-services-de-soutien-specialises\/#primaryimage"},"thumbnailUrl":"https:\/\/carefor.ca\/wp-content\/uploads\/2023\/07\/ADF_Carefor_Civic_17-scaled.jpg","datePublished":"2023-07-06T23:03:46+00:00","dateModified":"2023-11-20T05:20:49+00:00","breadcrumb":{"@id":"https:\/\/carefor.ca\/fr\/logements-avec-services-de-soutien-specialises\/#breadcrumb"},"inLanguage":"fr-FR","potentialAction":[{"@type":"ReadAction","target":["https:\/\/carefor.ca\/fr\/logements-avec-services-de-soutien-specialises\/"]}]},{"@type":"ImageObject","inLanguage":"fr-FR","@id":"https:\/\/carefor.ca\/fr\/logements-avec-services-de-soutien-specialises\/#primaryimage","url":"https:\/\/carefor.ca\/wp-content\/uploads\/2023\/07\/ADF_Carefor_Civic_17-scaled.jpg","contentUrl":"https:\/\/carefor.ca\/wp-content\/uploads\/2023\/07\/ADF_Carefor_Civic_17-scaled.jpg","width":2560,"height":1885,"caption":"Pembroke Civic Complex Carefor Health &amp; Community Services December 7, 2021 Photos by Ashley Fraser"},{"@type":"BreadcrumbList","@id":"https:\/\/carefor.ca\/fr\/logements-avec-services-de-soutien-specialises\/#breadcrumb","itemListElement":[{"@type":"ListItem","position":1,"name":"Home","item":"https:\/\/carefor.ca\/fr\/"},{"@type":"ListItem","position":2,"name":"Logements avec services de soutien sp\u00e9cialis\u00e9s"}]},{"@type":"WebSite","@id":"https:\/\/carefor.ca\/fr\/#website","url":"https:\/\/carefor.ca\/fr\/","name":"Carefor","description":"High Quality Homecare","publisher":{"@id":"https:\/\/carefor.ca\/fr\/#organization"},"potentialAction":[{"@type":"SearchAction","target":{"@type":"EntryPoint","urlTemplate":"https:\/\/carefor.ca\/fr\/?s={search_term_string}"},"query-input":{"@type":"PropertyValueSpecification","valueRequired":true,"valueName":"search_term_string"}}],"inLanguage":"fr-FR"},{"@type":"Organization","@id":"https:\/\/carefor.ca\/fr\/#organization","name":"Carefor Health and Community Services","url":"https:\/\/carefor.ca\/fr\/","logo":{"@type":"ImageObject","inLanguage":"fr-FR","@id":"https:\/\/carefor.ca\/fr\/#\/schema\/logo\/image\/","url":"","contentUrl":"","caption":"Carefor Health and Community Services"},"image":{"@id":"https:\/\/carefor.ca\/fr\/#\/schema\/logo\/image\/"},"sameAs":["https:\/\/www.facebook.com\/CareforHCS","https:\/\/x.com\/CareforHCS","https:\/\/www.linkedin.com\/company\/carefor-health-and-community-services\/"],"description":"205 Amelia Street, Suite 100 Cornwall, ON K6H 3P3","email":"infoeasterncounties@carefor.ca","telephone":"613-932-3451"}]}},"_links":{"self":[{"href":"https:\/\/carefor.ca\/fr\/wp-json\/wp\/v2\/pages\/5462","targetHints":{"allow":["GET"]}}],"collection":[{"href":"https:\/\/carefor.ca\/fr\/wp-json\/wp\/v2\/pages"}],"about":[{"href":"https:\/\/carefor.ca\/fr\/wp-json\/wp\/v2\/types\/page"}],"author":[{"embeddable":true,"href":"https:\/\/carefor.ca\/fr\/wp-json\/wp\/v2\/users\/1"}],"replies":[{"embeddable":true,"href":"https:\/\/carefor.ca\/fr\/wp-json\/wp\/v2\/comments?post=5462"}],"version-history":[{"count":4,"href":"https:\/\/carefor.ca\/fr\/wp-json\/wp\/v2\/pages\/5462\/revisions"}],"predecessor-version":[{"id":5750,"href":"https:\/\/carefor.ca\/fr\/wp-json\/wp\/v2\/pages\/5462\/revisions\/5750"}],"wp:featuredmedia":[{"embeddable":true,"href":"https:\/\/carefor.ca\/fr\/wp-json\/wp\/v2\/media\/5106"}],"wp:attachment":[{"href":"https:\/\/carefor.ca\/fr\/wp-json\/wp\/v2\/media?parent=5462"}],"curies":[{"name":"wp","href":"https:\/\/api.w.org\/{rel}","templated":true}]}}