{"id":5454,"date":"2023-07-06T18:18:08","date_gmt":"2023-07-06T22:18:08","guid":{"rendered":"https:\/\/carefor.ca\/carefor-mackay-centre\/recreation-community\/"},"modified":"2023-11-20T00:48:28","modified_gmt":"2023-11-20T05:48:28","slug":"loisirs-et-communaute","status":"publish","type":"page","link":"https:\/\/carefor.ca\/fr\/maisons-de-retraite\/centre-mackay-de-carefor\/loisirs-et-communaute\/","title":{"rendered":"Loisirs et communaut\u00e9"},"content":{"rendered":"\n<p>Vous cherchez \u00e0 vous occuper? Le Centre Mackay de Carefor est parfait pour vous. Il y a toujours quelque chose \u00e0 faire en bonne compagnie.<\/p>\n\n\n\n<div class=\"wp-block-buttons is-layout-flex wp-block-buttons-is-layout-flex\">\n<div class=\"wp-block-button\"><a class=\"wp-block-button__link wp-element-button\" href=\"https:\/\/search.caredove.com\/carefor\/service\/27628\/book\" target=\"_blank\" rel=\"noreferrer noopener\">R\u00e9server une visite<\/a><\/div>\n<\/div>\n\n\n\n<div style=\"height:32px\" aria-hidden=\"true\" class=\"wp-block-spacer\"><\/div>\n\n\n\n<h3 class=\"wp-block-heading\">Activit\u00e9s<\/h3>\n\n\n\n<ul class=\"wp-block-list\">\n<li>Soir\u00e9es cin\u00e9ma<\/li>\n\n\n\n<li>S\u00e9ances d\u2019exercice<\/li>\n\n\n\n<li>Biblioth\u00e8ques<\/li>\n\n\n\n<li>Soir\u00e9es de bingo<\/li>\n\n\n\n<li>Jeux<\/li>\n\n\n\n<li>Et plus encore!<\/li>\n<\/ul>\n\n\n<div id=\"images-block-block_6dea8b4c59a54feca12776e7878c674e\" class=\"images-block alignfull \">\n    <div class=\"row column\">\n                 <div class=\"block-title\">\n             <h3>Communaut\u00e9<\/h3>\n          <\/div>\n                           <div class=\"images-slider\">\n                                    <div class=\"image\">\n                       <a href=\"https:\/\/carefor.ca\/wp-content\/uploads\/2023\/08\/image6.png\" title=\"Au Centre Mackay, vous rencontrerez plein de personnes aux m\u00eames int\u00e9r\u00eats que vous.\">\n                       <img loading=\"lazy\" decoding=\"async\" width=\"768\" height=\"616\" src=\"https:\/\/carefor.ca\/wp-content\/uploads\/2023\/08\/image6-768x616.png\" class=\"attachment-box-image size-box-image\" alt=\"Two elderly women side hugging, one of them holding a microphone to her mouth.\" srcset=\"https:\/\/carefor.ca\/wp-content\/uploads\/2023\/08\/image6-768x616.png 768w, https:\/\/carefor.ca\/wp-content\/uploads\/2023\/08\/image6-300x241.png 300w, https:\/\/carefor.ca\/wp-content\/uploads\/2023\/08\/image6-1024x821.png 1024w, https:\/\/carefor.ca\/wp-content\/uploads\/2023\/08\/image6-400x321.png 400w, https:\/\/carefor.ca\/wp-content\/uploads\/2023\/08\/image6.png 1026w\" sizes=\"auto, (max-width: 768px) 100vw, 768px\" \/>                                               <div class=\"title\">\n                            Au Centre Mackay, vous rencontrerez plein de personnes aux m\u00eames int\u00e9r\u00eats que vous.                        <\/div>\n                                              <\/a>\n                    <\/div>\n                                    <div class=\"image\">\n                       <a href=\"https:\/\/carefor.ca\/wp-content\/uploads\/2023\/08\/image7.png\" title=\"Le personnel de Carefor vous traite comme de la famille.\">\n                       <img loading=\"lazy\" decoding=\"async\" width=\"768\" height=\"571\" src=\"https:\/\/carefor.ca\/wp-content\/uploads\/2023\/08\/image7-768x571.png\" class=\"attachment-box-image size-box-image\" alt=\"Retirement homes in Pembroke and Ottawa\" srcset=\"https:\/\/carefor.ca\/wp-content\/uploads\/2023\/08\/image7-768x571.png 768w, https:\/\/carefor.ca\/wp-content\/uploads\/2023\/08\/image7-300x223.png 300w, https:\/\/carefor.ca\/wp-content\/uploads\/2023\/08\/image7-400x297.png 400w, https:\/\/carefor.ca\/wp-content\/uploads\/2023\/08\/image7.png 945w\" sizes=\"auto, (max-width: 768px) 100vw, 768px\" \/>                                               <div class=\"title\">\n                            Le personnel de Carefor vous traite comme de la famille.                        <\/div>\n                                              <\/a>\n                    <\/div>\n                                    <div class=\"image\">\n                       <a href=\"https:\/\/carefor.ca\/wp-content\/uploads\/2023\/08\/image8-1.png\" title=\"En plein c\u0153ur de Pembroke, votre communaut\u00e9 est tout autour de vous.\">\n                       <img loading=\"lazy\" decoding=\"async\" width=\"709\" height=\"624\" src=\"https:\/\/carefor.ca\/wp-content\/uploads\/2023\/08\/image8-1.png\" class=\"attachment-box-image size-box-image\" alt=\"A picture of downtown Pembroke\" srcset=\"https:\/\/carefor.ca\/wp-content\/uploads\/2023\/08\/image8-1.png 709w, https:\/\/carefor.ca\/wp-content\/uploads\/2023\/08\/image8-1-300x264.png 300w, https:\/\/carefor.ca\/wp-content\/uploads\/2023\/08\/image8-1-400x352.png 400w\" sizes=\"auto, (max-width: 709px) 100vw, 709px\" \/>                                               <div class=\"title\">\n                            En plein c\u0153ur de Pembroke, votre communaut\u00e9 est tout autour de vous.                        <\/div>\n                                              <\/a>\n                    <\/div>\n                            <\/div>\n            <\/div>\n<\/div>\n\n\n<div id=\"program-locations-block_0490e216066204cd978ca013b6a271a8\" class=\"program-locations alignfull \">\n    <div class=\"row column\">\n              <div class=\"block-title\">\n          <h3>Contactez-nous<\/h3>\n       <\/div>\n               <div class=\"tabs-wrapper\">\n            <ul class=\"tabs\" data-tabs id=\"locations-tabs\">\n                                                    <li class=\"tabs-title is-active\"><a href=\"javascript:void();\" data-tabs-target=\"comt\u00e9-de-pembroke-renfrew\" aria-selected=\"true\">Comt\u00e9 de Pembroke-Renfrew<\/a><\/li>\n                                          <\/ul>\n        <\/div>\n\n        <div class=\"tabs-content\" data-tabs-content=\"locations-tabs\">\n\n            \n           \n                <div class=\"tabs-panel is-active\" id=\"comt\u00e9-de-pembroke-renfrew\">\n                   <div class=\"tab-content-inner\">\n\n                                                                                           <div class=\"wysiwyg\">\n                            <h6>Casey<\/h6>\n<p>425, rue Cecelia<br \/>\nPembroke (Ontario)<\/p>\n<p>Sans frais : <a href=\"tel:1-833-922-2734\">1-833-922-2734<\/a>, poste 3222<br \/>\n<a href=\"mailto:cdixon@carefor.ca\" target=\"_blank\" rel=\"noopener\">cdixon@carefor.ca<\/a><\/p>\n<p>&nbsp;<\/p>\n                         <\/div>\n                      \n                           \n                   <\/div>\n                <\/div>\n\n      \n            <\/div>\n    <\/div>\n<\/div>\n\n\n<div id=\"google-map-block-block_6145c081084a2545de39f8c03dbf66b1\" class=\"google-map-block \">\n\n      <div class=\"acf-map\" data-zoom=\"16\" style=\"width:100%; \">\n      <div class=\"marker\" data-lat=\"45.8151268\" data-lng=\"-77.1091841\"><\/div>\n   <\/div>\n<\/div>\n\n\n\n<div style=\"height:81px\" aria-hidden=\"true\" class=\"wp-block-spacer\"><\/div>\n\n\n<div id=\"impact-stories-block_f577f1101563edff3dffd1463ca80a3e\" class=\"impact-stories alignfull \">\n    <div class=\"stories-slides\" id=\"stories-slides-slider\">\n                <div class=\"blog-post-slide\">\n                <div class=\"post-info\">\n                   <div class=\"post-info-inner\">\n                      <div class=\"blog-title\">\n                         <a href=\"https:\/\/carefor.ca\/our-impact\/stories-of-impact\/\" class=\"pile-cta\">Stories of Impact<\/a>                      <\/div>\n                      <div class=\"title\">\n                         <h4><a href=\"https:\/\/carefor.ca\/fr\/stories\/pour-que-tous-les-jours-soient-la-fete-des-meres\/\" class=\"\" data-post-id=\"5520\">Pour que tous les jours soient la f\u00eate des M\u00e8res<\/a><\/h4>\n                      <\/div>\n                      <div class=\"excerpt\">\n                         <p>When a parent is diagnosed with dementia a dynamic change takes place. Children become caregivers. \u00ab\u00a0You end up co-parenting with people you never thought you&rsquo;d co-parent with,\u00a0\u00bb says Margaret referring [&hellip;]<\/p>\n                      <\/div>\n                      <div class=\"read-more\">\n                         <a href=\"https:\/\/carefor.ca\/fr\/stories\/pour-que-tous-les-jours-soient-la-fete-des-meres\/\" class=\"cta-with-arrow \" data-post-id=\"5520\">Lire L&rsquo;Article Complet<\/a>\n                      <\/div>\n                   <\/div>\n\n                <\/div>\n                <div class=\"image-wrapper\">\n                    <img loading=\"lazy\" decoding=\"async\" width=\"768\" height=\"497\" src=\"https:\/\/carefor.ca\/wp-content\/uploads\/2023\/07\/making-every-day-mothers-day-image-6-768x497.jpg\" class=\"attachment-box-image size-box-image wp-post-image\" alt=\"\" srcset=\"https:\/\/carefor.ca\/wp-content\/uploads\/2023\/07\/making-every-day-mothers-day-image-6-768x497.jpg 768w, https:\/\/carefor.ca\/wp-content\/uploads\/2023\/07\/making-every-day-mothers-day-image-6-300x194.jpg 300w, https:\/\/carefor.ca\/wp-content\/uploads\/2023\/07\/making-every-day-mothers-day-image-6-400x259.jpg 400w, https:\/\/carefor.ca\/wp-content\/uploads\/2023\/07\/making-every-day-mothers-day-image-6.jpg 934w\" sizes=\"auto, (max-width: 768px) 100vw, 768px\" \/>                <\/div>\n            <\/div>\n                    <div class=\"blog-post-slide\">\n                <div class=\"post-info\">\n                   <div class=\"post-info-inner\">\n                      <div class=\"blog-title\">\n                         <a href=\"https:\/\/carefor.ca\/our-impact\/stories-of-impact\/\" class=\"pile-cta\">Stories of Impact<\/a>                      <\/div>\n                      <div class=\"title\">\n                         <h4><a href=\"https:\/\/carefor.ca\/fr\/stories\/le-personnel-de-la-maison-de-retraite-de-richmond-fait-des-pieds-et-des-mains-pour-communiquer-avec-une-nouvelle-residente\/\" class=\"\" data-post-id=\"5698\">Le personnel de la maison de retraite de Richmond fait des pieds et des mains pour communiquer avec une nouvelle r\u00e9sidente<\/a><\/h4>\n                      <\/div>\n                      <div class=\"excerpt\">\n                         <p>Mealtimes at Carefor Richmond Care Home (RCH) have been extra special since trained chef Jessica Hamalainen joined the team last November. Residents have been receiving more than just delicious home-cooked [&hellip;]<\/p>\n                      <\/div>\n                      <div class=\"read-more\">\n                         <a href=\"https:\/\/carefor.ca\/fr\/stories\/le-personnel-de-la-maison-de-retraite-de-richmond-fait-des-pieds-et-des-mains-pour-communiquer-avec-une-nouvelle-residente\/\" class=\"cta-with-arrow \" data-post-id=\"5698\">Lire L&rsquo;Article Complet<\/a>\n                      <\/div>\n                   <\/div>\n\n                <\/div>\n                <div class=\"image-wrapper\">\n                    <img loading=\"lazy\" decoding=\"async\" width=\"480\" height=\"640\" src=\"https:\/\/carefor.ca\/wp-content\/uploads\/2023\/06\/60f9b6cd060a0-1-1.jpg\" class=\"attachment-box-image size-box-image wp-post-image\" alt=\"\" srcset=\"https:\/\/carefor.ca\/wp-content\/uploads\/2023\/06\/60f9b6cd060a0-1-1.jpg 480w, https:\/\/carefor.ca\/wp-content\/uploads\/2023\/06\/60f9b6cd060a0-1-1-225x300.jpg 225w, https:\/\/carefor.ca\/wp-content\/uploads\/2023\/06\/60f9b6cd060a0-1-1-400x533.jpg 400w\" sizes=\"auto, (max-width: 480px) 100vw, 480px\" \/>                <\/div>\n            <\/div>\n                    <div class=\"blog-post-slide\">\n                <div class=\"post-info\">\n                   <div class=\"post-info-inner\">\n                      <div class=\"blog-title\">\n                         <a href=\"https:\/\/carefor.ca\/our-impact\/stories-of-impact\/\" class=\"pile-cta\">Stories of Impact<\/a>                      <\/div>\n                      <div class=\"title\">\n                         <h4><a href=\"https:\/\/carefor.ca\/fr\/stories\/la-maison-de-retraite-de-richmond-celebre-ses-20-ans-dexistence-remplie-despoir-pour-lavenir\/\" class=\"\" data-post-id=\"5699\">La maison de retraite de Richmond c\u00e9l\u00e8bre ses 20\u00a0ans d\u2019existence, remplie d\u2019espoir pour l\u2019avenir<\/a><\/h4>\n                      <\/div>\n                      <div class=\"excerpt\">\n                         <p>When you visit our 16-bed home designed for women living with dementia in Richmond Village, located just 20 minutes outside of Ottawa, take a close look at the apple tree. [&hellip;]<\/p>\n                      <\/div>\n                      <div class=\"read-more\">\n                         <a href=\"https:\/\/carefor.ca\/fr\/stories\/la-maison-de-retraite-de-richmond-celebre-ses-20-ans-dexistence-remplie-despoir-pour-lavenir\/\" class=\"cta-with-arrow \" data-post-id=\"5699\">Lire L&rsquo;Article Complet<\/a>\n                      <\/div>\n                   <\/div>\n\n                <\/div>\n                <div class=\"image-wrapper\">\n                    <img loading=\"lazy\" decoding=\"async\" width=\"768\" height=\"576\" src=\"https:\/\/carefor.ca\/wp-content\/uploads\/2025\/05\/2-768x576.jpg\" class=\"attachment-box-image size-box-image wp-post-image\" alt=\"Richmond Care Home for women living with dementia\" srcset=\"https:\/\/carefor.ca\/wp-content\/uploads\/2025\/05\/2-768x576.jpg 768w, https:\/\/carefor.ca\/wp-content\/uploads\/2025\/05\/2-300x225.jpg 300w, https:\/\/carefor.ca\/wp-content\/uploads\/2025\/05\/2-1024x768.jpg 1024w, https:\/\/carefor.ca\/wp-content\/uploads\/2025\/05\/2-1536x1152.jpg 1536w, https:\/\/carefor.ca\/wp-content\/uploads\/2025\/05\/2-2048x1536.jpg 2048w, https:\/\/carefor.ca\/wp-content\/uploads\/2025\/05\/2-2000x1500.jpg 2000w, https:\/\/carefor.ca\/wp-content\/uploads\/2025\/05\/2-400x300.jpg 400w\" sizes=\"auto, (max-width: 768px) 100vw, 768px\" \/>                <\/div>\n            <\/div>\n            <\/div>\n<\/div>\n\n\n<div class=\"reveal small\" id=\"impact-story-modal\" data-reveal>\n   <button class=\"close-button\" data-close aria-label=\"Close modal\" type=\"button\">\n      <span aria-hidden=\"true\">&times;<\/span>\n   <\/button>\n   <div class=\"modal-inner\">\n      <div class=\"video-container\">\n         <div class=\"video-title\"><h4><\/h4><\/div>\n         <div class=\"responsive-embed widescreen\"><\/div>\n      <\/div>\n   <\/div>\n<\/div>\n","protected":false},"excerpt":{"rendered":"<p>Vous cherchez \u00e0 vous occuper? Le Centre Mackay de Carefor est parfait pour vous. Il y a toujours quelque chose \u00e0 faire en bonne compagnie. Activit\u00e9s<\/p>\n","protected":false},"author":1,"featured_media":5128,"parent":5432,"menu_order":4,"comment_status":"closed","ping_status":"closed","template":"page-microsite-internal.php","meta":{"_acf_changed":false,"_relevanssi_hide_post":"","_relevanssi_hide_content":"","_relevanssi_pin_for_all":"","_relevanssi_pin_keywords":"","_relevanssi_unpin_keywords":"","_relevanssi_related_keywords":"","_relevanssi_related_include_ids":"","_relevanssi_related_exclude_ids":"","_relevanssi_related_no_append":"","_relevanssi_related_not_related":"","_relevanssi_related_posts":"","_relevanssi_noindex_reason":"","footnotes":""},"class_list":["post-5454","page","type-page","status-publish","has-post-thumbnail","hentry"],"acf":[],"yoast_head":"<!-- This site is optimized with the Yoast SEO Premium plugin v24.9 (Yoast SEO v27.5) - https:\/\/yoast.com\/product\/yoast-seo-premium-wordpress\/ -->\n<title>Loisirs et communaut\u00e9 - Carefor<\/title>\n<meta name=\"robots\" content=\"index, follow, max-snippet:-1, max-image-preview:large, max-video-preview:-1\" \/>\n<link rel=\"canonical\" href=\"https:\/\/carefor.ca\/fr\/maisons-de-retraite\/centre-mackay-de-carefor\/loisirs-et-communaute\/\" \/>\n<meta property=\"og:locale\" content=\"fr_FR\" \/>\n<meta property=\"og:type\" content=\"article\" \/>\n<meta property=\"og:title\" content=\"Loisirs et communaut\u00e9\" \/>\n<meta property=\"og:description\" content=\"Vous cherchez \u00e0 vous occuper? Le Centre Mackay de Carefor est parfait pour vous. Il y a toujours quelque chose \u00e0 faire en bonne compagnie. Activit\u00e9s\" \/>\n<meta property=\"og:url\" content=\"https:\/\/carefor.ca\/fr\/maisons-de-retraite\/centre-mackay-de-carefor\/loisirs-et-communaute\/\" \/>\n<meta property=\"og:site_name\" content=\"Carefor\" \/>\n<meta property=\"article:publisher\" content=\"https:\/\/www.facebook.com\/CareforHCS\" \/>\n<meta property=\"article:modified_time\" content=\"2023-11-20T05:48:28+00:00\" \/>\n<meta property=\"og:image\" content=\"https:\/\/carefor.ca\/wp-content\/uploads\/2023\/07\/AdobeStock_115629784-scaled.jpeg\" \/>\n\t<meta property=\"og:image:width\" content=\"2560\" \/>\n\t<meta property=\"og:image:height\" content=\"1707\" \/>\n\t<meta property=\"og:image:type\" content=\"image\/jpeg\" \/>\n<meta name=\"twitter:card\" content=\"summary_large_image\" \/>\n<meta name=\"twitter:site\" content=\"@CareforHCS\" \/>\n<meta name=\"twitter:label1\" content=\"Dur\u00e9e de lecture estim\u00e9e\" \/>\n\t<meta name=\"twitter:data1\" content=\"1 minute\" \/>\n<script type=\"application\/ld+json\" class=\"yoast-schema-graph\">{\"@context\":\"https:\\\/\\\/schema.org\",\"@graph\":[{\"@type\":\"WebPage\",\"@id\":\"https:\\\/\\\/carefor.ca\\\/fr\\\/maisons-de-retraite\\\/centre-mackay-de-carefor\\\/loisirs-et-communaute\\\/\",\"url\":\"https:\\\/\\\/carefor.ca\\\/fr\\\/maisons-de-retraite\\\/centre-mackay-de-carefor\\\/loisirs-et-communaute\\\/\",\"name\":\"Loisirs et communaut\u00e9 - Carefor\",\"isPartOf\":{\"@id\":\"https:\\\/\\\/carefor.ca\\\/fr\\\/#website\"},\"primaryImageOfPage\":{\"@id\":\"https:\\\/\\\/carefor.ca\\\/fr\\\/maisons-de-retraite\\\/centre-mackay-de-carefor\\\/loisirs-et-communaute\\\/#primaryimage\"},\"image\":{\"@id\":\"https:\\\/\\\/carefor.ca\\\/fr\\\/maisons-de-retraite\\\/centre-mackay-de-carefor\\\/loisirs-et-communaute\\\/#primaryimage\"},\"thumbnailUrl\":\"https:\\\/\\\/carefor.ca\\\/wp-content\\\/uploads\\\/2023\\\/07\\\/AdobeStock_115629784-scaled.jpeg\",\"datePublished\":\"2023-07-06T22:18:08+00:00\",\"dateModified\":\"2023-11-20T05:48:28+00:00\",\"breadcrumb\":{\"@id\":\"https:\\\/\\\/carefor.ca\\\/fr\\\/maisons-de-retraite\\\/centre-mackay-de-carefor\\\/loisirs-et-communaute\\\/#breadcrumb\"},\"inLanguage\":\"fr-FR\",\"potentialAction\":[{\"@type\":\"ReadAction\",\"target\":[\"https:\\\/\\\/carefor.ca\\\/fr\\\/maisons-de-retraite\\\/centre-mackay-de-carefor\\\/loisirs-et-communaute\\\/\"]}]},{\"@type\":\"ImageObject\",\"inLanguage\":\"fr-FR\",\"@id\":\"https:\\\/\\\/carefor.ca\\\/fr\\\/maisons-de-retraite\\\/centre-mackay-de-carefor\\\/loisirs-et-communaute\\\/#primaryimage\",\"url\":\"https:\\\/\\\/carefor.ca\\\/wp-content\\\/uploads\\\/2023\\\/07\\\/AdobeStock_115629784-scaled.jpeg\",\"contentUrl\":\"https:\\\/\\\/carefor.ca\\\/wp-content\\\/uploads\\\/2023\\\/07\\\/AdobeStock_115629784-scaled.jpeg\",\"width\":2560,\"height\":1707,\"caption\":\"Friendly people playing lotto in cafe\"},{\"@type\":\"BreadcrumbList\",\"@id\":\"https:\\\/\\\/carefor.ca\\\/fr\\\/maisons-de-retraite\\\/centre-mackay-de-carefor\\\/loisirs-et-communaute\\\/#breadcrumb\",\"itemListElement\":[{\"@type\":\"ListItem\",\"position\":1,\"name\":\"Home\",\"item\":\"https:\\\/\\\/carefor.ca\\\/fr\\\/\"},{\"@type\":\"ListItem\",\"position\":2,\"name\":\"Maisons de retraite\",\"item\":\"https:\\\/\\\/carefor.ca\\\/fr\\\/maisons-de-retraite\\\/\"},{\"@type\":\"ListItem\",\"position\":3,\"name\":\"Centre Mackay de Carefor\",\"item\":\"https:\\\/\\\/carefor.ca\\\/fr\\\/maisons-de-retraite\\\/centre-mackay-de-carefor\\\/\"},{\"@type\":\"ListItem\",\"position\":4,\"name\":\"Loisirs et communaut\u00e9\"}]},{\"@type\":\"WebSite\",\"@id\":\"https:\\\/\\\/carefor.ca\\\/fr\\\/#website\",\"url\":\"https:\\\/\\\/carefor.ca\\\/fr\\\/\",\"name\":\"Carefor\",\"description\":\"High Quality Homecare\",\"publisher\":{\"@id\":\"https:\\\/\\\/carefor.ca\\\/fr\\\/#organization\"},\"potentialAction\":[{\"@type\":\"SearchAction\",\"target\":{\"@type\":\"EntryPoint\",\"urlTemplate\":\"https:\\\/\\\/carefor.ca\\\/fr\\\/?s={search_term_string}\"},\"query-input\":{\"@type\":\"PropertyValueSpecification\",\"valueRequired\":true,\"valueName\":\"search_term_string\"}}],\"inLanguage\":\"fr-FR\"},{\"@type\":\"Organization\",\"@id\":\"https:\\\/\\\/carefor.ca\\\/fr\\\/#organization\",\"name\":\"Carefor Health and Community Services\",\"url\":\"https:\\\/\\\/carefor.ca\\\/fr\\\/\",\"logo\":{\"@type\":\"ImageObject\",\"inLanguage\":\"fr-FR\",\"@id\":\"https:\\\/\\\/carefor.ca\\\/fr\\\/#\\\/schema\\\/logo\\\/image\\\/\",\"url\":\"\",\"contentUrl\":\"\",\"caption\":\"Carefor Health and Community Services\"},\"image\":{\"@id\":\"https:\\\/\\\/carefor.ca\\\/fr\\\/#\\\/schema\\\/logo\\\/image\\\/\"},\"sameAs\":[\"https:\\\/\\\/www.facebook.com\\\/CareforHCS\",\"https:\\\/\\\/x.com\\\/CareforHCS\",\"https:\\\/\\\/www.linkedin.com\\\/company\\\/carefor-health-and-community-services\\\/\"],\"description\":\"205 Amelia Street, Suite 100 Cornwall, ON K6H 3P3\",\"email\":\"infoeasterncounties@carefor.ca\",\"telephone\":\"613-932-3451\"}]}<\/script>\n<!-- \/ Yoast SEO Premium plugin. -->","yoast_head_json":{"title":"Loisirs et communaut\u00e9 - Carefor","robots":{"index":"index","follow":"follow","max-snippet":"max-snippet:-1","max-image-preview":"max-image-preview:large","max-video-preview":"max-video-preview:-1"},"canonical":"https:\/\/carefor.ca\/fr\/maisons-de-retraite\/centre-mackay-de-carefor\/loisirs-et-communaute\/","og_locale":"fr_FR","og_type":"article","og_title":"Loisirs et communaut\u00e9","og_description":"Vous cherchez \u00e0 vous occuper? Le Centre Mackay de Carefor est parfait pour vous. Il y a toujours quelque chose \u00e0 faire en bonne compagnie. Activit\u00e9s","og_url":"https:\/\/carefor.ca\/fr\/maisons-de-retraite\/centre-mackay-de-carefor\/loisirs-et-communaute\/","og_site_name":"Carefor","article_publisher":"https:\/\/www.facebook.com\/CareforHCS","article_modified_time":"2023-11-20T05:48:28+00:00","og_image":[{"width":2560,"height":1707,"url":"https:\/\/carefor.ca\/wp-content\/uploads\/2023\/07\/AdobeStock_115629784-scaled.jpeg","type":"image\/jpeg"}],"twitter_card":"summary_large_image","twitter_site":"@CareforHCS","twitter_misc":{"Dur\u00e9e de lecture estim\u00e9e":"1 minute"},"schema":{"@context":"https:\/\/schema.org","@graph":[{"@type":"WebPage","@id":"https:\/\/carefor.ca\/fr\/maisons-de-retraite\/centre-mackay-de-carefor\/loisirs-et-communaute\/","url":"https:\/\/carefor.ca\/fr\/maisons-de-retraite\/centre-mackay-de-carefor\/loisirs-et-communaute\/","name":"Loisirs et communaut\u00e9 - Carefor","isPartOf":{"@id":"https:\/\/carefor.ca\/fr\/#website"},"primaryImageOfPage":{"@id":"https:\/\/carefor.ca\/fr\/maisons-de-retraite\/centre-mackay-de-carefor\/loisirs-et-communaute\/#primaryimage"},"image":{"@id":"https:\/\/carefor.ca\/fr\/maisons-de-retraite\/centre-mackay-de-carefor\/loisirs-et-communaute\/#primaryimage"},"thumbnailUrl":"https:\/\/carefor.ca\/wp-content\/uploads\/2023\/07\/AdobeStock_115629784-scaled.jpeg","datePublished":"2023-07-06T22:18:08+00:00","dateModified":"2023-11-20T05:48:28+00:00","breadcrumb":{"@id":"https:\/\/carefor.ca\/fr\/maisons-de-retraite\/centre-mackay-de-carefor\/loisirs-et-communaute\/#breadcrumb"},"inLanguage":"fr-FR","potentialAction":[{"@type":"ReadAction","target":["https:\/\/carefor.ca\/fr\/maisons-de-retraite\/centre-mackay-de-carefor\/loisirs-et-communaute\/"]}]},{"@type":"ImageObject","inLanguage":"fr-FR","@id":"https:\/\/carefor.ca\/fr\/maisons-de-retraite\/centre-mackay-de-carefor\/loisirs-et-communaute\/#primaryimage","url":"https:\/\/carefor.ca\/wp-content\/uploads\/2023\/07\/AdobeStock_115629784-scaled.jpeg","contentUrl":"https:\/\/carefor.ca\/wp-content\/uploads\/2023\/07\/AdobeStock_115629784-scaled.jpeg","width":2560,"height":1707,"caption":"Friendly people playing lotto in cafe"},{"@type":"BreadcrumbList","@id":"https:\/\/carefor.ca\/fr\/maisons-de-retraite\/centre-mackay-de-carefor\/loisirs-et-communaute\/#breadcrumb","itemListElement":[{"@type":"ListItem","position":1,"name":"Home","item":"https:\/\/carefor.ca\/fr\/"},{"@type":"ListItem","position":2,"name":"Maisons de retraite","item":"https:\/\/carefor.ca\/fr\/maisons-de-retraite\/"},{"@type":"ListItem","position":3,"name":"Centre Mackay de Carefor","item":"https:\/\/carefor.ca\/fr\/maisons-de-retraite\/centre-mackay-de-carefor\/"},{"@type":"ListItem","position":4,"name":"Loisirs et communaut\u00e9"}]},{"@type":"WebSite","@id":"https:\/\/carefor.ca\/fr\/#website","url":"https:\/\/carefor.ca\/fr\/","name":"Carefor","description":"High Quality Homecare","publisher":{"@id":"https:\/\/carefor.ca\/fr\/#organization"},"potentialAction":[{"@type":"SearchAction","target":{"@type":"EntryPoint","urlTemplate":"https:\/\/carefor.ca\/fr\/?s={search_term_string}"},"query-input":{"@type":"PropertyValueSpecification","valueRequired":true,"valueName":"search_term_string"}}],"inLanguage":"fr-FR"},{"@type":"Organization","@id":"https:\/\/carefor.ca\/fr\/#organization","name":"Carefor Health and Community Services","url":"https:\/\/carefor.ca\/fr\/","logo":{"@type":"ImageObject","inLanguage":"fr-FR","@id":"https:\/\/carefor.ca\/fr\/#\/schema\/logo\/image\/","url":"","contentUrl":"","caption":"Carefor Health and Community Services"},"image":{"@id":"https:\/\/carefor.ca\/fr\/#\/schema\/logo\/image\/"},"sameAs":["https:\/\/www.facebook.com\/CareforHCS","https:\/\/x.com\/CareforHCS","https:\/\/www.linkedin.com\/company\/carefor-health-and-community-services\/"],"description":"205 Amelia Street, Suite 100 Cornwall, ON K6H 3P3","email":"infoeasterncounties@carefor.ca","telephone":"613-932-3451"}]}},"_links":{"self":[{"href":"https:\/\/carefor.ca\/fr\/wp-json\/wp\/v2\/pages\/5454","targetHints":{"allow":["GET"]}}],"collection":[{"href":"https:\/\/carefor.ca\/fr\/wp-json\/wp\/v2\/pages"}],"about":[{"href":"https:\/\/carefor.ca\/fr\/wp-json\/wp\/v2\/types\/page"}],"author":[{"embeddable":true,"href":"https:\/\/carefor.ca\/fr\/wp-json\/wp\/v2\/users\/1"}],"replies":[{"embeddable":true,"href":"https:\/\/carefor.ca\/fr\/wp-json\/wp\/v2\/comments?post=5454"}],"version-history":[{"count":4,"href":"https:\/\/carefor.ca\/fr\/wp-json\/wp\/v2\/pages\/5454\/revisions"}],"predecessor-version":[{"id":5766,"href":"https:\/\/carefor.ca\/fr\/wp-json\/wp\/v2\/pages\/5454\/revisions\/5766"}],"up":[{"embeddable":true,"href":"https:\/\/carefor.ca\/fr\/wp-json\/wp\/v2\/pages\/5432"}],"wp:featuredmedia":[{"embeddable":true,"href":"https:\/\/carefor.ca\/fr\/wp-json\/wp\/v2\/media\/5128"}],"wp:attachment":[{"href":"https:\/\/carefor.ca\/fr\/wp-json\/wp\/v2\/media?parent=5454"}],"curies":[{"name":"wp","href":"https:\/\/api.w.org\/{rel}","templated":true}]}}