{"id":5444,"date":"2023-07-06T18:17:45","date_gmt":"2023-07-06T22:17:45","guid":{"rendered":"https:\/\/carefor.ca\/carefor-mackay-centre\/meals-wellness\/"},"modified":"2023-11-20T00:45:53","modified_gmt":"2023-11-20T05:45:53","slug":"repas-et-bien-etre","status":"publish","type":"page","link":"https:\/\/carefor.ca\/fr\/maisons-de-retraite\/centre-mackay-de-carefor\/repas-et-bien-etre\/","title":{"rendered":"Repas et bien-\u00eatre"},"content":{"rendered":"\n<p>Votre bien-\u00eatre et votre confort sont nos priorit\u00e9s absolues. Pr\u00e9paration de repas sur place, aide \u00e0 la vie autonome, soins infirmiers\u2026 Notre \u00e9quipe allie ses forces afin de veiller \u00e0 votre sant\u00e9 mentale et physique.<\/p>\n\n\n\n<div class=\"wp-block-buttons is-layout-flex wp-block-buttons-is-layout-flex\">\n<div class=\"wp-block-button\"><a class=\"wp-block-button__link wp-element-button\" href=\"https:\/\/search.caredove.com\/carefor\/service\/27628\/book\" target=\"_blank\" rel=\"noreferrer noopener\">R\u00e9server une visite<\/a><\/div>\n<\/div>\n\n\n\n<div style=\"height:100px\" aria-hidden=\"true\" class=\"wp-block-spacer\"><\/div>\n\n\n<div id=\"images-block-block_58118bce0ad7303e873e7d1ad05add8e\" class=\"images-block alignfull \">\n    <div class=\"row column\">\n                           <div class=\"images-slider\">\n                                    <div class=\"image\">\n                       <a href=\"https:\/\/carefor.ca\/wp-content\/uploads\/2023\/07\/boost-your-immune-system-to-make-for-a-healthier-autumn-graphic-65-scaled.jpeg\" title=\"Des repas savoureux comme \u00e0 la maison, \u00e0 d\u00e9guster trois fois par jour.\">\n                       <img loading=\"lazy\" decoding=\"async\" width=\"768\" height=\"513\" src=\"https:\/\/carefor.ca\/wp-content\/uploads\/2023\/07\/boost-your-immune-system-to-make-for-a-healthier-autumn-graphic-65-768x513.jpeg\" class=\"attachment-box-image size-box-image\" alt=\"Affordable retirement living in Pembroke\" srcset=\"https:\/\/carefor.ca\/wp-content\/uploads\/2023\/07\/boost-your-immune-system-to-make-for-a-healthier-autumn-graphic-65-768x513.jpeg 768w, https:\/\/carefor.ca\/wp-content\/uploads\/2023\/07\/boost-your-immune-system-to-make-for-a-healthier-autumn-graphic-65-300x200.jpeg 300w, https:\/\/carefor.ca\/wp-content\/uploads\/2023\/07\/boost-your-immune-system-to-make-for-a-healthier-autumn-graphic-65-1024x683.jpeg 1024w, https:\/\/carefor.ca\/wp-content\/uploads\/2023\/07\/boost-your-immune-system-to-make-for-a-healthier-autumn-graphic-65-1536x1025.jpeg 1536w, https:\/\/carefor.ca\/wp-content\/uploads\/2023\/07\/boost-your-immune-system-to-make-for-a-healthier-autumn-graphic-65-2048x1367.jpeg 2048w, https:\/\/carefor.ca\/wp-content\/uploads\/2023\/07\/boost-your-immune-system-to-make-for-a-healthier-autumn-graphic-65-2000x1335.jpeg 2000w, https:\/\/carefor.ca\/wp-content\/uploads\/2023\/07\/boost-your-immune-system-to-make-for-a-healthier-autumn-graphic-65-400x267.jpeg 400w\" sizes=\"auto, (max-width: 768px) 100vw, 768px\" \/>                                               <div class=\"title\">\n                            Des repas savoureux comme \u00e0 la maison, \u00e0 d\u00e9guster trois fois par jour.                        <\/div>\n                                              <\/a>\n                    <\/div>\n                                    <div class=\"image\">\n                       <a href=\"https:\/\/carefor.ca\/wp-content\/uploads\/2023\/06\/image10.jpg\" title=\"Votre bien-\u00eatre, notre priorit\u00e9. Nos professionnels qualifi\u00e9s feront tout pour vous aider.\">\n                       <img loading=\"lazy\" decoding=\"async\" width=\"768\" height=\"513\" src=\"https:\/\/carefor.ca\/wp-content\/uploads\/2023\/06\/image10-768x513.jpg\" class=\"attachment-box-image size-box-image\" alt=\"A nurse measuring an elderly man&#039;s blood pressure.\" srcset=\"https:\/\/carefor.ca\/wp-content\/uploads\/2023\/06\/image10-768x513.jpg 768w, https:\/\/carefor.ca\/wp-content\/uploads\/2023\/06\/image10-300x200.jpg 300w, https:\/\/carefor.ca\/wp-content\/uploads\/2023\/06\/image10-400x267.jpg 400w, https:\/\/carefor.ca\/wp-content\/uploads\/2023\/06\/image10.jpg 824w\" sizes=\"auto, (max-width: 768px) 100vw, 768px\" \/>                                               <div class=\"title\">\n                            Votre bien-\u00eatre, notre priorit\u00e9. Nos professionnels qualifi\u00e9s feront tout pour vous aider.                        <\/div>\n                                              <\/a>\n                    <\/div>\n                            <\/div>\n            <\/div>\n<\/div>\n\n\n\n<div style=\"height:100px\" aria-hidden=\"true\" class=\"wp-block-spacer\"><\/div>\n\n\n\n<h4 class=\"wp-block-heading\" id=\"meals\">Repas<\/h4>\n\n\n\n<p>Rien ne bat un bon repas maison. Heureusement, nos cuisiniers en servent trois par jour, tous les jours (sans oublier les collations!).<\/p>\n\n\n\n<h4 class=\"wp-block-heading\" id=\"wellness\">Bien-\u00eatre<\/h4>\n\n\n\n<p>Votre bien-\u00eatre, notre priorit\u00e9. Nos professionnels qualifi\u00e9s feront tout pour vous aider.<\/p>\n\n\n\n<ul class=\"wp-block-list\">\n<li>Personnel professionnel attentionn\u00e9, pr\u00e9sent en permanence<\/li>\n\n\n\n<li>Intervention d\u2019urgence 24 h\/24<\/li>\n\n\n\n<li>Soins infirmiers<\/li>\n\n\n\n<li>Administration et gestion des m\u00e9dicaments<\/li>\n\n\n\n<li>M\u00e9decin de garde<\/li>\n\n\n\n<li>V\u00e9rifications quotidiennes<\/li>\n\n\n\n<li>Pendentifs d\u2019alerte personnels<\/li>\n\n\n\n<li>B\u00e2timent s\u00e9curis\u00e9 muni de cam\u00e9ras<\/li>\n\n\n\n<li>Confidentialit\u00e9 des r\u00e9sidents et r\u00e9sidentes<\/li>\n<\/ul>\n\n\n<div id=\"program-locations-block_1068969af0f071ac545cda0f201539bc\" class=\"program-locations alignfull \">\n    <div class=\"row column\">\n              <div class=\"block-title\">\n          <h3>Contactez-nous<\/h3>\n       <\/div>\n               <div class=\"tabs-wrapper\">\n            <ul class=\"tabs\" data-tabs id=\"locations-tabs\">\n                                                    <li class=\"tabs-title is-active\"><a href=\"javascript:void();\" data-tabs-target=\"comt\u00e9-de-pembroke-renfrew\" aria-selected=\"true\">Comt\u00e9 de Pembroke-Renfrew<\/a><\/li>\n                                          <\/ul>\n        <\/div>\n\n        <div class=\"tabs-content\" data-tabs-content=\"locations-tabs\">\n\n            \n           \n                <div class=\"tabs-panel is-active\" id=\"comt\u00e9-de-pembroke-renfrew\">\n                   <div class=\"tab-content-inner\">\n\n                                                                                           <div class=\"wysiwyg\">\n                            <h6>Casey<\/h6>\n<p>425, rue Cecelia<br \/>\nPembroke (Ontario)<\/p>\n<p>Sans frais\u00a0: <a href=\"tel:1-833-922-2734\">1-833-922-2734<\/a>, poste\u00a03222<br \/>\n<a href=\"mailto:klester@carefor.ca\">klester@carefor.ca<\/a><\/p>\n                         <\/div>\n                      \n                           \n                   <\/div>\n                <\/div>\n\n      \n            <\/div>\n    <\/div>\n<\/div>\n\n\n<div id=\"google-map-block-block_f53c03f527fd4805a20187e25b49d945\" class=\"google-map-block \">\n\n      <div class=\"acf-map\" data-zoom=\"16\" style=\"width:100%; \">\n      <div class=\"marker\" data-lat=\"45.8151268\" data-lng=\"-77.1091841\"><\/div>\n   <\/div>\n<\/div>\n\n\n\n<div style=\"height:100px\" aria-hidden=\"true\" class=\"wp-block-spacer\"><\/div>\n","protected":false},"excerpt":{"rendered":"<p>Votre bien-\u00eatre et votre confort sont nos priorit\u00e9s absolues. Pr\u00e9paration de repas sur place, aide \u00e0 la vie autonome, soins infirmiers\u2026 Notre \u00e9quipe allie ses forces afin de veiller \u00e0 [&hellip;]<\/p>\n","protected":false},"author":1,"featured_media":5124,"parent":5432,"menu_order":3,"comment_status":"closed","ping_status":"closed","template":"page-microsite-internal.php","meta":{"_acf_changed":false,"_relevanssi_hide_post":"","_relevanssi_hide_content":"","_relevanssi_pin_for_all":"","_relevanssi_pin_keywords":"","_relevanssi_unpin_keywords":"","_relevanssi_related_keywords":"","_relevanssi_related_include_ids":"","_relevanssi_related_exclude_ids":"","_relevanssi_related_no_append":"","_relevanssi_related_not_related":"","_relevanssi_related_posts":"","_relevanssi_noindex_reason":"","footnotes":""},"class_list":["post-5444","page","type-page","status-publish","has-post-thumbnail","hentry"],"acf":[],"yoast_head":"<!-- This site is optimized with the Yoast SEO Premium plugin v24.9 (Yoast SEO v27.4) - https:\/\/yoast.com\/product\/yoast-seo-premium-wordpress\/ -->\n<title>Repas et bien-\u00eatre - Carefor<\/title>\n<meta name=\"robots\" content=\"index, follow, max-snippet:-1, max-image-preview:large, max-video-preview:-1\" \/>\n<link rel=\"canonical\" href=\"https:\/\/carefor.ca\/fr\/maisons-de-retraite\/centre-mackay-de-carefor\/repas-et-bien-etre\/\" \/>\n<meta property=\"og:locale\" content=\"fr_FR\" \/>\n<meta property=\"og:type\" content=\"article\" \/>\n<meta property=\"og:title\" content=\"Repas et bien-\u00eatre\" \/>\n<meta property=\"og:description\" content=\"Votre bien-\u00eatre et votre confort sont nos priorit\u00e9s absolues. Pr\u00e9paration de repas sur place, aide \u00e0 la vie autonome, soins infirmiers\u2026 Notre \u00e9quipe allie ses forces afin de veiller \u00e0 [&hellip;]\" \/>\n<meta property=\"og:url\" content=\"https:\/\/carefor.ca\/fr\/maisons-de-retraite\/centre-mackay-de-carefor\/repas-et-bien-etre\/\" \/>\n<meta property=\"og:site_name\" content=\"Carefor\" \/>\n<meta property=\"article:publisher\" content=\"https:\/\/www.facebook.com\/CareforHCS\" \/>\n<meta property=\"article:modified_time\" content=\"2023-11-20T05:45:53+00:00\" \/>\n<meta property=\"og:image\" content=\"https:\/\/carefor.ca\/wp-content\/uploads\/2023\/07\/ADF_Carefor_Civic_51-2-scaled-e1692711705566.jpg\" \/>\n\t<meta property=\"og:image:width\" content=\"1849\" \/>\n\t<meta property=\"og:image:height\" content=\"1702\" \/>\n\t<meta property=\"og:image:type\" content=\"image\/jpeg\" \/>\n<meta name=\"twitter:card\" content=\"summary_large_image\" \/>\n<meta name=\"twitter:site\" content=\"@CareforHCS\" \/>\n<meta name=\"twitter:label1\" content=\"Dur\u00e9e de lecture estim\u00e9e\" \/>\n\t<meta name=\"twitter:data1\" content=\"1 minute\" \/>\n<script type=\"application\/ld+json\" class=\"yoast-schema-graph\">{\"@context\":\"https:\\\/\\\/schema.org\",\"@graph\":[{\"@type\":\"WebPage\",\"@id\":\"https:\\\/\\\/carefor.ca\\\/fr\\\/maisons-de-retraite\\\/centre-mackay-de-carefor\\\/repas-et-bien-etre\\\/\",\"url\":\"https:\\\/\\\/carefor.ca\\\/fr\\\/maisons-de-retraite\\\/centre-mackay-de-carefor\\\/repas-et-bien-etre\\\/\",\"name\":\"Repas et bien-\u00eatre - Carefor\",\"isPartOf\":{\"@id\":\"https:\\\/\\\/carefor.ca\\\/fr\\\/#website\"},\"primaryImageOfPage\":{\"@id\":\"https:\\\/\\\/carefor.ca\\\/fr\\\/maisons-de-retraite\\\/centre-mackay-de-carefor\\\/repas-et-bien-etre\\\/#primaryimage\"},\"image\":{\"@id\":\"https:\\\/\\\/carefor.ca\\\/fr\\\/maisons-de-retraite\\\/centre-mackay-de-carefor\\\/repas-et-bien-etre\\\/#primaryimage\"},\"thumbnailUrl\":\"https:\\\/\\\/carefor.ca\\\/wp-content\\\/uploads\\\/2023\\\/07\\\/ADF_Carefor_Civic_51-2-scaled-e1692711705566.jpg\",\"datePublished\":\"2023-07-06T22:17:45+00:00\",\"dateModified\":\"2023-11-20T05:45:53+00:00\",\"breadcrumb\":{\"@id\":\"https:\\\/\\\/carefor.ca\\\/fr\\\/maisons-de-retraite\\\/centre-mackay-de-carefor\\\/repas-et-bien-etre\\\/#breadcrumb\"},\"inLanguage\":\"fr-FR\",\"potentialAction\":[{\"@type\":\"ReadAction\",\"target\":[\"https:\\\/\\\/carefor.ca\\\/fr\\\/maisons-de-retraite\\\/centre-mackay-de-carefor\\\/repas-et-bien-etre\\\/\"]}]},{\"@type\":\"ImageObject\",\"inLanguage\":\"fr-FR\",\"@id\":\"https:\\\/\\\/carefor.ca\\\/fr\\\/maisons-de-retraite\\\/centre-mackay-de-carefor\\\/repas-et-bien-etre\\\/#primaryimage\",\"url\":\"https:\\\/\\\/carefor.ca\\\/wp-content\\\/uploads\\\/2023\\\/07\\\/ADF_Carefor_Civic_51-2-scaled-e1692711705566.jpg\",\"contentUrl\":\"https:\\\/\\\/carefor.ca\\\/wp-content\\\/uploads\\\/2023\\\/07\\\/ADF_Carefor_Civic_51-2-scaled-e1692711705566.jpg\",\"width\":1849,\"height\":1702,\"caption\":\"Pembroke Civic Complex Carefor Health &amp; Community Services December 7, 2021 Photos by Ashley Fraser\"},{\"@type\":\"BreadcrumbList\",\"@id\":\"https:\\\/\\\/carefor.ca\\\/fr\\\/maisons-de-retraite\\\/centre-mackay-de-carefor\\\/repas-et-bien-etre\\\/#breadcrumb\",\"itemListElement\":[{\"@type\":\"ListItem\",\"position\":1,\"name\":\"Home\",\"item\":\"https:\\\/\\\/carefor.ca\\\/fr\\\/\"},{\"@type\":\"ListItem\",\"position\":2,\"name\":\"Maisons de retraite\",\"item\":\"https:\\\/\\\/carefor.ca\\\/fr\\\/maisons-de-retraite\\\/\"},{\"@type\":\"ListItem\",\"position\":3,\"name\":\"Centre Mackay de Carefor\",\"item\":\"https:\\\/\\\/carefor.ca\\\/fr\\\/maisons-de-retraite\\\/centre-mackay-de-carefor\\\/\"},{\"@type\":\"ListItem\",\"position\":4,\"name\":\"Repas et bien-\u00eatre\"}]},{\"@type\":\"WebSite\",\"@id\":\"https:\\\/\\\/carefor.ca\\\/fr\\\/#website\",\"url\":\"https:\\\/\\\/carefor.ca\\\/fr\\\/\",\"name\":\"Carefor\",\"description\":\"High Quality Homecare\",\"publisher\":{\"@id\":\"https:\\\/\\\/carefor.ca\\\/fr\\\/#organization\"},\"potentialAction\":[{\"@type\":\"SearchAction\",\"target\":{\"@type\":\"EntryPoint\",\"urlTemplate\":\"https:\\\/\\\/carefor.ca\\\/fr\\\/?s={search_term_string}\"},\"query-input\":{\"@type\":\"PropertyValueSpecification\",\"valueRequired\":true,\"valueName\":\"search_term_string\"}}],\"inLanguage\":\"fr-FR\"},{\"@type\":\"Organization\",\"@id\":\"https:\\\/\\\/carefor.ca\\\/fr\\\/#organization\",\"name\":\"Carefor Health and Community Services\",\"url\":\"https:\\\/\\\/carefor.ca\\\/fr\\\/\",\"logo\":{\"@type\":\"ImageObject\",\"inLanguage\":\"fr-FR\",\"@id\":\"https:\\\/\\\/carefor.ca\\\/fr\\\/#\\\/schema\\\/logo\\\/image\\\/\",\"url\":\"\",\"contentUrl\":\"\",\"caption\":\"Carefor Health and Community Services\"},\"image\":{\"@id\":\"https:\\\/\\\/carefor.ca\\\/fr\\\/#\\\/schema\\\/logo\\\/image\\\/\"},\"sameAs\":[\"https:\\\/\\\/www.facebook.com\\\/CareforHCS\",\"https:\\\/\\\/x.com\\\/CareforHCS\",\"https:\\\/\\\/www.linkedin.com\\\/company\\\/carefor-health-and-community-services\\\/\"],\"description\":\"205 Amelia Street, Suite 100 Cornwall, ON K6H 3P3\",\"email\":\"infoeasterncounties@carefor.ca\",\"telephone\":\"613-932-3451\"}]}<\/script>\n<!-- \/ Yoast SEO Premium plugin. -->","yoast_head_json":{"title":"Repas et bien-\u00eatre - Carefor","robots":{"index":"index","follow":"follow","max-snippet":"max-snippet:-1","max-image-preview":"max-image-preview:large","max-video-preview":"max-video-preview:-1"},"canonical":"https:\/\/carefor.ca\/fr\/maisons-de-retraite\/centre-mackay-de-carefor\/repas-et-bien-etre\/","og_locale":"fr_FR","og_type":"article","og_title":"Repas et bien-\u00eatre","og_description":"Votre bien-\u00eatre et votre confort sont nos priorit\u00e9s absolues. Pr\u00e9paration de repas sur place, aide \u00e0 la vie autonome, soins infirmiers\u2026 Notre \u00e9quipe allie ses forces afin de veiller \u00e0 [&hellip;]","og_url":"https:\/\/carefor.ca\/fr\/maisons-de-retraite\/centre-mackay-de-carefor\/repas-et-bien-etre\/","og_site_name":"Carefor","article_publisher":"https:\/\/www.facebook.com\/CareforHCS","article_modified_time":"2023-11-20T05:45:53+00:00","og_image":[{"width":1849,"height":1702,"url":"https:\/\/carefor.ca\/wp-content\/uploads\/2023\/07\/ADF_Carefor_Civic_51-2-scaled-e1692711705566.jpg","type":"image\/jpeg"}],"twitter_card":"summary_large_image","twitter_site":"@CareforHCS","twitter_misc":{"Dur\u00e9e de lecture estim\u00e9e":"1 minute"},"schema":{"@context":"https:\/\/schema.org","@graph":[{"@type":"WebPage","@id":"https:\/\/carefor.ca\/fr\/maisons-de-retraite\/centre-mackay-de-carefor\/repas-et-bien-etre\/","url":"https:\/\/carefor.ca\/fr\/maisons-de-retraite\/centre-mackay-de-carefor\/repas-et-bien-etre\/","name":"Repas et bien-\u00eatre - Carefor","isPartOf":{"@id":"https:\/\/carefor.ca\/fr\/#website"},"primaryImageOfPage":{"@id":"https:\/\/carefor.ca\/fr\/maisons-de-retraite\/centre-mackay-de-carefor\/repas-et-bien-etre\/#primaryimage"},"image":{"@id":"https:\/\/carefor.ca\/fr\/maisons-de-retraite\/centre-mackay-de-carefor\/repas-et-bien-etre\/#primaryimage"},"thumbnailUrl":"https:\/\/carefor.ca\/wp-content\/uploads\/2023\/07\/ADF_Carefor_Civic_51-2-scaled-e1692711705566.jpg","datePublished":"2023-07-06T22:17:45+00:00","dateModified":"2023-11-20T05:45:53+00:00","breadcrumb":{"@id":"https:\/\/carefor.ca\/fr\/maisons-de-retraite\/centre-mackay-de-carefor\/repas-et-bien-etre\/#breadcrumb"},"inLanguage":"fr-FR","potentialAction":[{"@type":"ReadAction","target":["https:\/\/carefor.ca\/fr\/maisons-de-retraite\/centre-mackay-de-carefor\/repas-et-bien-etre\/"]}]},{"@type":"ImageObject","inLanguage":"fr-FR","@id":"https:\/\/carefor.ca\/fr\/maisons-de-retraite\/centre-mackay-de-carefor\/repas-et-bien-etre\/#primaryimage","url":"https:\/\/carefor.ca\/wp-content\/uploads\/2023\/07\/ADF_Carefor_Civic_51-2-scaled-e1692711705566.jpg","contentUrl":"https:\/\/carefor.ca\/wp-content\/uploads\/2023\/07\/ADF_Carefor_Civic_51-2-scaled-e1692711705566.jpg","width":1849,"height":1702,"caption":"Pembroke Civic Complex Carefor Health &amp; Community Services December 7, 2021 Photos by Ashley Fraser"},{"@type":"BreadcrumbList","@id":"https:\/\/carefor.ca\/fr\/maisons-de-retraite\/centre-mackay-de-carefor\/repas-et-bien-etre\/#breadcrumb","itemListElement":[{"@type":"ListItem","position":1,"name":"Home","item":"https:\/\/carefor.ca\/fr\/"},{"@type":"ListItem","position":2,"name":"Maisons de retraite","item":"https:\/\/carefor.ca\/fr\/maisons-de-retraite\/"},{"@type":"ListItem","position":3,"name":"Centre Mackay de Carefor","item":"https:\/\/carefor.ca\/fr\/maisons-de-retraite\/centre-mackay-de-carefor\/"},{"@type":"ListItem","position":4,"name":"Repas et bien-\u00eatre"}]},{"@type":"WebSite","@id":"https:\/\/carefor.ca\/fr\/#website","url":"https:\/\/carefor.ca\/fr\/","name":"Carefor","description":"High Quality Homecare","publisher":{"@id":"https:\/\/carefor.ca\/fr\/#organization"},"potentialAction":[{"@type":"SearchAction","target":{"@type":"EntryPoint","urlTemplate":"https:\/\/carefor.ca\/fr\/?s={search_term_string}"},"query-input":{"@type":"PropertyValueSpecification","valueRequired":true,"valueName":"search_term_string"}}],"inLanguage":"fr-FR"},{"@type":"Organization","@id":"https:\/\/carefor.ca\/fr\/#organization","name":"Carefor Health and Community Services","url":"https:\/\/carefor.ca\/fr\/","logo":{"@type":"ImageObject","inLanguage":"fr-FR","@id":"https:\/\/carefor.ca\/fr\/#\/schema\/logo\/image\/","url":"","contentUrl":"","caption":"Carefor Health and Community Services"},"image":{"@id":"https:\/\/carefor.ca\/fr\/#\/schema\/logo\/image\/"},"sameAs":["https:\/\/www.facebook.com\/CareforHCS","https:\/\/x.com\/CareforHCS","https:\/\/www.linkedin.com\/company\/carefor-health-and-community-services\/"],"description":"205 Amelia Street, Suite 100 Cornwall, ON K6H 3P3","email":"infoeasterncounties@carefor.ca","telephone":"613-932-3451"}]}},"_links":{"self":[{"href":"https:\/\/carefor.ca\/fr\/wp-json\/wp\/v2\/pages\/5444","targetHints":{"allow":["GET"]}}],"collection":[{"href":"https:\/\/carefor.ca\/fr\/wp-json\/wp\/v2\/pages"}],"about":[{"href":"https:\/\/carefor.ca\/fr\/wp-json\/wp\/v2\/types\/page"}],"author":[{"embeddable":true,"href":"https:\/\/carefor.ca\/fr\/wp-json\/wp\/v2\/users\/1"}],"replies":[{"embeddable":true,"href":"https:\/\/carefor.ca\/fr\/wp-json\/wp\/v2\/comments?post=5444"}],"version-history":[{"count":9,"href":"https:\/\/carefor.ca\/fr\/wp-json\/wp\/v2\/pages\/5444\/revisions"}],"predecessor-version":[{"id":5459,"href":"https:\/\/carefor.ca\/fr\/wp-json\/wp\/v2\/pages\/5444\/revisions\/5459"}],"up":[{"embeddable":true,"href":"https:\/\/carefor.ca\/fr\/wp-json\/wp\/v2\/pages\/5432"}],"wp:featuredmedia":[{"embeddable":true,"href":"https:\/\/carefor.ca\/fr\/wp-json\/wp\/v2\/media\/5124"}],"wp:attachment":[{"href":"https:\/\/carefor.ca\/fr\/wp-json\/wp\/v2\/media?parent=5444"}],"curies":[{"name":"wp","href":"https:\/\/api.w.org\/{rel}","templated":true}]}}