{"id":5436,"date":"2023-07-06T18:16:44","date_gmt":"2023-07-06T22:16:44","guid":{"rendered":"https:\/\/carefor.ca\/carefor-mackay-centre\/tour-our-home\/"},"modified":"2023-11-20T00:43:13","modified_gmt":"2023-11-20T05:43:13","slug":"decouvrez-notre-maison","status":"publish","type":"page","link":"https:\/\/carefor.ca\/fr\/maisons-de-retraite\/centre-mackay-de-carefor\/decouvrez-notre-maison\/","title":{"rendered":"D\u00e9couvrez notre maison"},"content":{"rendered":"\n<p>En plus d\u2019\u00eatre parfaitement situ\u00e9 en face de l\u2019H\u00f4pital Pembroke Memorial et \u00e0 proximit\u00e9 du centre-ville, le Centre Mackay offre une vie de retraite \u00e0 un prix exceptionnel. Exploit\u00e9 par Carefor, un OSBL centenaire, le Centre Mackay place vos besoins en premier, \u00e0 un prix abordable.<\/p>\n\n\n\n<p><strong>Pour en savoir plus, contactez Karen<\/strong><br>833-922-2734, poste 3015, ou <a href=\"mailto:klester@carefor.ca\" target=\"_blank\" rel=\"noreferrer noopener\">klester@carefor.ca<\/a><\/p>\n\n\n\n<div class=\"wp-block-buttons is-layout-flex wp-block-buttons-is-layout-flex\">\n<div class=\"wp-block-button\"><a class=\"wp-block-button__link wp-element-button\" href=\"https:\/\/search.caredove.com\/carefor\/service\/27628\/book\" target=\"_blank\" rel=\"noreferrer noopener\">R\u00e9server une visite<\/a><\/div>\n<\/div>\n\n\n\n<div style=\"height:5rem\" aria-hidden=\"true\" class=\"wp-block-spacer\"><\/div>\n\n\n<div id=\"video-block-block_188e72b53a0fca21a7241e02b26fbdc9\" class=\"video-block alignfull \">\n    <div class=\"row\">\n        <div class=\"medium-10 medium-offset-1\">\n                            <div class=\"block-title\">\n                    <h3>Visite virtuelle<\/h3>\n                <\/div>\n                        <div class=\"videos\">\n                                    <div class=\"responsive-embed\">\n                        <iframe loading=\"lazy\" title=\"Mackay Centre Tour\" width=\"640\" height=\"360\" src=\"https:\/\/www.youtube.com\/embed\/w185X0TQKd4?feature=oembed\" frameborder=\"0\" allow=\"accelerometer; autoplay; clipboard-write; encrypted-media; gyroscope; picture-in-picture; web-share\" referrerpolicy=\"strict-origin-when-cross-origin\" allowfullscreen><\/iframe>                    <\/div>\n                            <\/div>\n        <\/div>\n\n    <\/div>\n\n<\/div>\n\n\n\n\n<div style=\"height:4rem\" aria-hidden=\"true\" class=\"wp-block-spacer\"><\/div>\n\n\n<div id=\"program-locations-block_266466fddab2fae04ebe4cd5adc6bcd2\" class=\"program-locations alignfull \">\n    <div class=\"row column\">\n              <div class=\"block-title\">\n          <h3>Contact Us<\/h3>\n       <\/div>\n               <div class=\"tabs-wrapper\">\n            <ul class=\"tabs\" data-tabs id=\"locations-tabs\">\n                                                    <li class=\"tabs-title is-active\"><a href=\"javascript:void();\" data-tabs-target=\"pembroke-renfrew-county\" aria-selected=\"true\">Pembroke-Renfrew County<\/a><\/li>\n                                          <\/ul>\n        <\/div>\n\n        <div class=\"tabs-content\" data-tabs-content=\"locations-tabs\">\n\n            \n           \n                <div class=\"tabs-panel is-active\" id=\"pembroke-renfrew-county\">\n                   <div class=\"tab-content-inner\">\n\n                                                                                           <div class=\"wysiwyg\">\n                            <h6>Karen<\/h6>\n<p>700 MacKay Street<br \/>\nPembroke, ON \u00a0K8A 1G6<\/p>\n<p>Toll-free: <a href=\"tel:1-833-922-2734\">1-833-922-2734<\/a> \u00a0ext.3015<br \/>\n<a href=\"mailto:klester@carefor.ca\">klester@carefor.ca<\/a><\/p>\n                         <\/div>\n                      \n                           \n                   <\/div>\n                <\/div>\n\n      \n            <\/div>\n    <\/div>\n<\/div>\n\n\n<div id=\"google-map-block-block_07dd99624070aa780c20be2963001208\" class=\"google-map-block \">\n\n      <div class=\"acf-map\" data-zoom=\"16\" style=\"width:100%; \">\n      <div class=\"marker\" data-lat=\"45.8151268\" data-lng=\"-77.1091841\"><\/div>\n   <\/div>\n<\/div>\n\n\n\n<div style=\"height:2rem\" aria-hidden=\"true\" class=\"wp-block-spacer\"><\/div>\n\n\n\n<div id=\"image-text-block_4e961278cf388a7252b27cd9930cf9cd_0\" class=\"image-text alignfull image-text-0 \">\n    <div class=\"block-wrapper\">\n        <div class=\"row column\">\n            <div class=\"image-text-container\">\n                <div class=\"text-wrapper\">\n                    <div class=\"text-content\">\n                        <h3>Le Complexe communautaire de Carefor \u2013 notre autre maison de retraite<\/h3>\n\t                    <p><span style=\"font-weight: 400;\">Connaissez-vous notre autre maison de retraite? Si le Centre Mackay de Carefor ne vous convient pas, le Complexe communautaire pourrait s\u00fbrement vous plaire. <\/span><\/p>\n<p>&nbsp;<\/p>\n                       \t                    <a href=\"https:\/\/carefor.ca\/fr\/complexe-communautaire-de-carefor\/\" class=\"cta\">Learn More<\/a>                                           <\/div>\n\n                <\/div>\n                <div class=\"image-wrapper\">\n                                                                <div class=\"rounded-image image-0\">\n\n                                                         <a href=\"https:\/\/carefor.ca\/fr\/complexe-communautaire-de-carefor\/\" >\n                                 <img loading=\"lazy\" decoding=\"async\" width=\"768\" height=\"512\" src=\"https:\/\/carefor.ca\/wp-content\/uploads\/2023\/07\/RGB-JPG-8-003-768x512.jpg\" class=\"attachment-box-image size-box-image\" alt=\"Carefor Civic\" srcset=\"https:\/\/carefor.ca\/wp-content\/uploads\/2023\/07\/RGB-JPG-8-003-768x512.jpg 768w, https:\/\/carefor.ca\/wp-content\/uploads\/2023\/07\/RGB-JPG-8-003-300x200.jpg 300w, https:\/\/carefor.ca\/wp-content\/uploads\/2023\/07\/RGB-JPG-8-003-1024x683.jpg 1024w, https:\/\/carefor.ca\/wp-content\/uploads\/2023\/07\/RGB-JPG-8-003-1536x1024.jpg 1536w, https:\/\/carefor.ca\/wp-content\/uploads\/2023\/07\/RGB-JPG-8-003-2048x1365.jpg 2048w, https:\/\/carefor.ca\/wp-content\/uploads\/2023\/07\/RGB-JPG-8-003-2000x1333.jpg 2000w, https:\/\/carefor.ca\/wp-content\/uploads\/2023\/07\/RGB-JPG-8-003-400x267.jpg 400w\" sizes=\"auto, (max-width: 768px) 100vw, 768px\" \/>                              <\/a>\n                                                   <\/div>\n\n                                                        <\/div>\n            <\/div>\n        <\/div>\n    <\/div>\n<\/div>\n\n<div class=\"large reveal video-reveal\" id=\"link-video\" data-reveal>\n   <div class=\"responsive-embed widescreen\">\n\n   <\/div>\n   <button class=\"close-button\" data-close aria-label=\"Close modal\" type=\"button\">\n      <span aria-hidden=\"true\">&times;<\/span>\n   <\/button>\n<\/div>\n\n\n<div style=\"height:100px\" aria-hidden=\"true\" class=\"wp-block-spacer\"><\/div>\n\n\n<div id=\"impact-stories-block_57f452287dccf9036b4985b970320dfc\" class=\"impact-stories alignfull \">\n    <div class=\"stories-slides\" id=\"stories-slides-slider\">\n                <div class=\"blog-post-slide\">\n                <div class=\"post-info\">\n                   <div class=\"post-info-inner\">\n                      <div class=\"blog-title\">\n                         <a href=\"https:\/\/carefor.ca\/our-impact\/stories-of-impact\/\" class=\"pile-cta\">Stories of Impact<\/a>                      <\/div>\n                      <div class=\"title\">\n                         <h4><a href=\"https:\/\/carefor.ca\/fr\/stories\/pour-que-tous-les-jours-soient-la-fete-des-meres\/\" class=\"\" data-post-id=\"5520\">Pour que tous les jours soient la f\u00eate des M\u00e8res<\/a><\/h4>\n                      <\/div>\n                      <div class=\"excerpt\">\n                         <p>When a parent is diagnosed with dementia a dynamic change takes place. Children become caregivers. \u00ab\u00a0You end up co-parenting with people you never thought you&rsquo;d co-parent with,\u00a0\u00bb says Margaret referring [&hellip;]<\/p>\n                      <\/div>\n                      <div class=\"read-more\">\n                         <a href=\"https:\/\/carefor.ca\/fr\/stories\/pour-que-tous-les-jours-soient-la-fete-des-meres\/\" class=\"cta-with-arrow \" data-post-id=\"5520\">Lire L&rsquo;Article Complet<\/a>\n                      <\/div>\n                   <\/div>\n\n                <\/div>\n                <div class=\"image-wrapper\">\n                    <img loading=\"lazy\" decoding=\"async\" width=\"768\" height=\"497\" src=\"https:\/\/carefor.ca\/wp-content\/uploads\/2023\/07\/making-every-day-mothers-day-image-6-768x497.jpg\" class=\"attachment-box-image size-box-image wp-post-image\" alt=\"\" srcset=\"https:\/\/carefor.ca\/wp-content\/uploads\/2023\/07\/making-every-day-mothers-day-image-6-768x497.jpg 768w, https:\/\/carefor.ca\/wp-content\/uploads\/2023\/07\/making-every-day-mothers-day-image-6-300x194.jpg 300w, https:\/\/carefor.ca\/wp-content\/uploads\/2023\/07\/making-every-day-mothers-day-image-6-400x259.jpg 400w, https:\/\/carefor.ca\/wp-content\/uploads\/2023\/07\/making-every-day-mothers-day-image-6.jpg 934w\" sizes=\"auto, (max-width: 768px) 100vw, 768px\" \/>                <\/div>\n            <\/div>\n                    <div class=\"blog-post-slide\">\n                <div class=\"post-info\">\n                   <div class=\"post-info-inner\">\n                      <div class=\"blog-title\">\n                         <a href=\"https:\/\/carefor.ca\/our-impact\/stories-of-impact\/\" class=\"pile-cta\">Stories of Impact<\/a>                      <\/div>\n                      <div class=\"title\">\n                         <h4><a href=\"https:\/\/carefor.ca\/fr\/stories\/le-personnel-de-la-maison-de-retraite-de-richmond-fait-des-pieds-et-des-mains-pour-communiquer-avec-une-nouvelle-residente\/\" class=\"\" data-post-id=\"5698\">Le personnel de la maison de retraite de Richmond fait des pieds et des mains pour communiquer avec une nouvelle r\u00e9sidente<\/a><\/h4>\n                      <\/div>\n                      <div class=\"excerpt\">\n                         <p>Mealtimes at Carefor Richmond Care Home (RCH) have been extra special since trained chef Jessica Hamalainen joined the team last November. Residents have been receiving more than just delicious home-cooked [&hellip;]<\/p>\n                      <\/div>\n                      <div class=\"read-more\">\n                         <a href=\"https:\/\/carefor.ca\/fr\/stories\/le-personnel-de-la-maison-de-retraite-de-richmond-fait-des-pieds-et-des-mains-pour-communiquer-avec-une-nouvelle-residente\/\" class=\"cta-with-arrow \" data-post-id=\"5698\">Lire L&rsquo;Article Complet<\/a>\n                      <\/div>\n                   <\/div>\n\n                <\/div>\n                <div class=\"image-wrapper\">\n                    <img loading=\"lazy\" decoding=\"async\" width=\"480\" height=\"640\" src=\"https:\/\/carefor.ca\/wp-content\/uploads\/2023\/06\/60f9b6cd060a0-1-1.jpg\" class=\"attachment-box-image size-box-image wp-post-image\" alt=\"\" srcset=\"https:\/\/carefor.ca\/wp-content\/uploads\/2023\/06\/60f9b6cd060a0-1-1.jpg 480w, https:\/\/carefor.ca\/wp-content\/uploads\/2023\/06\/60f9b6cd060a0-1-1-225x300.jpg 225w, https:\/\/carefor.ca\/wp-content\/uploads\/2023\/06\/60f9b6cd060a0-1-1-400x533.jpg 400w\" sizes=\"auto, (max-width: 480px) 100vw, 480px\" \/>                <\/div>\n            <\/div>\n                    <div class=\"blog-post-slide\">\n                <div class=\"post-info\">\n                   <div class=\"post-info-inner\">\n                      <div class=\"blog-title\">\n                         <a href=\"https:\/\/carefor.ca\/our-impact\/stories-of-impact\/\" class=\"pile-cta\">Stories of Impact<\/a>                      <\/div>\n                      <div class=\"title\">\n                         <h4><a href=\"https:\/\/carefor.ca\/fr\/stories\/la-maison-de-retraite-de-richmond-celebre-ses-20-ans-dexistence-remplie-despoir-pour-lavenir\/\" class=\"\" data-post-id=\"5699\">La maison de retraite de Richmond c\u00e9l\u00e8bre ses 20\u00a0ans d\u2019existence, remplie d\u2019espoir pour l\u2019avenir<\/a><\/h4>\n                      <\/div>\n                      <div class=\"excerpt\">\n                         <p>When you visit our 16-bed home designed for women living with dementia in Richmond Village, located just 20 minutes outside of Ottawa, take a close look at the apple tree. [&hellip;]<\/p>\n                      <\/div>\n                      <div class=\"read-more\">\n                         <a href=\"https:\/\/carefor.ca\/fr\/stories\/la-maison-de-retraite-de-richmond-celebre-ses-20-ans-dexistence-remplie-despoir-pour-lavenir\/\" class=\"cta-with-arrow \" data-post-id=\"5699\">Lire L&rsquo;Article Complet<\/a>\n                      <\/div>\n                   <\/div>\n\n                <\/div>\n                <div class=\"image-wrapper\">\n                    <img loading=\"lazy\" decoding=\"async\" width=\"768\" height=\"576\" src=\"https:\/\/carefor.ca\/wp-content\/uploads\/2025\/05\/2-768x576.jpg\" class=\"attachment-box-image size-box-image wp-post-image\" alt=\"Richmond Care Home for women living with dementia\" srcset=\"https:\/\/carefor.ca\/wp-content\/uploads\/2025\/05\/2-768x576.jpg 768w, https:\/\/carefor.ca\/wp-content\/uploads\/2025\/05\/2-300x225.jpg 300w, https:\/\/carefor.ca\/wp-content\/uploads\/2025\/05\/2-1024x768.jpg 1024w, https:\/\/carefor.ca\/wp-content\/uploads\/2025\/05\/2-1536x1152.jpg 1536w, https:\/\/carefor.ca\/wp-content\/uploads\/2025\/05\/2-2048x1536.jpg 2048w, https:\/\/carefor.ca\/wp-content\/uploads\/2025\/05\/2-2000x1500.jpg 2000w, https:\/\/carefor.ca\/wp-content\/uploads\/2025\/05\/2-400x300.jpg 400w\" sizes=\"auto, (max-width: 768px) 100vw, 768px\" \/>                <\/div>\n            <\/div>\n            <\/div>\n<\/div>\n\n\n<div class=\"reveal small\" id=\"impact-story-modal\" data-reveal>\n   <button class=\"close-button\" data-close aria-label=\"Close modal\" type=\"button\">\n      <span aria-hidden=\"true\">&times;<\/span>\n   <\/button>\n   <div class=\"modal-inner\">\n      <div class=\"video-container\">\n         <div class=\"video-title\"><h4><\/h4><\/div>\n         <div class=\"responsive-embed widescreen\"><\/div>\n      <\/div>\n   <\/div>\n<\/div>\n","protected":false},"excerpt":{"rendered":"<p>En plus d\u2019\u00eatre parfaitement situ\u00e9 en face de l\u2019H\u00f4pital Pembroke Memorial et \u00e0 proximit\u00e9 du centre-ville, le Centre Mackay offre une vie de retraite \u00e0 un prix exceptionnel. Exploit\u00e9 par [&hellip;]<\/p>\n","protected":false},"author":1,"featured_media":5112,"parent":5432,"menu_order":1,"comment_status":"closed","ping_status":"closed","template":"page-microsite-internal.php","meta":{"_acf_changed":false,"_relevanssi_hide_post":"","_relevanssi_hide_content":"","_relevanssi_pin_for_all":"","_relevanssi_pin_keywords":"","_relevanssi_unpin_keywords":"","_relevanssi_related_keywords":"","_relevanssi_related_include_ids":"","_relevanssi_related_exclude_ids":"","_relevanssi_related_no_append":"","_relevanssi_related_not_related":"","_relevanssi_related_posts":"","_relevanssi_noindex_reason":"","footnotes":""},"class_list":["post-5436","page","type-page","status-publish","has-post-thumbnail","hentry"],"acf":[],"yoast_head":"<!-- This site is optimized with the Yoast SEO Premium plugin v24.9 (Yoast SEO v27.5) - https:\/\/yoast.com\/product\/yoast-seo-premium-wordpress\/ -->\n<title>D\u00e9couvrez notre maison - Carefor<\/title>\n<meta name=\"robots\" content=\"index, follow, max-snippet:-1, max-image-preview:large, max-video-preview:-1\" \/>\n<link rel=\"canonical\" href=\"https:\/\/carefor.ca\/fr\/maisons-de-retraite\/centre-mackay-de-carefor\/decouvrez-notre-maison\/\" \/>\n<meta property=\"og:locale\" content=\"fr_FR\" \/>\n<meta property=\"og:type\" content=\"article\" \/>\n<meta property=\"og:title\" content=\"D\u00e9couvrez notre maison\" \/>\n<meta property=\"og:description\" content=\"En plus d\u2019\u00eatre parfaitement situ\u00e9 en face de l\u2019H\u00f4pital Pembroke Memorial et \u00e0 proximit\u00e9 du centre-ville, le Centre Mackay offre une vie de retraite \u00e0 un prix exceptionnel. Exploit\u00e9 par [&hellip;]\" \/>\n<meta property=\"og:url\" content=\"https:\/\/carefor.ca\/fr\/maisons-de-retraite\/centre-mackay-de-carefor\/decouvrez-notre-maison\/\" \/>\n<meta property=\"og:site_name\" content=\"Carefor\" \/>\n<meta property=\"article:publisher\" content=\"https:\/\/www.facebook.com\/CareforHCS\" \/>\n<meta property=\"article:modified_time\" content=\"2023-11-20T05:43:13+00:00\" \/>\n<meta property=\"og:image\" content=\"https:\/\/carefor.ca\/wp-content\/uploads\/2023\/07\/IMG_0821-scaled.jpg\" \/>\n\t<meta property=\"og:image:width\" content=\"2560\" \/>\n\t<meta property=\"og:image:height\" content=\"1707\" \/>\n\t<meta property=\"og:image:type\" content=\"image\/jpeg\" \/>\n<meta name=\"twitter:card\" content=\"summary_large_image\" \/>\n<meta name=\"twitter:site\" content=\"@CareforHCS\" \/>\n<meta name=\"twitter:label1\" content=\"Dur\u00e9e de lecture estim\u00e9e\" \/>\n\t<meta name=\"twitter:data1\" content=\"1 minute\" \/>\n<script type=\"application\/ld+json\" class=\"yoast-schema-graph\">{\"@context\":\"https:\\\/\\\/schema.org\",\"@graph\":[{\"@type\":\"WebPage\",\"@id\":\"https:\\\/\\\/carefor.ca\\\/fr\\\/maisons-de-retraite\\\/centre-mackay-de-carefor\\\/decouvrez-notre-maison\\\/\",\"url\":\"https:\\\/\\\/carefor.ca\\\/fr\\\/maisons-de-retraite\\\/centre-mackay-de-carefor\\\/decouvrez-notre-maison\\\/\",\"name\":\"D\u00e9couvrez notre maison - Carefor\",\"isPartOf\":{\"@id\":\"https:\\\/\\\/carefor.ca\\\/fr\\\/#website\"},\"primaryImageOfPage\":{\"@id\":\"https:\\\/\\\/carefor.ca\\\/fr\\\/maisons-de-retraite\\\/centre-mackay-de-carefor\\\/decouvrez-notre-maison\\\/#primaryimage\"},\"image\":{\"@id\":\"https:\\\/\\\/carefor.ca\\\/fr\\\/maisons-de-retraite\\\/centre-mackay-de-carefor\\\/decouvrez-notre-maison\\\/#primaryimage\"},\"thumbnailUrl\":\"https:\\\/\\\/carefor.ca\\\/wp-content\\\/uploads\\\/2023\\\/07\\\/IMG_0821-scaled.jpg\",\"datePublished\":\"2023-07-06T22:16:44+00:00\",\"dateModified\":\"2023-11-20T05:43:13+00:00\",\"breadcrumb\":{\"@id\":\"https:\\\/\\\/carefor.ca\\\/fr\\\/maisons-de-retraite\\\/centre-mackay-de-carefor\\\/decouvrez-notre-maison\\\/#breadcrumb\"},\"inLanguage\":\"fr-FR\",\"potentialAction\":[{\"@type\":\"ReadAction\",\"target\":[\"https:\\\/\\\/carefor.ca\\\/fr\\\/maisons-de-retraite\\\/centre-mackay-de-carefor\\\/decouvrez-notre-maison\\\/\"]}]},{\"@type\":\"ImageObject\",\"inLanguage\":\"fr-FR\",\"@id\":\"https:\\\/\\\/carefor.ca\\\/fr\\\/maisons-de-retraite\\\/centre-mackay-de-carefor\\\/decouvrez-notre-maison\\\/#primaryimage\",\"url\":\"https:\\\/\\\/carefor.ca\\\/wp-content\\\/uploads\\\/2023\\\/07\\\/IMG_0821-scaled.jpg\",\"contentUrl\":\"https:\\\/\\\/carefor.ca\\\/wp-content\\\/uploads\\\/2023\\\/07\\\/IMG_0821-scaled.jpg\",\"width\":2560,\"height\":1707,\"caption\":\"Carefor MacK\"},{\"@type\":\"BreadcrumbList\",\"@id\":\"https:\\\/\\\/carefor.ca\\\/fr\\\/maisons-de-retraite\\\/centre-mackay-de-carefor\\\/decouvrez-notre-maison\\\/#breadcrumb\",\"itemListElement\":[{\"@type\":\"ListItem\",\"position\":1,\"name\":\"Home\",\"item\":\"https:\\\/\\\/carefor.ca\\\/fr\\\/\"},{\"@type\":\"ListItem\",\"position\":2,\"name\":\"Maisons de retraite\",\"item\":\"https:\\\/\\\/carefor.ca\\\/fr\\\/maisons-de-retraite\\\/\"},{\"@type\":\"ListItem\",\"position\":3,\"name\":\"Centre Mackay de Carefor\",\"item\":\"https:\\\/\\\/carefor.ca\\\/fr\\\/maisons-de-retraite\\\/centre-mackay-de-carefor\\\/\"},{\"@type\":\"ListItem\",\"position\":4,\"name\":\"D\u00e9couvrez notre maison\"}]},{\"@type\":\"WebSite\",\"@id\":\"https:\\\/\\\/carefor.ca\\\/fr\\\/#website\",\"url\":\"https:\\\/\\\/carefor.ca\\\/fr\\\/\",\"name\":\"Carefor\",\"description\":\"High Quality Homecare\",\"publisher\":{\"@id\":\"https:\\\/\\\/carefor.ca\\\/fr\\\/#organization\"},\"potentialAction\":[{\"@type\":\"SearchAction\",\"target\":{\"@type\":\"EntryPoint\",\"urlTemplate\":\"https:\\\/\\\/carefor.ca\\\/fr\\\/?s={search_term_string}\"},\"query-input\":{\"@type\":\"PropertyValueSpecification\",\"valueRequired\":true,\"valueName\":\"search_term_string\"}}],\"inLanguage\":\"fr-FR\"},{\"@type\":\"Organization\",\"@id\":\"https:\\\/\\\/carefor.ca\\\/fr\\\/#organization\",\"name\":\"Carefor Health and Community Services\",\"url\":\"https:\\\/\\\/carefor.ca\\\/fr\\\/\",\"logo\":{\"@type\":\"ImageObject\",\"inLanguage\":\"fr-FR\",\"@id\":\"https:\\\/\\\/carefor.ca\\\/fr\\\/#\\\/schema\\\/logo\\\/image\\\/\",\"url\":\"\",\"contentUrl\":\"\",\"caption\":\"Carefor Health and Community Services\"},\"image\":{\"@id\":\"https:\\\/\\\/carefor.ca\\\/fr\\\/#\\\/schema\\\/logo\\\/image\\\/\"},\"sameAs\":[\"https:\\\/\\\/www.facebook.com\\\/CareforHCS\",\"https:\\\/\\\/x.com\\\/CareforHCS\",\"https:\\\/\\\/www.linkedin.com\\\/company\\\/carefor-health-and-community-services\\\/\"],\"description\":\"205 Amelia Street, Suite 100 Cornwall, ON K6H 3P3\",\"email\":\"infoeasterncounties@carefor.ca\",\"telephone\":\"613-932-3451\"}]}<\/script>\n<!-- \/ Yoast SEO Premium plugin. -->","yoast_head_json":{"title":"D\u00e9couvrez notre maison - Carefor","robots":{"index":"index","follow":"follow","max-snippet":"max-snippet:-1","max-image-preview":"max-image-preview:large","max-video-preview":"max-video-preview:-1"},"canonical":"https:\/\/carefor.ca\/fr\/maisons-de-retraite\/centre-mackay-de-carefor\/decouvrez-notre-maison\/","og_locale":"fr_FR","og_type":"article","og_title":"D\u00e9couvrez notre maison","og_description":"En plus d\u2019\u00eatre parfaitement situ\u00e9 en face de l\u2019H\u00f4pital Pembroke Memorial et \u00e0 proximit\u00e9 du centre-ville, le Centre Mackay offre une vie de retraite \u00e0 un prix exceptionnel. Exploit\u00e9 par [&hellip;]","og_url":"https:\/\/carefor.ca\/fr\/maisons-de-retraite\/centre-mackay-de-carefor\/decouvrez-notre-maison\/","og_site_name":"Carefor","article_publisher":"https:\/\/www.facebook.com\/CareforHCS","article_modified_time":"2023-11-20T05:43:13+00:00","og_image":[{"width":2560,"height":1707,"url":"https:\/\/carefor.ca\/wp-content\/uploads\/2023\/07\/IMG_0821-scaled.jpg","type":"image\/jpeg"}],"twitter_card":"summary_large_image","twitter_site":"@CareforHCS","twitter_misc":{"Dur\u00e9e de lecture estim\u00e9e":"1 minute"},"schema":{"@context":"https:\/\/schema.org","@graph":[{"@type":"WebPage","@id":"https:\/\/carefor.ca\/fr\/maisons-de-retraite\/centre-mackay-de-carefor\/decouvrez-notre-maison\/","url":"https:\/\/carefor.ca\/fr\/maisons-de-retraite\/centre-mackay-de-carefor\/decouvrez-notre-maison\/","name":"D\u00e9couvrez notre maison - Carefor","isPartOf":{"@id":"https:\/\/carefor.ca\/fr\/#website"},"primaryImageOfPage":{"@id":"https:\/\/carefor.ca\/fr\/maisons-de-retraite\/centre-mackay-de-carefor\/decouvrez-notre-maison\/#primaryimage"},"image":{"@id":"https:\/\/carefor.ca\/fr\/maisons-de-retraite\/centre-mackay-de-carefor\/decouvrez-notre-maison\/#primaryimage"},"thumbnailUrl":"https:\/\/carefor.ca\/wp-content\/uploads\/2023\/07\/IMG_0821-scaled.jpg","datePublished":"2023-07-06T22:16:44+00:00","dateModified":"2023-11-20T05:43:13+00:00","breadcrumb":{"@id":"https:\/\/carefor.ca\/fr\/maisons-de-retraite\/centre-mackay-de-carefor\/decouvrez-notre-maison\/#breadcrumb"},"inLanguage":"fr-FR","potentialAction":[{"@type":"ReadAction","target":["https:\/\/carefor.ca\/fr\/maisons-de-retraite\/centre-mackay-de-carefor\/decouvrez-notre-maison\/"]}]},{"@type":"ImageObject","inLanguage":"fr-FR","@id":"https:\/\/carefor.ca\/fr\/maisons-de-retraite\/centre-mackay-de-carefor\/decouvrez-notre-maison\/#primaryimage","url":"https:\/\/carefor.ca\/wp-content\/uploads\/2023\/07\/IMG_0821-scaled.jpg","contentUrl":"https:\/\/carefor.ca\/wp-content\/uploads\/2023\/07\/IMG_0821-scaled.jpg","width":2560,"height":1707,"caption":"Carefor MacK"},{"@type":"BreadcrumbList","@id":"https:\/\/carefor.ca\/fr\/maisons-de-retraite\/centre-mackay-de-carefor\/decouvrez-notre-maison\/#breadcrumb","itemListElement":[{"@type":"ListItem","position":1,"name":"Home","item":"https:\/\/carefor.ca\/fr\/"},{"@type":"ListItem","position":2,"name":"Maisons de retraite","item":"https:\/\/carefor.ca\/fr\/maisons-de-retraite\/"},{"@type":"ListItem","position":3,"name":"Centre Mackay de Carefor","item":"https:\/\/carefor.ca\/fr\/maisons-de-retraite\/centre-mackay-de-carefor\/"},{"@type":"ListItem","position":4,"name":"D\u00e9couvrez notre maison"}]},{"@type":"WebSite","@id":"https:\/\/carefor.ca\/fr\/#website","url":"https:\/\/carefor.ca\/fr\/","name":"Carefor","description":"High Quality Homecare","publisher":{"@id":"https:\/\/carefor.ca\/fr\/#organization"},"potentialAction":[{"@type":"SearchAction","target":{"@type":"EntryPoint","urlTemplate":"https:\/\/carefor.ca\/fr\/?s={search_term_string}"},"query-input":{"@type":"PropertyValueSpecification","valueRequired":true,"valueName":"search_term_string"}}],"inLanguage":"fr-FR"},{"@type":"Organization","@id":"https:\/\/carefor.ca\/fr\/#organization","name":"Carefor Health and Community Services","url":"https:\/\/carefor.ca\/fr\/","logo":{"@type":"ImageObject","inLanguage":"fr-FR","@id":"https:\/\/carefor.ca\/fr\/#\/schema\/logo\/image\/","url":"","contentUrl":"","caption":"Carefor Health and Community Services"},"image":{"@id":"https:\/\/carefor.ca\/fr\/#\/schema\/logo\/image\/"},"sameAs":["https:\/\/www.facebook.com\/CareforHCS","https:\/\/x.com\/CareforHCS","https:\/\/www.linkedin.com\/company\/carefor-health-and-community-services\/"],"description":"205 Amelia Street, Suite 100 Cornwall, ON K6H 3P3","email":"infoeasterncounties@carefor.ca","telephone":"613-932-3451"}]}},"_links":{"self":[{"href":"https:\/\/carefor.ca\/fr\/wp-json\/wp\/v2\/pages\/5436","targetHints":{"allow":["GET"]}}],"collection":[{"href":"https:\/\/carefor.ca\/fr\/wp-json\/wp\/v2\/pages"}],"about":[{"href":"https:\/\/carefor.ca\/fr\/wp-json\/wp\/v2\/types\/page"}],"author":[{"embeddable":true,"href":"https:\/\/carefor.ca\/fr\/wp-json\/wp\/v2\/users\/1"}],"replies":[{"embeddable":true,"href":"https:\/\/carefor.ca\/fr\/wp-json\/wp\/v2\/comments?post=5436"}],"version-history":[{"count":4,"href":"https:\/\/carefor.ca\/fr\/wp-json\/wp\/v2\/pages\/5436\/revisions"}],"predecessor-version":[{"id":5753,"href":"https:\/\/carefor.ca\/fr\/wp-json\/wp\/v2\/pages\/5436\/revisions\/5753"}],"up":[{"embeddable":true,"href":"https:\/\/carefor.ca\/fr\/wp-json\/wp\/v2\/pages\/5432"}],"wp:featuredmedia":[{"embeddable":true,"href":"https:\/\/carefor.ca\/fr\/wp-json\/wp\/v2\/media\/5112"}],"wp:attachment":[{"href":"https:\/\/carefor.ca\/fr\/wp-json\/wp\/v2\/media?parent=5436"}],"curies":[{"name":"wp","href":"https:\/\/api.w.org\/{rel}","templated":true}]}}