{"id":5405,"date":"2023-04-17T19:22:23","date_gmt":"2023-04-17T23:22:23","guid":{"rendered":"https:\/\/carefor.ca\/donate-now\/events-campaigns\/"},"modified":"2023-11-19T23:26:48","modified_gmt":"2023-11-20T04:26:48","slug":"evenements-et-campagnes","status":"publish","type":"page","link":"https:\/\/carefor.ca\/fr\/faire-un-don-maintenant\/evenements-et-campagnes\/","title":{"rendered":"\u00c9v\u00e9nements et campagnes"},"content":{"rendered":"\n<div style=\"height:100px\" aria-hidden=\"true\" class=\"wp-block-spacer\"><\/div>\n\n\n\n<p>Carefor organise des \u00e9v\u00e9nements et s\u2019associe \u00e0 des partenaires d\u00e9sireux d\u2019organiser une collecte de fonds. Nous vous invitons \u00e0 vous joindre \u00e0 nous ou \u00e0 organiser votre propre \u00e9v\u00e9nement pour recueillir des fonds pour nos programmes et services. Aidez-nous \u00e0 r\u00e9pondre aux besoins des personnes \u00e2g\u00e9es de votre communaut\u00e9.<\/p>\n\n\n\n<div style=\"height:100px\" aria-hidden=\"true\" class=\"wp-block-spacer\"><\/div>\n\n\n<div id=\"quotes-slider-block_3e722e1610214079b3e7049f90fdeeb0\" class=\"quotes-slider alignfull  show-swoosh\">\n        <div class=\"row\">\n        <div class=\"medium-10 medium-offset-2 column\">\n            <div class=\"quotes-slides-wrapper \">\n                                    <div class=\"single-quote\">\n                        <div class=\"quote\">\n                            <p>Je ne mangeais pas tr\u00e8s bien. Mon fils appelait et me demandait ce que j\u2019avais mang\u00e9 pour d\u00eener. Je ne pouvais pas mentir, mais je ne pouvais pas lui dire que je ne mangeais presque pas. Surtout que ce n\u2019\u00e9tait pas tr\u00e8s bon pour ma sant\u00e9 \u00e0 cause de mes m\u00e9dicaments. Je fais partie du programme de livraison de repas depuis quelques ann\u00e9es maintenant, et c\u2019est vraiment bon. Et ils sont tous tellement sympathiques. Ils font vraiment une diff\u00e9rence dans notre communaut\u00e9. \u00bb<\/p>\n                        <\/div>\n                        <div class=\"author\">\n                            Mme Renwick, cliente du service de livraison de repas de Carefor                        <\/div>\n                    <\/div>\n                            <\/div>\n        <\/div>\n    <\/div>\n    <\/div>\n\n\n\n<div style=\"height:100px\" aria-hidden=\"true\" class=\"wp-block-spacer\"><\/div>\n\n\n\n<h3 class=\"wp-block-heading\"><strong>\u00c9v\u00e9nements de tiers<\/strong><\/h3>\n\n\n\n<p>Vous souhaitez organiser un \u00e9v\u00e9nement pour recueillir des fonds pour les programmes de Carefor et aider votre communaut\u00e9? Vous avez le choix! \u00c0 vous de d\u00e9cider&nbsp;: vente de p\u00e2tisseries, tournois de golf, soir\u00e9es d\u2019humour, etc.<\/p>\n\n\n\n<p><strong>Comment s\u2019y prendre?&nbsp;<\/strong><\/p>\n\n\n\n<ol class=\"wp-block-list\">\n<li>\u00c9crivez \u00e0 <a href=\"mailto:info@carefor.ca\" target=\"_blank\" rel=\"noreferrer noopener\">info@carefor.ca<\/a> pour exprimer votre int\u00e9r\u00eat. Nous vous mettrons en contact avec la personne responsable de la collecte de fonds dans votre r\u00e9gion.<\/li>\n\n\n\n<li>Lisez notre <em>Guide de collecte de fonds<\/em> (LINK) et remplissez l\u2019entente de collecte de fonds (LINK)<\/li>\n\n\n\n<li>Nous vous enverrons notre logo. Nous vous aiderons aussi \u00e0 promouvoir votre \u00e9v\u00e9nement sur notre site Web et les m\u00e9dias sociaux. Nous resterons en contact avec vous du d\u00e9but \u00e0 la fin!<\/li>\n<\/ol>\n","protected":false},"excerpt":{"rendered":"<p>Carefor organise des \u00e9v\u00e9nements et s\u2019associe \u00e0 des partenaires d\u00e9sireux d\u2019organiser une collecte de fonds. Nous vous invitons \u00e0 vous joindre \u00e0 nous ou \u00e0 organiser votre propre \u00e9v\u00e9nement pour [&hellip;]<\/p>\n","protected":false},"author":1,"featured_media":4694,"parent":5371,"menu_order":4,"comment_status":"closed","ping_status":"closed","template":"page-microsite-internal.php","meta":{"_acf_changed":false,"_relevanssi_hide_post":"","_relevanssi_hide_content":"","_relevanssi_pin_for_all":"","_relevanssi_pin_keywords":"","_relevanssi_unpin_keywords":"","_relevanssi_related_keywords":"","_relevanssi_related_include_ids":"","_relevanssi_related_exclude_ids":"","_relevanssi_related_no_append":"","_relevanssi_related_not_related":"","_relevanssi_related_posts":"","_relevanssi_noindex_reason":"","footnotes":""},"class_list":["post-5405","page","type-page","status-publish","has-post-thumbnail","hentry"],"acf":[],"yoast_head":"<!-- This site is optimized with the Yoast SEO Premium plugin v24.9 (Yoast SEO v27.4) - https:\/\/yoast.com\/product\/yoast-seo-premium-wordpress\/ -->\n<title>\u00c9v\u00e9nements et campagnes - Carefor<\/title>\n<meta name=\"robots\" content=\"index, follow, max-snippet:-1, max-image-preview:large, max-video-preview:-1\" \/>\n<link rel=\"canonical\" href=\"https:\/\/carefor.ca\/fr\/faire-un-don-maintenant\/evenements-et-campagnes\/\" \/>\n<meta property=\"og:locale\" content=\"fr_FR\" \/>\n<meta property=\"og:type\" content=\"article\" \/>\n<meta property=\"og:title\" content=\"\u00c9v\u00e9nements et campagnes\" \/>\n<meta property=\"og:description\" content=\"Carefor organise des \u00e9v\u00e9nements et s\u2019associe \u00e0 des partenaires d\u00e9sireux d\u2019organiser une collecte de fonds. Nous vous invitons \u00e0 vous joindre \u00e0 nous ou \u00e0 organiser votre propre \u00e9v\u00e9nement pour [&hellip;]\" \/>\n<meta property=\"og:url\" content=\"https:\/\/carefor.ca\/fr\/faire-un-don-maintenant\/evenements-et-campagnes\/\" \/>\n<meta property=\"og:site_name\" content=\"Carefor\" \/>\n<meta property=\"article:publisher\" content=\"https:\/\/www.facebook.com\/CareforHCS\" \/>\n<meta property=\"article:modified_time\" content=\"2023-11-20T04:26:48+00:00\" \/>\n<meta property=\"og:image\" content=\"https:\/\/carefor.ca\/wp-content\/uploads\/2023\/06\/IMG_9023.jpg\" \/>\n\t<meta property=\"og:image:width\" content=\"1732\" \/>\n\t<meta property=\"og:image:height\" content=\"1154\" \/>\n\t<meta property=\"og:image:type\" content=\"image\/jpeg\" \/>\n<meta name=\"twitter:card\" content=\"summary_large_image\" \/>\n<meta name=\"twitter:site\" content=\"@CareforHCS\" \/>\n<meta name=\"twitter:label1\" content=\"Dur\u00e9e de lecture estim\u00e9e\" \/>\n\t<meta name=\"twitter:data1\" content=\"1 minute\" \/>\n<script type=\"application\/ld+json\" class=\"yoast-schema-graph\">{\"@context\":\"https:\\\/\\\/schema.org\",\"@graph\":[{\"@type\":\"WebPage\",\"@id\":\"https:\\\/\\\/carefor.ca\\\/fr\\\/faire-un-don-maintenant\\\/evenements-et-campagnes\\\/\",\"url\":\"https:\\\/\\\/carefor.ca\\\/fr\\\/faire-un-don-maintenant\\\/evenements-et-campagnes\\\/\",\"name\":\"\u00c9v\u00e9nements et campagnes - Carefor\",\"isPartOf\":{\"@id\":\"https:\\\/\\\/carefor.ca\\\/fr\\\/#website\"},\"primaryImageOfPage\":{\"@id\":\"https:\\\/\\\/carefor.ca\\\/fr\\\/faire-un-don-maintenant\\\/evenements-et-campagnes\\\/#primaryimage\"},\"image\":{\"@id\":\"https:\\\/\\\/carefor.ca\\\/fr\\\/faire-un-don-maintenant\\\/evenements-et-campagnes\\\/#primaryimage\"},\"thumbnailUrl\":\"https:\\\/\\\/carefor.ca\\\/wp-content\\\/uploads\\\/2023\\\/06\\\/IMG_9023.jpg\",\"datePublished\":\"2023-04-17T23:22:23+00:00\",\"dateModified\":\"2023-11-20T04:26:48+00:00\",\"breadcrumb\":{\"@id\":\"https:\\\/\\\/carefor.ca\\\/fr\\\/faire-un-don-maintenant\\\/evenements-et-campagnes\\\/#breadcrumb\"},\"inLanguage\":\"fr-FR\",\"potentialAction\":[{\"@type\":\"ReadAction\",\"target\":[\"https:\\\/\\\/carefor.ca\\\/fr\\\/faire-un-don-maintenant\\\/evenements-et-campagnes\\\/\"]}]},{\"@type\":\"ImageObject\",\"inLanguage\":\"fr-FR\",\"@id\":\"https:\\\/\\\/carefor.ca\\\/fr\\\/faire-un-don-maintenant\\\/evenements-et-campagnes\\\/#primaryimage\",\"url\":\"https:\\\/\\\/carefor.ca\\\/wp-content\\\/uploads\\\/2023\\\/06\\\/IMG_9023.jpg\",\"contentUrl\":\"https:\\\/\\\/carefor.ca\\\/wp-content\\\/uploads\\\/2023\\\/06\\\/IMG_9023.jpg\",\"width\":1732,\"height\":1154},{\"@type\":\"BreadcrumbList\",\"@id\":\"https:\\\/\\\/carefor.ca\\\/fr\\\/faire-un-don-maintenant\\\/evenements-et-campagnes\\\/#breadcrumb\",\"itemListElement\":[{\"@type\":\"ListItem\",\"position\":1,\"name\":\"Home\",\"item\":\"https:\\\/\\\/carefor.ca\\\/fr\\\/\"},{\"@type\":\"ListItem\",\"position\":2,\"name\":\"Faire un don maintenant\",\"item\":\"https:\\\/\\\/carefor.ca\\\/fr\\\/faire-un-don-maintenant\\\/\"},{\"@type\":\"ListItem\",\"position\":3,\"name\":\"\u00c9v\u00e9nements et campagnes\"}]},{\"@type\":\"WebSite\",\"@id\":\"https:\\\/\\\/carefor.ca\\\/fr\\\/#website\",\"url\":\"https:\\\/\\\/carefor.ca\\\/fr\\\/\",\"name\":\"Carefor\",\"description\":\"High Quality Homecare\",\"publisher\":{\"@id\":\"https:\\\/\\\/carefor.ca\\\/fr\\\/#organization\"},\"potentialAction\":[{\"@type\":\"SearchAction\",\"target\":{\"@type\":\"EntryPoint\",\"urlTemplate\":\"https:\\\/\\\/carefor.ca\\\/fr\\\/?s={search_term_string}\"},\"query-input\":{\"@type\":\"PropertyValueSpecification\",\"valueRequired\":true,\"valueName\":\"search_term_string\"}}],\"inLanguage\":\"fr-FR\"},{\"@type\":\"Organization\",\"@id\":\"https:\\\/\\\/carefor.ca\\\/fr\\\/#organization\",\"name\":\"Carefor Health and Community Services\",\"url\":\"https:\\\/\\\/carefor.ca\\\/fr\\\/\",\"logo\":{\"@type\":\"ImageObject\",\"inLanguage\":\"fr-FR\",\"@id\":\"https:\\\/\\\/carefor.ca\\\/fr\\\/#\\\/schema\\\/logo\\\/image\\\/\",\"url\":\"\",\"contentUrl\":\"\",\"caption\":\"Carefor Health and Community Services\"},\"image\":{\"@id\":\"https:\\\/\\\/carefor.ca\\\/fr\\\/#\\\/schema\\\/logo\\\/image\\\/\"},\"sameAs\":[\"https:\\\/\\\/www.facebook.com\\\/CareforHCS\",\"https:\\\/\\\/x.com\\\/CareforHCS\",\"https:\\\/\\\/www.linkedin.com\\\/company\\\/carefor-health-and-community-services\\\/\"],\"description\":\"205 Amelia Street, Suite 100 Cornwall, ON K6H 3P3\",\"email\":\"infoeasterncounties@carefor.ca\",\"telephone\":\"613-932-3451\"}]}<\/script>\n<!-- \/ Yoast SEO Premium plugin. -->","yoast_head_json":{"title":"\u00c9v\u00e9nements et campagnes - Carefor","robots":{"index":"index","follow":"follow","max-snippet":"max-snippet:-1","max-image-preview":"max-image-preview:large","max-video-preview":"max-video-preview:-1"},"canonical":"https:\/\/carefor.ca\/fr\/faire-un-don-maintenant\/evenements-et-campagnes\/","og_locale":"fr_FR","og_type":"article","og_title":"\u00c9v\u00e9nements et campagnes","og_description":"Carefor organise des \u00e9v\u00e9nements et s\u2019associe \u00e0 des partenaires d\u00e9sireux d\u2019organiser une collecte de fonds. Nous vous invitons \u00e0 vous joindre \u00e0 nous ou \u00e0 organiser votre propre \u00e9v\u00e9nement pour [&hellip;]","og_url":"https:\/\/carefor.ca\/fr\/faire-un-don-maintenant\/evenements-et-campagnes\/","og_site_name":"Carefor","article_publisher":"https:\/\/www.facebook.com\/CareforHCS","article_modified_time":"2023-11-20T04:26:48+00:00","og_image":[{"width":1732,"height":1154,"url":"https:\/\/carefor.ca\/wp-content\/uploads\/2023\/06\/IMG_9023.jpg","type":"image\/jpeg"}],"twitter_card":"summary_large_image","twitter_site":"@CareforHCS","twitter_misc":{"Dur\u00e9e de lecture estim\u00e9e":"1 minute"},"schema":{"@context":"https:\/\/schema.org","@graph":[{"@type":"WebPage","@id":"https:\/\/carefor.ca\/fr\/faire-un-don-maintenant\/evenements-et-campagnes\/","url":"https:\/\/carefor.ca\/fr\/faire-un-don-maintenant\/evenements-et-campagnes\/","name":"\u00c9v\u00e9nements et campagnes - Carefor","isPartOf":{"@id":"https:\/\/carefor.ca\/fr\/#website"},"primaryImageOfPage":{"@id":"https:\/\/carefor.ca\/fr\/faire-un-don-maintenant\/evenements-et-campagnes\/#primaryimage"},"image":{"@id":"https:\/\/carefor.ca\/fr\/faire-un-don-maintenant\/evenements-et-campagnes\/#primaryimage"},"thumbnailUrl":"https:\/\/carefor.ca\/wp-content\/uploads\/2023\/06\/IMG_9023.jpg","datePublished":"2023-04-17T23:22:23+00:00","dateModified":"2023-11-20T04:26:48+00:00","breadcrumb":{"@id":"https:\/\/carefor.ca\/fr\/faire-un-don-maintenant\/evenements-et-campagnes\/#breadcrumb"},"inLanguage":"fr-FR","potentialAction":[{"@type":"ReadAction","target":["https:\/\/carefor.ca\/fr\/faire-un-don-maintenant\/evenements-et-campagnes\/"]}]},{"@type":"ImageObject","inLanguage":"fr-FR","@id":"https:\/\/carefor.ca\/fr\/faire-un-don-maintenant\/evenements-et-campagnes\/#primaryimage","url":"https:\/\/carefor.ca\/wp-content\/uploads\/2023\/06\/IMG_9023.jpg","contentUrl":"https:\/\/carefor.ca\/wp-content\/uploads\/2023\/06\/IMG_9023.jpg","width":1732,"height":1154},{"@type":"BreadcrumbList","@id":"https:\/\/carefor.ca\/fr\/faire-un-don-maintenant\/evenements-et-campagnes\/#breadcrumb","itemListElement":[{"@type":"ListItem","position":1,"name":"Home","item":"https:\/\/carefor.ca\/fr\/"},{"@type":"ListItem","position":2,"name":"Faire un don maintenant","item":"https:\/\/carefor.ca\/fr\/faire-un-don-maintenant\/"},{"@type":"ListItem","position":3,"name":"\u00c9v\u00e9nements et campagnes"}]},{"@type":"WebSite","@id":"https:\/\/carefor.ca\/fr\/#website","url":"https:\/\/carefor.ca\/fr\/","name":"Carefor","description":"High Quality Homecare","publisher":{"@id":"https:\/\/carefor.ca\/fr\/#organization"},"potentialAction":[{"@type":"SearchAction","target":{"@type":"EntryPoint","urlTemplate":"https:\/\/carefor.ca\/fr\/?s={search_term_string}"},"query-input":{"@type":"PropertyValueSpecification","valueRequired":true,"valueName":"search_term_string"}}],"inLanguage":"fr-FR"},{"@type":"Organization","@id":"https:\/\/carefor.ca\/fr\/#organization","name":"Carefor Health and Community Services","url":"https:\/\/carefor.ca\/fr\/","logo":{"@type":"ImageObject","inLanguage":"fr-FR","@id":"https:\/\/carefor.ca\/fr\/#\/schema\/logo\/image\/","url":"","contentUrl":"","caption":"Carefor Health and Community Services"},"image":{"@id":"https:\/\/carefor.ca\/fr\/#\/schema\/logo\/image\/"},"sameAs":["https:\/\/www.facebook.com\/CareforHCS","https:\/\/x.com\/CareforHCS","https:\/\/www.linkedin.com\/company\/carefor-health-and-community-services\/"],"description":"205 Amelia Street, Suite 100 Cornwall, ON K6H 3P3","email":"infoeasterncounties@carefor.ca","telephone":"613-932-3451"}]}},"_links":{"self":[{"href":"https:\/\/carefor.ca\/fr\/wp-json\/wp\/v2\/pages\/5405","targetHints":{"allow":["GET"]}}],"collection":[{"href":"https:\/\/carefor.ca\/fr\/wp-json\/wp\/v2\/pages"}],"about":[{"href":"https:\/\/carefor.ca\/fr\/wp-json\/wp\/v2\/types\/page"}],"author":[{"embeddable":true,"href":"https:\/\/carefor.ca\/fr\/wp-json\/wp\/v2\/users\/1"}],"replies":[{"embeddable":true,"href":"https:\/\/carefor.ca\/fr\/wp-json\/wp\/v2\/comments?post=5405"}],"version-history":[{"count":4,"href":"https:\/\/carefor.ca\/fr\/wp-json\/wp\/v2\/pages\/5405\/revisions"}],"predecessor-version":[{"id":5716,"href":"https:\/\/carefor.ca\/fr\/wp-json\/wp\/v2\/pages\/5405\/revisions\/5716"}],"up":[{"embeddable":true,"href":"https:\/\/carefor.ca\/fr\/wp-json\/wp\/v2\/pages\/5371"}],"wp:featuredmedia":[{"embeddable":true,"href":"https:\/\/carefor.ca\/fr\/wp-json\/wp\/v2\/media\/4694"}],"wp:attachment":[{"href":"https:\/\/carefor.ca\/fr\/wp-json\/wp\/v2\/media?parent=5405"}],"curies":[{"name":"wp","href":"https:\/\/api.w.org\/{rel}","templated":true}]}}