{"id":5401,"date":"2023-04-17T19:22:03","date_gmt":"2023-04-17T23:22:03","guid":{"rendered":"https:\/\/carefor.ca\/donate-now\/carfefor-newsletters\/"},"modified":"2023-11-19T23:24:49","modified_gmt":"2023-11-20T04:24:49","slug":"bulletins-de-carefor","status":"publish","type":"page","link":"https:\/\/carefor.ca\/fr\/faire-un-don-maintenant\/bulletins-de-carefor\/","title":{"rendered":"Bulletins de Carefor"},"content":{"rendered":"\n<h5 class=\"wp-block-heading\">Gr\u00e2ce \u00e0 notre bulletin semestriel des donateurs et des donatrices, vous d\u00e9couvrirez l\u2019impact de votre don dans votre communaut\u00e9.<\/h5>\n\n\n\n<p>Vous avez travaill\u00e9 dur pour gagner votre argent. Il est donc normal qu\u2019on vous explique \u00e0 quoi il sert. Dans notre bulletin, vous d\u00e9couvrirez tout le bien que vous faites dans la vie des gens.<\/p>\n\n\n<div id=\"cpt-block-block_962ca6c0dc7e39c074881e7c82baa8b9\" class=\"cpt-block alignfull \">\n    <div class=\"row column\">\n                <div class=\"block-title\">\n            <h3>Bulletins des donateurs et des donatrices du printemps 2023<\/h3>\n        <\/div>\n                <div class=\"block-content\">\n                        <a href=\"https:\/\/carefor.ca\/wp-content\/uploads\/2023\/07\/Pembroke-Renfrew-County_Newsletter.pdf\" class=\"post-details\" target=\"_blank\">\n                <div class=\"post-thumbnail\"><img loading=\"lazy\" decoding=\"async\" width=\"704\" height=\"585\" src=\"https:\/\/carefor.ca\/wp-content\/uploads\/2023\/06\/NL_RC.jpg\" class=\"attachment-box-image size-box-image\" alt=\"\" srcset=\"https:\/\/carefor.ca\/wp-content\/uploads\/2023\/06\/NL_RC.jpg 704w, https:\/\/carefor.ca\/wp-content\/uploads\/2023\/06\/NL_RC-300x249.jpg 300w, https:\/\/carefor.ca\/wp-content\/uploads\/2023\/06\/NL_RC-400x332.jpg 400w\" sizes=\"auto, (max-width: 704px) 100vw, 704px\" \/><\/div>\n                <div class=\"title\"><h5>Comt\u00e9 de Pembroke-Renfrew<\/h5><\/div>\n                <div class=\"excerpt\"><p><p>Rafra\u00eechissement des maisons de retraite de Carefor gr\u00e2ce aux donateurs et aux donatrices<\/p>\n<\/p><\/div>\n                <div class=\"read-more\">\n                    <span>t\u00e9l\u00e9charger<\/span>\n                <\/div>\n            <\/a>\n                        <a href=\"https:\/\/carefor.ca\/wp-content\/uploads\/2023\/07\/Ottawa_Newsletter.pdf\" class=\"post-details\" target=\"_blank\">\n                <div class=\"post-thumbnail\"><img loading=\"lazy\" decoding=\"async\" width=\"674\" height=\"541\" src=\"https:\/\/carefor.ca\/wp-content\/uploads\/2023\/06\/NL_OTT.jpg\" class=\"attachment-box-image size-box-image\" alt=\"\" srcset=\"https:\/\/carefor.ca\/wp-content\/uploads\/2023\/06\/NL_OTT.jpg 674w, https:\/\/carefor.ca\/wp-content\/uploads\/2023\/06\/NL_OTT-300x241.jpg 300w, https:\/\/carefor.ca\/wp-content\/uploads\/2023\/06\/NL_OTT-400x321.jpg 400w\" sizes=\"auto, (max-width: 674px) 100vw, 674px\" \/><\/div>\n                <div class=\"title\"><h5>Ottawa<\/h5><\/div>\n                <div class=\"excerpt\"><p><p>Mary\u00a0Walsh et ses amis visitent le programme de jour pour adultes de Carling<\/p>\n<\/p><\/div>\n                <div class=\"read-more\">\n                    <span>t\u00e9l\u00e9charger<\/span>\n                <\/div>\n            <\/a>\n                        <a href=\"https:\/\/carefor.ca\/wp-content\/uploads\/2023\/07\/Eastern_Newsletter.pdf\" class=\"post-details\" target=\"_blank\">\n                <div class=\"post-thumbnail\"><img loading=\"lazy\" decoding=\"async\" width=\"670\" height=\"608\" src=\"https:\/\/carefor.ca\/wp-content\/uploads\/2023\/06\/NL_EC.jpg\" class=\"attachment-box-image size-box-image\" alt=\"\" srcset=\"https:\/\/carefor.ca\/wp-content\/uploads\/2023\/06\/NL_EC.jpg 670w, https:\/\/carefor.ca\/wp-content\/uploads\/2023\/06\/NL_EC-300x272.jpg 300w, https:\/\/carefor.ca\/wp-content\/uploads\/2023\/06\/NL_EC-400x363.jpg 400w\" sizes=\"auto, (max-width: 670px) 100vw, 670px\" \/><\/div>\n                <div class=\"title\"><h5>Comt\u00e9s de l\u2019Est<\/h5><\/div>\n                <div class=\"excerpt\"><p><p>Le nouveau club pour hommes de la ville<\/p>\n<\/p><\/div>\n                <div class=\"read-more\">\n                    <span>t\u00e9l\u00e9charger<\/span>\n                <\/div>\n            <\/a>\n                    <\/div>\n    <\/div>\n<\/div>\n\n\n<div id=\"quotes-slider-block_3c7e439af048b65124a06791eb8e2279\" class=\"quotes-slider alignfull  show-swoosh\">\n        <div class=\"row\">\n        <div class=\"medium-10 medium-offset-2 column\">\n            <div class=\"quotes-slides-wrapper \">\n                                    <div class=\"single-quote\">\n                        <div class=\"quote\">\n                            <p>Un gros merci \u00e0 VOUS et \u00e0 votre \u00e9quipe d\u2019infirmi\u00e8res remarquables. Merci de vous occuper de mon conjoint&#8230;. De l\u2019\u00e9quipe qui r\u00e9pond \u00e0 mes appels aux infirmi\u00e8res qui nous suivent de pr\u00e8s, tout le monde est gentil, pr\u00e9venant et serviable. J\u2019appr\u00e9cie tout particuli\u00e8rement leur gentillesse. Mon conjoint se sent toujours valid\u00e9 et valoris\u00e9. \u00c7a fait 23 ans cette ann\u00e9e que mon conjoint est dans cet \u00e9tat. \u00c7a n\u2019a pas toujours \u00e9t\u00e9 rose, comme on dit. Mais, je vous suis extr\u00eamement reconnaissante, \u00e0 vous et aux infirmi\u00e8res qui vous assistent pour les excellents soins prodigu\u00e9s \u00e0 mon conjoint. \u00bb<\/p>\n                        <\/div>\n                        <div class=\"author\">\n                            Une proche aidante reconnaissante                        <\/div>\n                    <\/div>\n                            <\/div>\n        <\/div>\n    <\/div>\n    <\/div>\n\n\n<div id=\"impact-stories-block_480a8b42c75b6131e4410fa2a9b90b46\" class=\"impact-stories alignfull \">\n    <div class=\"stories-slides\" >\n                <div class=\"blog-post-slide\">\n                <div class=\"post-info\">\n                   <div class=\"post-info-inner\">\n                      <div class=\"blog-title\">\n                                               <\/div>\n                      <div class=\"title\">\n                         <h4><a href=\"https:\/\/carefor.ca\/fr\/stories\/pour-que-tous-les-jours-soient-la-fete-des-meres\/\" class=\"\" data-post-id=\"5520\">Pour que tous les jours soient la f\u00eate des M\u00e8res<\/a><\/h4>\n                      <\/div>\n                      <div class=\"excerpt\">\n                         <p>When a parent is diagnosed with dementia a dynamic change takes place. Children become caregivers. \u00ab\u00a0You end up co-parenting with people you never thought you&rsquo;d co-parent with,\u00a0\u00bb says Margaret referring [&hellip;]<\/p>\n                      <\/div>\n                      <div class=\"read-more\">\n                         <a href=\"https:\/\/carefor.ca\/fr\/stories\/pour-que-tous-les-jours-soient-la-fete-des-meres\/\" class=\"cta-with-arrow \" data-post-id=\"5520\">Lire L&rsquo;Article Complet<\/a>\n                      <\/div>\n                   <\/div>\n\n                <\/div>\n                <div class=\"image-wrapper\">\n                    <img loading=\"lazy\" decoding=\"async\" width=\"768\" height=\"497\" src=\"https:\/\/carefor.ca\/wp-content\/uploads\/2023\/07\/making-every-day-mothers-day-image-6-768x497.jpg\" class=\"attachment-box-image size-box-image wp-post-image\" alt=\"\" srcset=\"https:\/\/carefor.ca\/wp-content\/uploads\/2023\/07\/making-every-day-mothers-day-image-6-768x497.jpg 768w, https:\/\/carefor.ca\/wp-content\/uploads\/2023\/07\/making-every-day-mothers-day-image-6-300x194.jpg 300w, https:\/\/carefor.ca\/wp-content\/uploads\/2023\/07\/making-every-day-mothers-day-image-6-400x259.jpg 400w, https:\/\/carefor.ca\/wp-content\/uploads\/2023\/07\/making-every-day-mothers-day-image-6.jpg 934w\" sizes=\"auto, (max-width: 768px) 100vw, 768px\" \/>                <\/div>\n            <\/div>\n            <\/div>\n<\/div>\n\n\n<div class=\"reveal small\" id=\"impact-story-modal\" data-reveal>\n   <button class=\"close-button\" data-close aria-label=\"Close modal\" type=\"button\">\n      <span aria-hidden=\"true\">&times;<\/span>\n   <\/button>\n   <div class=\"modal-inner\">\n      <div class=\"video-container\">\n         <div class=\"video-title\"><h4><\/h4><\/div>\n         <div class=\"responsive-embed widescreen\"><\/div>\n      <\/div>\n   <\/div>\n<\/div>\n","protected":false},"excerpt":{"rendered":"<p>Gr\u00e2ce \u00e0 notre bulletin semestriel des donateurs et des donatrices, vous d\u00e9couvrirez l\u2019impact de votre don dans votre communaut\u00e9. Vous avez travaill\u00e9 dur pour gagner votre argent. Il est donc [&hellip;]<\/p>\n","protected":false},"author":1,"featured_media":8442,"parent":5371,"menu_order":3,"comment_status":"closed","ping_status":"closed","template":"page-microsite-internal.php","meta":{"_acf_changed":false,"_relevanssi_hide_post":"","_relevanssi_hide_content":"","_relevanssi_pin_for_all":"","_relevanssi_pin_keywords":"","_relevanssi_unpin_keywords":"","_relevanssi_related_keywords":"","_relevanssi_related_include_ids":"","_relevanssi_related_exclude_ids":"","_relevanssi_related_no_append":"","_relevanssi_related_not_related":"","_relevanssi_related_posts":"","_relevanssi_noindex_reason":"","footnotes":""},"class_list":["post-5401","page","type-page","status-publish","has-post-thumbnail","hentry"],"acf":[],"yoast_head":"<!-- This site is optimized with the Yoast SEO Premium plugin v24.9 (Yoast SEO v27.4) - https:\/\/yoast.com\/product\/yoast-seo-premium-wordpress\/ -->\n<title>Bulletins de Carefor - Carefor<\/title>\n<meta name=\"robots\" content=\"index, follow, max-snippet:-1, max-image-preview:large, max-video-preview:-1\" \/>\n<link rel=\"canonical\" href=\"https:\/\/carefor.ca\/fr\/faire-un-don-maintenant\/bulletins-de-carefor\/\" \/>\n<meta property=\"og:locale\" content=\"fr_FR\" \/>\n<meta property=\"og:type\" content=\"article\" \/>\n<meta property=\"og:title\" content=\"Bulletins de Carefor\" \/>\n<meta property=\"og:description\" content=\"Gr\u00e2ce \u00e0 notre bulletin semestriel des donateurs et des donatrices, vous d\u00e9couvrirez l\u2019impact de votre don dans votre communaut\u00e9. Vous avez travaill\u00e9 dur pour gagner votre argent. Il est donc [&hellip;]\" \/>\n<meta property=\"og:url\" content=\"https:\/\/carefor.ca\/fr\/faire-un-don-maintenant\/bulletins-de-carefor\/\" \/>\n<meta property=\"og:site_name\" content=\"Carefor\" \/>\n<meta property=\"article:publisher\" content=\"https:\/\/www.facebook.com\/CareforHCS\" \/>\n<meta property=\"article:modified_time\" content=\"2023-11-20T04:24:49+00:00\" \/>\n<meta property=\"og:image\" content=\"https:\/\/carefor.ca\/wp-content\/uploads\/2023\/07\/generations-learn-to-connect-through-covid-19-image-56-scaled.jpg\" \/>\n\t<meta property=\"og:image:width\" content=\"2560\" \/>\n\t<meta property=\"og:image:height\" content=\"1707\" \/>\n\t<meta property=\"og:image:type\" content=\"image\/jpeg\" \/>\n<meta name=\"twitter:card\" content=\"summary_large_image\" \/>\n<meta name=\"twitter:site\" content=\"@CareforHCS\" \/>\n<meta name=\"twitter:label1\" content=\"Dur\u00e9e de lecture estim\u00e9e\" \/>\n\t<meta name=\"twitter:data1\" content=\"1 minute\" \/>\n<script type=\"application\/ld+json\" class=\"yoast-schema-graph\">{\"@context\":\"https:\\\/\\\/schema.org\",\"@graph\":[{\"@type\":\"WebPage\",\"@id\":\"https:\\\/\\\/carefor.ca\\\/fr\\\/faire-un-don-maintenant\\\/bulletins-de-carefor\\\/\",\"url\":\"https:\\\/\\\/carefor.ca\\\/fr\\\/faire-un-don-maintenant\\\/bulletins-de-carefor\\\/\",\"name\":\"Bulletins de Carefor - Carefor\",\"isPartOf\":{\"@id\":\"https:\\\/\\\/carefor.ca\\\/fr\\\/#website\"},\"primaryImageOfPage\":{\"@id\":\"https:\\\/\\\/carefor.ca\\\/fr\\\/faire-un-don-maintenant\\\/bulletins-de-carefor\\\/#primaryimage\"},\"image\":{\"@id\":\"https:\\\/\\\/carefor.ca\\\/fr\\\/faire-un-don-maintenant\\\/bulletins-de-carefor\\\/#primaryimage\"},\"thumbnailUrl\":\"https:\\\/\\\/carefor.ca\\\/wp-content\\\/uploads\\\/2024\\\/10\\\/AdobeStock_466758541.1-scaled.jpeg\",\"datePublished\":\"2023-04-17T23:22:03+00:00\",\"dateModified\":\"2023-11-20T04:24:49+00:00\",\"breadcrumb\":{\"@id\":\"https:\\\/\\\/carefor.ca\\\/fr\\\/faire-un-don-maintenant\\\/bulletins-de-carefor\\\/#breadcrumb\"},\"inLanguage\":\"fr-FR\",\"potentialAction\":[{\"@type\":\"ReadAction\",\"target\":[\"https:\\\/\\\/carefor.ca\\\/fr\\\/faire-un-don-maintenant\\\/bulletins-de-carefor\\\/\"]}]},{\"@type\":\"ImageObject\",\"inLanguage\":\"fr-FR\",\"@id\":\"https:\\\/\\\/carefor.ca\\\/fr\\\/faire-un-don-maintenant\\\/bulletins-de-carefor\\\/#primaryimage\",\"url\":\"https:\\\/\\\/carefor.ca\\\/wp-content\\\/uploads\\\/2024\\\/10\\\/AdobeStock_466758541.1-scaled.jpeg\",\"contentUrl\":\"https:\\\/\\\/carefor.ca\\\/wp-content\\\/uploads\\\/2024\\\/10\\\/AdobeStock_466758541.1-scaled.jpeg\",\"caption\":\"Senior African Male Working With Papers Wearing Eyeglasses Sitting Indoor\"},{\"@type\":\"BreadcrumbList\",\"@id\":\"https:\\\/\\\/carefor.ca\\\/fr\\\/faire-un-don-maintenant\\\/bulletins-de-carefor\\\/#breadcrumb\",\"itemListElement\":[{\"@type\":\"ListItem\",\"position\":1,\"name\":\"Home\",\"item\":\"https:\\\/\\\/carefor.ca\\\/fr\\\/\"},{\"@type\":\"ListItem\",\"position\":2,\"name\":\"Faire un don maintenant\",\"item\":\"https:\\\/\\\/carefor.ca\\\/fr\\\/faire-un-don-maintenant\\\/\"},{\"@type\":\"ListItem\",\"position\":3,\"name\":\"Bulletins de Carefor\"}]},{\"@type\":\"WebSite\",\"@id\":\"https:\\\/\\\/carefor.ca\\\/fr\\\/#website\",\"url\":\"https:\\\/\\\/carefor.ca\\\/fr\\\/\",\"name\":\"Carefor\",\"description\":\"High Quality Homecare\",\"publisher\":{\"@id\":\"https:\\\/\\\/carefor.ca\\\/fr\\\/#organization\"},\"potentialAction\":[{\"@type\":\"SearchAction\",\"target\":{\"@type\":\"EntryPoint\",\"urlTemplate\":\"https:\\\/\\\/carefor.ca\\\/fr\\\/?s={search_term_string}\"},\"query-input\":{\"@type\":\"PropertyValueSpecification\",\"valueRequired\":true,\"valueName\":\"search_term_string\"}}],\"inLanguage\":\"fr-FR\"},{\"@type\":\"Organization\",\"@id\":\"https:\\\/\\\/carefor.ca\\\/fr\\\/#organization\",\"name\":\"Carefor Health and Community Services\",\"url\":\"https:\\\/\\\/carefor.ca\\\/fr\\\/\",\"logo\":{\"@type\":\"ImageObject\",\"inLanguage\":\"fr-FR\",\"@id\":\"https:\\\/\\\/carefor.ca\\\/fr\\\/#\\\/schema\\\/logo\\\/image\\\/\",\"url\":\"\",\"contentUrl\":\"\",\"caption\":\"Carefor Health and Community Services\"},\"image\":{\"@id\":\"https:\\\/\\\/carefor.ca\\\/fr\\\/#\\\/schema\\\/logo\\\/image\\\/\"},\"sameAs\":[\"https:\\\/\\\/www.facebook.com\\\/CareforHCS\",\"https:\\\/\\\/x.com\\\/CareforHCS\",\"https:\\\/\\\/www.linkedin.com\\\/company\\\/carefor-health-and-community-services\\\/\"],\"description\":\"205 Amelia Street, Suite 100 Cornwall, ON K6H 3P3\",\"email\":\"infoeasterncounties@carefor.ca\",\"telephone\":\"613-932-3451\"}]}<\/script>\n<!-- \/ Yoast SEO Premium plugin. -->","yoast_head_json":{"title":"Bulletins de Carefor - Carefor","robots":{"index":"index","follow":"follow","max-snippet":"max-snippet:-1","max-image-preview":"max-image-preview:large","max-video-preview":"max-video-preview:-1"},"canonical":"https:\/\/carefor.ca\/fr\/faire-un-don-maintenant\/bulletins-de-carefor\/","og_locale":"fr_FR","og_type":"article","og_title":"Bulletins de Carefor","og_description":"Gr\u00e2ce \u00e0 notre bulletin semestriel des donateurs et des donatrices, vous d\u00e9couvrirez l\u2019impact de votre don dans votre communaut\u00e9. Vous avez travaill\u00e9 dur pour gagner votre argent. Il est donc [&hellip;]","og_url":"https:\/\/carefor.ca\/fr\/faire-un-don-maintenant\/bulletins-de-carefor\/","og_site_name":"Carefor","article_publisher":"https:\/\/www.facebook.com\/CareforHCS","article_modified_time":"2023-11-20T04:24:49+00:00","og_image":[{"width":2560,"height":1707,"url":"https:\/\/carefor.ca\/wp-content\/uploads\/2023\/07\/generations-learn-to-connect-through-covid-19-image-56-scaled.jpg","type":"image\/jpeg"}],"twitter_card":"summary_large_image","twitter_site":"@CareforHCS","twitter_misc":{"Dur\u00e9e de lecture estim\u00e9e":"1 minute"},"schema":{"@context":"https:\/\/schema.org","@graph":[{"@type":"WebPage","@id":"https:\/\/carefor.ca\/fr\/faire-un-don-maintenant\/bulletins-de-carefor\/","url":"https:\/\/carefor.ca\/fr\/faire-un-don-maintenant\/bulletins-de-carefor\/","name":"Bulletins de Carefor - Carefor","isPartOf":{"@id":"https:\/\/carefor.ca\/fr\/#website"},"primaryImageOfPage":{"@id":"https:\/\/carefor.ca\/fr\/faire-un-don-maintenant\/bulletins-de-carefor\/#primaryimage"},"image":{"@id":"https:\/\/carefor.ca\/fr\/faire-un-don-maintenant\/bulletins-de-carefor\/#primaryimage"},"thumbnailUrl":"https:\/\/carefor.ca\/wp-content\/uploads\/2024\/10\/AdobeStock_466758541.1-scaled.jpeg","datePublished":"2023-04-17T23:22:03+00:00","dateModified":"2023-11-20T04:24:49+00:00","breadcrumb":{"@id":"https:\/\/carefor.ca\/fr\/faire-un-don-maintenant\/bulletins-de-carefor\/#breadcrumb"},"inLanguage":"fr-FR","potentialAction":[{"@type":"ReadAction","target":["https:\/\/carefor.ca\/fr\/faire-un-don-maintenant\/bulletins-de-carefor\/"]}]},{"@type":"ImageObject","inLanguage":"fr-FR","@id":"https:\/\/carefor.ca\/fr\/faire-un-don-maintenant\/bulletins-de-carefor\/#primaryimage","url":"https:\/\/carefor.ca\/wp-content\/uploads\/2024\/10\/AdobeStock_466758541.1-scaled.jpeg","contentUrl":"https:\/\/carefor.ca\/wp-content\/uploads\/2024\/10\/AdobeStock_466758541.1-scaled.jpeg","caption":"Senior African Male Working With Papers Wearing Eyeglasses Sitting Indoor"},{"@type":"BreadcrumbList","@id":"https:\/\/carefor.ca\/fr\/faire-un-don-maintenant\/bulletins-de-carefor\/#breadcrumb","itemListElement":[{"@type":"ListItem","position":1,"name":"Home","item":"https:\/\/carefor.ca\/fr\/"},{"@type":"ListItem","position":2,"name":"Faire un don maintenant","item":"https:\/\/carefor.ca\/fr\/faire-un-don-maintenant\/"},{"@type":"ListItem","position":3,"name":"Bulletins de Carefor"}]},{"@type":"WebSite","@id":"https:\/\/carefor.ca\/fr\/#website","url":"https:\/\/carefor.ca\/fr\/","name":"Carefor","description":"High Quality Homecare","publisher":{"@id":"https:\/\/carefor.ca\/fr\/#organization"},"potentialAction":[{"@type":"SearchAction","target":{"@type":"EntryPoint","urlTemplate":"https:\/\/carefor.ca\/fr\/?s={search_term_string}"},"query-input":{"@type":"PropertyValueSpecification","valueRequired":true,"valueName":"search_term_string"}}],"inLanguage":"fr-FR"},{"@type":"Organization","@id":"https:\/\/carefor.ca\/fr\/#organization","name":"Carefor Health and Community Services","url":"https:\/\/carefor.ca\/fr\/","logo":{"@type":"ImageObject","inLanguage":"fr-FR","@id":"https:\/\/carefor.ca\/fr\/#\/schema\/logo\/image\/","url":"","contentUrl":"","caption":"Carefor Health and Community Services"},"image":{"@id":"https:\/\/carefor.ca\/fr\/#\/schema\/logo\/image\/"},"sameAs":["https:\/\/www.facebook.com\/CareforHCS","https:\/\/x.com\/CareforHCS","https:\/\/www.linkedin.com\/company\/carefor-health-and-community-services\/"],"description":"205 Amelia Street, Suite 100 Cornwall, ON K6H 3P3","email":"infoeasterncounties@carefor.ca","telephone":"613-932-3451"}]}},"_links":{"self":[{"href":"https:\/\/carefor.ca\/fr\/wp-json\/wp\/v2\/pages\/5401","targetHints":{"allow":["GET"]}}],"collection":[{"href":"https:\/\/carefor.ca\/fr\/wp-json\/wp\/v2\/pages"}],"about":[{"href":"https:\/\/carefor.ca\/fr\/wp-json\/wp\/v2\/types\/page"}],"author":[{"embeddable":true,"href":"https:\/\/carefor.ca\/fr\/wp-json\/wp\/v2\/users\/1"}],"replies":[{"embeddable":true,"href":"https:\/\/carefor.ca\/fr\/wp-json\/wp\/v2\/comments?post=5401"}],"version-history":[{"count":6,"href":"https:\/\/carefor.ca\/fr\/wp-json\/wp\/v2\/pages\/5401\/revisions"}],"predecessor-version":[{"id":5714,"href":"https:\/\/carefor.ca\/fr\/wp-json\/wp\/v2\/pages\/5401\/revisions\/5714"}],"up":[{"embeddable":true,"href":"https:\/\/carefor.ca\/fr\/wp-json\/wp\/v2\/pages\/5371"}],"wp:featuredmedia":[{"embeddable":true,"href":"https:\/\/carefor.ca\/fr\/wp-json\/wp\/v2\/media\/8442"}],"wp:attachment":[{"href":"https:\/\/carefor.ca\/fr\/wp-json\/wp\/v2\/media?parent=5401"}],"curies":[{"name":"wp","href":"https:\/\/api.w.org\/{rel}","templated":true}]}}