{"id":5393,"date":"2023-04-17T19:21:45","date_gmt":"2023-04-17T23:21:45","guid":{"rendered":"https:\/\/carefor.ca\/donate-now\/ways-to-give\/"},"modified":"2023-10-30T00:26:30","modified_gmt":"2023-10-30T04:26:30","slug":"ways-to-give","status":"publish","type":"page","link":"https:\/\/carefor.ca\/fr\/faire-un-don-maintenant\/ways-to-give\/","title":{"rendered":"Fa\u00e7ons de donner"},"content":{"rendered":"\n<h5 class=\"wp-block-heading\">Nous donnons aux adultes la possibilit\u00e9 de rester actifs et ind\u00e9pendants, quelle que soit leur situation.<\/h5>\n\n\n\n<p>Carefor est le plus important organisme de bienfaisance de l\u2019Est de l\u2019Ontario. Nous offrons une gamme compl\u00e8te de soins de sant\u00e9, de soins \u00e0 domicile, de services de proximit\u00e9 et de soutien \u00e0 la personne d\u2019excellente qualit\u00e9. Gr\u00e2ce au d\u00e9vouement d\u2019une \u00e9quipe bienveillante de professionnels de la sant\u00e9, d\u2019employ\u00e9s et de partenaires, nous am\u00e9liorons la qualit\u00e9 de vie des gens depuis 1897.<\/p>\n\n\n\n<p><\/p>\n\n\n\n<p><strong>Donner n\u2019aura jamais \u00e9t\u00e9 aussi facile<\/strong><\/p>\n\n\n\n<p>Votre don aidera jusqu\u2019\u00e0 20\u00a0000\u00a0personnes de l\u2019Est de l\u2019Ontario \u00e0 recevoir l\u2019aide requise, et ce, ann\u00e9e apr\u00e8s ann\u00e9e.<\/p>\n\n\n<div id=\"accordion-content-block_8395bd62d8b33000dfe49025d9bea121\" class=\"accordion-block  background-white alignfull\">\n    <div class=\"row column\">\n        <div class=\"accordion-wrapper\">\n                        <div class=\"block-title\">\n                <h5>Fa\u00e7ons de donner<\/h5>\n            <\/div>\n                        <ul class=\"accordion\" data-accordion data-multi-expand=\"true\" data-allow-all-closed=\"true\" data-accordion data-deep-link=\"true\" data-update-history=\"true\">\n                                    <li class=\"accordion-item\" data-accordion-item>\n                        <a href=\"#\" class=\"accordion-title\">Don d\u2019une voiture<\/a>\n                        <div class=\"accordion-content\" data-tab-content>\n                            <p>Vous souhaitez vous d\u00e9barrasser d\u2019un v\u00e9hicule? Faites appel \u00e0 Donate a Car. La valeur de votre voiture sera ensuite vers\u00e9e \u00e0 Carefor, et vous recevrez un re\u00e7u fiscal pour ce montant. Cliquez sur le lien suivant pour plus de d\u00e9tails\u00a0: <a href=\"https:\/\/donatecar.ca\/org\/donate.php?charitypage=1169&amp;oem=off.\" target=\"_blank\" rel=\"noopener\">https:\/\/donatecar.ca\/org\/donate.php?charitypage=1169&amp;oem=off.<\/a><\/p>\n                        <\/div>\n                    <\/li>\n                                    <li class=\"accordion-item\" data-accordion-item>\n                        <a href=\"#\" class=\"accordion-title\">Philanthropie d\u2019entreprise<\/a>\n                        <div class=\"accordion-content\" data-tab-content>\n                            <p>En devenant notre partenaire, vous vous associeriez avec un OSBL reconnu pour la qualit\u00e9 de ses soins de sant\u00e9 et de ses services de proximit\u00e9, de m\u00eame que pour sa d\u00e9termination \u00e0 am\u00e9liorer la vie des gens en leur offrant la possibilit\u00e9 de vivre \u00e0 leur rythme.<\/p>\n<p><strong>R\u00e9gion d&rsquo;Ottawa<\/strong><br \/>\nWendy Knechtel, gestionnaire de la collecte de fonds<br \/>\n1-833-922-2734 ext. 2298 | <a href=\"mailto:wknechtel@carefor.ca\">wknechtel@carefor.ca<\/a><\/p>\n<p><strong>Comt\u00e9 de Pembroke-Renfrew<\/strong><br \/>\nAndrew Chenard, sp\u00e9cialiste de la collecte de fonds et des communications<br \/>\n1-833-922-2734 ext. 3237 | <a href=\"mailto:achenard@carefor.ca\">achenard@carefor.ca<\/a><\/p>\n<p><strong>Comt\u00e9s de l\u2019Est<\/strong><br \/>\nJennie Stephenson, sp\u00e9cialiste de la collecte de fonds et des communications<br \/>\n613-932-3451 ext. 4247 | <a href=\"mailto:jstephenson@carefor.ca\">jstephenson@carefor.ca<\/a><\/p>\n<p><strong>Maison de soins palliatifs de Cornwall<\/strong><br \/>\nSandy Collette, coordonnatrice de la collecte de fonds<br \/>\n613-932-3451 x4231| <a href=\"mailto:scollette@carefor.ca\">scollette@carefor.ca<\/a><\/p>\n                        <\/div>\n                    <\/li>\n                                    <li class=\"accordion-item\" data-accordion-item>\n                        <a href=\"#\" class=\"accordion-title\">Dons en milieu de travail<\/a>\n                        <div class=\"accordion-content\" data-tab-content>\n                            <p>Un bon moyen d\u2019aider les personnes \u00e2g\u00e9es vuln\u00e9rables de votre communaut\u00e9 et de renforcer l\u2019esprit d\u2019\u00e9quipe au sein de votre entreprise est d\u2019organiser une collecte de fonds. Votre personnel peut donner une partie de son ch\u00e8que de paie ou organiser des activit\u00e9s de collecte de fonds pour les programmes et services de Carefor. L\u2019argent recueilli financera des programmes destin\u00e9s aux personnes \u00e2g\u00e9es vuln\u00e9rables et aux personnes handicap\u00e9es pour les aider \u00e0 traverser les moments difficiles et \u00e0 choisir le mode de vie qui leur convient.<\/p>\n<p>Communiquez avec nous pour en savoir plus<\/p>\n<p><strong>R\u00e9gion d&rsquo;Ottawa<\/strong><br \/>\nWendy Knechtel, gestionnaire de la collecte de fonds<br \/>\n1-833-922-2734 ext. 2298 | <a href=\"mailto:wknechtel@carefor.ca\">wknechtel@carefor.ca<\/a><\/p>\n<p><strong>Comt\u00e9 de Pembroke-Renfrew<\/strong><br \/>\nAndrew Chenard, sp\u00e9cialiste de la collecte de fonds et des communications<br \/>\n1-833-922-2734 ext. 3237 | <a href=\"mailto:achenard@carefor.ca\">achenard@carefor.ca<\/a><\/p>\n<p><strong>Comt\u00e9s de l\u2019Est<\/strong><br \/>\nJennie Stephenson, sp\u00e9cialiste de la collecte de fonds et des communications<br \/>\n613-932-3451 ext. 4247 | <a href=\"mailto:jstephenson@carefor.ca\">jstephenson@carefor.ca<\/a><\/p>\n<p><strong>Maison de soins palliatifs de Cornwall<\/strong><br \/>\nSandy Collette, coordonnatrice de la collecte de fonds<br \/>\n613-932-3451 x4231| <a href=\"mailto:scollette@carefor.ca\">scollette@carefor.ca<\/a><\/p>\n                        <\/div>\n                    <\/li>\n                                    <li class=\"accordion-item\" data-accordion-item>\n                        <a href=\"#\" class=\"accordion-title\">Don testamentaire, don de titres, don de FRR et don de REER<\/a>\n                        <div class=\"accordion-content\" data-tab-content>\n                            <p>Un testament est un moteur de transformation puissant. Vous pouvez changer le monde en faisant un don testamentaire, tout en transmettant votre patrimoine \u00e0 vos proches. Apprenez-en davantage sur les dons testamentaires, les dons de titres, les dons de fonds de revenu de retraite\u00a0(FRR) et les dons de REER.<\/p>\n<p><a href=\"https:\/\/carefor.ca\/donate-now\/your-will-is-powerful\/\" target=\"_blank\" rel=\"noopener\">Un testament peut changer le monde.<\/a><\/p>\n                        <\/div>\n                    <\/li>\n                                    <li class=\"accordion-item\" data-accordion-item>\n                        <a href=\"#\" class=\"accordion-title\">Dons mensuels<\/a>\n                        <div class=\"accordion-content\" data-tab-content>\n                            <p>Vous pouvez avoir un impact quotidien dans la vie des personnes qui utilisent nos services. Les dons mensuels sont un excellent moyen d\u2019optimiser votre geste de solidarit\u00e9. C\u2019est le moyen le plus efficace de garantir le financement r\u00e9gulier et constant des services que Carefor Health\u00a0&amp;\u00a0Community Services offre dans votre communaut\u00e9. Le don mensuel est une fa\u00e7on simple et efficace de nous aider, tout en \u00e9conomisant les frais d\u2019envoi et d\u2019affranchissement.<\/p>\n                        <\/div>\n                    <\/li>\n                            <\/ul>\n        <\/div>\n    <\/div>\n<\/div>\n\n<div id=\"donate-today-block_32fb4424d3a0c6ed028bcea0a4580f87\" class=\"donate-today alignfull \">\n\t<div class=\"row column\">\n\t\t<div class=\"donate-today-wrapper\">\n\t\t\t\t\t\t\t<div class=\"block-images\">\n\t\t\t\t\t\t\t\t\t\t<img loading=\"lazy\" decoding=\"async\" width=\"768\" height=\"631\" src=\"https:\/\/carefor.ca\/wp-content\/uploads\/2023\/07\/Carefor_IMG_6018-768x631.jpg\" class=\"attachment-box-image size-box-image\" alt=\"\" srcset=\"https:\/\/carefor.ca\/wp-content\/uploads\/2023\/07\/Carefor_IMG_6018-768x631.jpg 768w, https:\/\/carefor.ca\/wp-content\/uploads\/2023\/07\/Carefor_IMG_6018-300x247.jpg 300w, https:\/\/carefor.ca\/wp-content\/uploads\/2023\/07\/Carefor_IMG_6018-1024x842.jpg 1024w, https:\/\/carefor.ca\/wp-content\/uploads\/2023\/07\/Carefor_IMG_6018-1536x1263.jpg 1536w, https:\/\/carefor.ca\/wp-content\/uploads\/2023\/07\/Carefor_IMG_6018-2048x1684.jpg 2048w, https:\/\/carefor.ca\/wp-content\/uploads\/2023\/07\/Carefor_IMG_6018-2000x1644.jpg 2000w, https:\/\/carefor.ca\/wp-content\/uploads\/2023\/07\/Carefor_IMG_6018-400x329.jpg 400w\" sizes=\"auto, (max-width: 768px) 100vw, 768px\" \/>\t\t\t\t\t\t\t\t\t\t<img loading=\"lazy\" decoding=\"async\" width=\"768\" height=\"512\" src=\"https:\/\/carefor.ca\/wp-content\/uploads\/2023\/06\/Nurse-taking-care-of-a-senior-woman-768x512.jpeg\" class=\"attachment-box-image size-box-image\" alt=\"\" srcset=\"https:\/\/carefor.ca\/wp-content\/uploads\/2023\/06\/Nurse-taking-care-of-a-senior-woman-768x512.jpeg 768w, https:\/\/carefor.ca\/wp-content\/uploads\/2023\/06\/Nurse-taking-care-of-a-senior-woman-300x200.jpeg 300w, https:\/\/carefor.ca\/wp-content\/uploads\/2023\/06\/Nurse-taking-care-of-a-senior-woman-1024x683.jpeg 1024w, https:\/\/carefor.ca\/wp-content\/uploads\/2023\/06\/Nurse-taking-care-of-a-senior-woman-400x267.jpeg 400w\" sizes=\"auto, (max-width: 768px) 100vw, 768px\" \/>\t\t\t\t\t\t\t\t\t<\/div>\n\t\t\t\t\t\t<div class=\"block-details\">\n\t\t\t\t\t\t\t\t\t<h3>Donnez sans tarder!<\/h3>\n<h6>C\u2019est gr\u00e2ce \u00e0 la g\u00e9n\u00e9rosit\u00e9 de nos donateurs et de nos donatrices que nous pouvons offrir des soins d\u2019excellente qualit\u00e9 \u00e0 la population de l\u2019Est de l\u2019Ontario.<\/h6>\n<p>Votre don aura une incidence directe sur la vie d\u2019une personne dans le besoin.<\/p>\n\t\t\t\t\t\t\t\t\t\t\t\t\t<a href=\"https:\/\/carefor.ca\/fr\/donate-now\/\" target=\"_blank\" class=\"cta\">Faire un don\/En savoir plus<\/a>\t\t\t\t\t\t\t<\/div>\n\t\t<\/div>\n\t<\/div>\n<\/div>\n","protected":false},"excerpt":{"rendered":"<p>Nous donnons aux adultes la possibilit\u00e9 de rester actifs et ind\u00e9pendants, quelle que soit leur situation. Carefor est le plus important organisme de bienfaisance de l\u2019Est de l\u2019Ontario. Nous offrons [&hellip;]<\/p>\n","protected":false},"author":1,"featured_media":4679,"parent":5371,"menu_order":2,"comment_status":"closed","ping_status":"closed","template":"page-microsite-internal.php","meta":{"_acf_changed":false,"_relevanssi_hide_post":"","_relevanssi_hide_content":"","_relevanssi_pin_for_all":"","_relevanssi_pin_keywords":"","_relevanssi_unpin_keywords":"","_relevanssi_related_keywords":"","_relevanssi_related_include_ids":"","_relevanssi_related_exclude_ids":"","_relevanssi_related_no_append":"","_relevanssi_related_not_related":"","_relevanssi_related_posts":"","_relevanssi_noindex_reason":"","footnotes":""},"class_list":["post-5393","page","type-page","status-publish","has-post-thumbnail","hentry"],"acf":[],"yoast_head":"<!-- This site is optimized with the Yoast SEO Premium plugin v24.9 (Yoast SEO v27.4) - https:\/\/yoast.com\/product\/yoast-seo-premium-wordpress\/ -->\n<title>Fa\u00e7ons de donner - Carefor<\/title>\n<meta name=\"robots\" content=\"index, follow, max-snippet:-1, max-image-preview:large, max-video-preview:-1\" \/>\n<link rel=\"canonical\" href=\"https:\/\/carefor.ca\/fr\/faire-un-don-maintenant\/ways-to-give\/\" \/>\n<meta property=\"og:locale\" content=\"fr_FR\" \/>\n<meta property=\"og:type\" content=\"article\" \/>\n<meta property=\"og:title\" content=\"Fa\u00e7ons de donner\" \/>\n<meta property=\"og:description\" content=\"Nous donnons aux adultes la possibilit\u00e9 de rester actifs et ind\u00e9pendants, quelle que soit leur situation. Carefor est le plus important organisme de bienfaisance de l\u2019Est de l\u2019Ontario. Nous offrons [&hellip;]\" \/>\n<meta property=\"og:url\" content=\"https:\/\/carefor.ca\/fr\/faire-un-don-maintenant\/ways-to-give\/\" \/>\n<meta property=\"og:site_name\" content=\"Carefor\" \/>\n<meta property=\"article:publisher\" content=\"https:\/\/www.facebook.com\/CareforHCS\" \/>\n<meta property=\"article:modified_time\" content=\"2023-10-30T04:26:30+00:00\" \/>\n<meta property=\"og:image\" content=\"https:\/\/carefor.ca\/wp-content\/uploads\/2023\/06\/iStock-1182452133-scaled.jpg\" \/>\n\t<meta property=\"og:image:width\" content=\"2560\" \/>\n\t<meta property=\"og:image:height\" content=\"1708\" \/>\n\t<meta property=\"og:image:type\" content=\"image\/jpeg\" \/>\n<meta name=\"twitter:card\" content=\"summary_large_image\" \/>\n<meta name=\"twitter:site\" content=\"@CareforHCS\" \/>\n<meta name=\"twitter:label1\" content=\"Dur\u00e9e de lecture estim\u00e9e\" \/>\n\t<meta name=\"twitter:data1\" content=\"1 minute\" \/>\n<script type=\"application\/ld+json\" class=\"yoast-schema-graph\">{\"@context\":\"https:\\\/\\\/schema.org\",\"@graph\":[{\"@type\":\"WebPage\",\"@id\":\"https:\\\/\\\/carefor.ca\\\/fr\\\/faire-un-don-maintenant\\\/ways-to-give\\\/\",\"url\":\"https:\\\/\\\/carefor.ca\\\/fr\\\/faire-un-don-maintenant\\\/ways-to-give\\\/\",\"name\":\"Fa\u00e7ons de donner - Carefor\",\"isPartOf\":{\"@id\":\"https:\\\/\\\/carefor.ca\\\/fr\\\/#website\"},\"primaryImageOfPage\":{\"@id\":\"https:\\\/\\\/carefor.ca\\\/fr\\\/faire-un-don-maintenant\\\/ways-to-give\\\/#primaryimage\"},\"image\":{\"@id\":\"https:\\\/\\\/carefor.ca\\\/fr\\\/faire-un-don-maintenant\\\/ways-to-give\\\/#primaryimage\"},\"thumbnailUrl\":\"https:\\\/\\\/carefor.ca\\\/wp-content\\\/uploads\\\/2023\\\/06\\\/iStock-1182452133-scaled.jpg\",\"datePublished\":\"2023-04-17T23:21:45+00:00\",\"dateModified\":\"2023-10-30T04:26:30+00:00\",\"breadcrumb\":{\"@id\":\"https:\\\/\\\/carefor.ca\\\/fr\\\/faire-un-don-maintenant\\\/ways-to-give\\\/#breadcrumb\"},\"inLanguage\":\"fr-FR\",\"potentialAction\":[{\"@type\":\"ReadAction\",\"target\":[\"https:\\\/\\\/carefor.ca\\\/fr\\\/faire-un-don-maintenant\\\/ways-to-give\\\/\"]}]},{\"@type\":\"ImageObject\",\"inLanguage\":\"fr-FR\",\"@id\":\"https:\\\/\\\/carefor.ca\\\/fr\\\/faire-un-don-maintenant\\\/ways-to-give\\\/#primaryimage\",\"url\":\"https:\\\/\\\/carefor.ca\\\/wp-content\\\/uploads\\\/2023\\\/06\\\/iStock-1182452133-scaled.jpg\",\"contentUrl\":\"https:\\\/\\\/carefor.ca\\\/wp-content\\\/uploads\\\/2023\\\/06\\\/iStock-1182452133-scaled.jpg\",\"width\":2560,\"height\":1708,\"caption\":\"Happy senior man at home, looking away\"},{\"@type\":\"BreadcrumbList\",\"@id\":\"https:\\\/\\\/carefor.ca\\\/fr\\\/faire-un-don-maintenant\\\/ways-to-give\\\/#breadcrumb\",\"itemListElement\":[{\"@type\":\"ListItem\",\"position\":1,\"name\":\"Home\",\"item\":\"https:\\\/\\\/carefor.ca\\\/fr\\\/\"},{\"@type\":\"ListItem\",\"position\":2,\"name\":\"Faire un don maintenant\",\"item\":\"https:\\\/\\\/carefor.ca\\\/fr\\\/faire-un-don-maintenant\\\/\"},{\"@type\":\"ListItem\",\"position\":3,\"name\":\"Fa\u00e7ons de donner\"}]},{\"@type\":\"WebSite\",\"@id\":\"https:\\\/\\\/carefor.ca\\\/fr\\\/#website\",\"url\":\"https:\\\/\\\/carefor.ca\\\/fr\\\/\",\"name\":\"Carefor\",\"description\":\"High Quality Homecare\",\"publisher\":{\"@id\":\"https:\\\/\\\/carefor.ca\\\/fr\\\/#organization\"},\"potentialAction\":[{\"@type\":\"SearchAction\",\"target\":{\"@type\":\"EntryPoint\",\"urlTemplate\":\"https:\\\/\\\/carefor.ca\\\/fr\\\/?s={search_term_string}\"},\"query-input\":{\"@type\":\"PropertyValueSpecification\",\"valueRequired\":true,\"valueName\":\"search_term_string\"}}],\"inLanguage\":\"fr-FR\"},{\"@type\":\"Organization\",\"@id\":\"https:\\\/\\\/carefor.ca\\\/fr\\\/#organization\",\"name\":\"Carefor Health and Community Services\",\"url\":\"https:\\\/\\\/carefor.ca\\\/fr\\\/\",\"logo\":{\"@type\":\"ImageObject\",\"inLanguage\":\"fr-FR\",\"@id\":\"https:\\\/\\\/carefor.ca\\\/fr\\\/#\\\/schema\\\/logo\\\/image\\\/\",\"url\":\"\",\"contentUrl\":\"\",\"caption\":\"Carefor Health and Community Services\"},\"image\":{\"@id\":\"https:\\\/\\\/carefor.ca\\\/fr\\\/#\\\/schema\\\/logo\\\/image\\\/\"},\"sameAs\":[\"https:\\\/\\\/www.facebook.com\\\/CareforHCS\",\"https:\\\/\\\/x.com\\\/CareforHCS\",\"https:\\\/\\\/www.linkedin.com\\\/company\\\/carefor-health-and-community-services\\\/\"],\"description\":\"205 Amelia Street, Suite 100 Cornwall, ON K6H 3P3\",\"email\":\"infoeasterncounties@carefor.ca\",\"telephone\":\"613-932-3451\"}]}<\/script>\n<!-- \/ Yoast SEO Premium plugin. -->","yoast_head_json":{"title":"Fa\u00e7ons de donner - Carefor","robots":{"index":"index","follow":"follow","max-snippet":"max-snippet:-1","max-image-preview":"max-image-preview:large","max-video-preview":"max-video-preview:-1"},"canonical":"https:\/\/carefor.ca\/fr\/faire-un-don-maintenant\/ways-to-give\/","og_locale":"fr_FR","og_type":"article","og_title":"Fa\u00e7ons de donner","og_description":"Nous donnons aux adultes la possibilit\u00e9 de rester actifs et ind\u00e9pendants, quelle que soit leur situation. Carefor est le plus important organisme de bienfaisance de l\u2019Est de l\u2019Ontario. Nous offrons [&hellip;]","og_url":"https:\/\/carefor.ca\/fr\/faire-un-don-maintenant\/ways-to-give\/","og_site_name":"Carefor","article_publisher":"https:\/\/www.facebook.com\/CareforHCS","article_modified_time":"2023-10-30T04:26:30+00:00","og_image":[{"width":2560,"height":1708,"url":"https:\/\/carefor.ca\/wp-content\/uploads\/2023\/06\/iStock-1182452133-scaled.jpg","type":"image\/jpeg"}],"twitter_card":"summary_large_image","twitter_site":"@CareforHCS","twitter_misc":{"Dur\u00e9e de lecture estim\u00e9e":"1 minute"},"schema":{"@context":"https:\/\/schema.org","@graph":[{"@type":"WebPage","@id":"https:\/\/carefor.ca\/fr\/faire-un-don-maintenant\/ways-to-give\/","url":"https:\/\/carefor.ca\/fr\/faire-un-don-maintenant\/ways-to-give\/","name":"Fa\u00e7ons de donner - Carefor","isPartOf":{"@id":"https:\/\/carefor.ca\/fr\/#website"},"primaryImageOfPage":{"@id":"https:\/\/carefor.ca\/fr\/faire-un-don-maintenant\/ways-to-give\/#primaryimage"},"image":{"@id":"https:\/\/carefor.ca\/fr\/faire-un-don-maintenant\/ways-to-give\/#primaryimage"},"thumbnailUrl":"https:\/\/carefor.ca\/wp-content\/uploads\/2023\/06\/iStock-1182452133-scaled.jpg","datePublished":"2023-04-17T23:21:45+00:00","dateModified":"2023-10-30T04:26:30+00:00","breadcrumb":{"@id":"https:\/\/carefor.ca\/fr\/faire-un-don-maintenant\/ways-to-give\/#breadcrumb"},"inLanguage":"fr-FR","potentialAction":[{"@type":"ReadAction","target":["https:\/\/carefor.ca\/fr\/faire-un-don-maintenant\/ways-to-give\/"]}]},{"@type":"ImageObject","inLanguage":"fr-FR","@id":"https:\/\/carefor.ca\/fr\/faire-un-don-maintenant\/ways-to-give\/#primaryimage","url":"https:\/\/carefor.ca\/wp-content\/uploads\/2023\/06\/iStock-1182452133-scaled.jpg","contentUrl":"https:\/\/carefor.ca\/wp-content\/uploads\/2023\/06\/iStock-1182452133-scaled.jpg","width":2560,"height":1708,"caption":"Happy senior man at home, looking away"},{"@type":"BreadcrumbList","@id":"https:\/\/carefor.ca\/fr\/faire-un-don-maintenant\/ways-to-give\/#breadcrumb","itemListElement":[{"@type":"ListItem","position":1,"name":"Home","item":"https:\/\/carefor.ca\/fr\/"},{"@type":"ListItem","position":2,"name":"Faire un don maintenant","item":"https:\/\/carefor.ca\/fr\/faire-un-don-maintenant\/"},{"@type":"ListItem","position":3,"name":"Fa\u00e7ons de donner"}]},{"@type":"WebSite","@id":"https:\/\/carefor.ca\/fr\/#website","url":"https:\/\/carefor.ca\/fr\/","name":"Carefor","description":"High Quality Homecare","publisher":{"@id":"https:\/\/carefor.ca\/fr\/#organization"},"potentialAction":[{"@type":"SearchAction","target":{"@type":"EntryPoint","urlTemplate":"https:\/\/carefor.ca\/fr\/?s={search_term_string}"},"query-input":{"@type":"PropertyValueSpecification","valueRequired":true,"valueName":"search_term_string"}}],"inLanguage":"fr-FR"},{"@type":"Organization","@id":"https:\/\/carefor.ca\/fr\/#organization","name":"Carefor Health and Community Services","url":"https:\/\/carefor.ca\/fr\/","logo":{"@type":"ImageObject","inLanguage":"fr-FR","@id":"https:\/\/carefor.ca\/fr\/#\/schema\/logo\/image\/","url":"","contentUrl":"","caption":"Carefor Health and Community Services"},"image":{"@id":"https:\/\/carefor.ca\/fr\/#\/schema\/logo\/image\/"},"sameAs":["https:\/\/www.facebook.com\/CareforHCS","https:\/\/x.com\/CareforHCS","https:\/\/www.linkedin.com\/company\/carefor-health-and-community-services\/"],"description":"205 Amelia Street, Suite 100 Cornwall, ON K6H 3P3","email":"infoeasterncounties@carefor.ca","telephone":"613-932-3451"}]}},"_links":{"self":[{"href":"https:\/\/carefor.ca\/fr\/wp-json\/wp\/v2\/pages\/5393","targetHints":{"allow":["GET"]}}],"collection":[{"href":"https:\/\/carefor.ca\/fr\/wp-json\/wp\/v2\/pages"}],"about":[{"href":"https:\/\/carefor.ca\/fr\/wp-json\/wp\/v2\/types\/page"}],"author":[{"embeddable":true,"href":"https:\/\/carefor.ca\/fr\/wp-json\/wp\/v2\/users\/1"}],"replies":[{"embeddable":true,"href":"https:\/\/carefor.ca\/fr\/wp-json\/wp\/v2\/comments?post=5393"}],"version-history":[{"count":2,"href":"https:\/\/carefor.ca\/fr\/wp-json\/wp\/v2\/pages\/5393\/revisions"}],"predecessor-version":[{"id":5396,"href":"https:\/\/carefor.ca\/fr\/wp-json\/wp\/v2\/pages\/5393\/revisions\/5396"}],"up":[{"embeddable":true,"href":"https:\/\/carefor.ca\/fr\/wp-json\/wp\/v2\/pages\/5371"}],"wp:featuredmedia":[{"embeddable":true,"href":"https:\/\/carefor.ca\/fr\/wp-json\/wp\/v2\/media\/4679"}],"wp:attachment":[{"href":"https:\/\/carefor.ca\/fr\/wp-json\/wp\/v2\/media?parent=5393"}],"curies":[{"name":"wp","href":"https:\/\/api.w.org\/{rel}","templated":true}]}}