{"id":5389,"date":"2023-04-17T19:12:07","date_gmt":"2023-04-17T23:12:07","guid":{"rendered":"https:\/\/carefor.ca\/community-partnerships\/"},"modified":"2024-06-07T10:04:43","modified_gmt":"2024-06-07T14:04:43","slug":"partenariats","status":"publish","type":"page","link":"https:\/\/carefor.ca\/fr\/partenariats\/","title":{"rendered":"Partenariats"},"content":{"rendered":"<div id=\"about-intro-block_6823564add4749ed5f47421408afe427\" class=\"about-intro alignfull \">\n\t\t\t<img loading=\"lazy\" decoding=\"async\" width=\"2000\" height=\"655\" src=\"https:\/\/carefor.ca\/wp-content\/uploads\/2023\/06\/IMG_0552-scaled-e1696896938170-2000x655.jpg\" class=\"attachment-banner-image size-banner-image\" alt=\"Personal support services for Ottawa&#039;s most vulnerable\" srcset=\"https:\/\/carefor.ca\/wp-content\/uploads\/2023\/06\/IMG_0552-scaled-e1696896938170-2000x655.jpg 2000w, https:\/\/carefor.ca\/wp-content\/uploads\/2023\/06\/IMG_0552-scaled-e1696896938170-300x98.jpg 300w, https:\/\/carefor.ca\/wp-content\/uploads\/2023\/06\/IMG_0552-scaled-e1696896938170-1024x335.jpg 1024w, https:\/\/carefor.ca\/wp-content\/uploads\/2023\/06\/IMG_0552-scaled-e1696896938170-768x251.jpg 768w, https:\/\/carefor.ca\/wp-content\/uploads\/2023\/06\/IMG_0552-scaled-e1696896938170-1536x503.jpg 1536w, https:\/\/carefor.ca\/wp-content\/uploads\/2023\/06\/IMG_0552-scaled-e1696896938170-2048x670.jpg 2048w, https:\/\/carefor.ca\/wp-content\/uploads\/2023\/06\/IMG_0552-scaled-e1696896938170-400x131.jpg 400w\" sizes=\"auto, (max-width: 2000px) 100vw, 2000px\" \/>\t\t<div class=\"row column\">\n\t\t<div class=\"breadcrumbs\">\n\t\t\t<span><span><a href=\"https:\/\/carefor.ca\/fr\/\">Home<\/a><\/span><\/span>\t\t<\/div>\n\t\t\t\t\t<div class=\"block-details\">\n\t\t\t\t<h3>Community Partnerships<\/h3>\n<p>\u00catre un bon partenaire est l\u2019une de nos grandes valeurs. Nous savons qu\u2019offrir de bons soins de sant\u00e9 rime avec collaboration. Nous sommes donc fiers de collaborer avec nos partenaires pour am\u00e9liorer la vie de notre client\u00e8le et de leur famille.<\/p>\n\t\t\t<\/div>\n\t\t\t<\/div>\n<\/div>\n\n\n<div id=\"program-features-block_e5a223aa1a07cee7e6d69ff4848f7d5d\" class=\"program-features alignfull \">\n        <div class=\"features-wrapper\">\n        <div class=\"row column\">\n                        <div class=\"features\">\n                                    <div class=\"feature\">\n                        <div class=\"feature-image\">\n                            <img loading=\"lazy\" decoding=\"async\" width=\"768\" height=\"512\" src=\"https:\/\/carefor.ca\/wp-content\/uploads\/2023\/06\/IMG_8537-768x512.jpg\" class=\"attachment-box-image size-box-image\" alt=\"A support worker standing behind a counter pours a beverage for an Ottawa community member.\" srcset=\"https:\/\/carefor.ca\/wp-content\/uploads\/2023\/06\/IMG_8537-768x512.jpg 768w, https:\/\/carefor.ca\/wp-content\/uploads\/2023\/06\/IMG_8537-300x200.jpg 300w, https:\/\/carefor.ca\/wp-content\/uploads\/2023\/06\/IMG_8537-1024x683.jpg 1024w, https:\/\/carefor.ca\/wp-content\/uploads\/2023\/06\/IMG_8537-1536x1024.jpg 1536w, https:\/\/carefor.ca\/wp-content\/uploads\/2023\/06\/IMG_8537-2048x1365.jpg 2048w, https:\/\/carefor.ca\/wp-content\/uploads\/2023\/06\/IMG_8537-2000x1333.jpg 2000w, https:\/\/carefor.ca\/wp-content\/uploads\/2023\/06\/IMG_8537-400x267.jpg 400w\" sizes=\"auto, (max-width: 768px) 100vw, 768px\" \/>                        <\/div>\n                                                <div class=\"feature-title\">\n                            <h4><a href=\"https:\/\/carefor.ca\/about\/community-partnerships\/ottawa-inner-city-health\/\">Inner City Health<\/a>                            <\/h4>\n                        <\/div>\n                                                                        <div class=\"feature-description\">\n                            <p>Notre partenariat avec Les Bergers de l\u2019espoir et Ottawa Inner City Health nous permet de prendre soin des personnes les plus vuln\u00e9rables d\u2019Ottawa.<\/p>\n                        <\/div>\n                                                                    <\/div>\n                                    <div class=\"feature\">\n                        <div class=\"feature-image\">\n                            <img loading=\"lazy\" decoding=\"async\" width=\"768\" height=\"512\" src=\"https:\/\/carefor.ca\/wp-content\/uploads\/2023\/06\/Carefor_s-Guest-House-768x512.jpg\" class=\"attachment-box-image size-box-image\" alt=\"\" srcset=\"https:\/\/carefor.ca\/wp-content\/uploads\/2023\/06\/Carefor_s-Guest-House-768x512.jpg 768w, https:\/\/carefor.ca\/wp-content\/uploads\/2023\/06\/Carefor_s-Guest-House-300x200.jpg 300w, https:\/\/carefor.ca\/wp-content\/uploads\/2023\/06\/Carefor_s-Guest-House-1024x683.jpg 1024w, https:\/\/carefor.ca\/wp-content\/uploads\/2023\/06\/Carefor_s-Guest-House-1536x1024.jpg 1536w, https:\/\/carefor.ca\/wp-content\/uploads\/2023\/06\/Carefor_s-Guest-House-2048x1365.jpg 2048w, https:\/\/carefor.ca\/wp-content\/uploads\/2023\/06\/Carefor_s-Guest-House-2000x1333.jpg 2000w, https:\/\/carefor.ca\/wp-content\/uploads\/2023\/06\/Carefor_s-Guest-House-400x267.jpg 400w\" sizes=\"auto, (max-width: 768px) 100vw, 768px\" \/>                        <\/div>\n                                                <div class=\"feature-title\">\n                            <h4><a href=\"https:\/\/carefor.ca\/about\/community-partnerships\/respite-house\/\">La Maison de R\u00e9pit<\/a>                            <\/h4>\n                        <\/div>\n                                                                        <div class=\"feature-description\">\n                            <p>Ce partenariat avec Sant\u00e9 Perley et la Soci\u00e9t\u00e9 de la d\u00e9mence d\u2019Ottawa et du comt\u00e9 de Renfrew offre un r\u00e9pit de nuit aux familles dont une personne est atteinte de d\u00e9mence.<\/p>\n                        <\/div>\n                                                                    <\/div>\n                                    <div class=\"feature\">\n                        <div class=\"feature-image\">\n                            <img loading=\"lazy\" decoding=\"async\" width=\"768\" height=\"513\" src=\"https:\/\/carefor.ca\/wp-content\/uploads\/2023\/06\/AdobeStock_109518239-768x513.jpeg\" class=\"attachment-box-image size-box-image\" alt=\"Healthcare partnership Eastern Ontario\" srcset=\"https:\/\/carefor.ca\/wp-content\/uploads\/2023\/06\/AdobeStock_109518239-768x513.jpeg 768w, https:\/\/carefor.ca\/wp-content\/uploads\/2023\/06\/AdobeStock_109518239-300x200.jpeg 300w, https:\/\/carefor.ca\/wp-content\/uploads\/2023\/06\/AdobeStock_109518239-1024x683.jpeg 1024w, https:\/\/carefor.ca\/wp-content\/uploads\/2023\/06\/AdobeStock_109518239-1536x1025.jpeg 1536w, https:\/\/carefor.ca\/wp-content\/uploads\/2023\/06\/AdobeStock_109518239-2048x1367.jpeg 2048w, https:\/\/carefor.ca\/wp-content\/uploads\/2023\/06\/AdobeStock_109518239-2000x1335.jpeg 2000w, https:\/\/carefor.ca\/wp-content\/uploads\/2023\/06\/AdobeStock_109518239-400x267.jpeg 400w\" sizes=\"auto, (max-width: 768px) 100vw, 768px\" \/>                        <\/div>\n                                                <div class=\"feature-title\">\n                            <h4><a href=\"https:\/\/carefor.ca\/about\/community-partnerships\/ontario-health-teams\/\">\u00c9quipes Sant\u00e9 Ontario<\/a>                            <\/h4>\n                        <\/div>\n                                                                        <div class=\"feature-description\">\n                            <p>Carefor est l\u2019un des principaux partenaires des cinq \u00e9quipes Sant\u00e9 Ontario qui s\u2019efforcent d\u2019am\u00e9liorer les r\u00e9sultats en mati\u00e8re de sant\u00e9.<\/p>\n                        <\/div>\n                                                                    <\/div>\n                            <\/div>\n        <\/div>\n    <\/div>\n    <\/div>\n\n\n<div id=\"impact-stories-block_b2d52b9a6a568edc153972ad75c5f00c\" class=\"impact-stories alignfull \">\n    <div class=\"stories-slides\" id=\"stories-slides-slider\">\n                <div class=\"blog-post-slide\">\n                <div class=\"post-info\">\n                   <div class=\"post-info-inner\">\n                      <div class=\"blog-title\">\n                         <a href=\"https:\/\/carefor.ca\/our-impact\/stories-of-impact\/\" class=\"pile-cta\">Stories of Impact<\/a>                      <\/div>\n                      <div class=\"title\">\n                         <h4><a href=\"https:\/\/carefor.ca\/fr\/stories\/voir-la-lumiere-au-bout-du-tunnel\/\" class=\"\" data-post-id=\"5705\">Voir la lumi\u00e8re au bout du tunnel<\/a><\/h4>\n                      <\/div>\n                      <div class=\"excerpt\">\n                         <p>As the team at Carefor continues to adapt to ongoing changes with COVID-19, volunteers have stepped up, continuing to have a commanding presence in the lives of clients from afar. [&hellip;]<\/p>\n                      <\/div>\n                      <div class=\"read-more\">\n                         <a href=\"https:\/\/carefor.ca\/fr\/stories\/voir-la-lumiere-au-bout-du-tunnel\/\" class=\"cta-with-arrow \" data-post-id=\"5705\">Lire L&rsquo;Article Complet<\/a>\n                      <\/div>\n                   <\/div>\n\n                <\/div>\n                <div class=\"image-wrapper\">\n                    <img loading=\"lazy\" decoding=\"async\" width=\"422\" height=\"279\" src=\"https:\/\/carefor.ca\/wp-content\/uploads\/2023\/07\/finding-the-light-at-the-end-of-the-tunnel-image-40.png\" class=\"attachment-box-image size-box-image wp-post-image\" alt=\"\" srcset=\"https:\/\/carefor.ca\/wp-content\/uploads\/2023\/07\/finding-the-light-at-the-end-of-the-tunnel-image-40.png 422w, https:\/\/carefor.ca\/wp-content\/uploads\/2023\/07\/finding-the-light-at-the-end-of-the-tunnel-image-40-300x198.png 300w, https:\/\/carefor.ca\/wp-content\/uploads\/2023\/07\/finding-the-light-at-the-end-of-the-tunnel-image-40-400x264.png 400w\" sizes=\"auto, (max-width: 422px) 100vw, 422px\" \/>                <\/div>\n            <\/div>\n                    <div class=\"blog-post-slide\">\n                <div class=\"post-info\">\n                   <div class=\"post-info-inner\">\n                      <div class=\"blog-title\">\n                         <a href=\"https:\/\/carefor.ca\/our-impact\/stories-of-impact\/\" class=\"pile-cta\">Stories of Impact<\/a>                      <\/div>\n                      <div class=\"title\">\n                         <h4><a href=\"https:\/\/carefor.ca\/fr\/stories\/le-deuil-na-pas-de-date-limite\/\" class=\"\" data-post-id=\"5706\">Le deuil n\u2019a pas de date limite<\/a><\/h4>\n                      <\/div>\n                      <div class=\"excerpt\">\n                         <p>Lorsque Butch Gratton a \u00e9t\u00e9 admis \u00e0 la Maison de soins palliatifs de Cornwall il y a quatre ans, on a inform\u00e9 sa famille qu\u2019il n\u2019en aurait plus que pour [&hellip;]<\/p>\n                      <\/div>\n                      <div class=\"read-more\">\n                         <a href=\"https:\/\/carefor.ca\/fr\/stories\/le-deuil-na-pas-de-date-limite\/\" class=\"cta-with-arrow \" data-post-id=\"5706\">Lire L&rsquo;Article Complet<\/a>\n                      <\/div>\n                   <\/div>\n\n                <\/div>\n                <div class=\"image-wrapper\">\n                    <img loading=\"lazy\" decoding=\"async\" width=\"768\" height=\"481\" src=\"https:\/\/carefor.ca\/wp-content\/uploads\/2023\/07\/mourning-doesnt-have-a-timeline-image-5-768x481.jpg\" class=\"attachment-box-image size-box-image wp-post-image\" alt=\"\" srcset=\"https:\/\/carefor.ca\/wp-content\/uploads\/2023\/07\/mourning-doesnt-have-a-timeline-image-5-768x481.jpg 768w, https:\/\/carefor.ca\/wp-content\/uploads\/2023\/07\/mourning-doesnt-have-a-timeline-image-5-300x188.jpg 300w, https:\/\/carefor.ca\/wp-content\/uploads\/2023\/07\/mourning-doesnt-have-a-timeline-image-5-1024x641.jpg 1024w, https:\/\/carefor.ca\/wp-content\/uploads\/2023\/07\/mourning-doesnt-have-a-timeline-image-5-400x250.jpg 400w, https:\/\/carefor.ca\/wp-content\/uploads\/2023\/07\/mourning-doesnt-have-a-timeline-image-5.jpg 1058w\" sizes=\"auto, (max-width: 768px) 100vw, 768px\" \/>                <\/div>\n            <\/div>\n                    <div class=\"blog-post-slide\">\n                <div class=\"post-info\">\n                   <div class=\"post-info-inner\">\n                      <div class=\"blog-title\">\n                         <a href=\"https:\/\/carefor.ca\/our-impact\/stories-of-impact\/\" class=\"pile-cta\">Stories of Impact<\/a>                      <\/div>\n                      <div class=\"title\">\n                         <h4><a href=\"https:\/\/carefor.ca\/fr\/stories\/lamour-dune-mere-je-ne-toublierai-jamais\/\" class=\"\" data-post-id=\"5707\">L\u2019amour d\u2019une m\u00e8re\u00a0: je ne t\u2019oublierai jamais<\/a><\/h4>\n                      <\/div>\n                      <div class=\"excerpt\">\n                         <p>When we\u2019re children, we don\u2019t grow up thinking our moms would ever forget. She\u2019s the one who raised and shaped us into who we are today. The one who made [&hellip;]<\/p>\n                      <\/div>\n                      <div class=\"read-more\">\n                         <a href=\"https:\/\/carefor.ca\/fr\/stories\/lamour-dune-mere-je-ne-toublierai-jamais\/\" class=\"cta-with-arrow \" data-post-id=\"5707\">Lire L&rsquo;Article Complet<\/a>\n                      <\/div>\n                   <\/div>\n\n                <\/div>\n                <div class=\"image-wrapper\">\n                    <img loading=\"lazy\" decoding=\"async\" width=\"255\" height=\"150\" src=\"https:\/\/carefor.ca\/wp-content\/uploads\/2023\/07\/for-the-love-of-mother-i-will-always-remember-you-image-96.png\" class=\"attachment-box-image size-box-image wp-post-image\" alt=\"\" \/>                <\/div>\n            <\/div>\n            <\/div>\n<\/div>\n\n\n<div class=\"reveal small\" id=\"impact-story-modal\" data-reveal>\n   <button class=\"close-button\" data-close aria-label=\"Close modal\" type=\"button\">\n      <span aria-hidden=\"true\">&times;<\/span>\n   <\/button>\n   <div class=\"modal-inner\">\n      <div class=\"video-container\">\n         <div class=\"video-title\"><h4><\/h4><\/div>\n         <div class=\"responsive-embed widescreen\"><\/div>\n      <\/div>\n   <\/div>\n<\/div>\n","protected":false},"excerpt":{"rendered":"","protected":false},"author":1,"featured_media":4674,"parent":0,"menu_order":2,"comment_status":"closed","ping_status":"closed","template":"","meta":{"_acf_changed":false,"_relevanssi_hide_post":"","_relevanssi_hide_content":"","_relevanssi_pin_for_all":"","_relevanssi_pin_keywords":"","_relevanssi_unpin_keywords":"","_relevanssi_related_keywords":"","_relevanssi_related_include_ids":"","_relevanssi_related_exclude_ids":"","_relevanssi_related_no_append":"","_relevanssi_related_not_related":"","_relevanssi_related_posts":"6640,5986,5984,6633,5982","_relevanssi_noindex_reason":"","footnotes":""},"class_list":["post-5389","page","type-page","status-publish","has-post-thumbnail","hentry"],"acf":[],"yoast_head":"<!-- This site is optimized with the Yoast SEO Premium plugin v24.9 (Yoast SEO v27.5) - https:\/\/yoast.com\/product\/yoast-seo-premium-wordpress\/ -->\n<title>Partenariats - Carefor<\/title>\n<meta name=\"robots\" content=\"index, follow, max-snippet:-1, max-image-preview:large, max-video-preview:-1\" \/>\n<link rel=\"canonical\" href=\"https:\/\/carefor.ca\/fr\/partenariats\/\" \/>\n<meta property=\"og:locale\" content=\"fr_FR\" \/>\n<meta property=\"og:type\" content=\"article\" \/>\n<meta property=\"og:title\" content=\"Partenariats\" \/>\n<meta property=\"og:url\" content=\"https:\/\/carefor.ca\/fr\/partenariats\/\" \/>\n<meta property=\"og:site_name\" content=\"Carefor\" \/>\n<meta property=\"article:publisher\" content=\"https:\/\/www.facebook.com\/CareforHCS\" \/>\n<meta property=\"article:modified_time\" content=\"2024-06-07T14:04:43+00:00\" \/>\n<meta property=\"og:image\" content=\"https:\/\/carefor.ca\/wp-content\/uploads\/2023\/06\/IMG_0552-scaled-e1696896938170.jpg?_t=1717769085\" \/>\n\t<meta property=\"og:image:width\" content=\"2560\" \/>\n\t<meta property=\"og:image:height\" content=\"838\" \/>\n\t<meta property=\"og:image:type\" content=\"image\/jpeg\" \/>\n<meta name=\"twitter:card\" content=\"summary_large_image\" \/>\n<meta name=\"twitter:site\" content=\"@CareforHCS\" \/>\n<meta name=\"twitter:label1\" content=\"Dur\u00e9e de lecture estim\u00e9e\" \/>\n\t<meta name=\"twitter:data1\" content=\"1 minute\" \/>\n<script type=\"application\/ld+json\" class=\"yoast-schema-graph\">{\"@context\":\"https:\\\/\\\/schema.org\",\"@graph\":[{\"@type\":\"WebPage\",\"@id\":\"https:\\\/\\\/carefor.ca\\\/fr\\\/partenariats\\\/\",\"url\":\"https:\\\/\\\/carefor.ca\\\/fr\\\/partenariats\\\/\",\"name\":\"Partenariats - Carefor\",\"isPartOf\":{\"@id\":\"https:\\\/\\\/carefor.ca\\\/fr\\\/#website\"},\"primaryImageOfPage\":{\"@id\":\"https:\\\/\\\/carefor.ca\\\/fr\\\/partenariats\\\/#primaryimage\"},\"image\":{\"@id\":\"https:\\\/\\\/carefor.ca\\\/fr\\\/partenariats\\\/#primaryimage\"},\"thumbnailUrl\":\"https:\\\/\\\/carefor.ca\\\/wp-content\\\/uploads\\\/2023\\\/06\\\/IMG_0552-scaled-e1696896938170.jpg\",\"datePublished\":\"2023-04-17T23:12:07+00:00\",\"dateModified\":\"2024-06-07T14:04:43+00:00\",\"breadcrumb\":{\"@id\":\"https:\\\/\\\/carefor.ca\\\/fr\\\/partenariats\\\/#breadcrumb\"},\"inLanguage\":\"fr-FR\",\"potentialAction\":[{\"@type\":\"ReadAction\",\"target\":[\"https:\\\/\\\/carefor.ca\\\/fr\\\/partenariats\\\/\"]}]},{\"@type\":\"ImageObject\",\"inLanguage\":\"fr-FR\",\"@id\":\"https:\\\/\\\/carefor.ca\\\/fr\\\/partenariats\\\/#primaryimage\",\"url\":\"https:\\\/\\\/carefor.ca\\\/wp-content\\\/uploads\\\/2023\\\/06\\\/IMG_0552-scaled-e1696896938170.jpg\",\"contentUrl\":\"https:\\\/\\\/carefor.ca\\\/wp-content\\\/uploads\\\/2023\\\/06\\\/IMG_0552-scaled-e1696896938170.jpg\",\"width\":2560,\"height\":838,\"caption\":\"Personal support services for Ottawa's most vulnerable\"},{\"@type\":\"BreadcrumbList\",\"@id\":\"https:\\\/\\\/carefor.ca\\\/fr\\\/partenariats\\\/#breadcrumb\",\"itemListElement\":[{\"@type\":\"ListItem\",\"position\":1,\"name\":\"Home\",\"item\":\"https:\\\/\\\/carefor.ca\\\/fr\\\/\"},{\"@type\":\"ListItem\",\"position\":2,\"name\":\"Partenariats\"}]},{\"@type\":\"WebSite\",\"@id\":\"https:\\\/\\\/carefor.ca\\\/fr\\\/#website\",\"url\":\"https:\\\/\\\/carefor.ca\\\/fr\\\/\",\"name\":\"Carefor\",\"description\":\"High Quality Homecare\",\"publisher\":{\"@id\":\"https:\\\/\\\/carefor.ca\\\/fr\\\/#organization\"},\"potentialAction\":[{\"@type\":\"SearchAction\",\"target\":{\"@type\":\"EntryPoint\",\"urlTemplate\":\"https:\\\/\\\/carefor.ca\\\/fr\\\/?s={search_term_string}\"},\"query-input\":{\"@type\":\"PropertyValueSpecification\",\"valueRequired\":true,\"valueName\":\"search_term_string\"}}],\"inLanguage\":\"fr-FR\"},{\"@type\":\"Organization\",\"@id\":\"https:\\\/\\\/carefor.ca\\\/fr\\\/#organization\",\"name\":\"Carefor Health and Community Services\",\"url\":\"https:\\\/\\\/carefor.ca\\\/fr\\\/\",\"logo\":{\"@type\":\"ImageObject\",\"inLanguage\":\"fr-FR\",\"@id\":\"https:\\\/\\\/carefor.ca\\\/fr\\\/#\\\/schema\\\/logo\\\/image\\\/\",\"url\":\"\",\"contentUrl\":\"\",\"caption\":\"Carefor Health and Community Services\"},\"image\":{\"@id\":\"https:\\\/\\\/carefor.ca\\\/fr\\\/#\\\/schema\\\/logo\\\/image\\\/\"},\"sameAs\":[\"https:\\\/\\\/www.facebook.com\\\/CareforHCS\",\"https:\\\/\\\/x.com\\\/CareforHCS\",\"https:\\\/\\\/www.linkedin.com\\\/company\\\/carefor-health-and-community-services\\\/\"],\"description\":\"205 Amelia Street, Suite 100 Cornwall, ON K6H 3P3\",\"email\":\"infoeasterncounties@carefor.ca\",\"telephone\":\"613-932-3451\"}]}<\/script>\n<!-- \/ Yoast SEO Premium plugin. -->","yoast_head_json":{"title":"Partenariats - Carefor","robots":{"index":"index","follow":"follow","max-snippet":"max-snippet:-1","max-image-preview":"max-image-preview:large","max-video-preview":"max-video-preview:-1"},"canonical":"https:\/\/carefor.ca\/fr\/partenariats\/","og_locale":"fr_FR","og_type":"article","og_title":"Partenariats","og_url":"https:\/\/carefor.ca\/fr\/partenariats\/","og_site_name":"Carefor","article_publisher":"https:\/\/www.facebook.com\/CareforHCS","article_modified_time":"2024-06-07T14:04:43+00:00","og_image":[{"width":2560,"height":838,"url":"https:\/\/carefor.ca\/wp-content\/uploads\/2023\/06\/IMG_0552-scaled-e1696896938170.jpg?_t=1717769085","type":"image\/jpeg"}],"twitter_card":"summary_large_image","twitter_site":"@CareforHCS","twitter_misc":{"Dur\u00e9e de lecture estim\u00e9e":"1 minute"},"schema":{"@context":"https:\/\/schema.org","@graph":[{"@type":"WebPage","@id":"https:\/\/carefor.ca\/fr\/partenariats\/","url":"https:\/\/carefor.ca\/fr\/partenariats\/","name":"Partenariats - Carefor","isPartOf":{"@id":"https:\/\/carefor.ca\/fr\/#website"},"primaryImageOfPage":{"@id":"https:\/\/carefor.ca\/fr\/partenariats\/#primaryimage"},"image":{"@id":"https:\/\/carefor.ca\/fr\/partenariats\/#primaryimage"},"thumbnailUrl":"https:\/\/carefor.ca\/wp-content\/uploads\/2023\/06\/IMG_0552-scaled-e1696896938170.jpg","datePublished":"2023-04-17T23:12:07+00:00","dateModified":"2024-06-07T14:04:43+00:00","breadcrumb":{"@id":"https:\/\/carefor.ca\/fr\/partenariats\/#breadcrumb"},"inLanguage":"fr-FR","potentialAction":[{"@type":"ReadAction","target":["https:\/\/carefor.ca\/fr\/partenariats\/"]}]},{"@type":"ImageObject","inLanguage":"fr-FR","@id":"https:\/\/carefor.ca\/fr\/partenariats\/#primaryimage","url":"https:\/\/carefor.ca\/wp-content\/uploads\/2023\/06\/IMG_0552-scaled-e1696896938170.jpg","contentUrl":"https:\/\/carefor.ca\/wp-content\/uploads\/2023\/06\/IMG_0552-scaled-e1696896938170.jpg","width":2560,"height":838,"caption":"Personal support services for Ottawa's most vulnerable"},{"@type":"BreadcrumbList","@id":"https:\/\/carefor.ca\/fr\/partenariats\/#breadcrumb","itemListElement":[{"@type":"ListItem","position":1,"name":"Home","item":"https:\/\/carefor.ca\/fr\/"},{"@type":"ListItem","position":2,"name":"Partenariats"}]},{"@type":"WebSite","@id":"https:\/\/carefor.ca\/fr\/#website","url":"https:\/\/carefor.ca\/fr\/","name":"Carefor","description":"High Quality Homecare","publisher":{"@id":"https:\/\/carefor.ca\/fr\/#organization"},"potentialAction":[{"@type":"SearchAction","target":{"@type":"EntryPoint","urlTemplate":"https:\/\/carefor.ca\/fr\/?s={search_term_string}"},"query-input":{"@type":"PropertyValueSpecification","valueRequired":true,"valueName":"search_term_string"}}],"inLanguage":"fr-FR"},{"@type":"Organization","@id":"https:\/\/carefor.ca\/fr\/#organization","name":"Carefor Health and Community Services","url":"https:\/\/carefor.ca\/fr\/","logo":{"@type":"ImageObject","inLanguage":"fr-FR","@id":"https:\/\/carefor.ca\/fr\/#\/schema\/logo\/image\/","url":"","contentUrl":"","caption":"Carefor Health and Community Services"},"image":{"@id":"https:\/\/carefor.ca\/fr\/#\/schema\/logo\/image\/"},"sameAs":["https:\/\/www.facebook.com\/CareforHCS","https:\/\/x.com\/CareforHCS","https:\/\/www.linkedin.com\/company\/carefor-health-and-community-services\/"],"description":"205 Amelia Street, Suite 100 Cornwall, ON K6H 3P3","email":"infoeasterncounties@carefor.ca","telephone":"613-932-3451"}]}},"_links":{"self":[{"href":"https:\/\/carefor.ca\/fr\/wp-json\/wp\/v2\/pages\/5389","targetHints":{"allow":["GET"]}}],"collection":[{"href":"https:\/\/carefor.ca\/fr\/wp-json\/wp\/v2\/pages"}],"about":[{"href":"https:\/\/carefor.ca\/fr\/wp-json\/wp\/v2\/types\/page"}],"author":[{"embeddable":true,"href":"https:\/\/carefor.ca\/fr\/wp-json\/wp\/v2\/users\/1"}],"replies":[{"embeddable":true,"href":"https:\/\/carefor.ca\/fr\/wp-json\/wp\/v2\/comments?post=5389"}],"version-history":[{"count":8,"href":"https:\/\/carefor.ca\/fr\/wp-json\/wp\/v2\/pages\/5389\/revisions"}],"predecessor-version":[{"id":7649,"href":"https:\/\/carefor.ca\/fr\/wp-json\/wp\/v2\/pages\/5389\/revisions\/7649"}],"wp:featuredmedia":[{"embeddable":true,"href":"https:\/\/carefor.ca\/fr\/wp-json\/wp\/v2\/media\/4674"}],"wp:attachment":[{"href":"https:\/\/carefor.ca\/fr\/wp-json\/wp\/v2\/media?parent=5389"}],"curies":[{"name":"wp","href":"https:\/\/api.w.org\/{rel}","templated":true}]}}