{"id":5385,"date":"2023-08-18T11:28:43","date_gmt":"2023-08-18T15:28:43","guid":{"rendered":"https:\/\/carefor.ca\/donate-ottawa\/"},"modified":"2023-11-19T23:00:49","modified_gmt":"2023-11-20T04:00:49","slug":"aider-les-personnes-agees-de-la-grande-region-dottawa","status":"publish","type":"page","link":"https:\/\/carefor.ca\/fr\/aider-les-personnes-agees-de-la-grande-region-dottawa\/","title":{"rendered":"Aider les personnes \u00e2g\u00e9es de la grande r\u00e9gion d\u2019Ottawa.\u00a0"},"content":{"rendered":"\n<div style=\"height:45px\" aria-hidden=\"true\" class=\"wp-block-spacer\"><\/div>\n\n\n\n<p>\u00c0 Ottawa, Carefor soutient une communaut\u00e9 diversifi\u00e9e gr\u00e2ce \u00e0 une gamme compl\u00e8te de soins \u00e0 domicile et de services de proximit\u00e9. Nous sommes fiers d\u2019offrir un large \u00e9ventail de programmes exceptionnels, y compris des soins infirmiers et palliatifs, de la r\u00e9adaptation, un service de r\u00e9pit, des services de proximit\u00e9 et une maison de retraite. Nos services sont soigneusement con\u00e7us pour garantir \u00e0 toute la client\u00e8le la plus grande qualit\u00e9 de soins et de soutien personnalis\u00e9s.<\/p>\n\n\n\n<p>Mais ce qui distingue vraiment Carefor des autres acteurs du milieu, c\u2019est son statut d\u2019organisme de bienfaisance. Gr\u00e2ce \u00e0 la g\u00e9n\u00e9rosit\u00e9 de la population et d\u2019organisations, nous pouvons \u00e9toffer nos programmes tout en assurant des co\u00fbts abordables \u00e0 notre client\u00e8le. En plus d\u2019accro\u00eetre notre rayonnement, cette approche unique nous permet d\u2019avoir encore plus d\u2019impact dans la vie des gens que nous servons.<\/p>\n\n\n\n<p>Nous ne sommes pas un simple fournisseur de services. Nous sommes un partenaire communautaire bienveillant, d\u00e9termin\u00e9 \u00e0 am\u00e9liorer le bien-\u00eatre des r\u00e9sidents et des r\u00e9sidentes d\u2019Ottawa. L\u2019abordabilit\u00e9 de nos services, notre souci d\u2019excellence et notre esprit communautaire sont au c\u0153ur de notre mission de faire d\u2019Ottawa une ville saine et dynamique, o\u00f9 il fait bon vivre. Nous vous invitons \u00e0 vous joindre \u00e0 nous pour faire une diff\u00e9rence majeure dans la communaut\u00e9.<\/p>\n\n\n\n<div class=\"wp-block-columns is-layout-flex wp-container-core-columns-is-layout-9d6595d7 wp-block-columns-is-layout-flex\">\n<div class=\"wp-block-column is-layout-flow wp-block-column-is-layout-flow\" style=\"flex-basis:25%\"><\/div>\n\n\n\n<div class=\"wp-block-column is-layout-flow wp-block-column-is-layout-flow\" style=\"flex-basis:50%\">\n<script id=\"ch_cdn_embed\" type=\"text\/javascript\" src=\"https:\/\/www.canadahelps.org\/secure\/js\/cdf_embed.2.js\" charSet=\"utf-8\" data-language=\"en\" data-page-id=\"91701\" data-root-url=\"https:\/\/www.canadahelps.org\" data-formtype=\"1\" data-cfasync=\"false\"><\/script>\n<\/div>\n\n\n\n<div class=\"wp-block-column is-layout-flow wp-block-column-is-layout-flow\" style=\"flex-basis:25%\"><\/div>\n<\/div>\n","protected":false},"excerpt":{"rendered":"<p>\u00c0 Ottawa, Carefor soutient une communaut\u00e9 diversifi\u00e9e gr\u00e2ce \u00e0 une gamme compl\u00e8te de soins \u00e0 domicile et de services de proximit\u00e9. Nous sommes fiers d\u2019offrir un large \u00e9ventail de programmes [&hellip;]<\/p>\n","protected":false},"author":1,"featured_media":0,"parent":0,"menu_order":0,"comment_status":"closed","ping_status":"closed","template":"page-archive.php","meta":{"_acf_changed":false,"_relevanssi_hide_post":"","_relevanssi_hide_content":"","_relevanssi_pin_for_all":"","_relevanssi_pin_keywords":"","_relevanssi_unpin_keywords":"","_relevanssi_related_keywords":"","_relevanssi_related_include_ids":"","_relevanssi_related_exclude_ids":"","_relevanssi_related_no_append":"","_relevanssi_related_not_related":"","_relevanssi_related_posts":"","_relevanssi_noindex_reason":"","footnotes":""},"class_list":["post-5385","page","type-page","status-publish","hentry"],"acf":[],"yoast_head":"<!-- This site is optimized with the Yoast SEO Premium plugin v24.9 (Yoast SEO v27.5) - https:\/\/yoast.com\/product\/yoast-seo-premium-wordpress\/ -->\n<title>Aider les personnes \u00e2g\u00e9es de la grande r\u00e9gion d\u2019Ottawa.\u00a0 - Carefor<\/title>\n<meta name=\"robots\" content=\"index, follow, max-snippet:-1, max-image-preview:large, max-video-preview:-1\" \/>\n<link rel=\"canonical\" href=\"https:\/\/carefor.ca\/fr\/aider-les-personnes-agees-de-la-grande-region-dottawa\/\" \/>\n<meta property=\"og:locale\" content=\"fr_FR\" \/>\n<meta property=\"og:type\" content=\"article\" \/>\n<meta property=\"og:title\" content=\"Aider les personnes \u00e2g\u00e9es de la grande r\u00e9gion d\u2019Ottawa.\u00a0\" \/>\n<meta property=\"og:description\" content=\"\u00c0 Ottawa, Carefor soutient une communaut\u00e9 diversifi\u00e9e gr\u00e2ce \u00e0 une gamme compl\u00e8te de soins \u00e0 domicile et de services de proximit\u00e9. Nous sommes fiers d\u2019offrir un large \u00e9ventail de programmes [&hellip;]\" \/>\n<meta property=\"og:url\" content=\"https:\/\/carefor.ca\/fr\/aider-les-personnes-agees-de-la-grande-region-dottawa\/\" \/>\n<meta property=\"og:site_name\" content=\"Carefor\" \/>\n<meta property=\"article:publisher\" content=\"https:\/\/www.facebook.com\/CareforHCS\" \/>\n<meta property=\"article:modified_time\" content=\"2023-11-20T04:00:49+00:00\" \/>\n<meta property=\"og:image\" content=\"https:\/\/carefor.ca\/wp-content\/uploads\/2024\/10\/AdobeStock_480689145cropsmall-scaled.jpeg\" \/>\n\t<meta property=\"og:image:width\" content=\"2560\" \/>\n\t<meta property=\"og:image:height\" content=\"1173\" \/>\n\t<meta property=\"og:image:type\" content=\"image\/jpeg\" \/>\n<meta name=\"twitter:card\" content=\"summary_large_image\" \/>\n<meta name=\"twitter:site\" content=\"@CareforHCS\" \/>\n<meta name=\"twitter:label1\" content=\"Dur\u00e9e de lecture estim\u00e9e\" \/>\n\t<meta name=\"twitter:data1\" content=\"1 minute\" \/>\n<script type=\"application\/ld+json\" class=\"yoast-schema-graph\">{\"@context\":\"https:\\\/\\\/schema.org\",\"@graph\":[{\"@type\":\"WebPage\",\"@id\":\"https:\\\/\\\/carefor.ca\\\/fr\\\/aider-les-personnes-agees-de-la-grande-region-dottawa\\\/\",\"url\":\"https:\\\/\\\/carefor.ca\\\/fr\\\/aider-les-personnes-agees-de-la-grande-region-dottawa\\\/\",\"name\":\"Aider les personnes \u00e2g\u00e9es de la grande r\u00e9gion d\u2019Ottawa.\u00a0 - Carefor\",\"isPartOf\":{\"@id\":\"https:\\\/\\\/carefor.ca\\\/fr\\\/#website\"},\"datePublished\":\"2023-08-18T15:28:43+00:00\",\"dateModified\":\"2023-11-20T04:00:49+00:00\",\"breadcrumb\":{\"@id\":\"https:\\\/\\\/carefor.ca\\\/fr\\\/aider-les-personnes-agees-de-la-grande-region-dottawa\\\/#breadcrumb\"},\"inLanguage\":\"fr-FR\",\"potentialAction\":[{\"@type\":\"ReadAction\",\"target\":[\"https:\\\/\\\/carefor.ca\\\/fr\\\/aider-les-personnes-agees-de-la-grande-region-dottawa\\\/\"]}]},{\"@type\":\"BreadcrumbList\",\"@id\":\"https:\\\/\\\/carefor.ca\\\/fr\\\/aider-les-personnes-agees-de-la-grande-region-dottawa\\\/#breadcrumb\",\"itemListElement\":[{\"@type\":\"ListItem\",\"position\":1,\"name\":\"Home\",\"item\":\"https:\\\/\\\/carefor.ca\\\/fr\\\/\"},{\"@type\":\"ListItem\",\"position\":2,\"name\":\"Aider les personnes \u00e2g\u00e9es de la grande r\u00e9gion d\u2019Ottawa.\u00a0\"}]},{\"@type\":\"WebSite\",\"@id\":\"https:\\\/\\\/carefor.ca\\\/fr\\\/#website\",\"url\":\"https:\\\/\\\/carefor.ca\\\/fr\\\/\",\"name\":\"Carefor\",\"description\":\"High Quality Homecare\",\"publisher\":{\"@id\":\"https:\\\/\\\/carefor.ca\\\/fr\\\/#organization\"},\"potentialAction\":[{\"@type\":\"SearchAction\",\"target\":{\"@type\":\"EntryPoint\",\"urlTemplate\":\"https:\\\/\\\/carefor.ca\\\/fr\\\/?s={search_term_string}\"},\"query-input\":{\"@type\":\"PropertyValueSpecification\",\"valueRequired\":true,\"valueName\":\"search_term_string\"}}],\"inLanguage\":\"fr-FR\"},{\"@type\":\"Organization\",\"@id\":\"https:\\\/\\\/carefor.ca\\\/fr\\\/#organization\",\"name\":\"Carefor Health and Community Services\",\"url\":\"https:\\\/\\\/carefor.ca\\\/fr\\\/\",\"logo\":{\"@type\":\"ImageObject\",\"inLanguage\":\"fr-FR\",\"@id\":\"https:\\\/\\\/carefor.ca\\\/fr\\\/#\\\/schema\\\/logo\\\/image\\\/\",\"url\":\"\",\"contentUrl\":\"\",\"caption\":\"Carefor Health and Community Services\"},\"image\":{\"@id\":\"https:\\\/\\\/carefor.ca\\\/fr\\\/#\\\/schema\\\/logo\\\/image\\\/\"},\"sameAs\":[\"https:\\\/\\\/www.facebook.com\\\/CareforHCS\",\"https:\\\/\\\/x.com\\\/CareforHCS\",\"https:\\\/\\\/www.linkedin.com\\\/company\\\/carefor-health-and-community-services\\\/\"],\"description\":\"205 Amelia Street, Suite 100 Cornwall, ON K6H 3P3\",\"email\":\"infoeasterncounties@carefor.ca\",\"telephone\":\"613-932-3451\"}]}<\/script>\n<!-- \/ Yoast SEO Premium plugin. -->","yoast_head_json":{"title":"Aider les personnes \u00e2g\u00e9es de la grande r\u00e9gion d\u2019Ottawa.\u00a0 - Carefor","robots":{"index":"index","follow":"follow","max-snippet":"max-snippet:-1","max-image-preview":"max-image-preview:large","max-video-preview":"max-video-preview:-1"},"canonical":"https:\/\/carefor.ca\/fr\/aider-les-personnes-agees-de-la-grande-region-dottawa\/","og_locale":"fr_FR","og_type":"article","og_title":"Aider les personnes \u00e2g\u00e9es de la grande r\u00e9gion d\u2019Ottawa.\u00a0","og_description":"\u00c0 Ottawa, Carefor soutient une communaut\u00e9 diversifi\u00e9e gr\u00e2ce \u00e0 une gamme compl\u00e8te de soins \u00e0 domicile et de services de proximit\u00e9. Nous sommes fiers d\u2019offrir un large \u00e9ventail de programmes [&hellip;]","og_url":"https:\/\/carefor.ca\/fr\/aider-les-personnes-agees-de-la-grande-region-dottawa\/","og_site_name":"Carefor","article_publisher":"https:\/\/www.facebook.com\/CareforHCS","article_modified_time":"2023-11-20T04:00:49+00:00","og_image":[{"width":2560,"height":1173,"url":"https:\/\/carefor.ca\/wp-content\/uploads\/2024\/10\/AdobeStock_480689145cropsmall-scaled.jpeg","type":"image\/jpeg"}],"twitter_card":"summary_large_image","twitter_site":"@CareforHCS","twitter_misc":{"Dur\u00e9e de lecture estim\u00e9e":"1 minute"},"schema":{"@context":"https:\/\/schema.org","@graph":[{"@type":"WebPage","@id":"https:\/\/carefor.ca\/fr\/aider-les-personnes-agees-de-la-grande-region-dottawa\/","url":"https:\/\/carefor.ca\/fr\/aider-les-personnes-agees-de-la-grande-region-dottawa\/","name":"Aider les personnes \u00e2g\u00e9es de la grande r\u00e9gion d\u2019Ottawa.\u00a0 - Carefor","isPartOf":{"@id":"https:\/\/carefor.ca\/fr\/#website"},"datePublished":"2023-08-18T15:28:43+00:00","dateModified":"2023-11-20T04:00:49+00:00","breadcrumb":{"@id":"https:\/\/carefor.ca\/fr\/aider-les-personnes-agees-de-la-grande-region-dottawa\/#breadcrumb"},"inLanguage":"fr-FR","potentialAction":[{"@type":"ReadAction","target":["https:\/\/carefor.ca\/fr\/aider-les-personnes-agees-de-la-grande-region-dottawa\/"]}]},{"@type":"BreadcrumbList","@id":"https:\/\/carefor.ca\/fr\/aider-les-personnes-agees-de-la-grande-region-dottawa\/#breadcrumb","itemListElement":[{"@type":"ListItem","position":1,"name":"Home","item":"https:\/\/carefor.ca\/fr\/"},{"@type":"ListItem","position":2,"name":"Aider les personnes \u00e2g\u00e9es de la grande r\u00e9gion d\u2019Ottawa.\u00a0"}]},{"@type":"WebSite","@id":"https:\/\/carefor.ca\/fr\/#website","url":"https:\/\/carefor.ca\/fr\/","name":"Carefor","description":"High Quality Homecare","publisher":{"@id":"https:\/\/carefor.ca\/fr\/#organization"},"potentialAction":[{"@type":"SearchAction","target":{"@type":"EntryPoint","urlTemplate":"https:\/\/carefor.ca\/fr\/?s={search_term_string}"},"query-input":{"@type":"PropertyValueSpecification","valueRequired":true,"valueName":"search_term_string"}}],"inLanguage":"fr-FR"},{"@type":"Organization","@id":"https:\/\/carefor.ca\/fr\/#organization","name":"Carefor Health and Community Services","url":"https:\/\/carefor.ca\/fr\/","logo":{"@type":"ImageObject","inLanguage":"fr-FR","@id":"https:\/\/carefor.ca\/fr\/#\/schema\/logo\/image\/","url":"","contentUrl":"","caption":"Carefor Health and Community Services"},"image":{"@id":"https:\/\/carefor.ca\/fr\/#\/schema\/logo\/image\/"},"sameAs":["https:\/\/www.facebook.com\/CareforHCS","https:\/\/x.com\/CareforHCS","https:\/\/www.linkedin.com\/company\/carefor-health-and-community-services\/"],"description":"205 Amelia Street, Suite 100 Cornwall, ON K6H 3P3","email":"infoeasterncounties@carefor.ca","telephone":"613-932-3451"}]}},"_links":{"self":[{"href":"https:\/\/carefor.ca\/fr\/wp-json\/wp\/v2\/pages\/5385","targetHints":{"allow":["GET"]}}],"collection":[{"href":"https:\/\/carefor.ca\/fr\/wp-json\/wp\/v2\/pages"}],"about":[{"href":"https:\/\/carefor.ca\/fr\/wp-json\/wp\/v2\/types\/page"}],"author":[{"embeddable":true,"href":"https:\/\/carefor.ca\/fr\/wp-json\/wp\/v2\/users\/1"}],"replies":[{"embeddable":true,"href":"https:\/\/carefor.ca\/fr\/wp-json\/wp\/v2\/comments?post=5385"}],"version-history":[{"count":1,"href":"https:\/\/carefor.ca\/fr\/wp-json\/wp\/v2\/pages\/5385\/revisions"}],"predecessor-version":[{"id":5386,"href":"https:\/\/carefor.ca\/fr\/wp-json\/wp\/v2\/pages\/5385\/revisions\/5386"}],"wp:attachment":[{"href":"https:\/\/carefor.ca\/fr\/wp-json\/wp\/v2\/media?parent=5385"}],"curies":[{"name":"wp","href":"https:\/\/api.w.org\/{rel}","templated":true}]}}