{"id":5382,"date":"2023-08-18T11:38:43","date_gmt":"2023-08-18T15:38:43","guid":{"rendered":"https:\/\/carefor.ca\/donate-pembroke\/"},"modified":"2023-11-19T23:01:49","modified_gmt":"2023-11-20T04:01:49","slug":"soutenir-les-personnes-agees-du-comte-de-pembroke-renfrew-et-leurs-familles","status":"publish","type":"page","link":"https:\/\/carefor.ca\/fr\/soutenir-les-personnes-agees-du-comte-de-pembroke-renfrew-et-leurs-familles\/","title":{"rendered":"Soutenir les personnes \u00e2g\u00e9es du comt\u00e9 de Pembroke-Renfrew et leurs familles\u00a0"},"content":{"rendered":"\n<div style=\"height:60px\" aria-hidden=\"true\" class=\"wp-block-spacer\"><\/div>\n\n\n\n<p>Dans le comt\u00e9 de Pembroke-Renfrew, Carefor s\u2019efforce d\u2019am\u00e9liorer le bien-\u00eatre de la communaut\u00e9 gr\u00e2ce \u00e0 une vaste gamme de soins \u00e0 domicile et de services de proximit\u00e9. Nous sommes fiers d\u2019offrir des programmes exceptionnels, que ce soit \u00e0 domicile, dans la communaut\u00e9 ou dans nos maisons de retraite \u00e0 prix abordable de la vall\u00e9e de l\u2019Outaouais. Ce qui nous distingue des autres joueurs du secteur, c\u2019est notre statut d\u2019organisme de bienfaisance qui nous permet de recueillir des dons. R\u00e9sultat&nbsp;: une offre de services toujours croissante \u00e0 des prix plus qu\u2019abordables. Nous pouvons ainsi atteindre plus de gens dans le besoin et avoir un grand impact dans la communaut\u00e9. Nous ne sommes pas un simple fournisseur de services. Nous sommes un partenaire communautaire bienveillant, d\u00e9termin\u00e9 \u00e0 am\u00e9liorer le bien-\u00eatre des r\u00e9sidents et des r\u00e9sidentes du comt\u00e9 de Pembroke-Renfrew. Aidez-nous \u00e0 accomplir notre mission.<\/p>\n\n\n\n<div class=\"wp-block-columns is-layout-flex wp-container-core-columns-is-layout-9d6595d7 wp-block-columns-is-layout-flex\">\n<div class=\"wp-block-column is-layout-flow wp-block-column-is-layout-flow\" style=\"flex-basis:25%\"><\/div>\n\n\n\n<div class=\"wp-block-column is-layout-flow wp-block-column-is-layout-flow\" style=\"flex-basis:50%\">\n<script id=\"ch_cdn_embed\" type=\"text\/javascript\" src=\"https:\/\/www.canadahelps.org\/secure\/js\/cdf_embed.2.js\" charSet=\"utf-8\" data-language=\"en\" data-page-id=\"91704\" data-root-url=\"https:\/\/www.canadahelps.org\" data-formtype=\"1\" data-cfasync=\"false\"><\/script>\n<\/div>\n\n\n\n<div class=\"wp-block-column is-layout-flow wp-block-column-is-layout-flow\" style=\"flex-basis:25%\"><\/div>\n<\/div>\n","protected":false},"excerpt":{"rendered":"<p>Dans le comt\u00e9 de Pembroke-Renfrew, Carefor s\u2019efforce d\u2019am\u00e9liorer le bien-\u00eatre de la communaut\u00e9 gr\u00e2ce \u00e0 une vaste gamme de soins \u00e0 domicile et de services de proximit\u00e9. Nous sommes fiers [&hellip;]<\/p>\n","protected":false},"author":1,"featured_media":0,"parent":0,"menu_order":0,"comment_status":"closed","ping_status":"closed","template":"page-archive.php","meta":{"_acf_changed":false,"_relevanssi_hide_post":"","_relevanssi_hide_content":"","_relevanssi_pin_for_all":"","_relevanssi_pin_keywords":"","_relevanssi_unpin_keywords":"","_relevanssi_related_keywords":"","_relevanssi_related_include_ids":"","_relevanssi_related_exclude_ids":"","_relevanssi_related_no_append":"","_relevanssi_related_not_related":"","_relevanssi_related_posts":"","_relevanssi_noindex_reason":"","footnotes":""},"class_list":["post-5382","page","type-page","status-publish","hentry"],"acf":[],"yoast_head":"<!-- This site is optimized with the Yoast SEO Premium plugin v24.9 (Yoast SEO v27.4) - https:\/\/yoast.com\/product\/yoast-seo-premium-wordpress\/ -->\n<title>Soutenir les personnes \u00e2g\u00e9es du comt\u00e9 de Pembroke-Renfrew et leurs familles\u00a0 - Carefor<\/title>\n<meta name=\"robots\" content=\"index, follow, max-snippet:-1, max-image-preview:large, max-video-preview:-1\" \/>\n<link rel=\"canonical\" href=\"https:\/\/carefor.ca\/fr\/soutenir-les-personnes-agees-du-comte-de-pembroke-renfrew-et-leurs-familles\/\" \/>\n<meta property=\"og:locale\" content=\"fr_FR\" \/>\n<meta property=\"og:type\" content=\"article\" \/>\n<meta property=\"og:title\" content=\"Soutenir les personnes \u00e2g\u00e9es du comt\u00e9 de Pembroke-Renfrew et leurs familles\u00a0\" \/>\n<meta property=\"og:description\" content=\"Dans le comt\u00e9 de Pembroke-Renfrew, Carefor s\u2019efforce d\u2019am\u00e9liorer le bien-\u00eatre de la communaut\u00e9 gr\u00e2ce \u00e0 une vaste gamme de soins \u00e0 domicile et de services de proximit\u00e9. Nous sommes fiers [&hellip;]\" \/>\n<meta property=\"og:url\" content=\"https:\/\/carefor.ca\/fr\/soutenir-les-personnes-agees-du-comte-de-pembroke-renfrew-et-leurs-familles\/\" \/>\n<meta property=\"og:site_name\" content=\"Carefor\" \/>\n<meta property=\"article:publisher\" content=\"https:\/\/www.facebook.com\/CareforHCS\" \/>\n<meta property=\"article:modified_time\" content=\"2023-11-20T04:01:49+00:00\" \/>\n<meta property=\"og:image\" content=\"https:\/\/carefor.ca\/wp-content\/uploads\/2024\/10\/AdobeStock_480689145cropsmall-scaled.jpeg\" \/>\n\t<meta property=\"og:image:width\" content=\"2560\" \/>\n\t<meta property=\"og:image:height\" content=\"1173\" \/>\n\t<meta property=\"og:image:type\" content=\"image\/jpeg\" \/>\n<meta name=\"twitter:card\" content=\"summary_large_image\" \/>\n<meta name=\"twitter:site\" content=\"@CareforHCS\" \/>\n<meta name=\"twitter:label1\" content=\"Dur\u00e9e de lecture estim\u00e9e\" \/>\n\t<meta name=\"twitter:data1\" content=\"1 minute\" \/>\n<script type=\"application\/ld+json\" class=\"yoast-schema-graph\">{\"@context\":\"https:\\\/\\\/schema.org\",\"@graph\":[{\"@type\":\"WebPage\",\"@id\":\"https:\\\/\\\/carefor.ca\\\/fr\\\/soutenir-les-personnes-agees-du-comte-de-pembroke-renfrew-et-leurs-familles\\\/\",\"url\":\"https:\\\/\\\/carefor.ca\\\/fr\\\/soutenir-les-personnes-agees-du-comte-de-pembroke-renfrew-et-leurs-familles\\\/\",\"name\":\"Soutenir les personnes \u00e2g\u00e9es du comt\u00e9 de Pembroke-Renfrew et leurs familles\u00a0 - Carefor\",\"isPartOf\":{\"@id\":\"https:\\\/\\\/carefor.ca\\\/fr\\\/#website\"},\"datePublished\":\"2023-08-18T15:38:43+00:00\",\"dateModified\":\"2023-11-20T04:01:49+00:00\",\"breadcrumb\":{\"@id\":\"https:\\\/\\\/carefor.ca\\\/fr\\\/soutenir-les-personnes-agees-du-comte-de-pembroke-renfrew-et-leurs-familles\\\/#breadcrumb\"},\"inLanguage\":\"fr-FR\",\"potentialAction\":[{\"@type\":\"ReadAction\",\"target\":[\"https:\\\/\\\/carefor.ca\\\/fr\\\/soutenir-les-personnes-agees-du-comte-de-pembroke-renfrew-et-leurs-familles\\\/\"]}]},{\"@type\":\"BreadcrumbList\",\"@id\":\"https:\\\/\\\/carefor.ca\\\/fr\\\/soutenir-les-personnes-agees-du-comte-de-pembroke-renfrew-et-leurs-familles\\\/#breadcrumb\",\"itemListElement\":[{\"@type\":\"ListItem\",\"position\":1,\"name\":\"Home\",\"item\":\"https:\\\/\\\/carefor.ca\\\/fr\\\/\"},{\"@type\":\"ListItem\",\"position\":2,\"name\":\"Soutenir les personnes \u00e2g\u00e9es du comt\u00e9 de Pembroke-Renfrew et leurs familles\u00a0\"}]},{\"@type\":\"WebSite\",\"@id\":\"https:\\\/\\\/carefor.ca\\\/fr\\\/#website\",\"url\":\"https:\\\/\\\/carefor.ca\\\/fr\\\/\",\"name\":\"Carefor\",\"description\":\"High Quality Homecare\",\"publisher\":{\"@id\":\"https:\\\/\\\/carefor.ca\\\/fr\\\/#organization\"},\"potentialAction\":[{\"@type\":\"SearchAction\",\"target\":{\"@type\":\"EntryPoint\",\"urlTemplate\":\"https:\\\/\\\/carefor.ca\\\/fr\\\/?s={search_term_string}\"},\"query-input\":{\"@type\":\"PropertyValueSpecification\",\"valueRequired\":true,\"valueName\":\"search_term_string\"}}],\"inLanguage\":\"fr-FR\"},{\"@type\":\"Organization\",\"@id\":\"https:\\\/\\\/carefor.ca\\\/fr\\\/#organization\",\"name\":\"Carefor Health and Community Services\",\"url\":\"https:\\\/\\\/carefor.ca\\\/fr\\\/\",\"logo\":{\"@type\":\"ImageObject\",\"inLanguage\":\"fr-FR\",\"@id\":\"https:\\\/\\\/carefor.ca\\\/fr\\\/#\\\/schema\\\/logo\\\/image\\\/\",\"url\":\"\",\"contentUrl\":\"\",\"caption\":\"Carefor Health and Community Services\"},\"image\":{\"@id\":\"https:\\\/\\\/carefor.ca\\\/fr\\\/#\\\/schema\\\/logo\\\/image\\\/\"},\"sameAs\":[\"https:\\\/\\\/www.facebook.com\\\/CareforHCS\",\"https:\\\/\\\/x.com\\\/CareforHCS\",\"https:\\\/\\\/www.linkedin.com\\\/company\\\/carefor-health-and-community-services\\\/\"],\"description\":\"205 Amelia Street, Suite 100 Cornwall, ON K6H 3P3\",\"email\":\"infoeasterncounties@carefor.ca\",\"telephone\":\"613-932-3451\"}]}<\/script>\n<!-- \/ Yoast SEO Premium plugin. -->","yoast_head_json":{"title":"Soutenir les personnes \u00e2g\u00e9es du comt\u00e9 de Pembroke-Renfrew et leurs familles\u00a0 - Carefor","robots":{"index":"index","follow":"follow","max-snippet":"max-snippet:-1","max-image-preview":"max-image-preview:large","max-video-preview":"max-video-preview:-1"},"canonical":"https:\/\/carefor.ca\/fr\/soutenir-les-personnes-agees-du-comte-de-pembroke-renfrew-et-leurs-familles\/","og_locale":"fr_FR","og_type":"article","og_title":"Soutenir les personnes \u00e2g\u00e9es du comt\u00e9 de Pembroke-Renfrew et leurs familles\u00a0","og_description":"Dans le comt\u00e9 de Pembroke-Renfrew, Carefor s\u2019efforce d\u2019am\u00e9liorer le bien-\u00eatre de la communaut\u00e9 gr\u00e2ce \u00e0 une vaste gamme de soins \u00e0 domicile et de services de proximit\u00e9. Nous sommes fiers [&hellip;]","og_url":"https:\/\/carefor.ca\/fr\/soutenir-les-personnes-agees-du-comte-de-pembroke-renfrew-et-leurs-familles\/","og_site_name":"Carefor","article_publisher":"https:\/\/www.facebook.com\/CareforHCS","article_modified_time":"2023-11-20T04:01:49+00:00","og_image":[{"width":2560,"height":1173,"url":"https:\/\/carefor.ca\/wp-content\/uploads\/2024\/10\/AdobeStock_480689145cropsmall-scaled.jpeg","type":"image\/jpeg"}],"twitter_card":"summary_large_image","twitter_site":"@CareforHCS","twitter_misc":{"Dur\u00e9e de lecture estim\u00e9e":"1 minute"},"schema":{"@context":"https:\/\/schema.org","@graph":[{"@type":"WebPage","@id":"https:\/\/carefor.ca\/fr\/soutenir-les-personnes-agees-du-comte-de-pembroke-renfrew-et-leurs-familles\/","url":"https:\/\/carefor.ca\/fr\/soutenir-les-personnes-agees-du-comte-de-pembroke-renfrew-et-leurs-familles\/","name":"Soutenir les personnes \u00e2g\u00e9es du comt\u00e9 de Pembroke-Renfrew et leurs familles\u00a0 - Carefor","isPartOf":{"@id":"https:\/\/carefor.ca\/fr\/#website"},"datePublished":"2023-08-18T15:38:43+00:00","dateModified":"2023-11-20T04:01:49+00:00","breadcrumb":{"@id":"https:\/\/carefor.ca\/fr\/soutenir-les-personnes-agees-du-comte-de-pembroke-renfrew-et-leurs-familles\/#breadcrumb"},"inLanguage":"fr-FR","potentialAction":[{"@type":"ReadAction","target":["https:\/\/carefor.ca\/fr\/soutenir-les-personnes-agees-du-comte-de-pembroke-renfrew-et-leurs-familles\/"]}]},{"@type":"BreadcrumbList","@id":"https:\/\/carefor.ca\/fr\/soutenir-les-personnes-agees-du-comte-de-pembroke-renfrew-et-leurs-familles\/#breadcrumb","itemListElement":[{"@type":"ListItem","position":1,"name":"Home","item":"https:\/\/carefor.ca\/fr\/"},{"@type":"ListItem","position":2,"name":"Soutenir les personnes \u00e2g\u00e9es du comt\u00e9 de Pembroke-Renfrew et leurs familles\u00a0"}]},{"@type":"WebSite","@id":"https:\/\/carefor.ca\/fr\/#website","url":"https:\/\/carefor.ca\/fr\/","name":"Carefor","description":"High Quality Homecare","publisher":{"@id":"https:\/\/carefor.ca\/fr\/#organization"},"potentialAction":[{"@type":"SearchAction","target":{"@type":"EntryPoint","urlTemplate":"https:\/\/carefor.ca\/fr\/?s={search_term_string}"},"query-input":{"@type":"PropertyValueSpecification","valueRequired":true,"valueName":"search_term_string"}}],"inLanguage":"fr-FR"},{"@type":"Organization","@id":"https:\/\/carefor.ca\/fr\/#organization","name":"Carefor Health and Community Services","url":"https:\/\/carefor.ca\/fr\/","logo":{"@type":"ImageObject","inLanguage":"fr-FR","@id":"https:\/\/carefor.ca\/fr\/#\/schema\/logo\/image\/","url":"","contentUrl":"","caption":"Carefor Health and Community Services"},"image":{"@id":"https:\/\/carefor.ca\/fr\/#\/schema\/logo\/image\/"},"sameAs":["https:\/\/www.facebook.com\/CareforHCS","https:\/\/x.com\/CareforHCS","https:\/\/www.linkedin.com\/company\/carefor-health-and-community-services\/"],"description":"205 Amelia Street, Suite 100 Cornwall, ON K6H 3P3","email":"infoeasterncounties@carefor.ca","telephone":"613-932-3451"}]}},"_links":{"self":[{"href":"https:\/\/carefor.ca\/fr\/wp-json\/wp\/v2\/pages\/5382","targetHints":{"allow":["GET"]}}],"collection":[{"href":"https:\/\/carefor.ca\/fr\/wp-json\/wp\/v2\/pages"}],"about":[{"href":"https:\/\/carefor.ca\/fr\/wp-json\/wp\/v2\/types\/page"}],"author":[{"embeddable":true,"href":"https:\/\/carefor.ca\/fr\/wp-json\/wp\/v2\/users\/1"}],"replies":[{"embeddable":true,"href":"https:\/\/carefor.ca\/fr\/wp-json\/wp\/v2\/comments?post=5382"}],"version-history":[{"count":2,"href":"https:\/\/carefor.ca\/fr\/wp-json\/wp\/v2\/pages\/5382\/revisions"}],"predecessor-version":[{"id":5701,"href":"https:\/\/carefor.ca\/fr\/wp-json\/wp\/v2\/pages\/5382\/revisions\/5701"}],"wp:attachment":[{"href":"https:\/\/carefor.ca\/fr\/wp-json\/wp\/v2\/media?parent=5382"}],"curies":[{"name":"wp","href":"https:\/\/api.w.org\/{rel}","templated":true}]}}