{"id":5349,"date":"2023-04-17T19:11:41","date_gmt":"2023-04-17T23:11:41","guid":{"rendered":"https:\/\/carefor.ca\/about-us\/"},"modified":"2024-02-09T09:48:57","modified_gmt":"2024-02-09T14:48:57","slug":"carefor","status":"publish","type":"page","link":"https:\/\/carefor.ca\/fr\/carefor\/","title":{"rendered":"A Propos De"},"content":{"rendered":"<div id=\"about-intro-block_84c32208177ef7eebcc744f1ecd95174\" class=\"about-intro alignfull \">\n\t\t\t<img loading=\"lazy\" decoding=\"async\" width=\"1368\" height=\"642\" src=\"https:\/\/carefor.ca\/wp-content\/uploads\/2023\/05\/about-us.jpg\" class=\"attachment-banner-image size-banner-image\" alt=\"Carefor offers home care community services and retirement homes for people in Eastern Ontario\" srcset=\"https:\/\/carefor.ca\/wp-content\/uploads\/2023\/05\/about-us.jpg 1368w, https:\/\/carefor.ca\/wp-content\/uploads\/2023\/05\/about-us-300x141.jpg 300w, https:\/\/carefor.ca\/wp-content\/uploads\/2023\/05\/about-us-1024x481.jpg 1024w, https:\/\/carefor.ca\/wp-content\/uploads\/2023\/05\/about-us-768x360.jpg 768w, https:\/\/carefor.ca\/wp-content\/uploads\/2023\/05\/about-us-400x188.jpg 400w\" sizes=\"auto, (max-width: 1368px) 100vw, 1368px\" \/>\t\t<div class=\"row column\">\n\t\t<div class=\"breadcrumbs\">\n\t\t\t<span><span><a href=\"https:\/\/carefor.ca\/fr\/\">Home<\/a><\/span><\/span>\t\t<\/div>\n\t\t\t\t\t<div class=\"block-details\">\n\t\t\t\t<h3>A Propos De<\/h3>\n<h5>Chez Carefor, nous prenons soin des gens et pr\u00f4nons la bienveillance, la dignit\u00e9 et la libert\u00e9 de choisir.<\/h5>\n<p>Carefor est le plus grand organisme de bienfaisance sans but lucratif de l\u2019Est de l\u2019Ontario sp\u00e9cialis\u00e9 en soins et services de sant\u00e9 et de proximit\u00e9. Notre objectif\u00a0: offrir un soutien et des soins holistiques aux personnes \u00e2g\u00e9es, aux personnes handicap\u00e9es et \u00e0 leurs proches aidants. Depuis 1897, nous am\u00e9liorons la vie des gens en leur permettant de choisir leur mode vie gr\u00e2ce \u00e0 nos soins \u00e0 domicile, \u00e0 nos services de proximit\u00e9, \u00e0 nos maisons de retraite et \u00e0 notre maison de soins palliatifs de Cornwall.<\/p>\n\t\t\t<\/div>\n\t\t\t<\/div>\n<\/div>\n\n\n<div id=\"mission-vision-block_66d126fdbcfb41025998820c8bf77787\" class=\"mission-vision alignfull \">\n\t\t<div class=\"row\">\n\t\t<div class=\"medium-9 column\">\n\t\t\t\t\t<div class=\"content-item\">\n\t\t\t\t<div class=\"title\">\n\t\t\t\t\t<h3>But<\/h3>\n\t\t\t\t<\/div>\n\t\t\t\t\t\t\t\t\t\t\t\t\t\t\t\t\t<div class=\"text-content\">\n\t\t\t\t\t\t\t\t<p>Enrichir la vie de la population de l\u2019Est de l\u2019Ontario en lui offrant le soutien et les soins holistiques n\u00e9cessaires pour choisir son mode de vie.<\/p>\n\t\t\t\t\t\t\t<\/div>\n\t\t\t\t\t\t\t\t\t\t\t\t\t\t\t\t\t\t<\/div>\n\t\t\t\t\t<div class=\"content-item\">\n\t\t\t\t<div class=\"title\">\n\t\t\t\t\t<h3>Mission<\/h3>\n\t\t\t\t<\/div>\n\t\t\t\t\t\t\t\t\t\t\t\t\t\t\t\t\t<div class=\"text-content\">\n\t\t\t\t\t\t\t\t<p>R\u00e9pondre aux besoins de sant\u00e9 de notre client\u00e8le en mati\u00e8re de soins \u00e0 domicile et de services de proximit\u00e9 de grande qualit\u00e9.<\/p>\n\t\t\t\t\t\t\t<\/div>\n\t\t\t\t\t\t\t\t\t\t\t\t\t\t\t\t\t\t<\/div>\n\t\t\t\t\t<div class=\"content-item\">\n\t\t\t\t<div class=\"title\">\n\t\t\t\t\t<h3>Vision<\/h3>\n\t\t\t\t<\/div>\n\t\t\t\t\t\t\t\t\t\t\t\t\t\t\t\t\t<div class=\"text-content\">\n\t\t\t\t\t\t\t\t<p>\u00catre reconnu comme chef de file dans l\u2019offre d\u2019un syst\u00e8me pleinement int\u00e9gr\u00e9 de soins de sant\u00e9 et de services de proximit\u00e9.<\/p>\n\t\t\t\t\t\t\t<\/div>\n\t\t\t\t\t\t\t\t\t\t\t\t\t\t\t\t\t\t<\/div>\n\t\t\t\t\t<div class=\"content-item\">\n\t\t\t\t<div class=\"title\">\n\t\t\t\t\t<h3>Valeurs<\/h3>\n\t\t\t\t<\/div>\n\t\t\t\t\t\t\t\t\t\t\t\t\t\t\t\t\t<div class=\"list-content\">\n\t\t\t\t\t\t\t\t\t\t\t\t\t\t\t\t\t<div class=\"list-point\">\n\t\t\t\t\t\t\t\t\t\t<h5>Respect<\/h5>\n\t\t\t\t\t\t\t\t\t\t<img loading=\"lazy\" decoding=\"async\" width=\"44\" height=\"44\" src=\"https:\/\/carefor.ca\/wp-content\/uploads\/2023\/05\/respect.svg\" class=\"attachment-logo-image size-logo-image\" alt=\"Black lineart on a white background depicting\" \/>\t\t\t\t\t\t\t\t\t\t<p>Nous respectons la diversit\u00e9 et l\u2019\u00e9galit\u00e9 de notre client\u00e8le, de nos coll\u00e8gues et de nos b\u00e9n\u00e9voles afin de cr\u00e9er un environnement inclusif.<\/p>\n\t\t\t\t\t\t\t\t\t<\/div>\n\t\t\t\t\t\t\t\t\t\t\t\t\t\t\t\t\t<div class=\"list-point\">\n\t\t\t\t\t\t\t\t\t\t<h5>Innovation<\/h5>\n\t\t\t\t\t\t\t\t\t\t<img loading=\"lazy\" decoding=\"async\" width=\"48\" height=\"53\" src=\"https:\/\/carefor.ca\/wp-content\/uploads\/2023\/05\/innovation.svg\" class=\"attachment-logo-image size-logo-image\" alt=\"Black lineart on a white background depicting a lightbulb with a gear inside of it.\" \/>\t\t\t\t\t\t\t\t\t\t<p>Nous sommes constamment \u00e0 la recherche de moyens cr\u00e9atifs, efficaces et \u00e9coresponsables d\u2019obtenir de meilleurs r\u00e9sultats.<\/p>\n\t\t\t\t\t\t\t\t\t<\/div>\n\t\t\t\t\t\t\t\t\t\t\t\t\t\t\t\t\t<div class=\"list-point\">\n\t\t\t\t\t\t\t\t\t\t<h5>Partenariat<\/h5>\n\t\t\t\t\t\t\t\t\t\t<img loading=\"lazy\" decoding=\"async\" width=\"54\" height=\"54\" src=\"https:\/\/carefor.ca\/wp-content\/uploads\/2023\/05\/partnership.svg\" class=\"attachment-logo-image size-logo-image\" alt=\"Black lineart on a grey background  depicting two hands clasping each other.\" \/>\t\t\t\t\t\t\t\t\t\t<p>Nous collaborons et travaillons efficacement avec nos partenaires.<\/p>\n\t\t\t\t\t\t\t\t\t<\/div>\n\t\t\t\t\t\t\t\t\t\t\t\t\t\t\t\t\t<div class=\"list-point\">\n\t\t\t\t\t\t\t\t\t\t<h5>Excellence<\/h5>\n\t\t\t\t\t\t\t\t\t\t<img loading=\"lazy\" decoding=\"async\" width=\"45\" height=\"57\" src=\"https:\/\/carefor.ca\/wp-content\/uploads\/2023\/05\/excellence.svg\" class=\"attachment-logo-image size-logo-image\" alt=\"Black lineart on a grey background depicting an award ribbon with a checkmark in the middle.\" \/>\t\t\t\t\t\t\t\t\t\t<p>Nous visons l\u2019excellence par tous les moyens\u00a0: \u00e9ducation, adoption de pratiques exemplaires, atteinte des r\u00e9sultats attendus, indicateurs de rendement et prise de d\u00e9cisions fond\u00e9es sur des donn\u00e9es probantes.<\/p>\n\t\t\t\t\t\t\t\t\t<\/div>\n\t\t\t\t\t\t\t\t\t\t\t\t\t\t\t\t\t<div class=\"list-point\">\n\t\t\t\t\t\t\t\t\t\t<h5>R\u00e9activit\u00e9<\/h5>\n\t\t\t\t\t\t\t\t\t\t<img loading=\"lazy\" decoding=\"async\" width=\"59\" height=\"44\" src=\"https:\/\/carefor.ca\/wp-content\/uploads\/2023\/05\/responsiveness.svg\" class=\"attachment-logo-image size-logo-image\" alt=\"Black lineart on a grey background depicting two speech bubbles with elipses in them.\" \/>\t\t\t\t\t\t\t\t\t\t<p>Nous sommes \u00e0 l\u2019\u00e9coute de notre client\u00e8le et du milieu pour tenter de r\u00e9pondre le mieux possible \u00e0 tous les besoins.<\/p>\n\t\t\t\t\t\t\t\t\t<\/div>\n\t\t\t\t\t\t\t\t\t\t\t\t\t\t\t<\/div>\n\t\t\t\t\t\t\t\t\t\t\t\t\t\t\t\t\t\t<\/div>\n\t\t\t\t<\/div>\n\t<\/div>\n\t<\/div>\n\n\n<div id=\"manifesto-block-block_e8ade6ebcd03dd093fe66ad536d08aac\" class=\"manifesto-block alignfull \">\n\t<div class=\"row\">\n\t\t<div class=\"medium-5 column\">\n\t\t\t\t\t\t<div class=\"block-images\">\n\t\t\t\t\t\t\t\t\t<img loading=\"lazy\" decoding=\"async\" width=\"768\" height=\"512\" src=\"https:\/\/carefor.ca\/wp-content\/uploads\/2023\/06\/iStock-1160196463-768x512.jpg\" class=\"attachment-box-image size-box-image\" alt=\"\" srcset=\"https:\/\/carefor.ca\/wp-content\/uploads\/2023\/06\/iStock-1160196463-768x512.jpg 768w, https:\/\/carefor.ca\/wp-content\/uploads\/2023\/06\/iStock-1160196463-300x200.jpg 300w, https:\/\/carefor.ca\/wp-content\/uploads\/2023\/06\/iStock-1160196463-1024x683.jpg 1024w, https:\/\/carefor.ca\/wp-content\/uploads\/2023\/06\/iStock-1160196463-1536x1024.jpg 1536w, https:\/\/carefor.ca\/wp-content\/uploads\/2023\/06\/iStock-1160196463-2048x1365.jpg 2048w, https:\/\/carefor.ca\/wp-content\/uploads\/2023\/06\/iStock-1160196463-2000x1333.jpg 2000w, https:\/\/carefor.ca\/wp-content\/uploads\/2023\/06\/iStock-1160196463-400x267.jpg 400w\" sizes=\"auto, (max-width: 768px) 100vw, 768px\" \/>\t\t\t\t\t\t\t\t\t<img loading=\"lazy\" decoding=\"async\" width=\"768\" height=\"512\" src=\"https:\/\/carefor.ca\/wp-content\/uploads\/2023\/07\/carefor-is-more-than-just-a-service-image-15-768x512.jpg\" class=\"attachment-box-image size-box-image\" alt=\"\" srcset=\"https:\/\/carefor.ca\/wp-content\/uploads\/2023\/07\/carefor-is-more-than-just-a-service-image-15-768x512.jpg 768w, https:\/\/carefor.ca\/wp-content\/uploads\/2023\/07\/carefor-is-more-than-just-a-service-image-15-300x200.jpg 300w, https:\/\/carefor.ca\/wp-content\/uploads\/2023\/07\/carefor-is-more-than-just-a-service-image-15-1024x683.jpg 1024w, https:\/\/carefor.ca\/wp-content\/uploads\/2023\/07\/carefor-is-more-than-just-a-service-image-15-1536x1024.jpg 1536w, https:\/\/carefor.ca\/wp-content\/uploads\/2023\/07\/carefor-is-more-than-just-a-service-image-15-400x267.jpg 400w, https:\/\/carefor.ca\/wp-content\/uploads\/2023\/07\/carefor-is-more-than-just-a-service-image-15.jpg 1920w\" sizes=\"auto, (max-width: 768px) 100vw, 768px\" \/>\t\t\t\t\t\t\t<\/div>\n\t\t\t\t\t<\/div>\n\t\t<div class=\"medium-7 column\">\n\t\t\t\t\t\t<div class=\"block-title\">\n\t\t\t\t<h3>D\u00e9claration de principes<\/h3>\n\t\t\t<\/div>\n\t\t\t\t\t\t\t\t\t\t<div class=\"block-content\">\n\t\t\t\t\t<h6>Sur qui pouvez-vous compter lorsque vous avez besoin d\u2019aide? Avez-vous une personne autour de vous toujours pr\u00eate \u00e0 vous donner un coup de pouce ou \u00e0 passer un bon moment avec vous?<\/h6>\n<p>Pour pr\u00e8s de 20 000 personnes \u00e2g\u00e9es ou handicap\u00e9es de l\u2019Est de l\u2019Ontario, c\u2019est Carefor qui joue ce r\u00f4le chaque ann\u00e9e. En plus de nos maisons de retraite et de notre maison de soins palliatifs, notre personnel offre des soins \u00e0 domicile et des services de proximit\u00e9.<\/p>\n<p>Vous pouvez compter sur nous lorsque votre situation change. Vous pouvez compter sur nous pour rester \u00e0 domicile le plus longtemps possible. Vous pouvez compter sur nous pour vous amener \u00e0 votre rendez-vous m\u00e9dical. Vous pouvez compter sur nous pour vous aider \u00e0 trouver des activit\u00e9s ou rencontre des gens. Vous pouvez compter sur nous quand vous avez simplement besoin d\u2019un peu de compagnie.<\/p>\n<p>Carefor est l\u00e0 pour vous.<\/p>\n<p>Notre organisme est n\u00e9 en 1897, \u00e0 titre de section fondatrice de l\u2019Ordre de Victoria des infirmi\u00e8res. Son but ultime demeure le m\u00eame : r\u00e9pondre aux besoins de notre client\u00e8le en mati\u00e8re de soins \u00e0 domicile et de services de proximit\u00e9 d\u2019excellente qualit\u00e9.<\/p>\n<p>Carefor est un chef de file des soins aux personnes. C\u2019est d\u2019ailleurs le plus grand fournisseur de services de sant\u00e9, de soins \u00e0 domicile et de services de proximit\u00e9 de l\u2019Est de l\u2019Ontario. Notre statut d\u2019organisme de bienfaisance sans but lucratif parle de lui-m\u00eame : nous \u0153uvrons pour notre communaut\u00e9 et gr\u00e2ce \u00e0 notre communaut\u00e9.<\/p>\n\t\t\t\t<\/div>\n\t\t\t\t\t<\/div>\n\t<\/div>\n<\/div>\n\n\n<div id=\"numbers-block-block_e08e20c097a0ec47e5200950d92175b0\" class=\"numbers-block alignfull \">\n\t<div class=\"row column\">\n\t\t\t\t<div class=\"block-title\">\n\t\t\t<h3>Carefor au service de l\u2019Est de l\u2019Ontario.<\/h3>\n\t\t<\/div>\n\t\t\t\t\t\t\t<div class=\"numbers\">\n\t\t\t\t\t\t\t\t\t<div class=\"number\">\n\t\t\t\t\t\t<div class=\"the-number\">\n\t\t\t\t\t\t\t20,000\t\t\t\t\t\t<\/div>\n\t\t\t\t\t\t<div class=\"description\">\n\t\t\t\t\t\t\t<h5>Pr\u00e8s de 20 000 clients servis en 2022-2023<\/h5>\n\t\t\t\t\t\t<\/div>\n\t\t\t\t\t<\/div>\n\t\t\t\t\t\t\t\t\t<div class=\"number\">\n\t\t\t\t\t\t<div class=\"the-number\">\n\t\t\t\t\t\t\t1 million\t\t\t\t\t\t<\/div>\n\t\t\t\t\t\t<div class=\"description\">\n\t\t\t\t\t\t\t<h5>Pas moins d\u2019un million d\u2019heures de service \u00e0 la client\u00e8le en <\/h5>\n<h5>2022-2023<\/h5>\n\t\t\t\t\t\t<\/div>\n\t\t\t\t\t<\/div>\n\t\t\t\t\t\t\t\t\t<div class=\"number\">\n\t\t\t\t\t\t<div class=\"the-number\">\n\t\t\t\t\t\t\t97%\t\t\t\t\t\t<\/div>\n\t\t\t\t\t\t<div class=\"description\">\n\t\t\t\t\t\t\t<h5>Pourcentage de notre client\u00e8le de soins \u00e0 domicile qui recommanderait Carefor \u00e0 ses proches<\/h5>\n\t\t\t\t\t\t<\/div>\n\t\t\t\t\t<\/div>\n\t\t\t\t\t\t\t<\/div>\n\t\t\t<\/div>\n<\/div>\n\n\n<div id=\"partners-logos-block_2dc8bff6d6c3249ccb2e19c097b80091\" class=\"partners-logos alignfull \">\n    \n        <div class=\"partners-wrapper\">\n                                    <div class=\"partners\" data-equalizer data-equalize-on=\"medium\">\n                <div class=\"row\">\n                                    <div class=\"medium-4 column\">\n                        <div class=\"partner\" data-equalizer-watch>\n                                                        <div class=\"partner-logo\">\n                                                                    <img loading=\"lazy\" decoding=\"async\" width=\"768\" height=\"782\" src=\"https:\/\/carefor.ca\/wp-content\/uploads\/2023\/06\/Image-About-us-accreditation-logo-768x782.png\" class=\"attachment-box-image size-box-image\" alt=\"An illustration of a seal with text, a red ribbon wrapped around the top, and a star made out of the same ribbon in the center. The text reads &quot;accreddited with exemplary standing - accreditation agr\" srcset=\"https:\/\/carefor.ca\/wp-content\/uploads\/2023\/06\/Image-About-us-accreditation-logo-768x782.png 768w, https:\/\/carefor.ca\/wp-content\/uploads\/2023\/06\/Image-About-us-accreditation-logo-295x300.png 295w, https:\/\/carefor.ca\/wp-content\/uploads\/2023\/06\/Image-About-us-accreditation-logo-1006x1024.png 1006w, https:\/\/carefor.ca\/wp-content\/uploads\/2023\/06\/Image-About-us-accreditation-logo-1509x1536.png 1509w, https:\/\/carefor.ca\/wp-content\/uploads\/2023\/06\/Image-About-us-accreditation-logo-400x407.png 400w, https:\/\/carefor.ca\/wp-content\/uploads\/2023\/06\/Image-About-us-accreditation-logo.png 1602w\" sizes=\"auto, (max-width: 768px) 100vw, 768px\" \/>                                                            <\/div>\n                        <\/div>\n                    <\/div>\n                                    <div class=\"medium-4 column\">\n                        <div class=\"partner\" data-equalizer-watch>\n                                                        <div class=\"partner-logo\">\n                                                                    <img loading=\"lazy\" decoding=\"async\" width=\"768\" height=\"365\" src=\"https:\/\/carefor.ca\/wp-content\/uploads\/2023\/06\/for-best-care-768x365.jpg\" class=\"attachment-box-image size-box-image\" alt=\"\" srcset=\"https:\/\/carefor.ca\/wp-content\/uploads\/2023\/06\/for-best-care-768x365.jpg 768w, https:\/\/carefor.ca\/wp-content\/uploads\/2023\/06\/for-best-care-300x143.jpg 300w, https:\/\/carefor.ca\/wp-content\/uploads\/2023\/06\/for-best-care-1024x487.jpg 1024w, https:\/\/carefor.ca\/wp-content\/uploads\/2023\/06\/for-best-care-1536x730.jpg 1536w, https:\/\/carefor.ca\/wp-content\/uploads\/2023\/06\/for-best-care-400x190.jpg 400w, https:\/\/carefor.ca\/wp-content\/uploads\/2023\/06\/for-best-care.jpg 1855w\" sizes=\"auto, (max-width: 768px) 100vw, 768px\" \/>                                                            <\/div>\n                        <\/div>\n                    <\/div>\n                                <\/div>\n            <\/div>\n        <\/div>\n    <\/div>\n","protected":false},"excerpt":{"rendered":"","protected":false},"author":1,"featured_media":5199,"parent":0,"menu_order":1,"comment_status":"closed","ping_status":"closed","template":"","meta":{"_acf_changed":false,"_relevanssi_hide_post":"","_relevanssi_hide_content":"","_relevanssi_pin_for_all":"","_relevanssi_pin_keywords":"","_relevanssi_unpin_keywords":"","_relevanssi_related_keywords":"","_relevanssi_related_include_ids":"","_relevanssi_related_exclude_ids":"","_relevanssi_related_no_append":"","_relevanssi_related_not_related":"","_relevanssi_related_posts":"5984,5982,5986","_relevanssi_noindex_reason":"","footnotes":""},"class_list":["post-5349","page","type-page","status-publish","has-post-thumbnail","hentry"],"acf":[],"yoast_head":"<!-- This site is optimized with the Yoast SEO Premium plugin v24.9 (Yoast SEO v27.4) - https:\/\/yoast.com\/product\/yoast-seo-premium-wordpress\/ -->\n<title>A Propos De - Carefor<\/title>\n<meta name=\"robots\" content=\"index, follow, max-snippet:-1, max-image-preview:large, max-video-preview:-1\" \/>\n<link rel=\"canonical\" href=\"https:\/\/carefor.ca\/fr\/carefor\/\" \/>\n<meta property=\"og:locale\" content=\"fr_FR\" \/>\n<meta property=\"og:type\" content=\"article\" \/>\n<meta property=\"og:title\" content=\"A Propos De\" \/>\n<meta property=\"og:url\" content=\"https:\/\/carefor.ca\/fr\/carefor\/\" \/>\n<meta property=\"og:site_name\" content=\"Carefor\" \/>\n<meta property=\"article:publisher\" content=\"https:\/\/www.facebook.com\/CareforHCS\" \/>\n<meta property=\"article:modified_time\" content=\"2024-02-09T14:48:57+00:00\" \/>\n<meta property=\"og:image\" content=\"https:\/\/carefor.ca\/wp-content\/uploads\/2024\/10\/AdobeStock_480689145cropsmall-scaled.jpeg\" \/>\n\t<meta property=\"og:image:width\" content=\"2560\" \/>\n\t<meta property=\"og:image:height\" content=\"1173\" \/>\n\t<meta property=\"og:image:type\" content=\"image\/jpeg\" \/>\n<meta name=\"twitter:card\" content=\"summary_large_image\" \/>\n<meta name=\"twitter:site\" content=\"@CareforHCS\" \/>\n<script type=\"application\/ld+json\" class=\"yoast-schema-graph\">{\"@context\":\"https:\\\/\\\/schema.org\",\"@graph\":[{\"@type\":\"WebPage\",\"@id\":\"https:\\\/\\\/carefor.ca\\\/fr\\\/carefor\\\/\",\"url\":\"https:\\\/\\\/carefor.ca\\\/fr\\\/carefor\\\/\",\"name\":\"A Propos De - Carefor\",\"isPartOf\":{\"@id\":\"https:\\\/\\\/carefor.ca\\\/fr\\\/#website\"},\"primaryImageOfPage\":{\"@id\":\"https:\\\/\\\/carefor.ca\\\/fr\\\/carefor\\\/#primaryimage\"},\"image\":{\"@id\":\"https:\\\/\\\/carefor.ca\\\/fr\\\/carefor\\\/#primaryimage\"},\"thumbnailUrl\":\"https:\\\/\\\/carefor.ca\\\/wp-content\\\/uploads\\\/2023\\\/07\\\/iStock-1315315044.jpg\",\"datePublished\":\"2023-04-17T23:11:41+00:00\",\"dateModified\":\"2024-02-09T14:48:57+00:00\",\"breadcrumb\":{\"@id\":\"https:\\\/\\\/carefor.ca\\\/fr\\\/carefor\\\/#breadcrumb\"},\"inLanguage\":\"fr-FR\",\"potentialAction\":[{\"@type\":\"ReadAction\",\"target\":[\"https:\\\/\\\/carefor.ca\\\/fr\\\/carefor\\\/\"]}]},{\"@type\":\"ImageObject\",\"inLanguage\":\"fr-FR\",\"@id\":\"https:\\\/\\\/carefor.ca\\\/fr\\\/carefor\\\/#primaryimage\",\"url\":\"https:\\\/\\\/carefor.ca\\\/wp-content\\\/uploads\\\/2023\\\/07\\\/iStock-1315315044.jpg\",\"contentUrl\":\"https:\\\/\\\/carefor.ca\\\/wp-content\\\/uploads\\\/2023\\\/07\\\/iStock-1315315044.jpg\",\"width\":8256,\"height\":5504,\"caption\":\"Caregiving leads to a selfless, rewarding life\"},{\"@type\":\"BreadcrumbList\",\"@id\":\"https:\\\/\\\/carefor.ca\\\/fr\\\/carefor\\\/#breadcrumb\",\"itemListElement\":[{\"@type\":\"ListItem\",\"position\":1,\"name\":\"Home\",\"item\":\"https:\\\/\\\/carefor.ca\\\/fr\\\/\"},{\"@type\":\"ListItem\",\"position\":2,\"name\":\"A Propos De\"}]},{\"@type\":\"WebSite\",\"@id\":\"https:\\\/\\\/carefor.ca\\\/fr\\\/#website\",\"url\":\"https:\\\/\\\/carefor.ca\\\/fr\\\/\",\"name\":\"Carefor\",\"description\":\"High Quality Homecare\",\"publisher\":{\"@id\":\"https:\\\/\\\/carefor.ca\\\/fr\\\/#organization\"},\"potentialAction\":[{\"@type\":\"SearchAction\",\"target\":{\"@type\":\"EntryPoint\",\"urlTemplate\":\"https:\\\/\\\/carefor.ca\\\/fr\\\/?s={search_term_string}\"},\"query-input\":{\"@type\":\"PropertyValueSpecification\",\"valueRequired\":true,\"valueName\":\"search_term_string\"}}],\"inLanguage\":\"fr-FR\"},{\"@type\":\"Organization\",\"@id\":\"https:\\\/\\\/carefor.ca\\\/fr\\\/#organization\",\"name\":\"Carefor Health and Community Services\",\"url\":\"https:\\\/\\\/carefor.ca\\\/fr\\\/\",\"logo\":{\"@type\":\"ImageObject\",\"inLanguage\":\"fr-FR\",\"@id\":\"https:\\\/\\\/carefor.ca\\\/fr\\\/#\\\/schema\\\/logo\\\/image\\\/\",\"url\":\"\",\"contentUrl\":\"\",\"caption\":\"Carefor Health and Community Services\"},\"image\":{\"@id\":\"https:\\\/\\\/carefor.ca\\\/fr\\\/#\\\/schema\\\/logo\\\/image\\\/\"},\"sameAs\":[\"https:\\\/\\\/www.facebook.com\\\/CareforHCS\",\"https:\\\/\\\/x.com\\\/CareforHCS\",\"https:\\\/\\\/www.linkedin.com\\\/company\\\/carefor-health-and-community-services\\\/\"],\"description\":\"205 Amelia Street, Suite 100 Cornwall, ON K6H 3P3\",\"email\":\"infoeasterncounties@carefor.ca\",\"telephone\":\"613-932-3451\"}]}<\/script>\n<!-- \/ Yoast SEO Premium plugin. -->","yoast_head_json":{"title":"A Propos De - Carefor","robots":{"index":"index","follow":"follow","max-snippet":"max-snippet:-1","max-image-preview":"max-image-preview:large","max-video-preview":"max-video-preview:-1"},"canonical":"https:\/\/carefor.ca\/fr\/carefor\/","og_locale":"fr_FR","og_type":"article","og_title":"A Propos De","og_url":"https:\/\/carefor.ca\/fr\/carefor\/","og_site_name":"Carefor","article_publisher":"https:\/\/www.facebook.com\/CareforHCS","article_modified_time":"2024-02-09T14:48:57+00:00","og_image":[{"width":2560,"height":1173,"url":"https:\/\/carefor.ca\/wp-content\/uploads\/2024\/10\/AdobeStock_480689145cropsmall-scaled.jpeg","type":"image\/jpeg"}],"twitter_card":"summary_large_image","twitter_site":"@CareforHCS","schema":{"@context":"https:\/\/schema.org","@graph":[{"@type":"WebPage","@id":"https:\/\/carefor.ca\/fr\/carefor\/","url":"https:\/\/carefor.ca\/fr\/carefor\/","name":"A Propos De - Carefor","isPartOf":{"@id":"https:\/\/carefor.ca\/fr\/#website"},"primaryImageOfPage":{"@id":"https:\/\/carefor.ca\/fr\/carefor\/#primaryimage"},"image":{"@id":"https:\/\/carefor.ca\/fr\/carefor\/#primaryimage"},"thumbnailUrl":"https:\/\/carefor.ca\/wp-content\/uploads\/2023\/07\/iStock-1315315044.jpg","datePublished":"2023-04-17T23:11:41+00:00","dateModified":"2024-02-09T14:48:57+00:00","breadcrumb":{"@id":"https:\/\/carefor.ca\/fr\/carefor\/#breadcrumb"},"inLanguage":"fr-FR","potentialAction":[{"@type":"ReadAction","target":["https:\/\/carefor.ca\/fr\/carefor\/"]}]},{"@type":"ImageObject","inLanguage":"fr-FR","@id":"https:\/\/carefor.ca\/fr\/carefor\/#primaryimage","url":"https:\/\/carefor.ca\/wp-content\/uploads\/2023\/07\/iStock-1315315044.jpg","contentUrl":"https:\/\/carefor.ca\/wp-content\/uploads\/2023\/07\/iStock-1315315044.jpg","width":8256,"height":5504,"caption":"Caregiving leads to a selfless, rewarding life"},{"@type":"BreadcrumbList","@id":"https:\/\/carefor.ca\/fr\/carefor\/#breadcrumb","itemListElement":[{"@type":"ListItem","position":1,"name":"Home","item":"https:\/\/carefor.ca\/fr\/"},{"@type":"ListItem","position":2,"name":"A Propos De"}]},{"@type":"WebSite","@id":"https:\/\/carefor.ca\/fr\/#website","url":"https:\/\/carefor.ca\/fr\/","name":"Carefor","description":"High Quality Homecare","publisher":{"@id":"https:\/\/carefor.ca\/fr\/#organization"},"potentialAction":[{"@type":"SearchAction","target":{"@type":"EntryPoint","urlTemplate":"https:\/\/carefor.ca\/fr\/?s={search_term_string}"},"query-input":{"@type":"PropertyValueSpecification","valueRequired":true,"valueName":"search_term_string"}}],"inLanguage":"fr-FR"},{"@type":"Organization","@id":"https:\/\/carefor.ca\/fr\/#organization","name":"Carefor Health and Community Services","url":"https:\/\/carefor.ca\/fr\/","logo":{"@type":"ImageObject","inLanguage":"fr-FR","@id":"https:\/\/carefor.ca\/fr\/#\/schema\/logo\/image\/","url":"","contentUrl":"","caption":"Carefor Health and Community Services"},"image":{"@id":"https:\/\/carefor.ca\/fr\/#\/schema\/logo\/image\/"},"sameAs":["https:\/\/www.facebook.com\/CareforHCS","https:\/\/x.com\/CareforHCS","https:\/\/www.linkedin.com\/company\/carefor-health-and-community-services\/"],"description":"205 Amelia Street, Suite 100 Cornwall, ON K6H 3P3","email":"infoeasterncounties@carefor.ca","telephone":"613-932-3451"}]}},"_links":{"self":[{"href":"https:\/\/carefor.ca\/fr\/wp-json\/wp\/v2\/pages\/5349","targetHints":{"allow":["GET"]}}],"collection":[{"href":"https:\/\/carefor.ca\/fr\/wp-json\/wp\/v2\/pages"}],"about":[{"href":"https:\/\/carefor.ca\/fr\/wp-json\/wp\/v2\/types\/page"}],"author":[{"embeddable":true,"href":"https:\/\/carefor.ca\/fr\/wp-json\/wp\/v2\/users\/1"}],"replies":[{"embeddable":true,"href":"https:\/\/carefor.ca\/fr\/wp-json\/wp\/v2\/comments?post=5349"}],"version-history":[{"count":7,"href":"https:\/\/carefor.ca\/fr\/wp-json\/wp\/v2\/pages\/5349\/revisions"}],"predecessor-version":[{"id":6763,"href":"https:\/\/carefor.ca\/fr\/wp-json\/wp\/v2\/pages\/5349\/revisions\/6763"}],"wp:featuredmedia":[{"embeddable":true,"href":"https:\/\/carefor.ca\/fr\/wp-json\/wp\/v2\/media\/5199"}],"wp:attachment":[{"href":"https:\/\/carefor.ca\/fr\/wp-json\/wp\/v2\/media?parent=5349"}],"curies":[{"name":"wp","href":"https:\/\/api.w.org\/{rel}","templated":true}]}}